{"id":2589,"date":"2024-09-26T14:08:47","date_gmt":"2024-09-26T14:08:47","guid":{"rendered":"https:\/\/doria-grand-hotel.ms2.decms.eu\/?page_id=2589"},"modified":"2025-01-17T10:01:32","modified_gmt":"2025-01-17T10:01:32","slug":"willkommen-in-doria-grand-hotel","status":"publish","type":"page","link":"https:\/\/www.doriagrandhotel.it\/de\/","title":{"rendered":"Willkommen in Doria Grand Hotel"},"content":{"rendered":"<p style=\"text-align: center;\">Suchen Sie ein unabh\u00e4ngiges Hotel, das Sie wie zu Hause f\u00fchlen l\u00e4sst und gleichzeitig ideal in Mailand gelegen ist?<\/p>\n<p style=\"text-align: center;\"><strong>Ihre Suche hat ein Ende. <\/strong><\/p>\n<p>Das Doria Grand Hotel versteht es, sich mit gr\u00f6\u00dfter Sorgfalt um seine G\u00e4ste zu k\u00fcmmern. Mit seinen M\u00f6beln im Liberty-Stil wird ein Aufenthalt in diesem Hotel zu einer komfortablen Auszeit, egal ob Sie gesch\u00e4ftlich oder privat in Mailand sind.<\/p>\n<p>Eingebettet im pulsierenden Herzen von Mailands gesch\u00e4ftigem Businessviertel hebt sich das Doria Grand Hotel als charmantes <strong>4-Sterne-Hotel<\/strong> hervor, <strong>das mit eigenem Parkplatz<\/strong> den Aufenthalt noch komfortabler gestaltet. Dieses exquisite Haus bietet seinen G\u00e4sten ein ruhiges Refugium in einer malerischen, von B\u00e4umen ges\u00e4umten Allee, die sorgf\u00e4ltig vom L\u00e4rm des Stadtverkehrs abgeschirmt ist. Diese friedliche Stra\u00dfe verl\u00e4uft parallel zur Corso Buenos Aires \u2013 einer der f\u00fchrenden Gesch\u00e4ftsstra\u00dfen Europas \u2013 und macht das Hotel zu einem idealen R\u00fcckzugsort f\u00fcr Gesch\u00e4ftsreisende, die eine strategische Lage in der N\u00e4he des Hauptbahnhofs suchen, sowie f\u00fcr Besucher, die nach Erholung inmitten der Stadt suchen<\/p>\n<p><strong>G\u00e4ste in den oberen Etagen haben das Gl\u00fcck, den majest\u00e4tischen Mail\u00e4nder Dom<\/strong> \u2013 das Kronjuwel der Stadt \u2013 aus der Ferne zu erblicken und so t\u00e4glich an die reiche architektonische Geschichte Mailands erinnert zu werden.<\/p>\n<p>&nbsp;<\/p>\n","protected":false},"excerpt":{"rendered":"<p>Suchen Sie ein unabh\u00e4ngiges Hotel, das Sie wie zu Hause f\u00fchlen l\u00e4sst und gleichzeitig ideal in Mailand gelegen ist? Ihre Suche hat ein Ende. Das Doria Grand Hotel versteht es, sich mit gr\u00f6\u00dfter Sorgfalt um seine G\u00e4ste zu k\u00fcmmern. Mit seinen M\u00f6beln im Liberty-Stil wird ein Aufenthalt in diesem Hotel zu einer komfortablen Auszeit, egal [&hellip;]<\/p>\n","protected":false},"author":12,"featured_media":0,"parent":0,"menu_order":-1,"comment_status":"closed","ping_status":"closed","template":"","meta":{"footnotes":""},"class_list":["post-2589","page","type-page","status-publish","hentry"],"yoast_head":"<!-- This site is optimized with the Yoast SEO plugin v27.3 - https:\/\/yoast.com\/product\/yoast-seo-wordpress\/ -->\n<title>4-Sterne-Hotel in Mailand, Italien \u2013 Doria Grand Hotel<\/title>\n<meta name=\"description\" content=\"Entdecken Sie das Doria Grand Hotel, ein 4-Sterne-Hotel mit Parkplatz in Mailand, Italien, nur wenige Schritte vom Hauptbahnhof entfernt. Buchen Sie jetzt, um Komfort und Luxus zu genie\u00dfen!\" \/>\n<meta name=\"robots\" content=\"index, follow, max-snippet:-1, max-image-preview:large, max-video-preview:-1\" \/>\n<link rel=\"canonical\" href=\"https:\/\/www.doriagrandhotel.it\/de\/\" \/>\n<meta property=\"og:locale\" content=\"de_DE\" \/>\n<meta property=\"og:type\" content=\"article\" \/>\n<meta property=\"og:title\" content=\"4-Sterne-Hotel in Mailand, Italien \u2013 Doria Grand Hotel\" \/>\n<meta property=\"og:description\" content=\"Entdecken Sie das Doria Grand Hotel, ein 4-Sterne-Hotel mit Parkplatz in Mailand, Italien, nur wenige Schritte vom Hauptbahnhof entfernt. Buchen Sie jetzt, um Komfort und Luxus zu genie\u00dfen!\" \/>\n<meta property=\"og:url\" content=\"https:\/\/www.doriagrandhotel.it\/de\/\" \/>\n<meta property=\"og:site_name\" content=\"Doria Grand Hotel\" \/>\n<meta property=\"article:publisher\" content=\"https:\/\/www.facebook.com\/Doria-Grand-Hotel-150382741666057\/\" \/>\n<meta property=\"article:modified_time\" content=\"2025-01-17T10:01:32+00:00\" \/>\n<meta property=\"og:image\" content=\"https:\/\/www.doriagrandhotel.it\/wp-content\/uploads\/sites\/170\/2024\/11\/Doria-Grand-Hotel-Milan-Exterior.jpg\" \/>\n\t<meta property=\"og:image:width\" content=\"1280\" \/>\n\t<meta property=\"og:image:height\" content=\"853\" \/>\n\t<meta property=\"og:image:type\" content=\"image\/jpeg\" \/>\n<meta name=\"twitter:card\" content=\"summary_large_image\" \/>\n<meta name=\"twitter:site\" content=\"@adihotels\" \/>\n<meta name=\"twitter:label1\" content=\"Gesch\u00e4tzte Lesezeit\" \/>\n\t<meta name=\"twitter:data1\" content=\"1 Minute\" \/>\n<script type=\"application\/ld+json\" class=\"yoast-schema-graph\">{\"@context\":\"https:\\\/\\\/schema.org\",\"@graph\":[{\"@type\":\"WebPage\",\"@id\":\"https:\\\/\\\/www.doriagrandhotel.it\\\/de\\\/\",\"url\":\"https:\\\/\\\/www.doriagrandhotel.it\\\/de\\\/\",\"name\":\"4-Sterne-Hotel in Mailand, Italien \u2013 Doria Grand Hotel\",\"isPartOf\":{\"@id\":\"https:\\\/\\\/www.doriagrandhotel.it\\\/de\\\/#website\"},\"datePublished\":\"2024-09-26T14:08:47+00:00\",\"dateModified\":\"2025-01-17T10:01:32+00:00\",\"description\":\"Entdecken Sie das Doria Grand Hotel, ein 4-Sterne-Hotel mit Parkplatz in Mailand, Italien, nur wenige Schritte vom Hauptbahnhof entfernt. Buchen Sie jetzt, um Komfort und Luxus zu genie\u00dfen!\",\"breadcrumb\":{\"@id\":\"https:\\\/\\\/www.doriagrandhotel.it\\\/de\\\/#breadcrumb\"},\"inLanguage\":\"de-DE\",\"potentialAction\":[{\"@type\":\"ReadAction\",\"target\":[\"https:\\\/\\\/www.doriagrandhotel.it\\\/de\\\/\"]}]},{\"@type\":\"BreadcrumbList\",\"@id\":\"https:\\\/\\\/www.doriagrandhotel.it\\\/de\\\/#breadcrumb\",\"itemListElement\":[{\"@type\":\"ListItem\",\"position\":1,\"name\":\"Home\",\"item\":\"https:\\\/\\\/www.doriagrandhotel.it\\\/de\\\/willkommen-in-doria-grand-hotel\\\/\"},{\"@type\":\"ListItem\",\"position\":2,\"name\":\"Willkommen in Doria Grand Hotel\"}]},{\"@type\":\"WebSite\",\"@id\":\"https:\\\/\\\/www.doriagrandhotel.it\\\/de\\\/#website\",\"url\":\"https:\\\/\\\/www.doriagrandhotel.it\\\/de\\\/\",\"name\":\"Doria Grand Hotel\",\"description\":\"Official website of Doria Grand Hotel , a luxury  hotel in Milan center. Book your hotel in Milan at the best price\",\"publisher\":{\"@id\":\"https:\\\/\\\/www.doriagrandhotel.it\\\/de\\\/#organization\"},\"alternateName\":\"Doria Grand Hotel\",\"potentialAction\":[{\"@type\":\"SearchAction\",\"target\":{\"@type\":\"EntryPoint\",\"urlTemplate\":\"https:\\\/\\\/www.doriagrandhotel.it\\\/de\\\/?s={search_term_string}\"},\"query-input\":{\"@type\":\"PropertyValueSpecification\",\"valueRequired\":true,\"valueName\":\"search_term_string\"}}],\"inLanguage\":\"de-DE\"},{\"@type\":\"Organization\",\"@id\":\"https:\\\/\\\/www.doriagrandhotel.it\\\/de\\\/#organization\",\"name\":\"Doria Grand Hotel\",\"alternateName\":\"Doria Grand Hotel\",\"url\":\"https:\\\/\\\/www.doriagrandhotel.it\\\/de\\\/\",\"logo\":{\"@type\":\"ImageObject\",\"inLanguage\":\"de-DE\",\"@id\":\"https:\\\/\\\/www.doriagrandhotel.it\\\/de\\\/#\\\/schema\\\/logo\\\/image\\\/\",\"url\":\"https:\\\/\\\/doria-grand-hotel.ms2.decms.eu\\\/wp-content\\\/uploads\\\/sites\\\/170\\\/2024\\\/09\\\/LOGO-DGH-tr.png\",\"contentUrl\":\"https:\\\/\\\/doria-grand-hotel.ms2.decms.eu\\\/wp-content\\\/uploads\\\/sites\\\/170\\\/2024\\\/09\\\/LOGO-DGH-tr.png\",\"width\":230,\"height\":51,\"caption\":\"Doria Grand Hotel\"},\"image\":{\"@id\":\"https:\\\/\\\/www.doriagrandhotel.it\\\/de\\\/#\\\/schema\\\/logo\\\/image\\\/\"},\"sameAs\":[\"https:\\\/\\\/www.facebook.com\\\/Doria-Grand-Hotel-150382741666057\\\/\",\"https:\\\/\\\/x.com\\\/adihotels\",\"https:\\\/\\\/www.instagram.com\\\/doriagrandhotel\\\/?hl=en\",\"https:\\\/\\\/www.linkedin.com\\\/company\\\/doria-grand-hotel\\\/\",\"https:\\\/\\\/www.tripadvisor.com\\\/Hotel_Review-g187849-d202862-Reviews-Doria_Grand_Hotel-Milan_Lombardy.html\"]}]}<\/script>\n<!-- \/ Yoast SEO plugin. -->","yoast_head_json":{"title":"4-Sterne-Hotel in Mailand, Italien \u2013 Doria Grand Hotel","description":"Entdecken Sie das Doria Grand Hotel, ein 4-Sterne-Hotel mit Parkplatz in Mailand, Italien, nur wenige Schritte vom Hauptbahnhof entfernt. Buchen Sie jetzt, um Komfort und Luxus zu genie\u00dfen!","robots":{"index":"index","follow":"follow","max-snippet":"max-snippet:-1","max-image-preview":"max-image-preview:large","max-video-preview":"max-video-preview:-1"},"canonical":"https:\/\/www.doriagrandhotel.it\/de\/","og_locale":"de_DE","og_type":"article","og_title":"4-Sterne-Hotel in Mailand, Italien \u2013 Doria Grand Hotel","og_description":"Entdecken Sie das Doria Grand Hotel, ein 4-Sterne-Hotel mit Parkplatz in Mailand, Italien, nur wenige Schritte vom Hauptbahnhof entfernt. Buchen Sie jetzt, um Komfort und Luxus zu genie\u00dfen!","og_url":"https:\/\/www.doriagrandhotel.it\/de\/","og_site_name":"Doria Grand Hotel","article_publisher":"https:\/\/www.facebook.com\/Doria-Grand-Hotel-150382741666057\/","article_modified_time":"2025-01-17T10:01:32+00:00","og_image":[{"width":1280,"height":853,"url":"https:\/\/www.doriagrandhotel.it\/wp-content\/uploads\/sites\/170\/2024\/11\/Doria-Grand-Hotel-Milan-Exterior.jpg","type":"image\/jpeg"}],"twitter_card":"summary_large_image","twitter_site":"@adihotels","twitter_misc":{"Gesch\u00e4tzte Lesezeit":"1 Minute"},"schema":{"@context":"https:\/\/schema.org","@graph":[{"@type":"WebPage","@id":"https:\/\/www.doriagrandhotel.it\/de\/","url":"https:\/\/www.doriagrandhotel.it\/de\/","name":"4-Sterne-Hotel in Mailand, Italien \u2013 Doria Grand Hotel","isPartOf":{"@id":"https:\/\/www.doriagrandhotel.it\/de\/#website"},"datePublished":"2024-09-26T14:08:47+00:00","dateModified":"2025-01-17T10:01:32+00:00","description":"Entdecken Sie das Doria Grand Hotel, ein 4-Sterne-Hotel mit Parkplatz in Mailand, Italien, nur wenige Schritte vom Hauptbahnhof entfernt. Buchen Sie jetzt, um Komfort und Luxus zu genie\u00dfen!","breadcrumb":{"@id":"https:\/\/www.doriagrandhotel.it\/de\/#breadcrumb"},"inLanguage":"de-DE","potentialAction":[{"@type":"ReadAction","target":["https:\/\/www.doriagrandhotel.it\/de\/"]}]},{"@type":"BreadcrumbList","@id":"https:\/\/www.doriagrandhotel.it\/de\/#breadcrumb","itemListElement":[{"@type":"ListItem","position":1,"name":"Home","item":"https:\/\/www.doriagrandhotel.it\/de\/willkommen-in-doria-grand-hotel\/"},{"@type":"ListItem","position":2,"name":"Willkommen in Doria Grand Hotel"}]},{"@type":"WebSite","@id":"https:\/\/www.doriagrandhotel.it\/de\/#website","url":"https:\/\/www.doriagrandhotel.it\/de\/","name":"Doria Grand Hotel","description":"Official website of Doria Grand Hotel , a luxury  hotel in Milan center. Book your hotel in Milan at the best price","publisher":{"@id":"https:\/\/www.doriagrandhotel.it\/de\/#organization"},"alternateName":"Doria Grand Hotel","potentialAction":[{"@type":"SearchAction","target":{"@type":"EntryPoint","urlTemplate":"https:\/\/www.doriagrandhotel.it\/de\/?s={search_term_string}"},"query-input":{"@type":"PropertyValueSpecification","valueRequired":true,"valueName":"search_term_string"}}],"inLanguage":"de-DE"},{"@type":"Organization","@id":"https:\/\/www.doriagrandhotel.it\/de\/#organization","name":"Doria Grand Hotel","alternateName":"Doria Grand Hotel","url":"https:\/\/www.doriagrandhotel.it\/de\/","logo":{"@type":"ImageObject","inLanguage":"de-DE","@id":"https:\/\/www.doriagrandhotel.it\/de\/#\/schema\/logo\/image\/","url":"https:\/\/doria-grand-hotel.ms2.decms.eu\/wp-content\/uploads\/sites\/170\/2024\/09\/LOGO-DGH-tr.png","contentUrl":"https:\/\/doria-grand-hotel.ms2.decms.eu\/wp-content\/uploads\/sites\/170\/2024\/09\/LOGO-DGH-tr.png","width":230,"height":51,"caption":"Doria Grand Hotel"},"image":{"@id":"https:\/\/www.doriagrandhotel.it\/de\/#\/schema\/logo\/image\/"},"sameAs":["https:\/\/www.facebook.com\/Doria-Grand-Hotel-150382741666057\/","https:\/\/x.com\/adihotels","https:\/\/www.instagram.com\/doriagrandhotel\/?hl=en","https:\/\/www.linkedin.com\/company\/doria-grand-hotel\/","https:\/\/www.tripadvisor.com\/Hotel_Review-g187849-d202862-Reviews-Doria_Grand_Hotel-Milan_Lombardy.html"]}]}},"acf":[],"_links":{"self":[{"href":"https:\/\/www.doriagrandhotel.it\/de\/wp-json\/wp\/v2\/pages\/2589","targetHints":{"allow":["GET"]}}],"collection":[{"href":"https:\/\/www.doriagrandhotel.it\/de\/wp-json\/wp\/v2\/pages"}],"about":[{"href":"https:\/\/www.doriagrandhotel.it\/de\/wp-json\/wp\/v2\/types\/page"}],"author":[{"embeddable":true,"href":"https:\/\/www.doriagrandhotel.it\/de\/wp-json\/wp\/v2\/users\/12"}],"replies":[{"embeddable":true,"href":"https:\/\/www.doriagrandhotel.it\/de\/wp-json\/wp\/v2\/comments?post=2589"}],"version-history":[{"count":0,"href":"https:\/\/www.doriagrandhotel.it\/de\/wp-json\/wp\/v2\/pages\/2589\/revisions"}],"wp:attachment":[{"href":"https:\/\/www.doriagrandhotel.it\/de\/wp-json\/wp\/v2\/media?parent=2589"}],"curies":[{"name":"wp","href":"https:\/\/api.w.org\/{rel}","templated":true}]}}