{"id":2606,"date":"2024-11-08T09:32:36","date_gmt":"2024-11-08T09:32:36","guid":{"rendered":"https:\/\/doria-grand-hotel.ms2.decms.eu\/?page_id=2606"},"modified":"2025-01-21T10:21:50","modified_gmt":"2025-01-21T10:21:50","slug":"deluxe","status":"publish","type":"page","link":"https:\/\/www.doriagrandhotel.it\/de\/zimmer\/deluxe\/","title":{"rendered":"Deluxe"},"content":{"rendered":"<p>Erleben Sie h\u00f6chsten Komfort in unseren luxuri\u00f6sen <strong>Deluxe-Zimmern<\/strong>, die mit herrlichen 100 cm breiten Betten oder einem gro\u00dfz\u00fcgigen Doppelbett mit weichen Baumwollbettlaken ausgestattet sind.<\/p>\n<p>Lassen Sie sich von zwei flauschigen Kissen und hypoallergenen Daunendecken umh\u00fcllen, die Ihnen eine erholsame Nachtruhe garantieren. Genie\u00dfen Sie endlose Unterhaltung mit einem 43-Zoll-LCD-TV mit Sky-Kan\u00e4len und Radiosendern und halten Sie Ihre Kleidung perfekt in Form. In Ihrer gem\u00fctlichen Sitzecke mit bequemen Sesseln k\u00f6nnen Sie sich entspannen und eine hei\u00dfe Tasse aus Ihrer Tee- und Kaffeemaschine genie\u00dfen.<\/p>\n<p>Tauchen Sie ein in den Luxus der Badezimmer, die mit edlem Carrara-Marmor verziert sind. Hier erwartet Sie eine entspannende Badewanne mit einer belebenden Dusche. Verw\u00f6hnen Sie Ihre F\u00fc\u00dfe mit weichen Hausschuhen und bewundern Sie sich im Kosmetikspiegel, der von sanftem, schmeichelhaftem Licht beleuchtet wird.<\/p>\n","protected":false},"excerpt":{"rendered":"<p>Erleben Sie h\u00f6chsten Komfort in unseren luxuri\u00f6sen Deluxe-Zimmern, die mit herrlichen 100 cm breiten Betten oder einem gro\u00dfz\u00fcgigen Doppelbett mit weichen Baumwollbettlaken ausgestattet sind. Lassen Sie sich von zwei flauschigen Kissen und hypoallergenen Daunendecken umh\u00fcllen, die Ihnen eine erholsame Nachtruhe garantieren. Genie\u00dfen Sie endlose Unterhaltung mit einem 43-Zoll-LCD-TV mit Sky-Kan\u00e4len und Radiosendern und halten Sie [&hellip;]<\/p>\n","protected":false},"author":12,"featured_media":2077,"parent":2599,"menu_order":9,"comment_status":"closed","ping_status":"closed","template":"template-single-room.php","meta":{"footnotes":""},"class_list":["post-2606","page","type-page","status-publish","has-post-thumbnail","hentry"],"yoast_head":"<!-- This site is optimized with the Yoast SEO plugin v27.3 - https:\/\/yoast.com\/product\/yoast-seo-wordpress\/ -->\n<title>Deluxe-Zimmer &amp; Parkm\u00f6glichkeiten \u2013 Doria Grand Hotel Mailand<\/title>\n<meta name=\"description\" content=\"Erleben Sie h\u00f6chsten Komfort in unseren Deluxe-Zimmern im Doria Grand Hotel. Profitieren Sie von praktischen Hotelparkm\u00f6glichkeiten in Mailand, nur wenige Minuten vom Hauptbahnhof Milano Centrale entfernt\" \/>\n<meta name=\"robots\" content=\"index, follow, max-snippet:-1, max-image-preview:large, max-video-preview:-1\" \/>\n<link rel=\"canonical\" href=\"https:\/\/www.doriagrandhotel.it\/de\/zimmer\/deluxe\/\" \/>\n<meta property=\"og:locale\" content=\"de_DE\" \/>\n<meta property=\"og:type\" content=\"article\" \/>\n<meta property=\"og:title\" content=\"Deluxe-Zimmer &amp; Parkm\u00f6glichkeiten \u2013 Doria Grand Hotel Mailand\" \/>\n<meta property=\"og:description\" content=\"Erleben Sie h\u00f6chsten Komfort in unseren Deluxe-Zimmern im Doria Grand Hotel. Profitieren Sie von praktischen Hotelparkm\u00f6glichkeiten in Mailand, nur wenige Minuten vom Hauptbahnhof Milano Centrale entfernt\" \/>\n<meta property=\"og:url\" content=\"https:\/\/www.doriagrandhotel.it\/de\/zimmer\/deluxe\/\" \/>\n<meta property=\"og:site_name\" content=\"Doria Grand Hotel\" \/>\n<meta property=\"article:publisher\" content=\"https:\/\/www.facebook.com\/Doria-Grand-Hotel-150382741666057\/\" \/>\n<meta property=\"article:modified_time\" content=\"2025-01-21T10:21:50+00:00\" \/>\n<meta property=\"og:image\" content=\"http:\/\/www.doriagrandhotel.it\/wp-content\/uploads\/sites\/170\/2024\/11\/DeluxeDouble_08.jpg\" \/>\n\t<meta property=\"og:image:width\" content=\"1800\" \/>\n\t<meta property=\"og:image:height\" content=\"1200\" \/>\n\t<meta property=\"og:image:type\" content=\"image\/jpeg\" \/>\n<meta name=\"twitter:card\" content=\"summary_large_image\" \/>\n<meta name=\"twitter:site\" content=\"@adihotels\" \/>\n<meta name=\"twitter:label1\" content=\"Gesch\u00e4tzte Lesezeit\" \/>\n\t<meta name=\"twitter:data1\" content=\"1 Minute\" \/>\n<script type=\"application\/ld+json\" class=\"yoast-schema-graph\">{\"@context\":\"https:\\\/\\\/schema.org\",\"@graph\":[{\"@type\":\"WebPage\",\"@id\":\"https:\\\/\\\/www.doriagrandhotel.it\\\/de\\\/zimmer\\\/deluxe\\\/\",\"url\":\"https:\\\/\\\/www.doriagrandhotel.it\\\/de\\\/zimmer\\\/deluxe\\\/\",\"name\":\"Deluxe-Zimmer & Parkm\u00f6glichkeiten \u2013 Doria Grand Hotel Mailand\",\"isPartOf\":{\"@id\":\"https:\\\/\\\/www.doriagrandhotel.it\\\/de\\\/#website\"},\"primaryImageOfPage\":{\"@id\":\"https:\\\/\\\/www.doriagrandhotel.it\\\/de\\\/zimmer\\\/deluxe\\\/#primaryimage\"},\"image\":{\"@id\":\"https:\\\/\\\/www.doriagrandhotel.it\\\/de\\\/zimmer\\\/deluxe\\\/#primaryimage\"},\"thumbnailUrl\":\"https:\\\/\\\/www.doriagrandhotel.it\\\/wp-content\\\/uploads\\\/sites\\\/170\\\/2024\\\/11\\\/DeluxeDouble_08.jpg\",\"datePublished\":\"2024-11-08T09:32:36+00:00\",\"dateModified\":\"2025-01-21T10:21:50+00:00\",\"description\":\"Erleben Sie h\u00f6chsten Komfort in unseren Deluxe-Zimmern im Doria Grand Hotel. Profitieren Sie von praktischen Hotelparkm\u00f6glichkeiten in Mailand, nur wenige Minuten vom Hauptbahnhof Milano Centrale entfernt\",\"breadcrumb\":{\"@id\":\"https:\\\/\\\/www.doriagrandhotel.it\\\/de\\\/zimmer\\\/deluxe\\\/#breadcrumb\"},\"inLanguage\":\"de-DE\",\"potentialAction\":[{\"@type\":\"ReadAction\",\"target\":[\"https:\\\/\\\/www.doriagrandhotel.it\\\/de\\\/zimmer\\\/deluxe\\\/\"]}]},{\"@type\":\"ImageObject\",\"inLanguage\":\"de-DE\",\"@id\":\"https:\\\/\\\/www.doriagrandhotel.it\\\/de\\\/zimmer\\\/deluxe\\\/#primaryimage\",\"url\":\"https:\\\/\\\/www.doriagrandhotel.it\\\/wp-content\\\/uploads\\\/sites\\\/170\\\/2024\\\/11\\\/DeluxeDouble_08.jpg\",\"contentUrl\":\"https:\\\/\\\/www.doriagrandhotel.it\\\/wp-content\\\/uploads\\\/sites\\\/170\\\/2024\\\/11\\\/DeluxeDouble_08.jpg\",\"width\":1800,\"height\":1200},{\"@type\":\"BreadcrumbList\",\"@id\":\"https:\\\/\\\/www.doriagrandhotel.it\\\/de\\\/zimmer\\\/deluxe\\\/#breadcrumb\",\"itemListElement\":[{\"@type\":\"ListItem\",\"position\":1,\"name\":\"Home\",\"item\":\"https:\\\/\\\/www.doriagrandhotel.it\\\/de\\\/willkommen-in-doria-grand-hotel\\\/\"},{\"@type\":\"ListItem\",\"position\":2,\"name\":\"Zimmer und Suiten\",\"item\":\"https:\\\/\\\/www.doriagrandhotel.it\\\/de\\\/zimmer\\\/\"},{\"@type\":\"ListItem\",\"position\":3,\"name\":\"Deluxe\"}]},{\"@type\":\"WebSite\",\"@id\":\"https:\\\/\\\/www.doriagrandhotel.it\\\/de\\\/#website\",\"url\":\"https:\\\/\\\/www.doriagrandhotel.it\\\/de\\\/\",\"name\":\"Doria Grand Hotel\",\"description\":\"Official website of Doria Grand Hotel , a luxury  hotel in Milan center. Book your hotel in Milan at the best price\",\"publisher\":{\"@id\":\"https:\\\/\\\/www.doriagrandhotel.it\\\/de\\\/#organization\"},\"alternateName\":\"Doria Grand Hotel\",\"potentialAction\":[{\"@type\":\"SearchAction\",\"target\":{\"@type\":\"EntryPoint\",\"urlTemplate\":\"https:\\\/\\\/www.doriagrandhotel.it\\\/de\\\/?s={search_term_string}\"},\"query-input\":{\"@type\":\"PropertyValueSpecification\",\"valueRequired\":true,\"valueName\":\"search_term_string\"}}],\"inLanguage\":\"de-DE\"},{\"@type\":\"Organization\",\"@id\":\"https:\\\/\\\/www.doriagrandhotel.it\\\/de\\\/#organization\",\"name\":\"Doria Grand Hotel\",\"alternateName\":\"Doria Grand Hotel\",\"url\":\"https:\\\/\\\/www.doriagrandhotel.it\\\/de\\\/\",\"logo\":{\"@type\":\"ImageObject\",\"inLanguage\":\"de-DE\",\"@id\":\"https:\\\/\\\/www.doriagrandhotel.it\\\/de\\\/#\\\/schema\\\/logo\\\/image\\\/\",\"url\":\"https:\\\/\\\/doria-grand-hotel.ms2.decms.eu\\\/wp-content\\\/uploads\\\/sites\\\/170\\\/2024\\\/09\\\/LOGO-DGH-tr.png\",\"contentUrl\":\"https:\\\/\\\/doria-grand-hotel.ms2.decms.eu\\\/wp-content\\\/uploads\\\/sites\\\/170\\\/2024\\\/09\\\/LOGO-DGH-tr.png\",\"width\":230,\"height\":51,\"caption\":\"Doria Grand Hotel\"},\"image\":{\"@id\":\"https:\\\/\\\/www.doriagrandhotel.it\\\/de\\\/#\\\/schema\\\/logo\\\/image\\\/\"},\"sameAs\":[\"https:\\\/\\\/www.facebook.com\\\/Doria-Grand-Hotel-150382741666057\\\/\",\"https:\\\/\\\/x.com\\\/adihotels\",\"https:\\\/\\\/www.instagram.com\\\/doriagrandhotel\\\/?hl=en\",\"https:\\\/\\\/www.linkedin.com\\\/company\\\/doria-grand-hotel\\\/\",\"https:\\\/\\\/www.tripadvisor.com\\\/Hotel_Review-g187849-d202862-Reviews-Doria_Grand_Hotel-Milan_Lombardy.html\"]}]}<\/script>\n<!-- \/ Yoast SEO plugin. -->","yoast_head_json":{"title":"Deluxe-Zimmer & Parkm\u00f6glichkeiten \u2013 Doria Grand Hotel Mailand","description":"Erleben Sie h\u00f6chsten Komfort in unseren Deluxe-Zimmern im Doria Grand Hotel. Profitieren Sie von praktischen Hotelparkm\u00f6glichkeiten in Mailand, nur wenige Minuten vom Hauptbahnhof Milano Centrale entfernt","robots":{"index":"index","follow":"follow","max-snippet":"max-snippet:-1","max-image-preview":"max-image-preview:large","max-video-preview":"max-video-preview:-1"},"canonical":"https:\/\/www.doriagrandhotel.it\/de\/zimmer\/deluxe\/","og_locale":"de_DE","og_type":"article","og_title":"Deluxe-Zimmer & Parkm\u00f6glichkeiten \u2013 Doria Grand Hotel Mailand","og_description":"Erleben Sie h\u00f6chsten Komfort in unseren Deluxe-Zimmern im Doria Grand Hotel. Profitieren Sie von praktischen Hotelparkm\u00f6glichkeiten in Mailand, nur wenige Minuten vom Hauptbahnhof Milano Centrale entfernt","og_url":"https:\/\/www.doriagrandhotel.it\/de\/zimmer\/deluxe\/","og_site_name":"Doria Grand Hotel","article_publisher":"https:\/\/www.facebook.com\/Doria-Grand-Hotel-150382741666057\/","article_modified_time":"2025-01-21T10:21:50+00:00","og_image":[{"width":1800,"height":1200,"url":"http:\/\/www.doriagrandhotel.it\/wp-content\/uploads\/sites\/170\/2024\/11\/DeluxeDouble_08.jpg","type":"image\/jpeg"}],"twitter_card":"summary_large_image","twitter_site":"@adihotels","twitter_misc":{"Gesch\u00e4tzte Lesezeit":"1 Minute"},"schema":{"@context":"https:\/\/schema.org","@graph":[{"@type":"WebPage","@id":"https:\/\/www.doriagrandhotel.it\/de\/zimmer\/deluxe\/","url":"https:\/\/www.doriagrandhotel.it\/de\/zimmer\/deluxe\/","name":"Deluxe-Zimmer & Parkm\u00f6glichkeiten \u2013 Doria Grand Hotel Mailand","isPartOf":{"@id":"https:\/\/www.doriagrandhotel.it\/de\/#website"},"primaryImageOfPage":{"@id":"https:\/\/www.doriagrandhotel.it\/de\/zimmer\/deluxe\/#primaryimage"},"image":{"@id":"https:\/\/www.doriagrandhotel.it\/de\/zimmer\/deluxe\/#primaryimage"},"thumbnailUrl":"https:\/\/www.doriagrandhotel.it\/wp-content\/uploads\/sites\/170\/2024\/11\/DeluxeDouble_08.jpg","datePublished":"2024-11-08T09:32:36+00:00","dateModified":"2025-01-21T10:21:50+00:00","description":"Erleben Sie h\u00f6chsten Komfort in unseren Deluxe-Zimmern im Doria Grand Hotel. Profitieren Sie von praktischen Hotelparkm\u00f6glichkeiten in Mailand, nur wenige Minuten vom Hauptbahnhof Milano Centrale entfernt","breadcrumb":{"@id":"https:\/\/www.doriagrandhotel.it\/de\/zimmer\/deluxe\/#breadcrumb"},"inLanguage":"de-DE","potentialAction":[{"@type":"ReadAction","target":["https:\/\/www.doriagrandhotel.it\/de\/zimmer\/deluxe\/"]}]},{"@type":"ImageObject","inLanguage":"de-DE","@id":"https:\/\/www.doriagrandhotel.it\/de\/zimmer\/deluxe\/#primaryimage","url":"https:\/\/www.doriagrandhotel.it\/wp-content\/uploads\/sites\/170\/2024\/11\/DeluxeDouble_08.jpg","contentUrl":"https:\/\/www.doriagrandhotel.it\/wp-content\/uploads\/sites\/170\/2024\/11\/DeluxeDouble_08.jpg","width":1800,"height":1200},{"@type":"BreadcrumbList","@id":"https:\/\/www.doriagrandhotel.it\/de\/zimmer\/deluxe\/#breadcrumb","itemListElement":[{"@type":"ListItem","position":1,"name":"Home","item":"https:\/\/www.doriagrandhotel.it\/de\/willkommen-in-doria-grand-hotel\/"},{"@type":"ListItem","position":2,"name":"Zimmer und Suiten","item":"https:\/\/www.doriagrandhotel.it\/de\/zimmer\/"},{"@type":"ListItem","position":3,"name":"Deluxe"}]},{"@type":"WebSite","@id":"https:\/\/www.doriagrandhotel.it\/de\/#website","url":"https:\/\/www.doriagrandhotel.it\/de\/","name":"Doria Grand Hotel","description":"Official website of Doria Grand Hotel , a luxury  hotel in Milan center. Book your hotel in Milan at the best price","publisher":{"@id":"https:\/\/www.doriagrandhotel.it\/de\/#organization"},"alternateName":"Doria Grand Hotel","potentialAction":[{"@type":"SearchAction","target":{"@type":"EntryPoint","urlTemplate":"https:\/\/www.doriagrandhotel.it\/de\/?s={search_term_string}"},"query-input":{"@type":"PropertyValueSpecification","valueRequired":true,"valueName":"search_term_string"}}],"inLanguage":"de-DE"},{"@type":"Organization","@id":"https:\/\/www.doriagrandhotel.it\/de\/#organization","name":"Doria Grand Hotel","alternateName":"Doria Grand Hotel","url":"https:\/\/www.doriagrandhotel.it\/de\/","logo":{"@type":"ImageObject","inLanguage":"de-DE","@id":"https:\/\/www.doriagrandhotel.it\/de\/#\/schema\/logo\/image\/","url":"https:\/\/doria-grand-hotel.ms2.decms.eu\/wp-content\/uploads\/sites\/170\/2024\/09\/LOGO-DGH-tr.png","contentUrl":"https:\/\/doria-grand-hotel.ms2.decms.eu\/wp-content\/uploads\/sites\/170\/2024\/09\/LOGO-DGH-tr.png","width":230,"height":51,"caption":"Doria Grand Hotel"},"image":{"@id":"https:\/\/www.doriagrandhotel.it\/de\/#\/schema\/logo\/image\/"},"sameAs":["https:\/\/www.facebook.com\/Doria-Grand-Hotel-150382741666057\/","https:\/\/x.com\/adihotels","https:\/\/www.instagram.com\/doriagrandhotel\/?hl=en","https:\/\/www.linkedin.com\/company\/doria-grand-hotel\/","https:\/\/www.tripadvisor.com\/Hotel_Review-g187849-d202862-Reviews-Doria_Grand_Hotel-Milan_Lombardy.html"]}]}},"acf":[],"_links":{"self":[{"href":"https:\/\/www.doriagrandhotel.it\/de\/wp-json\/wp\/v2\/pages\/2606","targetHints":{"allow":["GET"]}}],"collection":[{"href":"https:\/\/www.doriagrandhotel.it\/de\/wp-json\/wp\/v2\/pages"}],"about":[{"href":"https:\/\/www.doriagrandhotel.it\/de\/wp-json\/wp\/v2\/types\/page"}],"author":[{"embeddable":true,"href":"https:\/\/www.doriagrandhotel.it\/de\/wp-json\/wp\/v2\/users\/12"}],"replies":[{"embeddable":true,"href":"https:\/\/www.doriagrandhotel.it\/de\/wp-json\/wp\/v2\/comments?post=2606"}],"version-history":[{"count":0,"href":"https:\/\/www.doriagrandhotel.it\/de\/wp-json\/wp\/v2\/pages\/2606\/revisions"}],"up":[{"embeddable":true,"href":"https:\/\/www.doriagrandhotel.it\/de\/wp-json\/wp\/v2\/pages\/2599"}],"wp:featuredmedia":[{"embeddable":true,"href":"https:\/\/www.doriagrandhotel.it\/de\/wp-json\/wp\/v2\/media\/2077"}],"wp:attachment":[{"href":"https:\/\/www.doriagrandhotel.it\/de\/wp-json\/wp\/v2\/media?parent=2606"}],"curies":[{"name":"wp","href":"https:\/\/api.w.org\/{rel}","templated":true}]}}