{"id":2609,"date":"2024-11-08T11:06:16","date_gmt":"2024-11-08T11:06:16","guid":{"rendered":"https:\/\/doria-grand-hotel.ms2.decms.eu\/?page_id=2609"},"modified":"2025-01-21T10:06:17","modified_gmt":"2025-01-21T10:06:17","slug":"junior-suiten","status":"publish","type":"page","link":"https:\/\/www.doriagrandhotel.it\/de\/zimmer\/junior-suiten\/","title":{"rendered":"Junior Suiten"},"content":{"rendered":"<p>Treten Sie ein in unsere ruhigen <strong>Junior Suiten<\/strong>, in denen Luxus und Komfort in perfekter Harmonie verschmelzen. Die Suiten bieten Platz f\u00fcr bis zu 2 Personen (oder 2 Erwachsene und 1 Kind). Jede Suite verf\u00fcgt \u00fcber ein luxuri\u00f6ses 200 cm breites Queen-Size-Bett, bezogen mit weicher Baumwollbettw\u00e4sche und erg\u00e4nzt durch zwei flauschige Kissen. Lassen Sie sich von den sanften, hypoallergenen Daunendecken umh\u00fcllen und genie\u00dfen Sie eine erholsame Nachtruhe.<\/p>\n<p>F\u00fcr Ihre Unterhaltung sorgt ein 43-Zoll-LCD-TV mit einer Vielzahl von Sky-Kan\u00e4len. Im gem\u00fctlichen Wohnbereich erwarten Sie ein komfortables Sofa und gro\u00dfz\u00fcgige Sessel, die zum Entspannen einladen \u2013 ideal, um Ihre Lieblingsprogramme oder Radiosender auf dem 43-Zoll-LCD-TV zu genie\u00dfen.<\/p>\n<p>Das Badezimmer ist ein wahres Refugium, geschm\u00fcckt mit exquisitem rosa portugiesischem Marmor, das Eleganz und Raffinesse ausstrahlt.<\/p>\n","protected":false},"excerpt":{"rendered":"<p>Treten Sie ein in unsere ruhigen Junior Suiten, in denen Luxus und Komfort in perfekter Harmonie verschmelzen. Die Suiten bieten Platz f\u00fcr bis zu 2 Personen (oder 2 Erwachsene und 1 Kind). Jede Suite verf\u00fcgt \u00fcber ein luxuri\u00f6ses 200 cm breites Queen-Size-Bett, bezogen mit weicher Baumwollbettw\u00e4sche und erg\u00e4nzt durch zwei flauschige Kissen. Lassen Sie sich [&hellip;]<\/p>\n","protected":false},"author":12,"featured_media":2176,"parent":2599,"menu_order":12,"comment_status":"closed","ping_status":"closed","template":"template-single-room.php","meta":{"footnotes":""},"yoast_head":"<!-- This site is optimized with the Yoast SEO plugin v22.3 - https:\/\/yoast.com\/wordpress\/plugins\/seo\/ -->\n<title>Junior Suiten - Doria Grand Hotel<\/title>\n<meta name=\"description\" content=\"Entdecken Sie den Komfort unserer Junior Suiten im Doria Grand Hotel. Profitieren Sie von praktischen Hotelparkm\u00f6glichkeiten in Mailand, nur wenige Minuten vom Hauptbahnhof Milano Centrale entfernt!\" \/>\n<meta name=\"robots\" content=\"index, follow, max-snippet:-1, max-image-preview:large, max-video-preview:-1\" \/>\n<link rel=\"canonical\" href=\"https:\/\/www.doriagrandhotel.it\/de\/zimmer\/junior-suiten\/\" \/>\n<meta property=\"og:locale\" content=\"de_DE\" \/>\n<meta property=\"og:type\" content=\"article\" \/>\n<meta property=\"og:title\" content=\"Junior Suiten - Doria Grand Hotel\" \/>\n<meta property=\"og:description\" content=\"Entdecken Sie den Komfort unserer Junior Suiten im Doria Grand Hotel. Profitieren Sie von praktischen Hotelparkm\u00f6glichkeiten in Mailand, nur wenige Minuten vom Hauptbahnhof Milano Centrale entfernt!\" \/>\n<meta property=\"og:url\" content=\"https:\/\/www.doriagrandhotel.it\/de\/zimmer\/junior-suiten\/\" \/>\n<meta property=\"og:site_name\" content=\"Doria Grand Hotel\" \/>\n<meta property=\"article:publisher\" content=\"https:\/\/www.facebook.com\/Doria-Grand-Hotel-150382741666057\/\" \/>\n<meta property=\"article:modified_time\" content=\"2025-01-21T10:06:17+00:00\" \/>\n<meta property=\"og:image\" content=\"http:\/\/www.doriagrandhotel.it\/wp-content\/uploads\/sites\/170\/2024\/11\/JuniorSuite_02.jpg\" \/>\n\t<meta property=\"og:image:width\" content=\"1800\" \/>\n\t<meta property=\"og:image:height\" content=\"1200\" \/>\n\t<meta property=\"og:image:type\" content=\"image\/jpeg\" \/>\n<meta name=\"twitter:card\" content=\"summary_large_image\" \/>\n<meta name=\"twitter:site\" content=\"@adihotels\" \/>\n<meta name=\"twitter:label1\" content=\"Gesch\u00e4tzte Lesezeit\" \/>\n\t<meta name=\"twitter:data1\" content=\"1 Minute\" \/>\n<script type=\"application\/ld+json\" class=\"yoast-schema-graph\">{\"@context\":\"https:\/\/schema.org\",\"@graph\":[{\"@type\":\"WebPage\",\"@id\":\"https:\/\/www.doriagrandhotel.it\/de\/zimmer\/junior-suiten\/\",\"url\":\"https:\/\/www.doriagrandhotel.it\/de\/zimmer\/junior-suiten\/\",\"name\":\"Junior Suiten - Doria Grand Hotel\",\"isPartOf\":{\"@id\":\"https:\/\/www.doriagrandhotel.it\/de\/#website\"},\"primaryImageOfPage\":{\"@id\":\"https:\/\/www.doriagrandhotel.it\/de\/zimmer\/junior-suiten\/#primaryimage\"},\"image\":{\"@id\":\"https:\/\/www.doriagrandhotel.it\/de\/zimmer\/junior-suiten\/#primaryimage\"},\"thumbnailUrl\":\"https:\/\/www.doriagrandhotel.it\/wp-content\/uploads\/sites\/170\/2024\/11\/JuniorSuite_02.jpg\",\"datePublished\":\"2024-11-08T11:06:16+00:00\",\"dateModified\":\"2025-01-21T10:06:17+00:00\",\"description\":\"Entdecken Sie den Komfort unserer Junior Suiten im Doria Grand Hotel. Profitieren Sie von praktischen Hotelparkm\u00f6glichkeiten in Mailand, nur wenige Minuten vom Hauptbahnhof Milano Centrale entfernt!\",\"breadcrumb\":{\"@id\":\"https:\/\/www.doriagrandhotel.it\/de\/zimmer\/junior-suiten\/#breadcrumb\"},\"inLanguage\":\"de-DE\",\"potentialAction\":[{\"@type\":\"ReadAction\",\"target\":[\"https:\/\/www.doriagrandhotel.it\/de\/zimmer\/junior-suiten\/\"]}]},{\"@type\":\"ImageObject\",\"inLanguage\":\"de-DE\",\"@id\":\"https:\/\/www.doriagrandhotel.it\/de\/zimmer\/junior-suiten\/#primaryimage\",\"url\":\"https:\/\/www.doriagrandhotel.it\/wp-content\/uploads\/sites\/170\/2024\/11\/JuniorSuite_02.jpg\",\"contentUrl\":\"https:\/\/www.doriagrandhotel.it\/wp-content\/uploads\/sites\/170\/2024\/11\/JuniorSuite_02.jpg\",\"width\":1800,\"height\":1200},{\"@type\":\"BreadcrumbList\",\"@id\":\"https:\/\/www.doriagrandhotel.it\/de\/zimmer\/junior-suiten\/#breadcrumb\",\"itemListElement\":[{\"@type\":\"ListItem\",\"position\":1,\"name\":\"Home\",\"item\":\"https:\/\/www.doriagrandhotel.it\/de\/willkommen-in-doria-grand-hotel\/\"},{\"@type\":\"ListItem\",\"position\":2,\"name\":\"Zimmer und Suiten\",\"item\":\"https:\/\/www.doriagrandhotel.it\/de\/zimmer\/\"},{\"@type\":\"ListItem\",\"position\":3,\"name\":\"Junior Suiten\"}]},{\"@type\":\"WebSite\",\"@id\":\"https:\/\/www.doriagrandhotel.it\/de\/#website\",\"url\":\"https:\/\/www.doriagrandhotel.it\/de\/\",\"name\":\"Doria Grand Hotel\",\"description\":\"Official website of Doria Grand Hotel , a luxury  hotel in Milan center. Book your hotel in Milan at the best price\",\"publisher\":{\"@id\":\"https:\/\/www.doriagrandhotel.it\/de\/#organization\"},\"alternateName\":\"Doria Grand Hotel\",\"potentialAction\":[{\"@type\":\"SearchAction\",\"target\":{\"@type\":\"EntryPoint\",\"urlTemplate\":\"https:\/\/www.doriagrandhotel.it\/de\/?s={search_term_string}\"},\"query-input\":\"required name=search_term_string\"}],\"inLanguage\":\"de-DE\"},{\"@type\":\"Organization\",\"@id\":\"https:\/\/www.doriagrandhotel.it\/de\/#organization\",\"name\":\"Doria Grand Hotel\",\"alternateName\":\"Doria Grand Hotel\",\"url\":\"https:\/\/www.doriagrandhotel.it\/de\/\",\"logo\":{\"@type\":\"ImageObject\",\"inLanguage\":\"de-DE\",\"@id\":\"https:\/\/www.doriagrandhotel.it\/de\/#\/schema\/logo\/image\/\",\"url\":\"https:\/\/doria-grand-hotel.ms2.decms.eu\/wp-content\/uploads\/sites\/170\/2024\/09\/LOGO-DGH-tr.png\",\"contentUrl\":\"https:\/\/doria-grand-hotel.ms2.decms.eu\/wp-content\/uploads\/sites\/170\/2024\/09\/LOGO-DGH-tr.png\",\"width\":230,\"height\":51,\"caption\":\"Doria Grand Hotel\"},\"image\":{\"@id\":\"https:\/\/www.doriagrandhotel.it\/de\/#\/schema\/logo\/image\/\"},\"sameAs\":[\"https:\/\/www.facebook.com\/Doria-Grand-Hotel-150382741666057\/\",\"https:\/\/twitter.com\/adihotels\",\"https:\/\/www.instagram.com\/doriagrandhotel\/?hl=en\",\"https:\/\/www.linkedin.com\/company\/doria-grand-hotel\/\",\"https:\/\/www.tripadvisor.com\/Hotel_Review-g187849-d202862-Reviews-Doria_Grand_Hotel-Milan_Lombardy.html\"]}]}<\/script>\n<!-- \/ Yoast SEO plugin. -->","yoast_head_json":{"title":"Junior Suiten - Doria Grand Hotel","description":"Entdecken Sie den Komfort unserer Junior Suiten im Doria Grand Hotel. Profitieren Sie von praktischen Hotelparkm\u00f6glichkeiten in Mailand, nur wenige Minuten vom Hauptbahnhof Milano Centrale entfernt!","robots":{"index":"index","follow":"follow","max-snippet":"max-snippet:-1","max-image-preview":"max-image-preview:large","max-video-preview":"max-video-preview:-1"},"canonical":"https:\/\/www.doriagrandhotel.it\/de\/zimmer\/junior-suiten\/","og_locale":"de_DE","og_type":"article","og_title":"Junior Suiten - Doria Grand Hotel","og_description":"Entdecken Sie den Komfort unserer Junior Suiten im Doria Grand Hotel. Profitieren Sie von praktischen Hotelparkm\u00f6glichkeiten in Mailand, nur wenige Minuten vom Hauptbahnhof Milano Centrale entfernt!","og_url":"https:\/\/www.doriagrandhotel.it\/de\/zimmer\/junior-suiten\/","og_site_name":"Doria Grand Hotel","article_publisher":"https:\/\/www.facebook.com\/Doria-Grand-Hotel-150382741666057\/","article_modified_time":"2025-01-21T10:06:17+00:00","og_image":[{"width":1800,"height":1200,"url":"http:\/\/www.doriagrandhotel.it\/wp-content\/uploads\/sites\/170\/2024\/11\/JuniorSuite_02.jpg","type":"image\/jpeg"}],"twitter_card":"summary_large_image","twitter_site":"@adihotels","twitter_misc":{"Gesch\u00e4tzte Lesezeit":"1 Minute"},"schema":{"@context":"https:\/\/schema.org","@graph":[{"@type":"WebPage","@id":"https:\/\/www.doriagrandhotel.it\/de\/zimmer\/junior-suiten\/","url":"https:\/\/www.doriagrandhotel.it\/de\/zimmer\/junior-suiten\/","name":"Junior Suiten - Doria Grand Hotel","isPartOf":{"@id":"https:\/\/www.doriagrandhotel.it\/de\/#website"},"primaryImageOfPage":{"@id":"https:\/\/www.doriagrandhotel.it\/de\/zimmer\/junior-suiten\/#primaryimage"},"image":{"@id":"https:\/\/www.doriagrandhotel.it\/de\/zimmer\/junior-suiten\/#primaryimage"},"thumbnailUrl":"https:\/\/www.doriagrandhotel.it\/wp-content\/uploads\/sites\/170\/2024\/11\/JuniorSuite_02.jpg","datePublished":"2024-11-08T11:06:16+00:00","dateModified":"2025-01-21T10:06:17+00:00","description":"Entdecken Sie den Komfort unserer Junior Suiten im Doria Grand Hotel. Profitieren Sie von praktischen Hotelparkm\u00f6glichkeiten in Mailand, nur wenige Minuten vom Hauptbahnhof Milano Centrale entfernt!","breadcrumb":{"@id":"https:\/\/www.doriagrandhotel.it\/de\/zimmer\/junior-suiten\/#breadcrumb"},"inLanguage":"de-DE","potentialAction":[{"@type":"ReadAction","target":["https:\/\/www.doriagrandhotel.it\/de\/zimmer\/junior-suiten\/"]}]},{"@type":"ImageObject","inLanguage":"de-DE","@id":"https:\/\/www.doriagrandhotel.it\/de\/zimmer\/junior-suiten\/#primaryimage","url":"https:\/\/www.doriagrandhotel.it\/wp-content\/uploads\/sites\/170\/2024\/11\/JuniorSuite_02.jpg","contentUrl":"https:\/\/www.doriagrandhotel.it\/wp-content\/uploads\/sites\/170\/2024\/11\/JuniorSuite_02.jpg","width":1800,"height":1200},{"@type":"BreadcrumbList","@id":"https:\/\/www.doriagrandhotel.it\/de\/zimmer\/junior-suiten\/#breadcrumb","itemListElement":[{"@type":"ListItem","position":1,"name":"Home","item":"https:\/\/www.doriagrandhotel.it\/de\/willkommen-in-doria-grand-hotel\/"},{"@type":"ListItem","position":2,"name":"Zimmer und Suiten","item":"https:\/\/www.doriagrandhotel.it\/de\/zimmer\/"},{"@type":"ListItem","position":3,"name":"Junior Suiten"}]},{"@type":"WebSite","@id":"https:\/\/www.doriagrandhotel.it\/de\/#website","url":"https:\/\/www.doriagrandhotel.it\/de\/","name":"Doria Grand Hotel","description":"Official website of Doria Grand Hotel , a luxury  hotel in Milan center. Book your hotel in Milan at the best price","publisher":{"@id":"https:\/\/www.doriagrandhotel.it\/de\/#organization"},"alternateName":"Doria Grand Hotel","potentialAction":[{"@type":"SearchAction","target":{"@type":"EntryPoint","urlTemplate":"https:\/\/www.doriagrandhotel.it\/de\/?s={search_term_string}"},"query-input":"required name=search_term_string"}],"inLanguage":"de-DE"},{"@type":"Organization","@id":"https:\/\/www.doriagrandhotel.it\/de\/#organization","name":"Doria Grand Hotel","alternateName":"Doria Grand Hotel","url":"https:\/\/www.doriagrandhotel.it\/de\/","logo":{"@type":"ImageObject","inLanguage":"de-DE","@id":"https:\/\/www.doriagrandhotel.it\/de\/#\/schema\/logo\/image\/","url":"https:\/\/doria-grand-hotel.ms2.decms.eu\/wp-content\/uploads\/sites\/170\/2024\/09\/LOGO-DGH-tr.png","contentUrl":"https:\/\/doria-grand-hotel.ms2.decms.eu\/wp-content\/uploads\/sites\/170\/2024\/09\/LOGO-DGH-tr.png","width":230,"height":51,"caption":"Doria Grand Hotel"},"image":{"@id":"https:\/\/www.doriagrandhotel.it\/de\/#\/schema\/logo\/image\/"},"sameAs":["https:\/\/www.facebook.com\/Doria-Grand-Hotel-150382741666057\/","https:\/\/twitter.com\/adihotels","https:\/\/www.instagram.com\/doriagrandhotel\/?hl=en","https:\/\/www.linkedin.com\/company\/doria-grand-hotel\/","https:\/\/www.tripadvisor.com\/Hotel_Review-g187849-d202862-Reviews-Doria_Grand_Hotel-Milan_Lombardy.html"]}]}},"acf":[],"_links":{"self":[{"href":"https:\/\/www.doriagrandhotel.it\/de\/wp-json\/wp\/v2\/pages\/2609"}],"collection":[{"href":"https:\/\/www.doriagrandhotel.it\/de\/wp-json\/wp\/v2\/pages"}],"about":[{"href":"https:\/\/www.doriagrandhotel.it\/de\/wp-json\/wp\/v2\/types\/page"}],"author":[{"embeddable":true,"href":"https:\/\/www.doriagrandhotel.it\/de\/wp-json\/wp\/v2\/users\/12"}],"replies":[{"embeddable":true,"href":"https:\/\/www.doriagrandhotel.it\/de\/wp-json\/wp\/v2\/comments?post=2609"}],"version-history":[{"count":0,"href":"https:\/\/www.doriagrandhotel.it\/de\/wp-json\/wp\/v2\/pages\/2609\/revisions"}],"up":[{"embeddable":true,"href":"https:\/\/www.doriagrandhotel.it\/de\/wp-json\/wp\/v2\/pages\/2599"}],"wp:featuredmedia":[{"embeddable":true,"href":"https:\/\/www.doriagrandhotel.it\/de\/wp-json\/wp\/v2\/media\/2176"}],"wp:attachment":[{"href":"https:\/\/www.doriagrandhotel.it\/de\/wp-json\/wp\/v2\/media?parent=2609"}],"curies":[{"name":"wp","href":"https:\/\/api.w.org\/{rel}","templated":true}]}}