{"id":2621,"date":"2024-11-04T11:14:33","date_gmt":"2024-11-04T11:14:33","guid":{"rendered":"https:\/\/doria-grand-hotel.ms2.decms.eu\/?page_id=2621"},"modified":"2025-01-20T17:34:35","modified_gmt":"2025-01-20T17:34:35","slug":"archi-saal","status":"publish","type":"page","link":"https:\/\/www.doriagrandhotel.it\/de\/konferenzsaele-und-ausstellungsraeume\/archi-saal\/","title":{"rendered":"Archi Saal"},"content":{"rendered":"<p>Suchen Sie nicht weiter nach einer Veranstaltungsst\u00e4tte in Mailand. Unser gr\u00f6\u00dfter Veranstaltungsraum, die Archi Room, verk\u00f6rpert Eleganz und Raffinesse und bietet die perfekte Kulisse f\u00fcr unvergessliche Zusammenk\u00fcnfte. Mit einer Kapazit\u00e4t von bis zu 100 G\u00e4sten in Theaterbestuhlung schafft dieser gro\u00dfz\u00fcgige Raum eine inspirierende und ansprechende Atmosph\u00e4re.<\/p>\n<p>Das durchdachte Layout f\u00f6rdert sowohl Intimit\u00e4t als auch Interaktion, wodurch der Raum ideal f\u00fcr Pressekonferenzen, Workshops, Galadinner, Zeremonien und Feierlichkeiten ist. Gleichzeitig eignet er sich perfekt f\u00fcr unkonventionelle Meetings, die eine besondere Atmosph\u00e4re und exklusive Eleganz erfordern.<\/p>\n<p>Jeder Aspekt dieses komfortablen Veranstaltungsraums in Mailand wurde mit Bedacht gestaltet. Moderne \u00c4sthetik verbindet sich mit hochmoderner Technologie, um sicherzustellen, dass Ihre Veranstaltung reibungslos verl\u00e4uft. Der Raum ist mit allem ausgestattet, was f\u00fcr jeden Anlass erforderlich ist.<\/p>\n<p>Hier k\u00f6nnen Sie Ihre Vision verwirklichen und eine unvergessliche Erfahrung schaffen, die auch lange nach dem letzten Gast in Erinnerung bleibt.<\/p>\n","protected":false},"excerpt":{"rendered":"<p>Suchen Sie nicht weiter nach einer Veranstaltungsst\u00e4tte in Mailand. Unser gr\u00f6\u00dfter Veranstaltungsraum, die Archi Room, verk\u00f6rpert Eleganz und Raffinesse und bietet die perfekte Kulisse f\u00fcr unvergessliche Zusammenk\u00fcnfte. Mit einer Kapazit\u00e4t von bis zu 100 G\u00e4sten in Theaterbestuhlung schafft dieser gro\u00dfz\u00fcgige Raum eine inspirierende und ansprechende Atmosph\u00e4re. Das durchdachte Layout f\u00f6rdert sowohl Intimit\u00e4t als auch Interaktion, [&hellip;]<\/p>\n","protected":false},"author":12,"featured_media":481,"parent":2617,"menu_order":32,"comment_status":"closed","ping_status":"closed","template":"template-weddings.php","meta":{"footnotes":""},"class_list":["post-2621","page","type-page","status-publish","has-post-thumbnail","hentry"],"yoast_head":"<!-- This site is optimized with the Yoast SEO plugin v27.3 - https:\/\/yoast.com\/product\/yoast-seo-wordpress\/ -->\n<title>Veranstaltungsort in Mailand \u2013 Doria Grand Hotel<\/title>\n<meta name=\"description\" content=\"Entdecken Sie die Archi Room im Doria Grand Hotel, einen beeindruckenden Veranstaltungsort in Mailand.Dieser vielseitige Veranstaltungsraum in Mailand ist ideal f\u00fcr gesch\u00e4ftliche und private Zusammenk\u00fcnfte\" \/>\n<meta name=\"robots\" content=\"index, follow, max-snippet:-1, max-image-preview:large, max-video-preview:-1\" \/>\n<link rel=\"canonical\" href=\"https:\/\/www.doriagrandhotel.it\/de\/konferenzsaele-und-ausstellungsraeume\/archi-saal\/\" \/>\n<meta property=\"og:locale\" content=\"de_DE\" \/>\n<meta property=\"og:type\" content=\"article\" \/>\n<meta property=\"og:title\" content=\"Veranstaltungsort in Mailand \u2013 Doria Grand Hotel\" \/>\n<meta property=\"og:description\" content=\"Entdecken Sie die Archi Room im Doria Grand Hotel, einen beeindruckenden Veranstaltungsort in Mailand.Dieser vielseitige Veranstaltungsraum in Mailand ist ideal f\u00fcr gesch\u00e4ftliche und private Zusammenk\u00fcnfte\" \/>\n<meta property=\"og:url\" content=\"https:\/\/www.doriagrandhotel.it\/de\/konferenzsaele-und-ausstellungsraeume\/archi-saal\/\" \/>\n<meta property=\"og:site_name\" content=\"Doria Grand Hotel\" \/>\n<meta property=\"article:publisher\" content=\"https:\/\/www.facebook.com\/Doria-Grand-Hotel-150382741666057\/\" \/>\n<meta property=\"article:modified_time\" content=\"2025-01-20T17:34:35+00:00\" \/>\n<meta property=\"og:image\" content=\"https:\/\/www.doriagrandhotel.it\/wp-content\/uploads\/sites\/170\/2024\/11\/Doria_Meeting_Archi_01.jpg\" \/>\n\t<meta property=\"og:image:width\" content=\"1800\" \/>\n\t<meta property=\"og:image:height\" content=\"1200\" \/>\n\t<meta property=\"og:image:type\" content=\"image\/jpeg\" \/>\n<meta name=\"twitter:card\" content=\"summary_large_image\" \/>\n<meta name=\"twitter:site\" content=\"@adihotels\" \/>\n<meta name=\"twitter:label1\" content=\"Gesch\u00e4tzte Lesezeit\" \/>\n\t<meta name=\"twitter:data1\" content=\"1 Minute\" \/>\n<script type=\"application\/ld+json\" class=\"yoast-schema-graph\">{\"@context\":\"https:\\\/\\\/schema.org\",\"@graph\":[{\"@type\":\"WebPage\",\"@id\":\"https:\\\/\\\/www.doriagrandhotel.it\\\/de\\\/konferenzsaele-und-ausstellungsraeume\\\/archi-saal\\\/\",\"url\":\"https:\\\/\\\/www.doriagrandhotel.it\\\/de\\\/konferenzsaele-und-ausstellungsraeume\\\/archi-saal\\\/\",\"name\":\"Veranstaltungsort in Mailand \u2013 Doria Grand Hotel\",\"isPartOf\":{\"@id\":\"https:\\\/\\\/www.doriagrandhotel.it\\\/de\\\/#website\"},\"primaryImageOfPage\":{\"@id\":\"https:\\\/\\\/www.doriagrandhotel.it\\\/de\\\/konferenzsaele-und-ausstellungsraeume\\\/archi-saal\\\/#primaryimage\"},\"image\":{\"@id\":\"https:\\\/\\\/www.doriagrandhotel.it\\\/de\\\/konferenzsaele-und-ausstellungsraeume\\\/archi-saal\\\/#primaryimage\"},\"thumbnailUrl\":\"https:\\\/\\\/www.doriagrandhotel.it\\\/wp-content\\\/uploads\\\/sites\\\/170\\\/2024\\\/11\\\/Doria_Meeting_Archi_01.jpg\",\"datePublished\":\"2024-11-04T11:14:33+00:00\",\"dateModified\":\"2025-01-20T17:34:35+00:00\",\"description\":\"Entdecken Sie die Archi Room im Doria Grand Hotel, einen beeindruckenden Veranstaltungsort in Mailand.Dieser vielseitige Veranstaltungsraum in Mailand ist ideal f\u00fcr gesch\u00e4ftliche und private Zusammenk\u00fcnfte\",\"breadcrumb\":{\"@id\":\"https:\\\/\\\/www.doriagrandhotel.it\\\/de\\\/konferenzsaele-und-ausstellungsraeume\\\/archi-saal\\\/#breadcrumb\"},\"inLanguage\":\"de-DE\",\"potentialAction\":[{\"@type\":\"ReadAction\",\"target\":[\"https:\\\/\\\/www.doriagrandhotel.it\\\/de\\\/konferenzsaele-und-ausstellungsraeume\\\/archi-saal\\\/\"]}]},{\"@type\":\"ImageObject\",\"inLanguage\":\"de-DE\",\"@id\":\"https:\\\/\\\/www.doriagrandhotel.it\\\/de\\\/konferenzsaele-und-ausstellungsraeume\\\/archi-saal\\\/#primaryimage\",\"url\":\"https:\\\/\\\/www.doriagrandhotel.it\\\/wp-content\\\/uploads\\\/sites\\\/170\\\/2024\\\/11\\\/Doria_Meeting_Archi_01.jpg\",\"contentUrl\":\"https:\\\/\\\/www.doriagrandhotel.it\\\/wp-content\\\/uploads\\\/sites\\\/170\\\/2024\\\/11\\\/Doria_Meeting_Archi_01.jpg\",\"width\":1800,\"height\":1200},{\"@type\":\"BreadcrumbList\",\"@id\":\"https:\\\/\\\/www.doriagrandhotel.it\\\/de\\\/konferenzsaele-und-ausstellungsraeume\\\/archi-saal\\\/#breadcrumb\",\"itemListElement\":[{\"@type\":\"ListItem\",\"position\":1,\"name\":\"Home\",\"item\":\"https:\\\/\\\/www.doriagrandhotel.it\\\/de\\\/willkommen-in-doria-grand-hotel\\\/\"},{\"@type\":\"ListItem\",\"position\":2,\"name\":\"Tagungsr\u00e4ume\",\"item\":\"https:\\\/\\\/www.doriagrandhotel.it\\\/de\\\/konferenzsaele-und-ausstellungsraeume\\\/\"},{\"@type\":\"ListItem\",\"position\":3,\"name\":\"Archi Saal\"}]},{\"@type\":\"WebSite\",\"@id\":\"https:\\\/\\\/www.doriagrandhotel.it\\\/de\\\/#website\",\"url\":\"https:\\\/\\\/www.doriagrandhotel.it\\\/de\\\/\",\"name\":\"Doria Grand Hotel\",\"description\":\"Official website of Doria Grand Hotel , a luxury  hotel in Milan center. Book your hotel in Milan at the best price\",\"publisher\":{\"@id\":\"https:\\\/\\\/www.doriagrandhotel.it\\\/de\\\/#organization\"},\"alternateName\":\"Doria Grand Hotel\",\"potentialAction\":[{\"@type\":\"SearchAction\",\"target\":{\"@type\":\"EntryPoint\",\"urlTemplate\":\"https:\\\/\\\/www.doriagrandhotel.it\\\/de\\\/?s={search_term_string}\"},\"query-input\":{\"@type\":\"PropertyValueSpecification\",\"valueRequired\":true,\"valueName\":\"search_term_string\"}}],\"inLanguage\":\"de-DE\"},{\"@type\":\"Organization\",\"@id\":\"https:\\\/\\\/www.doriagrandhotel.it\\\/de\\\/#organization\",\"name\":\"Doria Grand Hotel\",\"alternateName\":\"Doria Grand Hotel\",\"url\":\"https:\\\/\\\/www.doriagrandhotel.it\\\/de\\\/\",\"logo\":{\"@type\":\"ImageObject\",\"inLanguage\":\"de-DE\",\"@id\":\"https:\\\/\\\/www.doriagrandhotel.it\\\/de\\\/#\\\/schema\\\/logo\\\/image\\\/\",\"url\":\"https:\\\/\\\/doria-grand-hotel.ms2.decms.eu\\\/wp-content\\\/uploads\\\/sites\\\/170\\\/2024\\\/09\\\/LOGO-DGH-tr.png\",\"contentUrl\":\"https:\\\/\\\/doria-grand-hotel.ms2.decms.eu\\\/wp-content\\\/uploads\\\/sites\\\/170\\\/2024\\\/09\\\/LOGO-DGH-tr.png\",\"width\":230,\"height\":51,\"caption\":\"Doria Grand Hotel\"},\"image\":{\"@id\":\"https:\\\/\\\/www.doriagrandhotel.it\\\/de\\\/#\\\/schema\\\/logo\\\/image\\\/\"},\"sameAs\":[\"https:\\\/\\\/www.facebook.com\\\/Doria-Grand-Hotel-150382741666057\\\/\",\"https:\\\/\\\/x.com\\\/adihotels\",\"https:\\\/\\\/www.instagram.com\\\/doriagrandhotel\\\/?hl=en\",\"https:\\\/\\\/www.linkedin.com\\\/company\\\/doria-grand-hotel\\\/\",\"https:\\\/\\\/www.tripadvisor.com\\\/Hotel_Review-g187849-d202862-Reviews-Doria_Grand_Hotel-Milan_Lombardy.html\"]}]}<\/script>\n<!-- \/ Yoast SEO plugin. -->","yoast_head_json":{"title":"Veranstaltungsort in Mailand \u2013 Doria Grand Hotel","description":"Entdecken Sie die Archi Room im Doria Grand Hotel, einen beeindruckenden Veranstaltungsort in Mailand.Dieser vielseitige Veranstaltungsraum in Mailand ist ideal f\u00fcr gesch\u00e4ftliche und private Zusammenk\u00fcnfte","robots":{"index":"index","follow":"follow","max-snippet":"max-snippet:-1","max-image-preview":"max-image-preview:large","max-video-preview":"max-video-preview:-1"},"canonical":"https:\/\/www.doriagrandhotel.it\/de\/konferenzsaele-und-ausstellungsraeume\/archi-saal\/","og_locale":"de_DE","og_type":"article","og_title":"Veranstaltungsort in Mailand \u2013 Doria Grand Hotel","og_description":"Entdecken Sie die Archi Room im Doria Grand Hotel, einen beeindruckenden Veranstaltungsort in Mailand.Dieser vielseitige Veranstaltungsraum in Mailand ist ideal f\u00fcr gesch\u00e4ftliche und private Zusammenk\u00fcnfte","og_url":"https:\/\/www.doriagrandhotel.it\/de\/konferenzsaele-und-ausstellungsraeume\/archi-saal\/","og_site_name":"Doria Grand Hotel","article_publisher":"https:\/\/www.facebook.com\/Doria-Grand-Hotel-150382741666057\/","article_modified_time":"2025-01-20T17:34:35+00:00","og_image":[{"width":1800,"height":1200,"url":"https:\/\/www.doriagrandhotel.it\/wp-content\/uploads\/sites\/170\/2024\/11\/Doria_Meeting_Archi_01.jpg","type":"image\/jpeg"}],"twitter_card":"summary_large_image","twitter_site":"@adihotels","twitter_misc":{"Gesch\u00e4tzte Lesezeit":"1 Minute"},"schema":{"@context":"https:\/\/schema.org","@graph":[{"@type":"WebPage","@id":"https:\/\/www.doriagrandhotel.it\/de\/konferenzsaele-und-ausstellungsraeume\/archi-saal\/","url":"https:\/\/www.doriagrandhotel.it\/de\/konferenzsaele-und-ausstellungsraeume\/archi-saal\/","name":"Veranstaltungsort in Mailand \u2013 Doria Grand Hotel","isPartOf":{"@id":"https:\/\/www.doriagrandhotel.it\/de\/#website"},"primaryImageOfPage":{"@id":"https:\/\/www.doriagrandhotel.it\/de\/konferenzsaele-und-ausstellungsraeume\/archi-saal\/#primaryimage"},"image":{"@id":"https:\/\/www.doriagrandhotel.it\/de\/konferenzsaele-und-ausstellungsraeume\/archi-saal\/#primaryimage"},"thumbnailUrl":"https:\/\/www.doriagrandhotel.it\/wp-content\/uploads\/sites\/170\/2024\/11\/Doria_Meeting_Archi_01.jpg","datePublished":"2024-11-04T11:14:33+00:00","dateModified":"2025-01-20T17:34:35+00:00","description":"Entdecken Sie die Archi Room im Doria Grand Hotel, einen beeindruckenden Veranstaltungsort in Mailand.Dieser vielseitige Veranstaltungsraum in Mailand ist ideal f\u00fcr gesch\u00e4ftliche und private Zusammenk\u00fcnfte","breadcrumb":{"@id":"https:\/\/www.doriagrandhotel.it\/de\/konferenzsaele-und-ausstellungsraeume\/archi-saal\/#breadcrumb"},"inLanguage":"de-DE","potentialAction":[{"@type":"ReadAction","target":["https:\/\/www.doriagrandhotel.it\/de\/konferenzsaele-und-ausstellungsraeume\/archi-saal\/"]}]},{"@type":"ImageObject","inLanguage":"de-DE","@id":"https:\/\/www.doriagrandhotel.it\/de\/konferenzsaele-und-ausstellungsraeume\/archi-saal\/#primaryimage","url":"https:\/\/www.doriagrandhotel.it\/wp-content\/uploads\/sites\/170\/2024\/11\/Doria_Meeting_Archi_01.jpg","contentUrl":"https:\/\/www.doriagrandhotel.it\/wp-content\/uploads\/sites\/170\/2024\/11\/Doria_Meeting_Archi_01.jpg","width":1800,"height":1200},{"@type":"BreadcrumbList","@id":"https:\/\/www.doriagrandhotel.it\/de\/konferenzsaele-und-ausstellungsraeume\/archi-saal\/#breadcrumb","itemListElement":[{"@type":"ListItem","position":1,"name":"Home","item":"https:\/\/www.doriagrandhotel.it\/de\/willkommen-in-doria-grand-hotel\/"},{"@type":"ListItem","position":2,"name":"Tagungsr\u00e4ume","item":"https:\/\/www.doriagrandhotel.it\/de\/konferenzsaele-und-ausstellungsraeume\/"},{"@type":"ListItem","position":3,"name":"Archi Saal"}]},{"@type":"WebSite","@id":"https:\/\/www.doriagrandhotel.it\/de\/#website","url":"https:\/\/www.doriagrandhotel.it\/de\/","name":"Doria Grand Hotel","description":"Official website of Doria Grand Hotel , a luxury  hotel in Milan center. Book your hotel in Milan at the best price","publisher":{"@id":"https:\/\/www.doriagrandhotel.it\/de\/#organization"},"alternateName":"Doria Grand Hotel","potentialAction":[{"@type":"SearchAction","target":{"@type":"EntryPoint","urlTemplate":"https:\/\/www.doriagrandhotel.it\/de\/?s={search_term_string}"},"query-input":{"@type":"PropertyValueSpecification","valueRequired":true,"valueName":"search_term_string"}}],"inLanguage":"de-DE"},{"@type":"Organization","@id":"https:\/\/www.doriagrandhotel.it\/de\/#organization","name":"Doria Grand Hotel","alternateName":"Doria Grand Hotel","url":"https:\/\/www.doriagrandhotel.it\/de\/","logo":{"@type":"ImageObject","inLanguage":"de-DE","@id":"https:\/\/www.doriagrandhotel.it\/de\/#\/schema\/logo\/image\/","url":"https:\/\/doria-grand-hotel.ms2.decms.eu\/wp-content\/uploads\/sites\/170\/2024\/09\/LOGO-DGH-tr.png","contentUrl":"https:\/\/doria-grand-hotel.ms2.decms.eu\/wp-content\/uploads\/sites\/170\/2024\/09\/LOGO-DGH-tr.png","width":230,"height":51,"caption":"Doria Grand Hotel"},"image":{"@id":"https:\/\/www.doriagrandhotel.it\/de\/#\/schema\/logo\/image\/"},"sameAs":["https:\/\/www.facebook.com\/Doria-Grand-Hotel-150382741666057\/","https:\/\/x.com\/adihotels","https:\/\/www.instagram.com\/doriagrandhotel\/?hl=en","https:\/\/www.linkedin.com\/company\/doria-grand-hotel\/","https:\/\/www.tripadvisor.com\/Hotel_Review-g187849-d202862-Reviews-Doria_Grand_Hotel-Milan_Lombardy.html"]}]}},"acf":[],"_links":{"self":[{"href":"https:\/\/www.doriagrandhotel.it\/de\/wp-json\/wp\/v2\/pages\/2621","targetHints":{"allow":["GET"]}}],"collection":[{"href":"https:\/\/www.doriagrandhotel.it\/de\/wp-json\/wp\/v2\/pages"}],"about":[{"href":"https:\/\/www.doriagrandhotel.it\/de\/wp-json\/wp\/v2\/types\/page"}],"author":[{"embeddable":true,"href":"https:\/\/www.doriagrandhotel.it\/de\/wp-json\/wp\/v2\/users\/12"}],"replies":[{"embeddable":true,"href":"https:\/\/www.doriagrandhotel.it\/de\/wp-json\/wp\/v2\/comments?post=2621"}],"version-history":[{"count":0,"href":"https:\/\/www.doriagrandhotel.it\/de\/wp-json\/wp\/v2\/pages\/2621\/revisions"}],"up":[{"embeddable":true,"href":"https:\/\/www.doriagrandhotel.it\/de\/wp-json\/wp\/v2\/pages\/2617"}],"wp:featuredmedia":[{"embeddable":true,"href":"https:\/\/www.doriagrandhotel.it\/de\/wp-json\/wp\/v2\/media\/481"}],"wp:attachment":[{"href":"https:\/\/www.doriagrandhotel.it\/de\/wp-json\/wp\/v2\/media?parent=2621"}],"curies":[{"name":"wp","href":"https:\/\/api.w.org\/{rel}","templated":true}]}}