{"id":2627,"date":"2024-11-04T13:36:31","date_gmt":"2024-11-04T13:36:31","guid":{"rendered":"https:\/\/doria-grand-hotel.ms2.decms.eu\/?page_id=2627"},"modified":"2025-01-17T17:10:39","modified_gmt":"2025-01-17T17:10:39","slug":"svevo-saal","status":"publish","type":"page","link":"https:\/\/www.doriagrandhotel.it\/de\/konferenzsaele-und-ausstellungsraeume\/svevo-saal\/","title":{"rendered":"Svevo Saal"},"content":{"rendered":"<p>Die <strong>Svevo Room<\/strong>, unser mittelgro\u00dfer Raum, beeindruckt mit elegantem Dekor und einladenden Farben, die eine warme Atmosph\u00e4re schaffen.<\/p>\n<p>Verbunden mit der <em>Saba Room<\/em> durch eine halboffene Trennwand, bietet sie ein Gef\u00fchl von Offenheit, ohne dabei die intime Atmosph\u00e4re zu verlieren. Mit Platz f\u00fcr bis zu 45 G\u00e4ste ist sie perfekt f\u00fcr Workshops in Mailand geeignet. Die komfortable Sitzordnung f\u00f6rdert sowohl Gespr\u00e4che als auch Zusammenarbeit, w\u00e4hrend die sorgf\u00e4ltig platzierte Dekoration dem Raum eine elegante Note verleiht.<\/p>\n<p>Ob festliche Veranstaltungen oder professionelle Workshops, dieser vielseitige Raum hinterl\u00e4sst garantiert einen bleibenden Eindruck bei allen, die ihn betreten.<\/p>\n","protected":false},"excerpt":{"rendered":"<p>Die Svevo Room, unser mittelgro\u00dfer Raum, beeindruckt mit elegantem Dekor und einladenden Farben, die eine warme Atmosph\u00e4re schaffen. Verbunden mit der Saba Room durch eine halboffene Trennwand, bietet sie ein Gef\u00fchl von Offenheit, ohne dabei die intime Atmosph\u00e4re zu verlieren. Mit Platz f\u00fcr bis zu 45 G\u00e4ste ist sie perfekt f\u00fcr Workshops in Mailand geeignet. [&hellip;]<\/p>\n","protected":false},"author":12,"featured_media":709,"parent":2617,"menu_order":36,"comment_status":"closed","ping_status":"closed","template":"template-weddings.php","meta":{"footnotes":""},"yoast_head":"<!-- This site is optimized with the Yoast SEO plugin v22.3 - https:\/\/yoast.com\/wordpress\/plugins\/seo\/ -->\n<title>Workshop in Mailand \u2013 Doria Grand Hotel<\/title>\n<meta name=\"description\" content=\"Entdecken Sie die Svevo Room im Doria Grand Hotel \u2013 der perfekte Veranstaltungsort f\u00fcr Workshops in Mailand, ausgestattet mit allen notwendigen Werkzeugen f\u00fcr produktive Sitzungen.\" \/>\n<meta name=\"robots\" content=\"index, follow, max-snippet:-1, max-image-preview:large, max-video-preview:-1\" \/>\n<link rel=\"canonical\" href=\"https:\/\/www.doriagrandhotel.it\/de\/konferenzsaele-und-ausstellungsraeume\/svevo-saal\/\" \/>\n<meta property=\"og:locale\" content=\"de_DE\" \/>\n<meta property=\"og:type\" content=\"article\" \/>\n<meta property=\"og:title\" content=\"Workshop in Mailand \u2013 Doria Grand Hotel\" \/>\n<meta property=\"og:description\" content=\"Entdecken Sie die Svevo Room im Doria Grand Hotel \u2013 der perfekte Veranstaltungsort f\u00fcr Workshops in Mailand, ausgestattet mit allen notwendigen Werkzeugen f\u00fcr produktive Sitzungen.\" \/>\n<meta property=\"og:url\" content=\"https:\/\/www.doriagrandhotel.it\/de\/konferenzsaele-und-ausstellungsraeume\/svevo-saal\/\" \/>\n<meta property=\"og:site_name\" content=\"Doria Grand Hotel\" \/>\n<meta property=\"article:publisher\" content=\"https:\/\/www.facebook.com\/Doria-Grand-Hotel-150382741666057\/\" \/>\n<meta property=\"article:modified_time\" content=\"2025-01-17T17:10:39+00:00\" \/>\n<meta property=\"og:image\" content=\"https:\/\/www.doriagrandhotel.it\/wp-content\/uploads\/sites\/170\/2024\/11\/Doria_Meeting_Svevo_05.jpg\" \/>\n\t<meta property=\"og:image:width\" content=\"1800\" \/>\n\t<meta property=\"og:image:height\" content=\"1200\" \/>\n\t<meta property=\"og:image:type\" content=\"image\/jpeg\" \/>\n<meta name=\"twitter:card\" content=\"summary_large_image\" \/>\n<meta name=\"twitter:site\" content=\"@adihotels\" \/>\n<meta name=\"twitter:label1\" content=\"Gesch\u00e4tzte Lesezeit\" \/>\n\t<meta name=\"twitter:data1\" content=\"1 Minute\" \/>\n<script type=\"application\/ld+json\" class=\"yoast-schema-graph\">{\"@context\":\"https:\/\/schema.org\",\"@graph\":[{\"@type\":\"WebPage\",\"@id\":\"https:\/\/www.doriagrandhotel.it\/de\/konferenzsaele-und-ausstellungsraeume\/svevo-saal\/\",\"url\":\"https:\/\/www.doriagrandhotel.it\/de\/konferenzsaele-und-ausstellungsraeume\/svevo-saal\/\",\"name\":\"Workshop in Mailand \u2013 Doria Grand Hotel\",\"isPartOf\":{\"@id\":\"https:\/\/www.doriagrandhotel.it\/de\/#website\"},\"primaryImageOfPage\":{\"@id\":\"https:\/\/www.doriagrandhotel.it\/de\/konferenzsaele-und-ausstellungsraeume\/svevo-saal\/#primaryimage\"},\"image\":{\"@id\":\"https:\/\/www.doriagrandhotel.it\/de\/konferenzsaele-und-ausstellungsraeume\/svevo-saal\/#primaryimage\"},\"thumbnailUrl\":\"https:\/\/www.doriagrandhotel.it\/wp-content\/uploads\/sites\/170\/2024\/11\/Doria_Meeting_Svevo_05.jpg\",\"datePublished\":\"2024-11-04T13:36:31+00:00\",\"dateModified\":\"2025-01-17T17:10:39+00:00\",\"description\":\"Entdecken Sie die Svevo Room im Doria Grand Hotel \u2013 der perfekte Veranstaltungsort f\u00fcr Workshops in Mailand, ausgestattet mit allen notwendigen Werkzeugen f\u00fcr produktive Sitzungen.\",\"breadcrumb\":{\"@id\":\"https:\/\/www.doriagrandhotel.it\/de\/konferenzsaele-und-ausstellungsraeume\/svevo-saal\/#breadcrumb\"},\"inLanguage\":\"de-DE\",\"potentialAction\":[{\"@type\":\"ReadAction\",\"target\":[\"https:\/\/www.doriagrandhotel.it\/de\/konferenzsaele-und-ausstellungsraeume\/svevo-saal\/\"]}]},{\"@type\":\"ImageObject\",\"inLanguage\":\"de-DE\",\"@id\":\"https:\/\/www.doriagrandhotel.it\/de\/konferenzsaele-und-ausstellungsraeume\/svevo-saal\/#primaryimage\",\"url\":\"https:\/\/www.doriagrandhotel.it\/wp-content\/uploads\/sites\/170\/2024\/11\/Doria_Meeting_Svevo_05.jpg\",\"contentUrl\":\"https:\/\/www.doriagrandhotel.it\/wp-content\/uploads\/sites\/170\/2024\/11\/Doria_Meeting_Svevo_05.jpg\",\"width\":1800,\"height\":1200},{\"@type\":\"BreadcrumbList\",\"@id\":\"https:\/\/www.doriagrandhotel.it\/de\/konferenzsaele-und-ausstellungsraeume\/svevo-saal\/#breadcrumb\",\"itemListElement\":[{\"@type\":\"ListItem\",\"position\":1,\"name\":\"Home\",\"item\":\"https:\/\/www.doriagrandhotel.it\/de\/willkommen-in-doria-grand-hotel\/\"},{\"@type\":\"ListItem\",\"position\":2,\"name\":\"Tagungsr\u00e4ume\",\"item\":\"https:\/\/www.doriagrandhotel.it\/de\/konferenzsaele-und-ausstellungsraeume\/\"},{\"@type\":\"ListItem\",\"position\":3,\"name\":\"Svevo Saal\"}]},{\"@type\":\"WebSite\",\"@id\":\"https:\/\/www.doriagrandhotel.it\/de\/#website\",\"url\":\"https:\/\/www.doriagrandhotel.it\/de\/\",\"name\":\"Doria Grand Hotel\",\"description\":\"Official website of Doria Grand Hotel , a luxury  hotel in Milan center. Book your hotel in Milan at the best price\",\"publisher\":{\"@id\":\"https:\/\/www.doriagrandhotel.it\/de\/#organization\"},\"alternateName\":\"Doria Grand Hotel\",\"potentialAction\":[{\"@type\":\"SearchAction\",\"target\":{\"@type\":\"EntryPoint\",\"urlTemplate\":\"https:\/\/www.doriagrandhotel.it\/de\/?s={search_term_string}\"},\"query-input\":\"required name=search_term_string\"}],\"inLanguage\":\"de-DE\"},{\"@type\":\"Organization\",\"@id\":\"https:\/\/www.doriagrandhotel.it\/de\/#organization\",\"name\":\"Doria Grand Hotel\",\"alternateName\":\"Doria Grand Hotel\",\"url\":\"https:\/\/www.doriagrandhotel.it\/de\/\",\"logo\":{\"@type\":\"ImageObject\",\"inLanguage\":\"de-DE\",\"@id\":\"https:\/\/www.doriagrandhotel.it\/de\/#\/schema\/logo\/image\/\",\"url\":\"https:\/\/doria-grand-hotel.ms2.decms.eu\/wp-content\/uploads\/sites\/170\/2024\/09\/LOGO-DGH-tr.png\",\"contentUrl\":\"https:\/\/doria-grand-hotel.ms2.decms.eu\/wp-content\/uploads\/sites\/170\/2024\/09\/LOGO-DGH-tr.png\",\"width\":230,\"height\":51,\"caption\":\"Doria Grand Hotel\"},\"image\":{\"@id\":\"https:\/\/www.doriagrandhotel.it\/de\/#\/schema\/logo\/image\/\"},\"sameAs\":[\"https:\/\/www.facebook.com\/Doria-Grand-Hotel-150382741666057\/\",\"https:\/\/twitter.com\/adihotels\",\"https:\/\/www.instagram.com\/doriagrandhotel\/?hl=en\",\"https:\/\/www.linkedin.com\/company\/doria-grand-hotel\/\",\"https:\/\/www.tripadvisor.com\/Hotel_Review-g187849-d202862-Reviews-Doria_Grand_Hotel-Milan_Lombardy.html\"]}]}<\/script>\n<!-- \/ Yoast SEO plugin. -->","yoast_head_json":{"title":"Workshop in Mailand \u2013 Doria Grand Hotel","description":"Entdecken Sie die Svevo Room im Doria Grand Hotel \u2013 der perfekte Veranstaltungsort f\u00fcr Workshops in Mailand, ausgestattet mit allen notwendigen Werkzeugen f\u00fcr produktive Sitzungen.","robots":{"index":"index","follow":"follow","max-snippet":"max-snippet:-1","max-image-preview":"max-image-preview:large","max-video-preview":"max-video-preview:-1"},"canonical":"https:\/\/www.doriagrandhotel.it\/de\/konferenzsaele-und-ausstellungsraeume\/svevo-saal\/","og_locale":"de_DE","og_type":"article","og_title":"Workshop in Mailand \u2013 Doria Grand Hotel","og_description":"Entdecken Sie die Svevo Room im Doria Grand Hotel \u2013 der perfekte Veranstaltungsort f\u00fcr Workshops in Mailand, ausgestattet mit allen notwendigen Werkzeugen f\u00fcr produktive Sitzungen.","og_url":"https:\/\/www.doriagrandhotel.it\/de\/konferenzsaele-und-ausstellungsraeume\/svevo-saal\/","og_site_name":"Doria Grand Hotel","article_publisher":"https:\/\/www.facebook.com\/Doria-Grand-Hotel-150382741666057\/","article_modified_time":"2025-01-17T17:10:39+00:00","og_image":[{"width":1800,"height":1200,"url":"https:\/\/www.doriagrandhotel.it\/wp-content\/uploads\/sites\/170\/2024\/11\/Doria_Meeting_Svevo_05.jpg","type":"image\/jpeg"}],"twitter_card":"summary_large_image","twitter_site":"@adihotels","twitter_misc":{"Gesch\u00e4tzte Lesezeit":"1 Minute"},"schema":{"@context":"https:\/\/schema.org","@graph":[{"@type":"WebPage","@id":"https:\/\/www.doriagrandhotel.it\/de\/konferenzsaele-und-ausstellungsraeume\/svevo-saal\/","url":"https:\/\/www.doriagrandhotel.it\/de\/konferenzsaele-und-ausstellungsraeume\/svevo-saal\/","name":"Workshop in Mailand \u2013 Doria Grand Hotel","isPartOf":{"@id":"https:\/\/www.doriagrandhotel.it\/de\/#website"},"primaryImageOfPage":{"@id":"https:\/\/www.doriagrandhotel.it\/de\/konferenzsaele-und-ausstellungsraeume\/svevo-saal\/#primaryimage"},"image":{"@id":"https:\/\/www.doriagrandhotel.it\/de\/konferenzsaele-und-ausstellungsraeume\/svevo-saal\/#primaryimage"},"thumbnailUrl":"https:\/\/www.doriagrandhotel.it\/wp-content\/uploads\/sites\/170\/2024\/11\/Doria_Meeting_Svevo_05.jpg","datePublished":"2024-11-04T13:36:31+00:00","dateModified":"2025-01-17T17:10:39+00:00","description":"Entdecken Sie die Svevo Room im Doria Grand Hotel \u2013 der perfekte Veranstaltungsort f\u00fcr Workshops in Mailand, ausgestattet mit allen notwendigen Werkzeugen f\u00fcr produktive Sitzungen.","breadcrumb":{"@id":"https:\/\/www.doriagrandhotel.it\/de\/konferenzsaele-und-ausstellungsraeume\/svevo-saal\/#breadcrumb"},"inLanguage":"de-DE","potentialAction":[{"@type":"ReadAction","target":["https:\/\/www.doriagrandhotel.it\/de\/konferenzsaele-und-ausstellungsraeume\/svevo-saal\/"]}]},{"@type":"ImageObject","inLanguage":"de-DE","@id":"https:\/\/www.doriagrandhotel.it\/de\/konferenzsaele-und-ausstellungsraeume\/svevo-saal\/#primaryimage","url":"https:\/\/www.doriagrandhotel.it\/wp-content\/uploads\/sites\/170\/2024\/11\/Doria_Meeting_Svevo_05.jpg","contentUrl":"https:\/\/www.doriagrandhotel.it\/wp-content\/uploads\/sites\/170\/2024\/11\/Doria_Meeting_Svevo_05.jpg","width":1800,"height":1200},{"@type":"BreadcrumbList","@id":"https:\/\/www.doriagrandhotel.it\/de\/konferenzsaele-und-ausstellungsraeume\/svevo-saal\/#breadcrumb","itemListElement":[{"@type":"ListItem","position":1,"name":"Home","item":"https:\/\/www.doriagrandhotel.it\/de\/willkommen-in-doria-grand-hotel\/"},{"@type":"ListItem","position":2,"name":"Tagungsr\u00e4ume","item":"https:\/\/www.doriagrandhotel.it\/de\/konferenzsaele-und-ausstellungsraeume\/"},{"@type":"ListItem","position":3,"name":"Svevo Saal"}]},{"@type":"WebSite","@id":"https:\/\/www.doriagrandhotel.it\/de\/#website","url":"https:\/\/www.doriagrandhotel.it\/de\/","name":"Doria Grand Hotel","description":"Official website of Doria Grand Hotel , a luxury  hotel in Milan center. Book your hotel in Milan at the best price","publisher":{"@id":"https:\/\/www.doriagrandhotel.it\/de\/#organization"},"alternateName":"Doria Grand Hotel","potentialAction":[{"@type":"SearchAction","target":{"@type":"EntryPoint","urlTemplate":"https:\/\/www.doriagrandhotel.it\/de\/?s={search_term_string}"},"query-input":"required name=search_term_string"}],"inLanguage":"de-DE"},{"@type":"Organization","@id":"https:\/\/www.doriagrandhotel.it\/de\/#organization","name":"Doria Grand Hotel","alternateName":"Doria Grand Hotel","url":"https:\/\/www.doriagrandhotel.it\/de\/","logo":{"@type":"ImageObject","inLanguage":"de-DE","@id":"https:\/\/www.doriagrandhotel.it\/de\/#\/schema\/logo\/image\/","url":"https:\/\/doria-grand-hotel.ms2.decms.eu\/wp-content\/uploads\/sites\/170\/2024\/09\/LOGO-DGH-tr.png","contentUrl":"https:\/\/doria-grand-hotel.ms2.decms.eu\/wp-content\/uploads\/sites\/170\/2024\/09\/LOGO-DGH-tr.png","width":230,"height":51,"caption":"Doria Grand Hotel"},"image":{"@id":"https:\/\/www.doriagrandhotel.it\/de\/#\/schema\/logo\/image\/"},"sameAs":["https:\/\/www.facebook.com\/Doria-Grand-Hotel-150382741666057\/","https:\/\/twitter.com\/adihotels","https:\/\/www.instagram.com\/doriagrandhotel\/?hl=en","https:\/\/www.linkedin.com\/company\/doria-grand-hotel\/","https:\/\/www.tripadvisor.com\/Hotel_Review-g187849-d202862-Reviews-Doria_Grand_Hotel-Milan_Lombardy.html"]}]}},"acf":[],"_links":{"self":[{"href":"https:\/\/www.doriagrandhotel.it\/de\/wp-json\/wp\/v2\/pages\/2627"}],"collection":[{"href":"https:\/\/www.doriagrandhotel.it\/de\/wp-json\/wp\/v2\/pages"}],"about":[{"href":"https:\/\/www.doriagrandhotel.it\/de\/wp-json\/wp\/v2\/types\/page"}],"author":[{"embeddable":true,"href":"https:\/\/www.doriagrandhotel.it\/de\/wp-json\/wp\/v2\/users\/12"}],"replies":[{"embeddable":true,"href":"https:\/\/www.doriagrandhotel.it\/de\/wp-json\/wp\/v2\/comments?post=2627"}],"version-history":[{"count":0,"href":"https:\/\/www.doriagrandhotel.it\/de\/wp-json\/wp\/v2\/pages\/2627\/revisions"}],"up":[{"embeddable":true,"href":"https:\/\/www.doriagrandhotel.it\/de\/wp-json\/wp\/v2\/pages\/2617"}],"wp:featuredmedia":[{"embeddable":true,"href":"https:\/\/www.doriagrandhotel.it\/de\/wp-json\/wp\/v2\/media\/709"}],"wp:attachment":[{"href":"https:\/\/www.doriagrandhotel.it\/de\/wp-json\/wp\/v2\/media?parent=2627"}],"curies":[{"name":"wp","href":"https:\/\/api.w.org\/{rel}","templated":true}]}}