{"id":2639,"date":"2024-09-27T09:43:28","date_gmt":"2024-09-27T09:43:28","guid":{"rendered":"https:\/\/doria-grand-hotel.ms2.decms.eu\/?page_id=2639"},"modified":"2025-01-21T09:34:59","modified_gmt":"2025-01-21T09:34:59","slug":"essen-und-trinken","status":"publish","type":"page","link":"https:\/\/www.doriagrandhotel.it\/de\/essen-und-trinken\/","title":{"rendered":"Essen und Trinken"},"content":{"rendered":"<p>In der modischen Metropole Mailand lohnt es sich, in die exquisiten kulinarischen Gen\u00fcsse einzutauchen, die auf Sie warten. Egal, ob Sie in der Stadt sind, um an einem wichtigen Gesch\u00e4ftstreffen teilzunehmen, die elektrisierende Atmosph\u00e4re eines Musikkonzerts im legend\u00e4ren San-Siro-Stadion zu genie\u00dfen oder einfach nur den faszinierenden Charme der Stadt auf sich wirken zu lassen \u2013 es ist unverzichtbar, die Essenz des <strong>Dolce Far Niente<\/strong> zu erleben: die Kunst, das s\u00fc\u00dfe Nichtstun zu genie\u00dfen.<\/p>\n","protected":false},"excerpt":{"rendered":"<p>In der modischen Metropole Mailand lohnt es sich, in die exquisiten kulinarischen Gen\u00fcsse einzutauchen, die auf Sie warten. Egal, ob Sie in der Stadt sind, um an einem wichtigen Gesch\u00e4ftstreffen teilzunehmen, die elektrisierende Atmosph\u00e4re eines Musikkonzerts im legend\u00e4ren San-Siro-Stadion zu genie\u00dfen oder einfach nur den faszinierenden Charme der Stadt auf sich wirken zu lassen \u2013 [&hellip;]<\/p>\n","protected":false},"author":12,"featured_media":0,"parent":0,"menu_order":15,"comment_status":"closed","ping_status":"closed","template":"template-restaurants.php","meta":{"footnotes":""},"yoast_head":"<!-- This site is optimized with the Yoast SEO plugin v22.3 - https:\/\/yoast.com\/wordpress\/plugins\/seo\/ -->\n<title>Hotel und Restaurant in Mailand \u2013 Doria Grand Hotel<\/title>\n<meta name=\"description\" content=\"Besuchen Sie uns im Doria Grand Hotel f\u00fcr ein unvergessliches kulinarisches Erlebnis. Unser Hotelrestaurant und Caf\u00e9 bieten die perfekte kulinarische Auszeit in Mailand, Italien.\" \/>\n<meta name=\"robots\" content=\"index, follow, max-snippet:-1, max-image-preview:large, max-video-preview:-1\" \/>\n<link rel=\"canonical\" href=\"https:\/\/www.doriagrandhotel.it\/de\/essen-und-trinken\/\" \/>\n<meta property=\"og:locale\" content=\"de_DE\" \/>\n<meta property=\"og:type\" content=\"article\" \/>\n<meta property=\"og:title\" content=\"Hotel und Restaurant in Mailand \u2013 Doria Grand Hotel\" \/>\n<meta property=\"og:description\" content=\"Besuchen Sie uns im Doria Grand Hotel f\u00fcr ein unvergessliches kulinarisches Erlebnis. Unser Hotelrestaurant und Caf\u00e9 bieten die perfekte kulinarische Auszeit in Mailand, Italien.\" \/>\n<meta property=\"og:url\" content=\"https:\/\/www.doriagrandhotel.it\/de\/essen-und-trinken\/\" \/>\n<meta property=\"og:site_name\" content=\"Doria Grand Hotel\" \/>\n<meta property=\"article:publisher\" content=\"https:\/\/www.facebook.com\/Doria-Grand-Hotel-150382741666057\/\" \/>\n<meta property=\"article:modified_time\" content=\"2025-01-21T09:34:59+00:00\" \/>\n<meta property=\"og:image\" content=\"https:\/\/www.doriagrandhotel.it\/wp-content\/uploads\/sites\/170\/2024\/11\/Doria-Grand-Hotel-Milan-Exterior.jpg\" \/>\n\t<meta property=\"og:image:width\" content=\"1280\" \/>\n\t<meta property=\"og:image:height\" content=\"853\" \/>\n\t<meta property=\"og:image:type\" content=\"image\/jpeg\" \/>\n<meta name=\"twitter:card\" content=\"summary_large_image\" \/>\n<meta name=\"twitter:site\" content=\"@adihotels\" \/>\n<meta name=\"twitter:label1\" content=\"Gesch\u00e4tzte Lesezeit\" \/>\n\t<meta name=\"twitter:data1\" content=\"1 Minute\" \/>\n<script type=\"application\/ld+json\" class=\"yoast-schema-graph\">{\"@context\":\"https:\/\/schema.org\",\"@graph\":[{\"@type\":\"WebPage\",\"@id\":\"https:\/\/www.doriagrandhotel.it\/de\/essen-und-trinken\/\",\"url\":\"https:\/\/www.doriagrandhotel.it\/de\/essen-und-trinken\/\",\"name\":\"Hotel und Restaurant in Mailand \u2013 Doria Grand Hotel\",\"isPartOf\":{\"@id\":\"https:\/\/www.doriagrandhotel.it\/de\/#website\"},\"datePublished\":\"2024-09-27T09:43:28+00:00\",\"dateModified\":\"2025-01-21T09:34:59+00:00\",\"description\":\"Besuchen Sie uns im Doria Grand Hotel f\u00fcr ein unvergessliches kulinarisches Erlebnis. Unser Hotelrestaurant und Caf\u00e9 bieten die perfekte kulinarische Auszeit in Mailand, Italien.\",\"breadcrumb\":{\"@id\":\"https:\/\/www.doriagrandhotel.it\/de\/essen-und-trinken\/#breadcrumb\"},\"inLanguage\":\"de-DE\",\"potentialAction\":[{\"@type\":\"ReadAction\",\"target\":[\"https:\/\/www.doriagrandhotel.it\/de\/essen-und-trinken\/\"]}]},{\"@type\":\"BreadcrumbList\",\"@id\":\"https:\/\/www.doriagrandhotel.it\/de\/essen-und-trinken\/#breadcrumb\",\"itemListElement\":[{\"@type\":\"ListItem\",\"position\":1,\"name\":\"Home\",\"item\":\"https:\/\/www.doriagrandhotel.it\/de\/willkommen-in-doria-grand-hotel\/\"},{\"@type\":\"ListItem\",\"position\":2,\"name\":\"Essen und Trinken\"}]},{\"@type\":\"WebSite\",\"@id\":\"https:\/\/www.doriagrandhotel.it\/de\/#website\",\"url\":\"https:\/\/www.doriagrandhotel.it\/de\/\",\"name\":\"Doria Grand Hotel\",\"description\":\"Official website of Doria Grand Hotel , a luxury  hotel in Milan center. Book your hotel in Milan at the best price\",\"publisher\":{\"@id\":\"https:\/\/www.doriagrandhotel.it\/de\/#organization\"},\"alternateName\":\"Doria Grand Hotel\",\"potentialAction\":[{\"@type\":\"SearchAction\",\"target\":{\"@type\":\"EntryPoint\",\"urlTemplate\":\"https:\/\/www.doriagrandhotel.it\/de\/?s={search_term_string}\"},\"query-input\":\"required name=search_term_string\"}],\"inLanguage\":\"de-DE\"},{\"@type\":\"Organization\",\"@id\":\"https:\/\/www.doriagrandhotel.it\/de\/#organization\",\"name\":\"Doria Grand Hotel\",\"alternateName\":\"Doria Grand Hotel\",\"url\":\"https:\/\/www.doriagrandhotel.it\/de\/\",\"logo\":{\"@type\":\"ImageObject\",\"inLanguage\":\"de-DE\",\"@id\":\"https:\/\/www.doriagrandhotel.it\/de\/#\/schema\/logo\/image\/\",\"url\":\"https:\/\/doria-grand-hotel.ms2.decms.eu\/wp-content\/uploads\/sites\/170\/2024\/09\/LOGO-DGH-tr.png\",\"contentUrl\":\"https:\/\/doria-grand-hotel.ms2.decms.eu\/wp-content\/uploads\/sites\/170\/2024\/09\/LOGO-DGH-tr.png\",\"width\":230,\"height\":51,\"caption\":\"Doria Grand Hotel\"},\"image\":{\"@id\":\"https:\/\/www.doriagrandhotel.it\/de\/#\/schema\/logo\/image\/\"},\"sameAs\":[\"https:\/\/www.facebook.com\/Doria-Grand-Hotel-150382741666057\/\",\"https:\/\/twitter.com\/adihotels\",\"https:\/\/www.instagram.com\/doriagrandhotel\/?hl=en\",\"https:\/\/www.linkedin.com\/company\/doria-grand-hotel\/\",\"https:\/\/www.tripadvisor.com\/Hotel_Review-g187849-d202862-Reviews-Doria_Grand_Hotel-Milan_Lombardy.html\"]}]}<\/script>\n<!-- \/ Yoast SEO plugin. -->","yoast_head_json":{"title":"Hotel und Restaurant in Mailand \u2013 Doria Grand Hotel","description":"Besuchen Sie uns im Doria Grand Hotel f\u00fcr ein unvergessliches kulinarisches Erlebnis. Unser Hotelrestaurant und Caf\u00e9 bieten die perfekte kulinarische Auszeit in Mailand, Italien.","robots":{"index":"index","follow":"follow","max-snippet":"max-snippet:-1","max-image-preview":"max-image-preview:large","max-video-preview":"max-video-preview:-1"},"canonical":"https:\/\/www.doriagrandhotel.it\/de\/essen-und-trinken\/","og_locale":"de_DE","og_type":"article","og_title":"Hotel und Restaurant in Mailand \u2013 Doria Grand Hotel","og_description":"Besuchen Sie uns im Doria Grand Hotel f\u00fcr ein unvergessliches kulinarisches Erlebnis. Unser Hotelrestaurant und Caf\u00e9 bieten die perfekte kulinarische Auszeit in Mailand, Italien.","og_url":"https:\/\/www.doriagrandhotel.it\/de\/essen-und-trinken\/","og_site_name":"Doria Grand Hotel","article_publisher":"https:\/\/www.facebook.com\/Doria-Grand-Hotel-150382741666057\/","article_modified_time":"2025-01-21T09:34:59+00:00","og_image":[{"width":1280,"height":853,"url":"https:\/\/www.doriagrandhotel.it\/wp-content\/uploads\/sites\/170\/2024\/11\/Doria-Grand-Hotel-Milan-Exterior.jpg","type":"image\/jpeg"}],"twitter_card":"summary_large_image","twitter_site":"@adihotels","twitter_misc":{"Gesch\u00e4tzte Lesezeit":"1 Minute"},"schema":{"@context":"https:\/\/schema.org","@graph":[{"@type":"WebPage","@id":"https:\/\/www.doriagrandhotel.it\/de\/essen-und-trinken\/","url":"https:\/\/www.doriagrandhotel.it\/de\/essen-und-trinken\/","name":"Hotel und Restaurant in Mailand \u2013 Doria Grand Hotel","isPartOf":{"@id":"https:\/\/www.doriagrandhotel.it\/de\/#website"},"datePublished":"2024-09-27T09:43:28+00:00","dateModified":"2025-01-21T09:34:59+00:00","description":"Besuchen Sie uns im Doria Grand Hotel f\u00fcr ein unvergessliches kulinarisches Erlebnis. Unser Hotelrestaurant und Caf\u00e9 bieten die perfekte kulinarische Auszeit in Mailand, Italien.","breadcrumb":{"@id":"https:\/\/www.doriagrandhotel.it\/de\/essen-und-trinken\/#breadcrumb"},"inLanguage":"de-DE","potentialAction":[{"@type":"ReadAction","target":["https:\/\/www.doriagrandhotel.it\/de\/essen-und-trinken\/"]}]},{"@type":"BreadcrumbList","@id":"https:\/\/www.doriagrandhotel.it\/de\/essen-und-trinken\/#breadcrumb","itemListElement":[{"@type":"ListItem","position":1,"name":"Home","item":"https:\/\/www.doriagrandhotel.it\/de\/willkommen-in-doria-grand-hotel\/"},{"@type":"ListItem","position":2,"name":"Essen und Trinken"}]},{"@type":"WebSite","@id":"https:\/\/www.doriagrandhotel.it\/de\/#website","url":"https:\/\/www.doriagrandhotel.it\/de\/","name":"Doria Grand Hotel","description":"Official website of Doria Grand Hotel , a luxury  hotel in Milan center. Book your hotel in Milan at the best price","publisher":{"@id":"https:\/\/www.doriagrandhotel.it\/de\/#organization"},"alternateName":"Doria Grand Hotel","potentialAction":[{"@type":"SearchAction","target":{"@type":"EntryPoint","urlTemplate":"https:\/\/www.doriagrandhotel.it\/de\/?s={search_term_string}"},"query-input":"required name=search_term_string"}],"inLanguage":"de-DE"},{"@type":"Organization","@id":"https:\/\/www.doriagrandhotel.it\/de\/#organization","name":"Doria Grand Hotel","alternateName":"Doria Grand Hotel","url":"https:\/\/www.doriagrandhotel.it\/de\/","logo":{"@type":"ImageObject","inLanguage":"de-DE","@id":"https:\/\/www.doriagrandhotel.it\/de\/#\/schema\/logo\/image\/","url":"https:\/\/doria-grand-hotel.ms2.decms.eu\/wp-content\/uploads\/sites\/170\/2024\/09\/LOGO-DGH-tr.png","contentUrl":"https:\/\/doria-grand-hotel.ms2.decms.eu\/wp-content\/uploads\/sites\/170\/2024\/09\/LOGO-DGH-tr.png","width":230,"height":51,"caption":"Doria Grand Hotel"},"image":{"@id":"https:\/\/www.doriagrandhotel.it\/de\/#\/schema\/logo\/image\/"},"sameAs":["https:\/\/www.facebook.com\/Doria-Grand-Hotel-150382741666057\/","https:\/\/twitter.com\/adihotels","https:\/\/www.instagram.com\/doriagrandhotel\/?hl=en","https:\/\/www.linkedin.com\/company\/doria-grand-hotel\/","https:\/\/www.tripadvisor.com\/Hotel_Review-g187849-d202862-Reviews-Doria_Grand_Hotel-Milan_Lombardy.html"]}]}},"acf":[],"_links":{"self":[{"href":"https:\/\/www.doriagrandhotel.it\/de\/wp-json\/wp\/v2\/pages\/2639"}],"collection":[{"href":"https:\/\/www.doriagrandhotel.it\/de\/wp-json\/wp\/v2\/pages"}],"about":[{"href":"https:\/\/www.doriagrandhotel.it\/de\/wp-json\/wp\/v2\/types\/page"}],"author":[{"embeddable":true,"href":"https:\/\/www.doriagrandhotel.it\/de\/wp-json\/wp\/v2\/users\/12"}],"replies":[{"embeddable":true,"href":"https:\/\/www.doriagrandhotel.it\/de\/wp-json\/wp\/v2\/comments?post=2639"}],"version-history":[{"count":0,"href":"https:\/\/www.doriagrandhotel.it\/de\/wp-json\/wp\/v2\/pages\/2639\/revisions"}],"wp:attachment":[{"href":"https:\/\/www.doriagrandhotel.it\/de\/wp-json\/wp\/v2\/media?parent=2639"}],"curies":[{"name":"wp","href":"https:\/\/api.w.org\/{rel}","templated":true}]}}