{"id":2641,"date":"2024-10-30T17:44:47","date_gmt":"2024-10-30T17:44:47","guid":{"rendered":"https:\/\/doria-grand-hotel.ms2.decms.eu\/?page_id=2641"},"modified":"2025-01-21T09:23:30","modified_gmt":"2025-01-21T09:23:30","slug":"das-fruehstueck","status":"publish","type":"page","link":"https:\/\/www.doriagrandhotel.it\/de\/essen-und-trinken\/das-fruehstueck\/","title":{"rendered":"Das Fr\u00fchst\u00fcck"},"content":{"rendered":"<p>Das Fr\u00fchst\u00fcck im Doria Grand Hotel ist ein wahres Fest f\u00fcr die Sinne und bietet eine F\u00fclle kulinarischer K\u00f6stlichkeiten, die zum Genie\u00dfen einladen. Beginnen Sie Ihren Morgen am zauberhaften Bakery Corner, bevor Sie zum Cafeteria Corner weiterziehen, wo Sie lebhafte S\u00e4fte erwarten.<\/p>\n","protected":false},"excerpt":{"rendered":"<p>Das Fr\u00fchst\u00fcck im Doria Grand Hotel ist ein wahres Fest f\u00fcr die Sinne und bietet eine F\u00fclle kulinarischer K\u00f6stlichkeiten, die zum Genie\u00dfen einladen. Beginnen Sie Ihren Morgen am zauberhaften Bakery Corner, bevor Sie zum Cafeteria Corner weiterziehen, wo Sie lebhafte S\u00e4fte erwarten.<\/p>\n","protected":false},"author":12,"featured_media":1442,"parent":2639,"menu_order":17,"comment_status":"closed","ping_status":"closed","template":"template-single-restaurant.php","meta":{"footnotes":""},"class_list":["post-2641","page","type-page","status-publish","has-post-thumbnail","hentry"],"yoast_head":"<!-- This site is optimized with the Yoast SEO plugin v27.3 - https:\/\/yoast.com\/product\/yoast-seo-wordpress\/ -->\n<title>Ein guter Start in den Tag \u2013 Fr\u00fchst\u00fcck im Doria Grand Hotel<\/title>\n<meta name=\"description\" content=\"Beginnen Sie Ihren Tag richtig im Fr\u00fchst\u00fccksbereich des Doria Grand Hotels, \u201eA Good Awakening\u201c.Genie\u00dfen Sie ein k\u00f6stliches und abwechslungsreiches Fr\u00fchst\u00fcck in unserem Hotelrestaurant in Mailand, Italien.\" \/>\n<meta name=\"robots\" content=\"index, follow, max-snippet:-1, max-image-preview:large, max-video-preview:-1\" \/>\n<link rel=\"canonical\" href=\"https:\/\/www.doriagrandhotel.it\/de\/essen-und-trinken\/das-fruehstueck\/\" \/>\n<meta property=\"og:locale\" content=\"de_DE\" \/>\n<meta property=\"og:type\" content=\"article\" \/>\n<meta property=\"og:title\" content=\"Ein guter Start in den Tag \u2013 Fr\u00fchst\u00fcck im Doria Grand Hotel\" \/>\n<meta property=\"og:description\" content=\"Beginnen Sie Ihren Tag richtig im Fr\u00fchst\u00fccksbereich des Doria Grand Hotels, \u201eA Good Awakening\u201c.Genie\u00dfen Sie ein k\u00f6stliches und abwechslungsreiches Fr\u00fchst\u00fcck in unserem Hotelrestaurant in Mailand, Italien.\" \/>\n<meta property=\"og:url\" content=\"https:\/\/www.doriagrandhotel.it\/de\/essen-und-trinken\/das-fruehstueck\/\" \/>\n<meta property=\"og:site_name\" content=\"Doria Grand Hotel\" \/>\n<meta property=\"article:publisher\" content=\"https:\/\/www.facebook.com\/Doria-Grand-Hotel-150382741666057\/\" \/>\n<meta property=\"article:modified_time\" content=\"2025-01-21T09:23:30+00:00\" \/>\n<meta property=\"og:image\" content=\"https:\/\/www.doriagrandhotel.it\/wp-content\/uploads\/sites\/170\/2024\/11\/Doria_Breakfast_11-1.jpg\" \/>\n\t<meta property=\"og:image:width\" content=\"1800\" \/>\n\t<meta property=\"og:image:height\" content=\"1200\" \/>\n\t<meta property=\"og:image:type\" content=\"image\/jpeg\" \/>\n<meta name=\"twitter:card\" content=\"summary_large_image\" \/>\n<meta name=\"twitter:site\" content=\"@adihotels\" \/>\n<meta name=\"twitter:label1\" content=\"Gesch\u00e4tzte Lesezeit\" \/>\n\t<meta name=\"twitter:data1\" content=\"1 Minute\" \/>\n<script type=\"application\/ld+json\" class=\"yoast-schema-graph\">{\"@context\":\"https:\\\/\\\/schema.org\",\"@graph\":[{\"@type\":\"WebPage\",\"@id\":\"https:\\\/\\\/www.doriagrandhotel.it\\\/de\\\/essen-und-trinken\\\/das-fruehstueck\\\/\",\"url\":\"https:\\\/\\\/www.doriagrandhotel.it\\\/de\\\/essen-und-trinken\\\/das-fruehstueck\\\/\",\"name\":\"Ein guter Start in den Tag \u2013 Fr\u00fchst\u00fcck im Doria Grand Hotel\",\"isPartOf\":{\"@id\":\"https:\\\/\\\/www.doriagrandhotel.it\\\/de\\\/#website\"},\"primaryImageOfPage\":{\"@id\":\"https:\\\/\\\/www.doriagrandhotel.it\\\/de\\\/essen-und-trinken\\\/das-fruehstueck\\\/#primaryimage\"},\"image\":{\"@id\":\"https:\\\/\\\/www.doriagrandhotel.it\\\/de\\\/essen-und-trinken\\\/das-fruehstueck\\\/#primaryimage\"},\"thumbnailUrl\":\"https:\\\/\\\/www.doriagrandhotel.it\\\/wp-content\\\/uploads\\\/sites\\\/170\\\/2024\\\/11\\\/Doria_Breakfast_11-1.jpg\",\"datePublished\":\"2024-10-30T17:44:47+00:00\",\"dateModified\":\"2025-01-21T09:23:30+00:00\",\"description\":\"Beginnen Sie Ihren Tag richtig im Fr\u00fchst\u00fccksbereich des Doria Grand Hotels, \u201eA Good Awakening\u201c.Genie\u00dfen Sie ein k\u00f6stliches und abwechslungsreiches Fr\u00fchst\u00fcck in unserem Hotelrestaurant in Mailand, Italien.\",\"breadcrumb\":{\"@id\":\"https:\\\/\\\/www.doriagrandhotel.it\\\/de\\\/essen-und-trinken\\\/das-fruehstueck\\\/#breadcrumb\"},\"inLanguage\":\"de-DE\",\"potentialAction\":[{\"@type\":\"ReadAction\",\"target\":[\"https:\\\/\\\/www.doriagrandhotel.it\\\/de\\\/essen-und-trinken\\\/das-fruehstueck\\\/\"]}]},{\"@type\":\"ImageObject\",\"inLanguage\":\"de-DE\",\"@id\":\"https:\\\/\\\/www.doriagrandhotel.it\\\/de\\\/essen-und-trinken\\\/das-fruehstueck\\\/#primaryimage\",\"url\":\"https:\\\/\\\/www.doriagrandhotel.it\\\/wp-content\\\/uploads\\\/sites\\\/170\\\/2024\\\/11\\\/Doria_Breakfast_11-1.jpg\",\"contentUrl\":\"https:\\\/\\\/www.doriagrandhotel.it\\\/wp-content\\\/uploads\\\/sites\\\/170\\\/2024\\\/11\\\/Doria_Breakfast_11-1.jpg\",\"width\":1800,\"height\":1200},{\"@type\":\"BreadcrumbList\",\"@id\":\"https:\\\/\\\/www.doriagrandhotel.it\\\/de\\\/essen-und-trinken\\\/das-fruehstueck\\\/#breadcrumb\",\"itemListElement\":[{\"@type\":\"ListItem\",\"position\":1,\"name\":\"Home\",\"item\":\"https:\\\/\\\/www.doriagrandhotel.it\\\/de\\\/willkommen-in-doria-grand-hotel\\\/\"},{\"@type\":\"ListItem\",\"position\":2,\"name\":\"Essen und Trinken\",\"item\":\"https:\\\/\\\/www.doriagrandhotel.it\\\/de\\\/food-drink\\\/\"},{\"@type\":\"ListItem\",\"position\":3,\"name\":\"Das Fr\u00fchst\u00fcck\"}]},{\"@type\":\"WebSite\",\"@id\":\"https:\\\/\\\/www.doriagrandhotel.it\\\/de\\\/#website\",\"url\":\"https:\\\/\\\/www.doriagrandhotel.it\\\/de\\\/\",\"name\":\"Doria Grand Hotel\",\"description\":\"Official website of Doria Grand Hotel , a luxury  hotel in Milan center. Book your hotel in Milan at the best price\",\"publisher\":{\"@id\":\"https:\\\/\\\/www.doriagrandhotel.it\\\/de\\\/#organization\"},\"alternateName\":\"Doria Grand Hotel\",\"potentialAction\":[{\"@type\":\"SearchAction\",\"target\":{\"@type\":\"EntryPoint\",\"urlTemplate\":\"https:\\\/\\\/www.doriagrandhotel.it\\\/de\\\/?s={search_term_string}\"},\"query-input\":{\"@type\":\"PropertyValueSpecification\",\"valueRequired\":true,\"valueName\":\"search_term_string\"}}],\"inLanguage\":\"de-DE\"},{\"@type\":\"Organization\",\"@id\":\"https:\\\/\\\/www.doriagrandhotel.it\\\/de\\\/#organization\",\"name\":\"Doria Grand Hotel\",\"alternateName\":\"Doria Grand Hotel\",\"url\":\"https:\\\/\\\/www.doriagrandhotel.it\\\/de\\\/\",\"logo\":{\"@type\":\"ImageObject\",\"inLanguage\":\"de-DE\",\"@id\":\"https:\\\/\\\/www.doriagrandhotel.it\\\/de\\\/#\\\/schema\\\/logo\\\/image\\\/\",\"url\":\"https:\\\/\\\/doria-grand-hotel.ms2.decms.eu\\\/wp-content\\\/uploads\\\/sites\\\/170\\\/2024\\\/09\\\/LOGO-DGH-tr.png\",\"contentUrl\":\"https:\\\/\\\/doria-grand-hotel.ms2.decms.eu\\\/wp-content\\\/uploads\\\/sites\\\/170\\\/2024\\\/09\\\/LOGO-DGH-tr.png\",\"width\":230,\"height\":51,\"caption\":\"Doria Grand Hotel\"},\"image\":{\"@id\":\"https:\\\/\\\/www.doriagrandhotel.it\\\/de\\\/#\\\/schema\\\/logo\\\/image\\\/\"},\"sameAs\":[\"https:\\\/\\\/www.facebook.com\\\/Doria-Grand-Hotel-150382741666057\\\/\",\"https:\\\/\\\/x.com\\\/adihotels\",\"https:\\\/\\\/www.instagram.com\\\/doriagrandhotel\\\/?hl=en\",\"https:\\\/\\\/www.linkedin.com\\\/company\\\/doria-grand-hotel\\\/\",\"https:\\\/\\\/www.tripadvisor.com\\\/Hotel_Review-g187849-d202862-Reviews-Doria_Grand_Hotel-Milan_Lombardy.html\"]}]}<\/script>\n<!-- \/ Yoast SEO plugin. -->","yoast_head_json":{"title":"Ein guter Start in den Tag \u2013 Fr\u00fchst\u00fcck im Doria Grand Hotel","description":"Beginnen Sie Ihren Tag richtig im Fr\u00fchst\u00fccksbereich des Doria Grand Hotels, \u201eA Good Awakening\u201c.Genie\u00dfen Sie ein k\u00f6stliches und abwechslungsreiches Fr\u00fchst\u00fcck in unserem Hotelrestaurant in Mailand, Italien.","robots":{"index":"index","follow":"follow","max-snippet":"max-snippet:-1","max-image-preview":"max-image-preview:large","max-video-preview":"max-video-preview:-1"},"canonical":"https:\/\/www.doriagrandhotel.it\/de\/essen-und-trinken\/das-fruehstueck\/","og_locale":"de_DE","og_type":"article","og_title":"Ein guter Start in den Tag \u2013 Fr\u00fchst\u00fcck im Doria Grand Hotel","og_description":"Beginnen Sie Ihren Tag richtig im Fr\u00fchst\u00fccksbereich des Doria Grand Hotels, \u201eA Good Awakening\u201c.Genie\u00dfen Sie ein k\u00f6stliches und abwechslungsreiches Fr\u00fchst\u00fcck in unserem Hotelrestaurant in Mailand, Italien.","og_url":"https:\/\/www.doriagrandhotel.it\/de\/essen-und-trinken\/das-fruehstueck\/","og_site_name":"Doria Grand Hotel","article_publisher":"https:\/\/www.facebook.com\/Doria-Grand-Hotel-150382741666057\/","article_modified_time":"2025-01-21T09:23:30+00:00","og_image":[{"width":1800,"height":1200,"url":"https:\/\/www.doriagrandhotel.it\/wp-content\/uploads\/sites\/170\/2024\/11\/Doria_Breakfast_11-1.jpg","type":"image\/jpeg"}],"twitter_card":"summary_large_image","twitter_site":"@adihotels","twitter_misc":{"Gesch\u00e4tzte Lesezeit":"1 Minute"},"schema":{"@context":"https:\/\/schema.org","@graph":[{"@type":"WebPage","@id":"https:\/\/www.doriagrandhotel.it\/de\/essen-und-trinken\/das-fruehstueck\/","url":"https:\/\/www.doriagrandhotel.it\/de\/essen-und-trinken\/das-fruehstueck\/","name":"Ein guter Start in den Tag \u2013 Fr\u00fchst\u00fcck im Doria Grand Hotel","isPartOf":{"@id":"https:\/\/www.doriagrandhotel.it\/de\/#website"},"primaryImageOfPage":{"@id":"https:\/\/www.doriagrandhotel.it\/de\/essen-und-trinken\/das-fruehstueck\/#primaryimage"},"image":{"@id":"https:\/\/www.doriagrandhotel.it\/de\/essen-und-trinken\/das-fruehstueck\/#primaryimage"},"thumbnailUrl":"https:\/\/www.doriagrandhotel.it\/wp-content\/uploads\/sites\/170\/2024\/11\/Doria_Breakfast_11-1.jpg","datePublished":"2024-10-30T17:44:47+00:00","dateModified":"2025-01-21T09:23:30+00:00","description":"Beginnen Sie Ihren Tag richtig im Fr\u00fchst\u00fccksbereich des Doria Grand Hotels, \u201eA Good Awakening\u201c.Genie\u00dfen Sie ein k\u00f6stliches und abwechslungsreiches Fr\u00fchst\u00fcck in unserem Hotelrestaurant in Mailand, Italien.","breadcrumb":{"@id":"https:\/\/www.doriagrandhotel.it\/de\/essen-und-trinken\/das-fruehstueck\/#breadcrumb"},"inLanguage":"de-DE","potentialAction":[{"@type":"ReadAction","target":["https:\/\/www.doriagrandhotel.it\/de\/essen-und-trinken\/das-fruehstueck\/"]}]},{"@type":"ImageObject","inLanguage":"de-DE","@id":"https:\/\/www.doriagrandhotel.it\/de\/essen-und-trinken\/das-fruehstueck\/#primaryimage","url":"https:\/\/www.doriagrandhotel.it\/wp-content\/uploads\/sites\/170\/2024\/11\/Doria_Breakfast_11-1.jpg","contentUrl":"https:\/\/www.doriagrandhotel.it\/wp-content\/uploads\/sites\/170\/2024\/11\/Doria_Breakfast_11-1.jpg","width":1800,"height":1200},{"@type":"BreadcrumbList","@id":"https:\/\/www.doriagrandhotel.it\/de\/essen-und-trinken\/das-fruehstueck\/#breadcrumb","itemListElement":[{"@type":"ListItem","position":1,"name":"Home","item":"https:\/\/www.doriagrandhotel.it\/de\/willkommen-in-doria-grand-hotel\/"},{"@type":"ListItem","position":2,"name":"Essen und Trinken","item":"https:\/\/www.doriagrandhotel.it\/de\/food-drink\/"},{"@type":"ListItem","position":3,"name":"Das Fr\u00fchst\u00fcck"}]},{"@type":"WebSite","@id":"https:\/\/www.doriagrandhotel.it\/de\/#website","url":"https:\/\/www.doriagrandhotel.it\/de\/","name":"Doria Grand Hotel","description":"Official website of Doria Grand Hotel , a luxury  hotel in Milan center. Book your hotel in Milan at the best price","publisher":{"@id":"https:\/\/www.doriagrandhotel.it\/de\/#organization"},"alternateName":"Doria Grand Hotel","potentialAction":[{"@type":"SearchAction","target":{"@type":"EntryPoint","urlTemplate":"https:\/\/www.doriagrandhotel.it\/de\/?s={search_term_string}"},"query-input":{"@type":"PropertyValueSpecification","valueRequired":true,"valueName":"search_term_string"}}],"inLanguage":"de-DE"},{"@type":"Organization","@id":"https:\/\/www.doriagrandhotel.it\/de\/#organization","name":"Doria Grand Hotel","alternateName":"Doria Grand Hotel","url":"https:\/\/www.doriagrandhotel.it\/de\/","logo":{"@type":"ImageObject","inLanguage":"de-DE","@id":"https:\/\/www.doriagrandhotel.it\/de\/#\/schema\/logo\/image\/","url":"https:\/\/doria-grand-hotel.ms2.decms.eu\/wp-content\/uploads\/sites\/170\/2024\/09\/LOGO-DGH-tr.png","contentUrl":"https:\/\/doria-grand-hotel.ms2.decms.eu\/wp-content\/uploads\/sites\/170\/2024\/09\/LOGO-DGH-tr.png","width":230,"height":51,"caption":"Doria Grand Hotel"},"image":{"@id":"https:\/\/www.doriagrandhotel.it\/de\/#\/schema\/logo\/image\/"},"sameAs":["https:\/\/www.facebook.com\/Doria-Grand-Hotel-150382741666057\/","https:\/\/x.com\/adihotels","https:\/\/www.instagram.com\/doriagrandhotel\/?hl=en","https:\/\/www.linkedin.com\/company\/doria-grand-hotel\/","https:\/\/www.tripadvisor.com\/Hotel_Review-g187849-d202862-Reviews-Doria_Grand_Hotel-Milan_Lombardy.html"]}]}},"acf":[],"_links":{"self":[{"href":"https:\/\/www.doriagrandhotel.it\/de\/wp-json\/wp\/v2\/pages\/2641","targetHints":{"allow":["GET"]}}],"collection":[{"href":"https:\/\/www.doriagrandhotel.it\/de\/wp-json\/wp\/v2\/pages"}],"about":[{"href":"https:\/\/www.doriagrandhotel.it\/de\/wp-json\/wp\/v2\/types\/page"}],"author":[{"embeddable":true,"href":"https:\/\/www.doriagrandhotel.it\/de\/wp-json\/wp\/v2\/users\/12"}],"replies":[{"embeddable":true,"href":"https:\/\/www.doriagrandhotel.it\/de\/wp-json\/wp\/v2\/comments?post=2641"}],"version-history":[{"count":0,"href":"https:\/\/www.doriagrandhotel.it\/de\/wp-json\/wp\/v2\/pages\/2641\/revisions"}],"up":[{"embeddable":true,"href":"https:\/\/www.doriagrandhotel.it\/de\/wp-json\/wp\/v2\/pages\/2639"}],"wp:featuredmedia":[{"embeddable":true,"href":"https:\/\/www.doriagrandhotel.it\/de\/wp-json\/wp\/v2\/media\/1442"}],"wp:attachment":[{"href":"https:\/\/www.doriagrandhotel.it\/de\/wp-json\/wp\/v2\/media?parent=2641"}],"curies":[{"name":"wp","href":"https:\/\/api.w.org\/{rel}","templated":true}]}}