{"id":2648,"date":"2024-11-08T14:36:02","date_gmt":"2024-11-08T14:36:02","guid":{"rendered":"https:\/\/doria-grand-hotel.ms2.decms.eu\/?page_id=2648"},"modified":"2025-01-21T08:57:21","modified_gmt":"2025-01-21T08:57:21","slug":"bar-caffe-doria","status":"publish","type":"page","link":"https:\/\/www.doriagrandhotel.it\/de\/essen-und-trinken\/bar-caffe-doria\/","title":{"rendered":"Bar &#8222;Caff\u00e8 Doria&#8220;"},"content":{"rendered":"<p>Genie\u00dfen Sie die raffinierte Eleganz in unserer stilvollen Bar im englischen Stil, wo edle Mahagoni-Oberfl\u00e4chen und luxuri\u00f6se Polster eine warme und einladende Atmosph\u00e4re schaffen. Dieses charmante Refugium ist der ideale R\u00fcckzugsort vom Trubel des Alltags und l\u00e4dt dazu ein, nach einem langen, anstrengenden Tag zu entspannen.<\/p>\n<p>Egal, ob Sie sich von einem gesch\u00e4ftigen Tag erholen oder einfach stilvoll entspannen m\u00f6chten \u2013 unsere Bar bietet die perfekte Mischung aus Eleganz und Gem\u00fctlichkeit. Lassen Sie sich von der W\u00e4rme des Ambientes und der Exzellenz unserer Angebote in eine Welt entf\u00fchren, in der jedes Detail darauf ausgelegt ist, Ihnen ein Gef\u00fchl von Zuhause zu vermitteln.<\/p>\n","protected":false},"excerpt":{"rendered":"<p>Genie\u00dfen Sie die raffinierte Eleganz in unserer stilvollen Bar im englischen Stil, wo edle Mahagoni-Oberfl\u00e4chen und luxuri\u00f6se Polster eine warme und einladende Atmosph\u00e4re schaffen. Dieses charmante Refugium ist der ideale R\u00fcckzugsort vom Trubel des Alltags und l\u00e4dt dazu ein, nach einem langen, anstrengenden Tag zu entspannen. Egal, ob Sie sich von einem gesch\u00e4ftigen Tag erholen [&hellip;]<\/p>\n","protected":false},"author":12,"featured_media":1924,"parent":2639,"menu_order":19,"comment_status":"closed","ping_status":"closed","template":"template-single-restaurant.php","meta":{"footnotes":""},"yoast_head":"<!-- This site is optimized with the Yoast SEO plugin v22.3 - https:\/\/yoast.com\/wordpress\/plugins\/seo\/ -->\n<title>Bar Caff\u00e8 \u2013 Doria Grand Hotel Mailand<\/title>\n<meta name=\"description\" content=\"Entspannen Sie sich in der Bar Caff\u00e8 Doria, dem perfekten Ort f\u00fcr Kaffee und Drinks im Doria Grand Hotel. Genie\u00dfen Sie eine lebhafte Atmosph\u00e4re im erstklassigen Hotelrestaurant von Mailand!\" \/>\n<meta name=\"robots\" content=\"index, follow, max-snippet:-1, max-image-preview:large, max-video-preview:-1\" \/>\n<link rel=\"canonical\" href=\"https:\/\/www.doriagrandhotel.it\/de\/essen-und-trinken\/bar-caffe-doria\/\" \/>\n<meta property=\"og:locale\" content=\"de_DE\" \/>\n<meta property=\"og:type\" content=\"article\" \/>\n<meta property=\"og:title\" content=\"Bar Caff\u00e8 \u2013 Doria Grand Hotel Mailand\" \/>\n<meta property=\"og:description\" content=\"Entspannen Sie sich in der Bar Caff\u00e8 Doria, dem perfekten Ort f\u00fcr Kaffee und Drinks im Doria Grand Hotel. Genie\u00dfen Sie eine lebhafte Atmosph\u00e4re im erstklassigen Hotelrestaurant von Mailand!\" \/>\n<meta property=\"og:url\" content=\"https:\/\/www.doriagrandhotel.it\/de\/essen-und-trinken\/bar-caffe-doria\/\" \/>\n<meta property=\"og:site_name\" content=\"Doria Grand Hotel\" \/>\n<meta property=\"article:publisher\" content=\"https:\/\/www.facebook.com\/Doria-Grand-Hotel-150382741666057\/\" \/>\n<meta property=\"article:modified_time\" content=\"2025-01-21T08:57:21+00:00\" \/>\n<meta property=\"og:image\" content=\"http:\/\/www.doriagrandhotel.it\/wp-content\/uploads\/sites\/170\/2024\/11\/Bar_04.jpg\" \/>\n\t<meta property=\"og:image:width\" content=\"1800\" \/>\n\t<meta property=\"og:image:height\" content=\"1200\" \/>\n\t<meta property=\"og:image:type\" content=\"image\/jpeg\" \/>\n<meta name=\"twitter:card\" content=\"summary_large_image\" \/>\n<meta name=\"twitter:site\" content=\"@adihotels\" \/>\n<meta name=\"twitter:label1\" content=\"Gesch\u00e4tzte Lesezeit\" \/>\n\t<meta name=\"twitter:data1\" content=\"1 Minute\" \/>\n<script type=\"application\/ld+json\" class=\"yoast-schema-graph\">{\"@context\":\"https:\/\/schema.org\",\"@graph\":[{\"@type\":\"WebPage\",\"@id\":\"https:\/\/www.doriagrandhotel.it\/de\/essen-und-trinken\/bar-caffe-doria\/\",\"url\":\"https:\/\/www.doriagrandhotel.it\/de\/essen-und-trinken\/bar-caffe-doria\/\",\"name\":\"Bar Caff\u00e8 \u2013 Doria Grand Hotel Mailand\",\"isPartOf\":{\"@id\":\"https:\/\/www.doriagrandhotel.it\/de\/#website\"},\"primaryImageOfPage\":{\"@id\":\"https:\/\/www.doriagrandhotel.it\/de\/essen-und-trinken\/bar-caffe-doria\/#primaryimage\"},\"image\":{\"@id\":\"https:\/\/www.doriagrandhotel.it\/de\/essen-und-trinken\/bar-caffe-doria\/#primaryimage\"},\"thumbnailUrl\":\"https:\/\/www.doriagrandhotel.it\/wp-content\/uploads\/sites\/170\/2024\/11\/Bar_04.jpg\",\"datePublished\":\"2024-11-08T14:36:02+00:00\",\"dateModified\":\"2025-01-21T08:57:21+00:00\",\"description\":\"Entspannen Sie sich in der Bar Caff\u00e8 Doria, dem perfekten Ort f\u00fcr Kaffee und Drinks im Doria Grand Hotel. Genie\u00dfen Sie eine lebhafte Atmosph\u00e4re im erstklassigen Hotelrestaurant von Mailand!\",\"breadcrumb\":{\"@id\":\"https:\/\/www.doriagrandhotel.it\/de\/essen-und-trinken\/bar-caffe-doria\/#breadcrumb\"},\"inLanguage\":\"de-DE\",\"potentialAction\":[{\"@type\":\"ReadAction\",\"target\":[\"https:\/\/www.doriagrandhotel.it\/de\/essen-und-trinken\/bar-caffe-doria\/\"]}]},{\"@type\":\"ImageObject\",\"inLanguage\":\"de-DE\",\"@id\":\"https:\/\/www.doriagrandhotel.it\/de\/essen-und-trinken\/bar-caffe-doria\/#primaryimage\",\"url\":\"https:\/\/www.doriagrandhotel.it\/wp-content\/uploads\/sites\/170\/2024\/11\/Bar_04.jpg\",\"contentUrl\":\"https:\/\/www.doriagrandhotel.it\/wp-content\/uploads\/sites\/170\/2024\/11\/Bar_04.jpg\",\"width\":1800,\"height\":1200},{\"@type\":\"BreadcrumbList\",\"@id\":\"https:\/\/www.doriagrandhotel.it\/de\/essen-und-trinken\/bar-caffe-doria\/#breadcrumb\",\"itemListElement\":[{\"@type\":\"ListItem\",\"position\":1,\"name\":\"Home\",\"item\":\"https:\/\/www.doriagrandhotel.it\/de\/willkommen-in-doria-grand-hotel\/\"},{\"@type\":\"ListItem\",\"position\":2,\"name\":\"Essen und Trinken\",\"item\":\"https:\/\/www.doriagrandhotel.it\/de\/food-drink\/\"},{\"@type\":\"ListItem\",\"position\":3,\"name\":\"Bar &#8220;Caff\u00e8 Doria&#8221;\"}]},{\"@type\":\"WebSite\",\"@id\":\"https:\/\/www.doriagrandhotel.it\/de\/#website\",\"url\":\"https:\/\/www.doriagrandhotel.it\/de\/\",\"name\":\"Doria Grand Hotel\",\"description\":\"Official website of Doria Grand Hotel , a luxury  hotel in Milan center. Book your hotel in Milan at the best price\",\"publisher\":{\"@id\":\"https:\/\/www.doriagrandhotel.it\/de\/#organization\"},\"alternateName\":\"Doria Grand Hotel\",\"potentialAction\":[{\"@type\":\"SearchAction\",\"target\":{\"@type\":\"EntryPoint\",\"urlTemplate\":\"https:\/\/www.doriagrandhotel.it\/de\/?s={search_term_string}\"},\"query-input\":\"required name=search_term_string\"}],\"inLanguage\":\"de-DE\"},{\"@type\":\"Organization\",\"@id\":\"https:\/\/www.doriagrandhotel.it\/de\/#organization\",\"name\":\"Doria Grand Hotel\",\"alternateName\":\"Doria Grand Hotel\",\"url\":\"https:\/\/www.doriagrandhotel.it\/de\/\",\"logo\":{\"@type\":\"ImageObject\",\"inLanguage\":\"de-DE\",\"@id\":\"https:\/\/www.doriagrandhotel.it\/de\/#\/schema\/logo\/image\/\",\"url\":\"https:\/\/doria-grand-hotel.ms2.decms.eu\/wp-content\/uploads\/sites\/170\/2024\/09\/LOGO-DGH-tr.png\",\"contentUrl\":\"https:\/\/doria-grand-hotel.ms2.decms.eu\/wp-content\/uploads\/sites\/170\/2024\/09\/LOGO-DGH-tr.png\",\"width\":230,\"height\":51,\"caption\":\"Doria Grand Hotel\"},\"image\":{\"@id\":\"https:\/\/www.doriagrandhotel.it\/de\/#\/schema\/logo\/image\/\"},\"sameAs\":[\"https:\/\/www.facebook.com\/Doria-Grand-Hotel-150382741666057\/\",\"https:\/\/twitter.com\/adihotels\",\"https:\/\/www.instagram.com\/doriagrandhotel\/?hl=en\",\"https:\/\/www.linkedin.com\/company\/doria-grand-hotel\/\",\"https:\/\/www.tripadvisor.com\/Hotel_Review-g187849-d202862-Reviews-Doria_Grand_Hotel-Milan_Lombardy.html\"]}]}<\/script>\n<!-- \/ Yoast SEO plugin. -->","yoast_head_json":{"title":"Bar Caff\u00e8 \u2013 Doria Grand Hotel Mailand","description":"Entspannen Sie sich in der Bar Caff\u00e8 Doria, dem perfekten Ort f\u00fcr Kaffee und Drinks im Doria Grand Hotel. Genie\u00dfen Sie eine lebhafte Atmosph\u00e4re im erstklassigen Hotelrestaurant von Mailand!","robots":{"index":"index","follow":"follow","max-snippet":"max-snippet:-1","max-image-preview":"max-image-preview:large","max-video-preview":"max-video-preview:-1"},"canonical":"https:\/\/www.doriagrandhotel.it\/de\/essen-und-trinken\/bar-caffe-doria\/","og_locale":"de_DE","og_type":"article","og_title":"Bar Caff\u00e8 \u2013 Doria Grand Hotel Mailand","og_description":"Entspannen Sie sich in der Bar Caff\u00e8 Doria, dem perfekten Ort f\u00fcr Kaffee und Drinks im Doria Grand Hotel. Genie\u00dfen Sie eine lebhafte Atmosph\u00e4re im erstklassigen Hotelrestaurant von Mailand!","og_url":"https:\/\/www.doriagrandhotel.it\/de\/essen-und-trinken\/bar-caffe-doria\/","og_site_name":"Doria Grand Hotel","article_publisher":"https:\/\/www.facebook.com\/Doria-Grand-Hotel-150382741666057\/","article_modified_time":"2025-01-21T08:57:21+00:00","og_image":[{"width":1800,"height":1200,"url":"http:\/\/www.doriagrandhotel.it\/wp-content\/uploads\/sites\/170\/2024\/11\/Bar_04.jpg","type":"image\/jpeg"}],"twitter_card":"summary_large_image","twitter_site":"@adihotels","twitter_misc":{"Gesch\u00e4tzte Lesezeit":"1 Minute"},"schema":{"@context":"https:\/\/schema.org","@graph":[{"@type":"WebPage","@id":"https:\/\/www.doriagrandhotel.it\/de\/essen-und-trinken\/bar-caffe-doria\/","url":"https:\/\/www.doriagrandhotel.it\/de\/essen-und-trinken\/bar-caffe-doria\/","name":"Bar Caff\u00e8 \u2013 Doria Grand Hotel Mailand","isPartOf":{"@id":"https:\/\/www.doriagrandhotel.it\/de\/#website"},"primaryImageOfPage":{"@id":"https:\/\/www.doriagrandhotel.it\/de\/essen-und-trinken\/bar-caffe-doria\/#primaryimage"},"image":{"@id":"https:\/\/www.doriagrandhotel.it\/de\/essen-und-trinken\/bar-caffe-doria\/#primaryimage"},"thumbnailUrl":"https:\/\/www.doriagrandhotel.it\/wp-content\/uploads\/sites\/170\/2024\/11\/Bar_04.jpg","datePublished":"2024-11-08T14:36:02+00:00","dateModified":"2025-01-21T08:57:21+00:00","description":"Entspannen Sie sich in der Bar Caff\u00e8 Doria, dem perfekten Ort f\u00fcr Kaffee und Drinks im Doria Grand Hotel. Genie\u00dfen Sie eine lebhafte Atmosph\u00e4re im erstklassigen Hotelrestaurant von Mailand!","breadcrumb":{"@id":"https:\/\/www.doriagrandhotel.it\/de\/essen-und-trinken\/bar-caffe-doria\/#breadcrumb"},"inLanguage":"de-DE","potentialAction":[{"@type":"ReadAction","target":["https:\/\/www.doriagrandhotel.it\/de\/essen-und-trinken\/bar-caffe-doria\/"]}]},{"@type":"ImageObject","inLanguage":"de-DE","@id":"https:\/\/www.doriagrandhotel.it\/de\/essen-und-trinken\/bar-caffe-doria\/#primaryimage","url":"https:\/\/www.doriagrandhotel.it\/wp-content\/uploads\/sites\/170\/2024\/11\/Bar_04.jpg","contentUrl":"https:\/\/www.doriagrandhotel.it\/wp-content\/uploads\/sites\/170\/2024\/11\/Bar_04.jpg","width":1800,"height":1200},{"@type":"BreadcrumbList","@id":"https:\/\/www.doriagrandhotel.it\/de\/essen-und-trinken\/bar-caffe-doria\/#breadcrumb","itemListElement":[{"@type":"ListItem","position":1,"name":"Home","item":"https:\/\/www.doriagrandhotel.it\/de\/willkommen-in-doria-grand-hotel\/"},{"@type":"ListItem","position":2,"name":"Essen und Trinken","item":"https:\/\/www.doriagrandhotel.it\/de\/food-drink\/"},{"@type":"ListItem","position":3,"name":"Bar &#8220;Caff\u00e8 Doria&#8221;"}]},{"@type":"WebSite","@id":"https:\/\/www.doriagrandhotel.it\/de\/#website","url":"https:\/\/www.doriagrandhotel.it\/de\/","name":"Doria Grand Hotel","description":"Official website of Doria Grand Hotel , a luxury  hotel in Milan center. Book your hotel in Milan at the best price","publisher":{"@id":"https:\/\/www.doriagrandhotel.it\/de\/#organization"},"alternateName":"Doria Grand Hotel","potentialAction":[{"@type":"SearchAction","target":{"@type":"EntryPoint","urlTemplate":"https:\/\/www.doriagrandhotel.it\/de\/?s={search_term_string}"},"query-input":"required name=search_term_string"}],"inLanguage":"de-DE"},{"@type":"Organization","@id":"https:\/\/www.doriagrandhotel.it\/de\/#organization","name":"Doria Grand Hotel","alternateName":"Doria Grand Hotel","url":"https:\/\/www.doriagrandhotel.it\/de\/","logo":{"@type":"ImageObject","inLanguage":"de-DE","@id":"https:\/\/www.doriagrandhotel.it\/de\/#\/schema\/logo\/image\/","url":"https:\/\/doria-grand-hotel.ms2.decms.eu\/wp-content\/uploads\/sites\/170\/2024\/09\/LOGO-DGH-tr.png","contentUrl":"https:\/\/doria-grand-hotel.ms2.decms.eu\/wp-content\/uploads\/sites\/170\/2024\/09\/LOGO-DGH-tr.png","width":230,"height":51,"caption":"Doria Grand Hotel"},"image":{"@id":"https:\/\/www.doriagrandhotel.it\/de\/#\/schema\/logo\/image\/"},"sameAs":["https:\/\/www.facebook.com\/Doria-Grand-Hotel-150382741666057\/","https:\/\/twitter.com\/adihotels","https:\/\/www.instagram.com\/doriagrandhotel\/?hl=en","https:\/\/www.linkedin.com\/company\/doria-grand-hotel\/","https:\/\/www.tripadvisor.com\/Hotel_Review-g187849-d202862-Reviews-Doria_Grand_Hotel-Milan_Lombardy.html"]}]}},"acf":[],"_links":{"self":[{"href":"https:\/\/www.doriagrandhotel.it\/de\/wp-json\/wp\/v2\/pages\/2648"}],"collection":[{"href":"https:\/\/www.doriagrandhotel.it\/de\/wp-json\/wp\/v2\/pages"}],"about":[{"href":"https:\/\/www.doriagrandhotel.it\/de\/wp-json\/wp\/v2\/types\/page"}],"author":[{"embeddable":true,"href":"https:\/\/www.doriagrandhotel.it\/de\/wp-json\/wp\/v2\/users\/12"}],"replies":[{"embeddable":true,"href":"https:\/\/www.doriagrandhotel.it\/de\/wp-json\/wp\/v2\/comments?post=2648"}],"version-history":[{"count":0,"href":"https:\/\/www.doriagrandhotel.it\/de\/wp-json\/wp\/v2\/pages\/2648\/revisions"}],"up":[{"embeddable":true,"href":"https:\/\/www.doriagrandhotel.it\/de\/wp-json\/wp\/v2\/pages\/2639"}],"wp:featuredmedia":[{"embeddable":true,"href":"https:\/\/www.doriagrandhotel.it\/de\/wp-json\/wp\/v2\/media\/1924"}],"wp:attachment":[{"href":"https:\/\/www.doriagrandhotel.it\/de\/wp-json\/wp\/v2\/media?parent=2648"}],"curies":[{"name":"wp","href":"https:\/\/api.w.org\/{rel}","templated":true}]}}