{"id":2588,"date":"2024-09-26T14:08:47","date_gmt":"2024-09-26T14:08:47","guid":{"rendered":"https:\/\/doria-grand-hotel.ms2.decms.eu\/?page_id=2588"},"modified":"2025-01-17T09:45:48","modified_gmt":"2025-01-17T09:45:48","slug":"bienvenido-a-doria-grand-hotel","status":"publish","type":"page","link":"https:\/\/www.doriagrandhotel.it\/es\/","title":{"rendered":"Bienvenidos a Doria Grand Hotel"},"content":{"rendered":"<p style=\"text-align: center;\">\u00bfBuscas un hotel independiente que sepa hacerte sentir como en casa mientras disfrutas de una ubicaci\u00f3n ideal en Mil\u00e1n?<\/p>\n<p style=\"text-align: center;\"><strong>No busques m\u00e1s. <\/strong><\/p>\n<p>El Doria Grand Hotel tiene un don especial para cuidar de sus hu\u00e9spedes con la m\u00e1xima atenci\u00f3n a los detalles. Con su mobiliario de estilo Liberty, alojarse en este hotel es como entrar en un refugio confortable, ya sea que est\u00e9s en Mil\u00e1n por negocios o por placer.<\/p>\n<p>Ubicado en el vibrante coraz\u00f3n del din\u00e1mico distrito empresarial de Mil\u00e1n, el Doria Grand Hotel destaca como un cautivador <strong>hotel de 4 estrellas con aparcamiento<\/strong> para mayor comodidad.<br \/>\nEste exquisito establecimiento ofrece a sus hu\u00e9spedes un oasis de tranquilidad en una pintoresca avenida arbolada, cuidadosamente protegida del bullicio del tr\u00e1fico urbano. Esta avenida tranquila corre en paralelo al Corso Buenos Aires, una de las principales arterias comerciales de Europa, lo que convierte al hotel en un escape ideal tanto para profesionales de negocios que buscan una ubicaci\u00f3n estrat\u00e9gica cerca de la Estaci\u00f3n Central como para viajeros que desean un retiro apacible.<\/p>\n<p><strong>Los afortunados que se hospedan en los pisos superiores pueden disfrutar de la magn\u00edfica vista de la Catedral del Duomo<\/strong>, la joya arquitect\u00f3nica de Mil\u00e1n, cuyo esplendor sirve como un recordatorio diario del rico patrimonio arquitect\u00f3nico de la ciudad.<\/p>\n<p>&nbsp;<\/p>\n<p style=\"text-align: center;\">\n","protected":false},"excerpt":{"rendered":"<p>\u00bfBuscas un hotel independiente que sepa hacerte sentir como en casa mientras disfrutas de una ubicaci\u00f3n ideal en Mil\u00e1n? No busques m\u00e1s. El Doria Grand Hotel tiene un don especial para cuidar de sus hu\u00e9spedes con la m\u00e1xima atenci\u00f3n a los detalles. Con su mobiliario de estilo Liberty, alojarse en este hotel es como entrar [&hellip;]<\/p>\n","protected":false},"author":12,"featured_media":0,"parent":0,"menu_order":-1,"comment_status":"closed","ping_status":"closed","template":"","meta":{"footnotes":""},"yoast_head":"<!-- This site is optimized with the Yoast SEO plugin v22.3 - https:\/\/yoast.com\/wordpress\/plugins\/seo\/ -->\n<title>Hotel de 4 estrellas en Mil\u00e1n, Italia \u2013 Doria Grand Hotel<\/title>\n<meta name=\"description\" content=\"Descubre el Doria Grand Hotel, un hotel de 4 estrellas con aparcamiento en Mil\u00e1n, Italia, a pocos pasos de la Estaci\u00f3n Central. \u00a1Reserva ahora para disfrutar de comodidad y lujo!\" \/>\n<meta name=\"robots\" content=\"index, follow, max-snippet:-1, max-image-preview:large, max-video-preview:-1\" \/>\n<link rel=\"canonical\" href=\"https:\/\/www.doriagrandhotel.it\/es\/\" \/>\n<meta property=\"og:locale\" content=\"es_ES\" \/>\n<meta property=\"og:type\" content=\"article\" \/>\n<meta property=\"og:title\" content=\"Hotel de 4 estrellas en Mil\u00e1n, Italia \u2013 Doria Grand Hotel\" \/>\n<meta property=\"og:description\" content=\"Descubre el Doria Grand Hotel, un hotel de 4 estrellas con aparcamiento en Mil\u00e1n, Italia, a pocos pasos de la Estaci\u00f3n Central. \u00a1Reserva ahora para disfrutar de comodidad y lujo!\" \/>\n<meta property=\"og:url\" content=\"https:\/\/www.doriagrandhotel.it\/es\/\" \/>\n<meta property=\"og:site_name\" content=\"Doria Grand Hotel\" \/>\n<meta property=\"article:publisher\" content=\"https:\/\/www.facebook.com\/Doria-Grand-Hotel-150382741666057\/\" \/>\n<meta property=\"article:modified_time\" content=\"2025-01-17T09:45:48+00:00\" \/>\n<meta property=\"og:image\" content=\"https:\/\/www.doriagrandhotel.it\/wp-content\/uploads\/sites\/170\/2024\/11\/Doria-Grand-Hotel-Milan-Exterior.jpg\" \/>\n\t<meta property=\"og:image:width\" content=\"1280\" \/>\n\t<meta property=\"og:image:height\" content=\"853\" \/>\n\t<meta property=\"og:image:type\" content=\"image\/jpeg\" \/>\n<meta name=\"twitter:card\" content=\"summary_large_image\" \/>\n<meta name=\"twitter:site\" content=\"@adihotels\" \/>\n<meta name=\"twitter:label1\" content=\"Tiempo de lectura\" \/>\n\t<meta name=\"twitter:data1\" content=\"1 minuto\" \/>\n<script type=\"application\/ld+json\" class=\"yoast-schema-graph\">{\"@context\":\"https:\/\/schema.org\",\"@graph\":[{\"@type\":\"WebPage\",\"@id\":\"https:\/\/www.doriagrandhotel.it\/es\/\",\"url\":\"https:\/\/www.doriagrandhotel.it\/es\/\",\"name\":\"Hotel de 4 estrellas en Mil\u00e1n, Italia \u2013 Doria Grand Hotel\",\"isPartOf\":{\"@id\":\"https:\/\/www.doriagrandhotel.it\/es\/#website\"},\"datePublished\":\"2024-09-26T14:08:47+00:00\",\"dateModified\":\"2025-01-17T09:45:48+00:00\",\"description\":\"Descubre el Doria Grand Hotel, un hotel de 4 estrellas con aparcamiento en Mil\u00e1n, Italia, a pocos pasos de la Estaci\u00f3n Central. \u00a1Reserva ahora para disfrutar de comodidad y lujo!\",\"breadcrumb\":{\"@id\":\"https:\/\/www.doriagrandhotel.it\/es\/#breadcrumb\"},\"inLanguage\":\"es\",\"potentialAction\":[{\"@type\":\"ReadAction\",\"target\":[\"https:\/\/www.doriagrandhotel.it\/es\/\"]}]},{\"@type\":\"BreadcrumbList\",\"@id\":\"https:\/\/www.doriagrandhotel.it\/es\/#breadcrumb\",\"itemListElement\":[{\"@type\":\"ListItem\",\"position\":1,\"name\":\"Home\",\"item\":\"https:\/\/www.doriagrandhotel.it\/es\/bienvenido-a-doria-grand-hotel\/\"},{\"@type\":\"ListItem\",\"position\":2,\"name\":\"Bienvenidos a Doria Grand Hotel\"}]},{\"@type\":\"WebSite\",\"@id\":\"https:\/\/www.doriagrandhotel.it\/es\/#website\",\"url\":\"https:\/\/www.doriagrandhotel.it\/es\/\",\"name\":\"Doria Grand Hotel\",\"description\":\"Official website of Doria Grand Hotel , a luxury  hotel in Milan center. Book your hotel in Milan at the best price\",\"publisher\":{\"@id\":\"https:\/\/www.doriagrandhotel.it\/es\/#organization\"},\"alternateName\":\"Doria Grand Hotel\",\"potentialAction\":[{\"@type\":\"SearchAction\",\"target\":{\"@type\":\"EntryPoint\",\"urlTemplate\":\"https:\/\/www.doriagrandhotel.it\/es\/?s={search_term_string}\"},\"query-input\":\"required name=search_term_string\"}],\"inLanguage\":\"es\"},{\"@type\":\"Organization\",\"@id\":\"https:\/\/www.doriagrandhotel.it\/es\/#organization\",\"name\":\"Doria Grand Hotel\",\"alternateName\":\"Doria Grand Hotel\",\"url\":\"https:\/\/www.doriagrandhotel.it\/es\/\",\"logo\":{\"@type\":\"ImageObject\",\"inLanguage\":\"es\",\"@id\":\"https:\/\/www.doriagrandhotel.it\/es\/#\/schema\/logo\/image\/\",\"url\":\"https:\/\/doria-grand-hotel.ms2.decms.eu\/wp-content\/uploads\/sites\/170\/2024\/09\/LOGO-DGH-tr.png\",\"contentUrl\":\"https:\/\/doria-grand-hotel.ms2.decms.eu\/wp-content\/uploads\/sites\/170\/2024\/09\/LOGO-DGH-tr.png\",\"width\":230,\"height\":51,\"caption\":\"Doria Grand Hotel\"},\"image\":{\"@id\":\"https:\/\/www.doriagrandhotel.it\/es\/#\/schema\/logo\/image\/\"},\"sameAs\":[\"https:\/\/www.facebook.com\/Doria-Grand-Hotel-150382741666057\/\",\"https:\/\/twitter.com\/adihotels\",\"https:\/\/www.instagram.com\/doriagrandhotel\/?hl=en\",\"https:\/\/www.linkedin.com\/company\/doria-grand-hotel\/\",\"https:\/\/www.tripadvisor.com\/Hotel_Review-g187849-d202862-Reviews-Doria_Grand_Hotel-Milan_Lombardy.html\"]}]}<\/script>\n<!-- \/ Yoast SEO plugin. -->","yoast_head_json":{"title":"Hotel de 4 estrellas en Mil\u00e1n, Italia \u2013 Doria Grand Hotel","description":"Descubre el Doria Grand Hotel, un hotel de 4 estrellas con aparcamiento en Mil\u00e1n, Italia, a pocos pasos de la Estaci\u00f3n Central. \u00a1Reserva ahora para disfrutar de comodidad y lujo!","robots":{"index":"index","follow":"follow","max-snippet":"max-snippet:-1","max-image-preview":"max-image-preview:large","max-video-preview":"max-video-preview:-1"},"canonical":"https:\/\/www.doriagrandhotel.it\/es\/","og_locale":"es_ES","og_type":"article","og_title":"Hotel de 4 estrellas en Mil\u00e1n, Italia \u2013 Doria Grand Hotel","og_description":"Descubre el Doria Grand Hotel, un hotel de 4 estrellas con aparcamiento en Mil\u00e1n, Italia, a pocos pasos de la Estaci\u00f3n Central. \u00a1Reserva ahora para disfrutar de comodidad y lujo!","og_url":"https:\/\/www.doriagrandhotel.it\/es\/","og_site_name":"Doria Grand Hotel","article_publisher":"https:\/\/www.facebook.com\/Doria-Grand-Hotel-150382741666057\/","article_modified_time":"2025-01-17T09:45:48+00:00","og_image":[{"width":1280,"height":853,"url":"https:\/\/www.doriagrandhotel.it\/wp-content\/uploads\/sites\/170\/2024\/11\/Doria-Grand-Hotel-Milan-Exterior.jpg","type":"image\/jpeg"}],"twitter_card":"summary_large_image","twitter_site":"@adihotels","twitter_misc":{"Tiempo de lectura":"1 minuto"},"schema":{"@context":"https:\/\/schema.org","@graph":[{"@type":"WebPage","@id":"https:\/\/www.doriagrandhotel.it\/es\/","url":"https:\/\/www.doriagrandhotel.it\/es\/","name":"Hotel de 4 estrellas en Mil\u00e1n, Italia \u2013 Doria Grand Hotel","isPartOf":{"@id":"https:\/\/www.doriagrandhotel.it\/es\/#website"},"datePublished":"2024-09-26T14:08:47+00:00","dateModified":"2025-01-17T09:45:48+00:00","description":"Descubre el Doria Grand Hotel, un hotel de 4 estrellas con aparcamiento en Mil\u00e1n, Italia, a pocos pasos de la Estaci\u00f3n Central. \u00a1Reserva ahora para disfrutar de comodidad y lujo!","breadcrumb":{"@id":"https:\/\/www.doriagrandhotel.it\/es\/#breadcrumb"},"inLanguage":"es","potentialAction":[{"@type":"ReadAction","target":["https:\/\/www.doriagrandhotel.it\/es\/"]}]},{"@type":"BreadcrumbList","@id":"https:\/\/www.doriagrandhotel.it\/es\/#breadcrumb","itemListElement":[{"@type":"ListItem","position":1,"name":"Home","item":"https:\/\/www.doriagrandhotel.it\/es\/bienvenido-a-doria-grand-hotel\/"},{"@type":"ListItem","position":2,"name":"Bienvenidos a Doria Grand Hotel"}]},{"@type":"WebSite","@id":"https:\/\/www.doriagrandhotel.it\/es\/#website","url":"https:\/\/www.doriagrandhotel.it\/es\/","name":"Doria Grand Hotel","description":"Official website of Doria Grand Hotel , a luxury  hotel in Milan center. Book your hotel in Milan at the best price","publisher":{"@id":"https:\/\/www.doriagrandhotel.it\/es\/#organization"},"alternateName":"Doria Grand Hotel","potentialAction":[{"@type":"SearchAction","target":{"@type":"EntryPoint","urlTemplate":"https:\/\/www.doriagrandhotel.it\/es\/?s={search_term_string}"},"query-input":"required name=search_term_string"}],"inLanguage":"es"},{"@type":"Organization","@id":"https:\/\/www.doriagrandhotel.it\/es\/#organization","name":"Doria Grand Hotel","alternateName":"Doria Grand Hotel","url":"https:\/\/www.doriagrandhotel.it\/es\/","logo":{"@type":"ImageObject","inLanguage":"es","@id":"https:\/\/www.doriagrandhotel.it\/es\/#\/schema\/logo\/image\/","url":"https:\/\/doria-grand-hotel.ms2.decms.eu\/wp-content\/uploads\/sites\/170\/2024\/09\/LOGO-DGH-tr.png","contentUrl":"https:\/\/doria-grand-hotel.ms2.decms.eu\/wp-content\/uploads\/sites\/170\/2024\/09\/LOGO-DGH-tr.png","width":230,"height":51,"caption":"Doria Grand Hotel"},"image":{"@id":"https:\/\/www.doriagrandhotel.it\/es\/#\/schema\/logo\/image\/"},"sameAs":["https:\/\/www.facebook.com\/Doria-Grand-Hotel-150382741666057\/","https:\/\/twitter.com\/adihotels","https:\/\/www.instagram.com\/doriagrandhotel\/?hl=en","https:\/\/www.linkedin.com\/company\/doria-grand-hotel\/","https:\/\/www.tripadvisor.com\/Hotel_Review-g187849-d202862-Reviews-Doria_Grand_Hotel-Milan_Lombardy.html"]}]}},"acf":[],"_links":{"self":[{"href":"https:\/\/www.doriagrandhotel.it\/es\/wp-json\/wp\/v2\/pages\/2588"}],"collection":[{"href":"https:\/\/www.doriagrandhotel.it\/es\/wp-json\/wp\/v2\/pages"}],"about":[{"href":"https:\/\/www.doriagrandhotel.it\/es\/wp-json\/wp\/v2\/types\/page"}],"author":[{"embeddable":true,"href":"https:\/\/www.doriagrandhotel.it\/es\/wp-json\/wp\/v2\/users\/12"}],"replies":[{"embeddable":true,"href":"https:\/\/www.doriagrandhotel.it\/es\/wp-json\/wp\/v2\/comments?post=2588"}],"version-history":[{"count":0,"href":"https:\/\/www.doriagrandhotel.it\/es\/wp-json\/wp\/v2\/pages\/2588\/revisions"}],"wp:attachment":[{"href":"https:\/\/www.doriagrandhotel.it\/es\/wp-json\/wp\/v2\/media?parent=2588"}],"curies":[{"name":"wp","href":"https:\/\/api.w.org\/{rel}","templated":true}]}}