{"id":2598,"date":"2024-09-27T09:33:12","date_gmt":"2024-09-27T09:33:12","guid":{"rendered":"https:\/\/doria-grand-hotel.ms2.decms.eu\/?page_id=2598"},"modified":"2025-01-21T10:48:26","modified_gmt":"2025-01-21T10:48:26","slug":"habitaciones","status":"publish","type":"page","link":"https:\/\/www.doriagrandhotel.it\/es\/habitaciones\/","title":{"rendered":"Habitaciones y Suites"},"content":{"rendered":"<p>Elige entre nuestra variada selecci\u00f3n de habitaciones en nuestro gran hotel, cada una con caracter\u00edsticas \u00fanicas dise\u00f1adas para mejorar tu estancia. Disfruta de im\u00e1genes n\u00edtidas en un televisor de 43\u2033 con canales Sky y emisoras de radio.<\/p>\n<p>Con\u00e9ctate f\u00e1cilmente gracias al Wi-Fi y rel\u00e1jate con una amplia variedad de canales Sky a tu disposici\u00f3n.<\/p>\n<p>Cada habitaci\u00f3n es un santuario de relajaci\u00f3n que transforma tu estancia en una experiencia verdaderamente \u00fanica. Comodidades como aire acondicionado, una caja fuerte para tus objetos de valor, un minibar para tus momentos de ocio y un tel\u00e9fono de l\u00ednea directa a\u00f1aden un nivel extra de conveniencia durante tu visita.<\/p>\n<p>Vive la tranquilidad que ofrecen un perfecto aislamiento ac\u00fastico, un colch\u00f3n de muelles c\u00f3modo y suaves almohadas mullidas, que trabajan en armon\u00eda para garantizarte un sue\u00f1o reparador. La mayor\u00eda de nuestras habitaciones est\u00e1n designadas como libres de humo, ofreciendo un ambiente fresco y acogedor.<\/p>\n<p>La seguridad es nuestra prioridad, y todo el hotel est\u00e1 equipado con modernos sistemas de detecci\u00f3n de incendios y c\u00e1maras de seguridad de circuito cerrado, para que te sientas completamente tranquilo durante tu visita.<\/p>\n","protected":false},"excerpt":{"rendered":"<p>Elige entre nuestra variada selecci\u00f3n de habitaciones en nuestro gran hotel, cada una con caracter\u00edsticas \u00fanicas dise\u00f1adas para mejorar tu estancia. Disfruta de im\u00e1genes n\u00edtidas en un televisor de 43\u2033 con canales Sky y emisoras de radio. Con\u00e9ctate f\u00e1cilmente gracias al Wi-Fi y rel\u00e1jate con una amplia variedad de canales Sky a tu disposici\u00f3n. Cada [&hellip;]<\/p>\n","protected":false},"author":12,"featured_media":1946,"parent":0,"menu_order":5,"comment_status":"closed","ping_status":"closed","template":"template-rooms.php","meta":{"footnotes":""},"class_list":["post-2598","page","type-page","status-publish","has-post-thumbnail","hentry"],"yoast_head":"<!-- This site is optimized with the Yoast SEO plugin v27.3 - https:\/\/yoast.com\/product\/yoast-seo-wordpress\/ -->\n<title>Habitaciones y Suites del Gran Hotel \u2013 Doria Grand Hotel, Mil\u00e1n<\/title>\n<meta name=\"description\" content=\"Aloja en las habitaciones y suites del Doria Grand Hotel de Mil\u00e1n, donde se combinan el confort moderno con la elegancia cl\u00e1sica. Perfecto para una escapada relajante o un viaje de negocios en Italia.\" \/>\n<meta name=\"robots\" content=\"index, follow, max-snippet:-1, max-image-preview:large, max-video-preview:-1\" \/>\n<link rel=\"canonical\" href=\"https:\/\/www.doriagrandhotel.it\/es\/habitaciones\/\" \/>\n<meta property=\"og:locale\" content=\"es_ES\" \/>\n<meta property=\"og:type\" content=\"article\" \/>\n<meta property=\"og:title\" content=\"Habitaciones y Suites del Gran Hotel \u2013 Doria Grand Hotel, Mil\u00e1n\" \/>\n<meta property=\"og:description\" content=\"Aloja en las habitaciones y suites del Doria Grand Hotel de Mil\u00e1n, donde se combinan el confort moderno con la elegancia cl\u00e1sica. Perfecto para una escapada relajante o un viaje de negocios en Italia.\" \/>\n<meta property=\"og:url\" content=\"https:\/\/www.doriagrandhotel.it\/es\/habitaciones\/\" \/>\n<meta property=\"og:site_name\" content=\"Doria Grand Hotel\" \/>\n<meta property=\"article:publisher\" content=\"https:\/\/www.facebook.com\/Doria-Grand-Hotel-150382741666057\/\" \/>\n<meta property=\"article:modified_time\" content=\"2025-01-21T10:48:26+00:00\" \/>\n<meta property=\"og:image\" content=\"http:\/\/www.doriagrandhotel.it\/wp-content\/uploads\/sites\/170\/2024\/11\/ClassicDouble_01.jpg\" \/>\n\t<meta property=\"og:image:width\" content=\"1800\" \/>\n\t<meta property=\"og:image:height\" content=\"1200\" \/>\n\t<meta property=\"og:image:type\" content=\"image\/jpeg\" \/>\n<meta name=\"twitter:card\" content=\"summary_large_image\" \/>\n<meta name=\"twitter:site\" content=\"@adihotels\" \/>\n<meta name=\"twitter:label1\" content=\"Tiempo de lectura\" \/>\n\t<meta name=\"twitter:data1\" content=\"1 minuto\" \/>\n<script type=\"application\/ld+json\" class=\"yoast-schema-graph\">{\"@context\":\"https:\\\/\\\/schema.org\",\"@graph\":[{\"@type\":\"WebPage\",\"@id\":\"https:\\\/\\\/www.doriagrandhotel.it\\\/es\\\/habitaciones\\\/\",\"url\":\"https:\\\/\\\/www.doriagrandhotel.it\\\/es\\\/habitaciones\\\/\",\"name\":\"Habitaciones y Suites del Gran Hotel \u2013 Doria Grand Hotel, Mil\u00e1n\",\"isPartOf\":{\"@id\":\"https:\\\/\\\/www.doriagrandhotel.it\\\/es\\\/#website\"},\"primaryImageOfPage\":{\"@id\":\"https:\\\/\\\/www.doriagrandhotel.it\\\/es\\\/habitaciones\\\/#primaryimage\"},\"image\":{\"@id\":\"https:\\\/\\\/www.doriagrandhotel.it\\\/es\\\/habitaciones\\\/#primaryimage\"},\"thumbnailUrl\":\"https:\\\/\\\/www.doriagrandhotel.it\\\/wp-content\\\/uploads\\\/sites\\\/170\\\/2024\\\/11\\\/ClassicDouble_01.jpg\",\"datePublished\":\"2024-09-27T09:33:12+00:00\",\"dateModified\":\"2025-01-21T10:48:26+00:00\",\"description\":\"Aloja en las habitaciones y suites del Doria Grand Hotel de Mil\u00e1n, donde se combinan el confort moderno con la elegancia cl\u00e1sica. Perfecto para una escapada relajante o un viaje de negocios en Italia.\",\"breadcrumb\":{\"@id\":\"https:\\\/\\\/www.doriagrandhotel.it\\\/es\\\/habitaciones\\\/#breadcrumb\"},\"inLanguage\":\"es\",\"potentialAction\":[{\"@type\":\"ReadAction\",\"target\":[\"https:\\\/\\\/www.doriagrandhotel.it\\\/es\\\/habitaciones\\\/\"]}]},{\"@type\":\"ImageObject\",\"inLanguage\":\"es\",\"@id\":\"https:\\\/\\\/www.doriagrandhotel.it\\\/es\\\/habitaciones\\\/#primaryimage\",\"url\":\"https:\\\/\\\/www.doriagrandhotel.it\\\/wp-content\\\/uploads\\\/sites\\\/170\\\/2024\\\/11\\\/ClassicDouble_01.jpg\",\"contentUrl\":\"https:\\\/\\\/www.doriagrandhotel.it\\\/wp-content\\\/uploads\\\/sites\\\/170\\\/2024\\\/11\\\/ClassicDouble_01.jpg\",\"width\":1800,\"height\":1200},{\"@type\":\"BreadcrumbList\",\"@id\":\"https:\\\/\\\/www.doriagrandhotel.it\\\/es\\\/habitaciones\\\/#breadcrumb\",\"itemListElement\":[{\"@type\":\"ListItem\",\"position\":1,\"name\":\"Home\",\"item\":\"https:\\\/\\\/www.doriagrandhotel.it\\\/es\\\/bienvenido-a-doria-grand-hotel\\\/\"},{\"@type\":\"ListItem\",\"position\":2,\"name\":\"Habitaciones y Suites\"}]},{\"@type\":\"WebSite\",\"@id\":\"https:\\\/\\\/www.doriagrandhotel.it\\\/es\\\/#website\",\"url\":\"https:\\\/\\\/www.doriagrandhotel.it\\\/es\\\/\",\"name\":\"Doria Grand Hotel\",\"description\":\"Official website of Doria Grand Hotel , a luxury  hotel in Milan center. Book your hotel in Milan at the best price\",\"publisher\":{\"@id\":\"https:\\\/\\\/www.doriagrandhotel.it\\\/es\\\/#organization\"},\"alternateName\":\"Doria Grand Hotel\",\"potentialAction\":[{\"@type\":\"SearchAction\",\"target\":{\"@type\":\"EntryPoint\",\"urlTemplate\":\"https:\\\/\\\/www.doriagrandhotel.it\\\/es\\\/?s={search_term_string}\"},\"query-input\":{\"@type\":\"PropertyValueSpecification\",\"valueRequired\":true,\"valueName\":\"search_term_string\"}}],\"inLanguage\":\"es\"},{\"@type\":\"Organization\",\"@id\":\"https:\\\/\\\/www.doriagrandhotel.it\\\/es\\\/#organization\",\"name\":\"Doria Grand Hotel\",\"alternateName\":\"Doria Grand Hotel\",\"url\":\"https:\\\/\\\/www.doriagrandhotel.it\\\/es\\\/\",\"logo\":{\"@type\":\"ImageObject\",\"inLanguage\":\"es\",\"@id\":\"https:\\\/\\\/www.doriagrandhotel.it\\\/es\\\/#\\\/schema\\\/logo\\\/image\\\/\",\"url\":\"https:\\\/\\\/doria-grand-hotel.ms2.decms.eu\\\/wp-content\\\/uploads\\\/sites\\\/170\\\/2024\\\/09\\\/LOGO-DGH-tr.png\",\"contentUrl\":\"https:\\\/\\\/doria-grand-hotel.ms2.decms.eu\\\/wp-content\\\/uploads\\\/sites\\\/170\\\/2024\\\/09\\\/LOGO-DGH-tr.png\",\"width\":230,\"height\":51,\"caption\":\"Doria Grand Hotel\"},\"image\":{\"@id\":\"https:\\\/\\\/www.doriagrandhotel.it\\\/es\\\/#\\\/schema\\\/logo\\\/image\\\/\"},\"sameAs\":[\"https:\\\/\\\/www.facebook.com\\\/Doria-Grand-Hotel-150382741666057\\\/\",\"https:\\\/\\\/x.com\\\/adihotels\",\"https:\\\/\\\/www.instagram.com\\\/doriagrandhotel\\\/?hl=en\",\"https:\\\/\\\/www.linkedin.com\\\/company\\\/doria-grand-hotel\\\/\",\"https:\\\/\\\/www.tripadvisor.com\\\/Hotel_Review-g187849-d202862-Reviews-Doria_Grand_Hotel-Milan_Lombardy.html\"]}]}<\/script>\n<!-- \/ Yoast SEO plugin. -->","yoast_head_json":{"title":"Habitaciones y Suites del Gran Hotel \u2013 Doria Grand Hotel, Mil\u00e1n","description":"Aloja en las habitaciones y suites del Doria Grand Hotel de Mil\u00e1n, donde se combinan el confort moderno con la elegancia cl\u00e1sica. Perfecto para una escapada relajante o un viaje de negocios en Italia.","robots":{"index":"index","follow":"follow","max-snippet":"max-snippet:-1","max-image-preview":"max-image-preview:large","max-video-preview":"max-video-preview:-1"},"canonical":"https:\/\/www.doriagrandhotel.it\/es\/habitaciones\/","og_locale":"es_ES","og_type":"article","og_title":"Habitaciones y Suites del Gran Hotel \u2013 Doria Grand Hotel, Mil\u00e1n","og_description":"Aloja en las habitaciones y suites del Doria Grand Hotel de Mil\u00e1n, donde se combinan el confort moderno con la elegancia cl\u00e1sica. Perfecto para una escapada relajante o un viaje de negocios en Italia.","og_url":"https:\/\/www.doriagrandhotel.it\/es\/habitaciones\/","og_site_name":"Doria Grand Hotel","article_publisher":"https:\/\/www.facebook.com\/Doria-Grand-Hotel-150382741666057\/","article_modified_time":"2025-01-21T10:48:26+00:00","og_image":[{"width":1800,"height":1200,"url":"http:\/\/www.doriagrandhotel.it\/wp-content\/uploads\/sites\/170\/2024\/11\/ClassicDouble_01.jpg","type":"image\/jpeg"}],"twitter_card":"summary_large_image","twitter_site":"@adihotels","twitter_misc":{"Tiempo de lectura":"1 minuto"},"schema":{"@context":"https:\/\/schema.org","@graph":[{"@type":"WebPage","@id":"https:\/\/www.doriagrandhotel.it\/es\/habitaciones\/","url":"https:\/\/www.doriagrandhotel.it\/es\/habitaciones\/","name":"Habitaciones y Suites del Gran Hotel \u2013 Doria Grand Hotel, Mil\u00e1n","isPartOf":{"@id":"https:\/\/www.doriagrandhotel.it\/es\/#website"},"primaryImageOfPage":{"@id":"https:\/\/www.doriagrandhotel.it\/es\/habitaciones\/#primaryimage"},"image":{"@id":"https:\/\/www.doriagrandhotel.it\/es\/habitaciones\/#primaryimage"},"thumbnailUrl":"https:\/\/www.doriagrandhotel.it\/wp-content\/uploads\/sites\/170\/2024\/11\/ClassicDouble_01.jpg","datePublished":"2024-09-27T09:33:12+00:00","dateModified":"2025-01-21T10:48:26+00:00","description":"Aloja en las habitaciones y suites del Doria Grand Hotel de Mil\u00e1n, donde se combinan el confort moderno con la elegancia cl\u00e1sica. Perfecto para una escapada relajante o un viaje de negocios en Italia.","breadcrumb":{"@id":"https:\/\/www.doriagrandhotel.it\/es\/habitaciones\/#breadcrumb"},"inLanguage":"es","potentialAction":[{"@type":"ReadAction","target":["https:\/\/www.doriagrandhotel.it\/es\/habitaciones\/"]}]},{"@type":"ImageObject","inLanguage":"es","@id":"https:\/\/www.doriagrandhotel.it\/es\/habitaciones\/#primaryimage","url":"https:\/\/www.doriagrandhotel.it\/wp-content\/uploads\/sites\/170\/2024\/11\/ClassicDouble_01.jpg","contentUrl":"https:\/\/www.doriagrandhotel.it\/wp-content\/uploads\/sites\/170\/2024\/11\/ClassicDouble_01.jpg","width":1800,"height":1200},{"@type":"BreadcrumbList","@id":"https:\/\/www.doriagrandhotel.it\/es\/habitaciones\/#breadcrumb","itemListElement":[{"@type":"ListItem","position":1,"name":"Home","item":"https:\/\/www.doriagrandhotel.it\/es\/bienvenido-a-doria-grand-hotel\/"},{"@type":"ListItem","position":2,"name":"Habitaciones y Suites"}]},{"@type":"WebSite","@id":"https:\/\/www.doriagrandhotel.it\/es\/#website","url":"https:\/\/www.doriagrandhotel.it\/es\/","name":"Doria Grand Hotel","description":"Official website of Doria Grand Hotel , a luxury  hotel in Milan center. Book your hotel in Milan at the best price","publisher":{"@id":"https:\/\/www.doriagrandhotel.it\/es\/#organization"},"alternateName":"Doria Grand Hotel","potentialAction":[{"@type":"SearchAction","target":{"@type":"EntryPoint","urlTemplate":"https:\/\/www.doriagrandhotel.it\/es\/?s={search_term_string}"},"query-input":{"@type":"PropertyValueSpecification","valueRequired":true,"valueName":"search_term_string"}}],"inLanguage":"es"},{"@type":"Organization","@id":"https:\/\/www.doriagrandhotel.it\/es\/#organization","name":"Doria Grand Hotel","alternateName":"Doria Grand Hotel","url":"https:\/\/www.doriagrandhotel.it\/es\/","logo":{"@type":"ImageObject","inLanguage":"es","@id":"https:\/\/www.doriagrandhotel.it\/es\/#\/schema\/logo\/image\/","url":"https:\/\/doria-grand-hotel.ms2.decms.eu\/wp-content\/uploads\/sites\/170\/2024\/09\/LOGO-DGH-tr.png","contentUrl":"https:\/\/doria-grand-hotel.ms2.decms.eu\/wp-content\/uploads\/sites\/170\/2024\/09\/LOGO-DGH-tr.png","width":230,"height":51,"caption":"Doria Grand Hotel"},"image":{"@id":"https:\/\/www.doriagrandhotel.it\/es\/#\/schema\/logo\/image\/"},"sameAs":["https:\/\/www.facebook.com\/Doria-Grand-Hotel-150382741666057\/","https:\/\/x.com\/adihotels","https:\/\/www.instagram.com\/doriagrandhotel\/?hl=en","https:\/\/www.linkedin.com\/company\/doria-grand-hotel\/","https:\/\/www.tripadvisor.com\/Hotel_Review-g187849-d202862-Reviews-Doria_Grand_Hotel-Milan_Lombardy.html"]}]}},"acf":[],"_links":{"self":[{"href":"https:\/\/www.doriagrandhotel.it\/es\/wp-json\/wp\/v2\/pages\/2598","targetHints":{"allow":["GET"]}}],"collection":[{"href":"https:\/\/www.doriagrandhotel.it\/es\/wp-json\/wp\/v2\/pages"}],"about":[{"href":"https:\/\/www.doriagrandhotel.it\/es\/wp-json\/wp\/v2\/types\/page"}],"author":[{"embeddable":true,"href":"https:\/\/www.doriagrandhotel.it\/es\/wp-json\/wp\/v2\/users\/12"}],"replies":[{"embeddable":true,"href":"https:\/\/www.doriagrandhotel.it\/es\/wp-json\/wp\/v2\/comments?post=2598"}],"version-history":[{"count":0,"href":"https:\/\/www.doriagrandhotel.it\/es\/wp-json\/wp\/v2\/pages\/2598\/revisions"}],"wp:featuredmedia":[{"embeddable":true,"href":"https:\/\/www.doriagrandhotel.it\/es\/wp-json\/wp\/v2\/media\/1946"}],"wp:attachment":[{"href":"https:\/\/www.doriagrandhotel.it\/es\/wp-json\/wp\/v2\/media?parent=2598"}],"curies":[{"name":"wp","href":"https:\/\/api.w.org\/{rel}","templated":true}]}}