{"id":2616,"date":"2024-09-27T09:37:06","date_gmt":"2024-09-27T09:37:06","guid":{"rendered":"https:\/\/doria-grand-hotel.ms2.decms.eu\/?page_id=2616"},"modified":"2025-01-20T17:50:11","modified_gmt":"2025-01-20T17:50:11","slug":"salas-de-reuniones","status":"publish","type":"page","link":"https:\/\/www.doriagrandhotel.it\/es\/salas-de-reuniones\/","title":{"rendered":"Salas de Reuniones"},"content":{"rendered":"<p style=\"text-align: center;\"><strong>\u00bfBuscas una sala de reuniones en Mil\u00e1n? <\/strong><em>\u00a1Descubre nuestra din\u00e1mica \u00e1rea de conferencias! <\/em><\/p>\n<p>Contamos con tres salas de reuniones (Saba, Svevo y Montale), dos de las cuales pueden conectarse mediante un vers\u00e1til muro m\u00f3vil, creando un espacio amplio y adaptable a tus necesidades. Cada sala tambi\u00e9n puede utilizarse como espacio de exposici\u00f3n. Todo es modular para satisfacer tus requerimientos y garantizar la comodidad de tus asistentes.<\/p>\n<p>En un espacio abierto, la Sala Archi permite la organizaci\u00f3n de una amplia variedad de eventos, como ruedas de prensa, cursos formativos, cenas de gala, ceremonias y banquetes.<\/p>\n<p>Todas las salas cuentan con aire acondicionado y Wi-Fi gratuito, asegurando que tu evento transcurra de manera fluida y sin inconvenientes. Para aquellos que busquen caracter\u00edsticas adicionales, tambi\u00e9n ofrecemos servicios como traducci\u00f3n simult\u00e1nea, videoconferencias y equipo adicional bajo petici\u00f3n.<\/p>\n<p>&nbsp;<\/p>\n<p>&nbsp;<\/p>\n","protected":false},"excerpt":{"rendered":"<p>\u00bfBuscas una sala de reuniones en Mil\u00e1n? \u00a1Descubre nuestra din\u00e1mica \u00e1rea de conferencias! Contamos con tres salas de reuniones (Saba, Svevo y Montale), dos de las cuales pueden conectarse mediante un vers\u00e1til muro m\u00f3vil, creando un espacio amplio y adaptable a tus necesidades. Cada sala tambi\u00e9n puede utilizarse como espacio de exposici\u00f3n. Todo es modular [&hellip;]<\/p>\n","protected":false},"author":12,"featured_media":37,"parent":0,"menu_order":30,"comment_status":"closed","ping_status":"closed","template":"template-meeting.php","meta":{"footnotes":""},"yoast_head":"<!-- This site is optimized with the Yoast SEO plugin v22.3 - https:\/\/yoast.com\/wordpress\/plugins\/seo\/ -->\n<title>Sala de Reuniones en Mil\u00e1n - Doria Grand Hotel<\/title>\n<meta name=\"description\" content=\"Reserva una sala de reuniones en Mil\u00e1n en el Doria Grand Hotel. Disfruta de una ubicaci\u00f3n privilegiada junto a la Estaci\u00f3n Central para tus necesidades empresariales y personales.\" \/>\n<meta name=\"robots\" content=\"index, follow, max-snippet:-1, max-image-preview:large, max-video-preview:-1\" \/>\n<link rel=\"canonical\" href=\"https:\/\/www.doriagrandhotel.it\/es\/salas-de-reuniones\/\" \/>\n<meta property=\"og:locale\" content=\"es_ES\" \/>\n<meta property=\"og:type\" content=\"article\" \/>\n<meta property=\"og:title\" content=\"Sala de Reuniones en Mil\u00e1n - Doria Grand Hotel\" \/>\n<meta property=\"og:description\" content=\"Reserva una sala de reuniones en Mil\u00e1n en el Doria Grand Hotel. Disfruta de una ubicaci\u00f3n privilegiada junto a la Estaci\u00f3n Central para tus necesidades empresariales y personales.\" \/>\n<meta property=\"og:url\" content=\"https:\/\/www.doriagrandhotel.it\/es\/salas-de-reuniones\/\" \/>\n<meta property=\"og:site_name\" content=\"Doria Grand Hotel\" \/>\n<meta property=\"article:publisher\" content=\"https:\/\/www.facebook.com\/Doria-Grand-Hotel-150382741666057\/\" \/>\n<meta property=\"article:modified_time\" content=\"2025-01-20T17:50:11+00:00\" \/>\n<meta property=\"og:image\" content=\"http:\/\/www.doriagrandhotel.it\/wp-content\/uploads\/sites\/170\/2024\/09\/Doria_Meeting_Archi_04-gallery.jpg\" \/>\n\t<meta property=\"og:image:width\" content=\"1200\" \/>\n\t<meta property=\"og:image:height\" content=\"800\" \/>\n\t<meta property=\"og:image:type\" content=\"image\/jpeg\" \/>\n<meta name=\"twitter:card\" content=\"summary_large_image\" \/>\n<meta name=\"twitter:site\" content=\"@adihotels\" \/>\n<meta name=\"twitter:label1\" content=\"Tiempo de lectura\" \/>\n\t<meta name=\"twitter:data1\" content=\"1 minuto\" \/>\n<script type=\"application\/ld+json\" class=\"yoast-schema-graph\">{\"@context\":\"https:\/\/schema.org\",\"@graph\":[{\"@type\":\"WebPage\",\"@id\":\"https:\/\/www.doriagrandhotel.it\/es\/salas-de-reuniones\/\",\"url\":\"https:\/\/www.doriagrandhotel.it\/es\/salas-de-reuniones\/\",\"name\":\"Sala de Reuniones en Mil\u00e1n - Doria Grand Hotel\",\"isPartOf\":{\"@id\":\"https:\/\/www.doriagrandhotel.it\/es\/#website\"},\"primaryImageOfPage\":{\"@id\":\"https:\/\/www.doriagrandhotel.it\/es\/salas-de-reuniones\/#primaryimage\"},\"image\":{\"@id\":\"https:\/\/www.doriagrandhotel.it\/es\/salas-de-reuniones\/#primaryimage\"},\"thumbnailUrl\":\"https:\/\/www.doriagrandhotel.it\/wp-content\/uploads\/sites\/170\/2024\/09\/Doria_Meeting_Archi_04-gallery.jpg\",\"datePublished\":\"2024-09-27T09:37:06+00:00\",\"dateModified\":\"2025-01-20T17:50:11+00:00\",\"description\":\"Reserva una sala de reuniones en Mil\u00e1n en el Doria Grand Hotel. Disfruta de una ubicaci\u00f3n privilegiada junto a la Estaci\u00f3n Central para tus necesidades empresariales y personales.\",\"breadcrumb\":{\"@id\":\"https:\/\/www.doriagrandhotel.it\/es\/salas-de-reuniones\/#breadcrumb\"},\"inLanguage\":\"es\",\"potentialAction\":[{\"@type\":\"ReadAction\",\"target\":[\"https:\/\/www.doriagrandhotel.it\/es\/salas-de-reuniones\/\"]}]},{\"@type\":\"ImageObject\",\"inLanguage\":\"es\",\"@id\":\"https:\/\/www.doriagrandhotel.it\/es\/salas-de-reuniones\/#primaryimage\",\"url\":\"https:\/\/www.doriagrandhotel.it\/wp-content\/uploads\/sites\/170\/2024\/09\/Doria_Meeting_Archi_04-gallery.jpg\",\"contentUrl\":\"https:\/\/www.doriagrandhotel.it\/wp-content\/uploads\/sites\/170\/2024\/09\/Doria_Meeting_Archi_04-gallery.jpg\",\"width\":1200,\"height\":800},{\"@type\":\"BreadcrumbList\",\"@id\":\"https:\/\/www.doriagrandhotel.it\/es\/salas-de-reuniones\/#breadcrumb\",\"itemListElement\":[{\"@type\":\"ListItem\",\"position\":1,\"name\":\"Home\",\"item\":\"https:\/\/www.doriagrandhotel.it\/es\/bienvenido-a-doria-grand-hotel\/\"},{\"@type\":\"ListItem\",\"position\":2,\"name\":\"Salas de Reuniones\"}]},{\"@type\":\"WebSite\",\"@id\":\"https:\/\/www.doriagrandhotel.it\/es\/#website\",\"url\":\"https:\/\/www.doriagrandhotel.it\/es\/\",\"name\":\"Doria Grand Hotel\",\"description\":\"Official website of Doria Grand Hotel , a luxury  hotel in Milan center. Book your hotel in Milan at the best price\",\"publisher\":{\"@id\":\"https:\/\/www.doriagrandhotel.it\/es\/#organization\"},\"alternateName\":\"Doria Grand Hotel\",\"potentialAction\":[{\"@type\":\"SearchAction\",\"target\":{\"@type\":\"EntryPoint\",\"urlTemplate\":\"https:\/\/www.doriagrandhotel.it\/es\/?s={search_term_string}\"},\"query-input\":\"required name=search_term_string\"}],\"inLanguage\":\"es\"},{\"@type\":\"Organization\",\"@id\":\"https:\/\/www.doriagrandhotel.it\/es\/#organization\",\"name\":\"Doria Grand Hotel\",\"alternateName\":\"Doria Grand Hotel\",\"url\":\"https:\/\/www.doriagrandhotel.it\/es\/\",\"logo\":{\"@type\":\"ImageObject\",\"inLanguage\":\"es\",\"@id\":\"https:\/\/www.doriagrandhotel.it\/es\/#\/schema\/logo\/image\/\",\"url\":\"https:\/\/doria-grand-hotel.ms2.decms.eu\/wp-content\/uploads\/sites\/170\/2024\/09\/LOGO-DGH-tr.png\",\"contentUrl\":\"https:\/\/doria-grand-hotel.ms2.decms.eu\/wp-content\/uploads\/sites\/170\/2024\/09\/LOGO-DGH-tr.png\",\"width\":230,\"height\":51,\"caption\":\"Doria Grand Hotel\"},\"image\":{\"@id\":\"https:\/\/www.doriagrandhotel.it\/es\/#\/schema\/logo\/image\/\"},\"sameAs\":[\"https:\/\/www.facebook.com\/Doria-Grand-Hotel-150382741666057\/\",\"https:\/\/twitter.com\/adihotels\",\"https:\/\/www.instagram.com\/doriagrandhotel\/?hl=en\",\"https:\/\/www.linkedin.com\/company\/doria-grand-hotel\/\",\"https:\/\/www.tripadvisor.com\/Hotel_Review-g187849-d202862-Reviews-Doria_Grand_Hotel-Milan_Lombardy.html\"]}]}<\/script>\n<!-- \/ Yoast SEO plugin. -->","yoast_head_json":{"title":"Sala de Reuniones en Mil\u00e1n - Doria Grand Hotel","description":"Reserva una sala de reuniones en Mil\u00e1n en el Doria Grand Hotel. Disfruta de una ubicaci\u00f3n privilegiada junto a la Estaci\u00f3n Central para tus necesidades empresariales y personales.","robots":{"index":"index","follow":"follow","max-snippet":"max-snippet:-1","max-image-preview":"max-image-preview:large","max-video-preview":"max-video-preview:-1"},"canonical":"https:\/\/www.doriagrandhotel.it\/es\/salas-de-reuniones\/","og_locale":"es_ES","og_type":"article","og_title":"Sala de Reuniones en Mil\u00e1n - Doria Grand Hotel","og_description":"Reserva una sala de reuniones en Mil\u00e1n en el Doria Grand Hotel. Disfruta de una ubicaci\u00f3n privilegiada junto a la Estaci\u00f3n Central para tus necesidades empresariales y personales.","og_url":"https:\/\/www.doriagrandhotel.it\/es\/salas-de-reuniones\/","og_site_name":"Doria Grand Hotel","article_publisher":"https:\/\/www.facebook.com\/Doria-Grand-Hotel-150382741666057\/","article_modified_time":"2025-01-20T17:50:11+00:00","og_image":[{"width":1200,"height":800,"url":"http:\/\/www.doriagrandhotel.it\/wp-content\/uploads\/sites\/170\/2024\/09\/Doria_Meeting_Archi_04-gallery.jpg","type":"image\/jpeg"}],"twitter_card":"summary_large_image","twitter_site":"@adihotels","twitter_misc":{"Tiempo de lectura":"1 minuto"},"schema":{"@context":"https:\/\/schema.org","@graph":[{"@type":"WebPage","@id":"https:\/\/www.doriagrandhotel.it\/es\/salas-de-reuniones\/","url":"https:\/\/www.doriagrandhotel.it\/es\/salas-de-reuniones\/","name":"Sala de Reuniones en Mil\u00e1n - Doria Grand Hotel","isPartOf":{"@id":"https:\/\/www.doriagrandhotel.it\/es\/#website"},"primaryImageOfPage":{"@id":"https:\/\/www.doriagrandhotel.it\/es\/salas-de-reuniones\/#primaryimage"},"image":{"@id":"https:\/\/www.doriagrandhotel.it\/es\/salas-de-reuniones\/#primaryimage"},"thumbnailUrl":"https:\/\/www.doriagrandhotel.it\/wp-content\/uploads\/sites\/170\/2024\/09\/Doria_Meeting_Archi_04-gallery.jpg","datePublished":"2024-09-27T09:37:06+00:00","dateModified":"2025-01-20T17:50:11+00:00","description":"Reserva una sala de reuniones en Mil\u00e1n en el Doria Grand Hotel. Disfruta de una ubicaci\u00f3n privilegiada junto a la Estaci\u00f3n Central para tus necesidades empresariales y personales.","breadcrumb":{"@id":"https:\/\/www.doriagrandhotel.it\/es\/salas-de-reuniones\/#breadcrumb"},"inLanguage":"es","potentialAction":[{"@type":"ReadAction","target":["https:\/\/www.doriagrandhotel.it\/es\/salas-de-reuniones\/"]}]},{"@type":"ImageObject","inLanguage":"es","@id":"https:\/\/www.doriagrandhotel.it\/es\/salas-de-reuniones\/#primaryimage","url":"https:\/\/www.doriagrandhotel.it\/wp-content\/uploads\/sites\/170\/2024\/09\/Doria_Meeting_Archi_04-gallery.jpg","contentUrl":"https:\/\/www.doriagrandhotel.it\/wp-content\/uploads\/sites\/170\/2024\/09\/Doria_Meeting_Archi_04-gallery.jpg","width":1200,"height":800},{"@type":"BreadcrumbList","@id":"https:\/\/www.doriagrandhotel.it\/es\/salas-de-reuniones\/#breadcrumb","itemListElement":[{"@type":"ListItem","position":1,"name":"Home","item":"https:\/\/www.doriagrandhotel.it\/es\/bienvenido-a-doria-grand-hotel\/"},{"@type":"ListItem","position":2,"name":"Salas de Reuniones"}]},{"@type":"WebSite","@id":"https:\/\/www.doriagrandhotel.it\/es\/#website","url":"https:\/\/www.doriagrandhotel.it\/es\/","name":"Doria Grand Hotel","description":"Official website of Doria Grand Hotel , a luxury  hotel in Milan center. Book your hotel in Milan at the best price","publisher":{"@id":"https:\/\/www.doriagrandhotel.it\/es\/#organization"},"alternateName":"Doria Grand Hotel","potentialAction":[{"@type":"SearchAction","target":{"@type":"EntryPoint","urlTemplate":"https:\/\/www.doriagrandhotel.it\/es\/?s={search_term_string}"},"query-input":"required name=search_term_string"}],"inLanguage":"es"},{"@type":"Organization","@id":"https:\/\/www.doriagrandhotel.it\/es\/#organization","name":"Doria Grand Hotel","alternateName":"Doria Grand Hotel","url":"https:\/\/www.doriagrandhotel.it\/es\/","logo":{"@type":"ImageObject","inLanguage":"es","@id":"https:\/\/www.doriagrandhotel.it\/es\/#\/schema\/logo\/image\/","url":"https:\/\/doria-grand-hotel.ms2.decms.eu\/wp-content\/uploads\/sites\/170\/2024\/09\/LOGO-DGH-tr.png","contentUrl":"https:\/\/doria-grand-hotel.ms2.decms.eu\/wp-content\/uploads\/sites\/170\/2024\/09\/LOGO-DGH-tr.png","width":230,"height":51,"caption":"Doria Grand Hotel"},"image":{"@id":"https:\/\/www.doriagrandhotel.it\/es\/#\/schema\/logo\/image\/"},"sameAs":["https:\/\/www.facebook.com\/Doria-Grand-Hotel-150382741666057\/","https:\/\/twitter.com\/adihotels","https:\/\/www.instagram.com\/doriagrandhotel\/?hl=en","https:\/\/www.linkedin.com\/company\/doria-grand-hotel\/","https:\/\/www.tripadvisor.com\/Hotel_Review-g187849-d202862-Reviews-Doria_Grand_Hotel-Milan_Lombardy.html"]}]}},"acf":[],"_links":{"self":[{"href":"https:\/\/www.doriagrandhotel.it\/es\/wp-json\/wp\/v2\/pages\/2616"}],"collection":[{"href":"https:\/\/www.doriagrandhotel.it\/es\/wp-json\/wp\/v2\/pages"}],"about":[{"href":"https:\/\/www.doriagrandhotel.it\/es\/wp-json\/wp\/v2\/types\/page"}],"author":[{"embeddable":true,"href":"https:\/\/www.doriagrandhotel.it\/es\/wp-json\/wp\/v2\/users\/12"}],"replies":[{"embeddable":true,"href":"https:\/\/www.doriagrandhotel.it\/es\/wp-json\/wp\/v2\/comments?post=2616"}],"version-history":[{"count":0,"href":"https:\/\/www.doriagrandhotel.it\/es\/wp-json\/wp\/v2\/pages\/2616\/revisions"}],"wp:featuredmedia":[{"embeddable":true,"href":"https:\/\/www.doriagrandhotel.it\/es\/wp-json\/wp\/v2\/media\/37"}],"wp:attachment":[{"href":"https:\/\/www.doriagrandhotel.it\/es\/wp-json\/wp\/v2\/media?parent=2616"}],"curies":[{"name":"wp","href":"https:\/\/api.w.org\/{rel}","templated":true}]}}