{"id":2628,"date":"2024-11-04T13:36:31","date_gmt":"2024-11-04T13:36:31","guid":{"rendered":"https:\/\/doria-grand-hotel.ms2.decms.eu\/?page_id=2628"},"modified":"2025-01-17T17:12:21","modified_gmt":"2025-01-17T17:12:21","slug":"sala-svevo","status":"publish","type":"page","link":"https:\/\/www.doriagrandhotel.it\/es\/salas-de-reuniones\/sala-svevo\/","title":{"rendered":"Sala Svevo"},"content":{"rendered":"<p>La <strong>Sala Svevo<\/strong>, nuestra sala de tama\u00f1o mediano, cuenta con una elegante decoraci\u00f3n y colores acogedores que crean un ambiente c\u00e1lido y agradable.<\/p>\n<p>Conectada a la <em>Sala Saba<\/em> por una semi-partici\u00f3n, ofrece una sensaci\u00f3n de amplitud manteniendo a la vez un ambiente \u00edntimo. Es perfecta para talleres en Mil\u00e1n, gracias a su amplio espacio, con capacidad para hasta 45 invitados. La disposici\u00f3n de los asientos c\u00f3modos fomenta tanto la conversaci\u00f3n como la colaboraci\u00f3n, mientras que la decoraci\u00f3n cuidadosamente seleccionada aporta un toque de sofisticaci\u00f3n al espacio.<\/p>\n<p>Ya sea un evento festivo o un taller profesional, esta sala vers\u00e1til dejar\u00e1 una impresi\u00f3n duradera en todos los asistentes.<\/p>\n","protected":false},"excerpt":{"rendered":"<p>La Sala Svevo, nuestra sala de tama\u00f1o mediano, cuenta con una elegante decoraci\u00f3n y colores acogedores que crean un ambiente c\u00e1lido y agradable. Conectada a la Sala Saba por una semi-partici\u00f3n, ofrece una sensaci\u00f3n de amplitud manteniendo a la vez un ambiente \u00edntimo. Es perfecta para talleres en Mil\u00e1n, gracias a su amplio espacio, con [&hellip;]<\/p>\n","protected":false},"author":12,"featured_media":713,"parent":2616,"menu_order":36,"comment_status":"closed","ping_status":"closed","template":"template-weddings.php","meta":{"footnotes":""},"class_list":["post-2628","page","type-page","status-publish","has-post-thumbnail","hentry"],"yoast_head":"<!-- This site is optimized with the Yoast SEO plugin v27.3 - https:\/\/yoast.com\/product\/yoast-seo-wordpress\/ -->\n<title>Talleres en Mil\u00e1n - Doria Grand Hotel<\/title>\n<meta name=\"description\" content=\"Descubre la Sala Svevo en el Doria Grand Hotel, el lugar perfecto para talleres en Mil\u00e1n, equipada con todas las herramientas necesarias para sesiones productivas.\" \/>\n<meta name=\"robots\" content=\"index, follow, max-snippet:-1, max-image-preview:large, max-video-preview:-1\" \/>\n<link rel=\"canonical\" href=\"https:\/\/www.doriagrandhotel.it\/es\/salas-de-reuniones\/sala-svevo\/\" \/>\n<meta property=\"og:locale\" content=\"es_ES\" \/>\n<meta property=\"og:type\" content=\"article\" \/>\n<meta property=\"og:title\" content=\"Talleres en Mil\u00e1n - Doria Grand Hotel\" \/>\n<meta property=\"og:description\" content=\"Descubre la Sala Svevo en el Doria Grand Hotel, el lugar perfecto para talleres en Mil\u00e1n, equipada con todas las herramientas necesarias para sesiones productivas.\" \/>\n<meta property=\"og:url\" content=\"https:\/\/www.doriagrandhotel.it\/es\/salas-de-reuniones\/sala-svevo\/\" \/>\n<meta property=\"og:site_name\" content=\"Doria Grand Hotel\" \/>\n<meta property=\"article:publisher\" content=\"https:\/\/www.facebook.com\/Doria-Grand-Hotel-150382741666057\/\" \/>\n<meta property=\"article:modified_time\" content=\"2025-01-17T17:12:21+00:00\" \/>\n<meta property=\"og:image\" content=\"http:\/\/www.doriagrandhotel.it\/wp-content\/uploads\/sites\/170\/2024\/11\/Doria_Meeting_Svevo_05.jpg\" \/>\n\t<meta property=\"og:image:width\" content=\"1800\" \/>\n\t<meta property=\"og:image:height\" content=\"1200\" \/>\n\t<meta property=\"og:image:type\" content=\"image\/jpeg\" \/>\n<meta name=\"twitter:card\" content=\"summary_large_image\" \/>\n<meta name=\"twitter:site\" content=\"@adihotels\" \/>\n<meta name=\"twitter:label1\" content=\"Tiempo de lectura\" \/>\n\t<meta name=\"twitter:data1\" content=\"1 minuto\" \/>\n<script type=\"application\/ld+json\" class=\"yoast-schema-graph\">{\"@context\":\"https:\\\/\\\/schema.org\",\"@graph\":[{\"@type\":\"WebPage\",\"@id\":\"https:\\\/\\\/www.doriagrandhotel.it\\\/es\\\/salas-de-reuniones\\\/sala-svevo\\\/\",\"url\":\"https:\\\/\\\/www.doriagrandhotel.it\\\/es\\\/salas-de-reuniones\\\/sala-svevo\\\/\",\"name\":\"Talleres en Mil\u00e1n - Doria Grand Hotel\",\"isPartOf\":{\"@id\":\"https:\\\/\\\/www.doriagrandhotel.it\\\/es\\\/#website\"},\"primaryImageOfPage\":{\"@id\":\"https:\\\/\\\/www.doriagrandhotel.it\\\/es\\\/salas-de-reuniones\\\/sala-svevo\\\/#primaryimage\"},\"image\":{\"@id\":\"https:\\\/\\\/www.doriagrandhotel.it\\\/es\\\/salas-de-reuniones\\\/sala-svevo\\\/#primaryimage\"},\"thumbnailUrl\":\"https:\\\/\\\/www.doriagrandhotel.it\\\/wp-content\\\/uploads\\\/sites\\\/170\\\/2024\\\/11\\\/Doria_Meeting_Svevo_05.jpg\",\"datePublished\":\"2024-11-04T13:36:31+00:00\",\"dateModified\":\"2025-01-17T17:12:21+00:00\",\"description\":\"Descubre la Sala Svevo en el Doria Grand Hotel, el lugar perfecto para talleres en Mil\u00e1n, equipada con todas las herramientas necesarias para sesiones productivas.\",\"breadcrumb\":{\"@id\":\"https:\\\/\\\/www.doriagrandhotel.it\\\/es\\\/salas-de-reuniones\\\/sala-svevo\\\/#breadcrumb\"},\"inLanguage\":\"es\",\"potentialAction\":[{\"@type\":\"ReadAction\",\"target\":[\"https:\\\/\\\/www.doriagrandhotel.it\\\/es\\\/salas-de-reuniones\\\/sala-svevo\\\/\"]}]},{\"@type\":\"ImageObject\",\"inLanguage\":\"es\",\"@id\":\"https:\\\/\\\/www.doriagrandhotel.it\\\/es\\\/salas-de-reuniones\\\/sala-svevo\\\/#primaryimage\",\"url\":\"https:\\\/\\\/www.doriagrandhotel.it\\\/wp-content\\\/uploads\\\/sites\\\/170\\\/2024\\\/11\\\/Doria_Meeting_Svevo_05.jpg\",\"contentUrl\":\"https:\\\/\\\/www.doriagrandhotel.it\\\/wp-content\\\/uploads\\\/sites\\\/170\\\/2024\\\/11\\\/Doria_Meeting_Svevo_05.jpg\",\"width\":1800,\"height\":1200},{\"@type\":\"BreadcrumbList\",\"@id\":\"https:\\\/\\\/www.doriagrandhotel.it\\\/es\\\/salas-de-reuniones\\\/sala-svevo\\\/#breadcrumb\",\"itemListElement\":[{\"@type\":\"ListItem\",\"position\":1,\"name\":\"Home\",\"item\":\"https:\\\/\\\/www.doriagrandhotel.it\\\/es\\\/bienvenido-a-doria-grand-hotel\\\/\"},{\"@type\":\"ListItem\",\"position\":2,\"name\":\"Salas de Reuniones\",\"item\":\"https:\\\/\\\/www.doriagrandhotel.it\\\/es\\\/salas-de-reuniones\\\/\"},{\"@type\":\"ListItem\",\"position\":3,\"name\":\"Sala Svevo\"}]},{\"@type\":\"WebSite\",\"@id\":\"https:\\\/\\\/www.doriagrandhotel.it\\\/es\\\/#website\",\"url\":\"https:\\\/\\\/www.doriagrandhotel.it\\\/es\\\/\",\"name\":\"Doria Grand Hotel\",\"description\":\"Official website of Doria Grand Hotel , a luxury  hotel in Milan center. Book your hotel in Milan at the best price\",\"publisher\":{\"@id\":\"https:\\\/\\\/www.doriagrandhotel.it\\\/es\\\/#organization\"},\"alternateName\":\"Doria Grand Hotel\",\"potentialAction\":[{\"@type\":\"SearchAction\",\"target\":{\"@type\":\"EntryPoint\",\"urlTemplate\":\"https:\\\/\\\/www.doriagrandhotel.it\\\/es\\\/?s={search_term_string}\"},\"query-input\":{\"@type\":\"PropertyValueSpecification\",\"valueRequired\":true,\"valueName\":\"search_term_string\"}}],\"inLanguage\":\"es\"},{\"@type\":\"Organization\",\"@id\":\"https:\\\/\\\/www.doriagrandhotel.it\\\/es\\\/#organization\",\"name\":\"Doria Grand Hotel\",\"alternateName\":\"Doria Grand Hotel\",\"url\":\"https:\\\/\\\/www.doriagrandhotel.it\\\/es\\\/\",\"logo\":{\"@type\":\"ImageObject\",\"inLanguage\":\"es\",\"@id\":\"https:\\\/\\\/www.doriagrandhotel.it\\\/es\\\/#\\\/schema\\\/logo\\\/image\\\/\",\"url\":\"https:\\\/\\\/doria-grand-hotel.ms2.decms.eu\\\/wp-content\\\/uploads\\\/sites\\\/170\\\/2024\\\/09\\\/LOGO-DGH-tr.png\",\"contentUrl\":\"https:\\\/\\\/doria-grand-hotel.ms2.decms.eu\\\/wp-content\\\/uploads\\\/sites\\\/170\\\/2024\\\/09\\\/LOGO-DGH-tr.png\",\"width\":230,\"height\":51,\"caption\":\"Doria Grand Hotel\"},\"image\":{\"@id\":\"https:\\\/\\\/www.doriagrandhotel.it\\\/es\\\/#\\\/schema\\\/logo\\\/image\\\/\"},\"sameAs\":[\"https:\\\/\\\/www.facebook.com\\\/Doria-Grand-Hotel-150382741666057\\\/\",\"https:\\\/\\\/x.com\\\/adihotels\",\"https:\\\/\\\/www.instagram.com\\\/doriagrandhotel\\\/?hl=en\",\"https:\\\/\\\/www.linkedin.com\\\/company\\\/doria-grand-hotel\\\/\",\"https:\\\/\\\/www.tripadvisor.com\\\/Hotel_Review-g187849-d202862-Reviews-Doria_Grand_Hotel-Milan_Lombardy.html\"]}]}<\/script>\n<!-- \/ Yoast SEO plugin. -->","yoast_head_json":{"title":"Talleres en Mil\u00e1n - Doria Grand Hotel","description":"Descubre la Sala Svevo en el Doria Grand Hotel, el lugar perfecto para talleres en Mil\u00e1n, equipada con todas las herramientas necesarias para sesiones productivas.","robots":{"index":"index","follow":"follow","max-snippet":"max-snippet:-1","max-image-preview":"max-image-preview:large","max-video-preview":"max-video-preview:-1"},"canonical":"https:\/\/www.doriagrandhotel.it\/es\/salas-de-reuniones\/sala-svevo\/","og_locale":"es_ES","og_type":"article","og_title":"Talleres en Mil\u00e1n - Doria Grand Hotel","og_description":"Descubre la Sala Svevo en el Doria Grand Hotel, el lugar perfecto para talleres en Mil\u00e1n, equipada con todas las herramientas necesarias para sesiones productivas.","og_url":"https:\/\/www.doriagrandhotel.it\/es\/salas-de-reuniones\/sala-svevo\/","og_site_name":"Doria Grand Hotel","article_publisher":"https:\/\/www.facebook.com\/Doria-Grand-Hotel-150382741666057\/","article_modified_time":"2025-01-17T17:12:21+00:00","og_image":[{"width":1800,"height":1200,"url":"http:\/\/www.doriagrandhotel.it\/wp-content\/uploads\/sites\/170\/2024\/11\/Doria_Meeting_Svevo_05.jpg","type":"image\/jpeg"}],"twitter_card":"summary_large_image","twitter_site":"@adihotels","twitter_misc":{"Tiempo de lectura":"1 minuto"},"schema":{"@context":"https:\/\/schema.org","@graph":[{"@type":"WebPage","@id":"https:\/\/www.doriagrandhotel.it\/es\/salas-de-reuniones\/sala-svevo\/","url":"https:\/\/www.doriagrandhotel.it\/es\/salas-de-reuniones\/sala-svevo\/","name":"Talleres en Mil\u00e1n - Doria Grand Hotel","isPartOf":{"@id":"https:\/\/www.doriagrandhotel.it\/es\/#website"},"primaryImageOfPage":{"@id":"https:\/\/www.doriagrandhotel.it\/es\/salas-de-reuniones\/sala-svevo\/#primaryimage"},"image":{"@id":"https:\/\/www.doriagrandhotel.it\/es\/salas-de-reuniones\/sala-svevo\/#primaryimage"},"thumbnailUrl":"https:\/\/www.doriagrandhotel.it\/wp-content\/uploads\/sites\/170\/2024\/11\/Doria_Meeting_Svevo_05.jpg","datePublished":"2024-11-04T13:36:31+00:00","dateModified":"2025-01-17T17:12:21+00:00","description":"Descubre la Sala Svevo en el Doria Grand Hotel, el lugar perfecto para talleres en Mil\u00e1n, equipada con todas las herramientas necesarias para sesiones productivas.","breadcrumb":{"@id":"https:\/\/www.doriagrandhotel.it\/es\/salas-de-reuniones\/sala-svevo\/#breadcrumb"},"inLanguage":"es","potentialAction":[{"@type":"ReadAction","target":["https:\/\/www.doriagrandhotel.it\/es\/salas-de-reuniones\/sala-svevo\/"]}]},{"@type":"ImageObject","inLanguage":"es","@id":"https:\/\/www.doriagrandhotel.it\/es\/salas-de-reuniones\/sala-svevo\/#primaryimage","url":"https:\/\/www.doriagrandhotel.it\/wp-content\/uploads\/sites\/170\/2024\/11\/Doria_Meeting_Svevo_05.jpg","contentUrl":"https:\/\/www.doriagrandhotel.it\/wp-content\/uploads\/sites\/170\/2024\/11\/Doria_Meeting_Svevo_05.jpg","width":1800,"height":1200},{"@type":"BreadcrumbList","@id":"https:\/\/www.doriagrandhotel.it\/es\/salas-de-reuniones\/sala-svevo\/#breadcrumb","itemListElement":[{"@type":"ListItem","position":1,"name":"Home","item":"https:\/\/www.doriagrandhotel.it\/es\/bienvenido-a-doria-grand-hotel\/"},{"@type":"ListItem","position":2,"name":"Salas de Reuniones","item":"https:\/\/www.doriagrandhotel.it\/es\/salas-de-reuniones\/"},{"@type":"ListItem","position":3,"name":"Sala Svevo"}]},{"@type":"WebSite","@id":"https:\/\/www.doriagrandhotel.it\/es\/#website","url":"https:\/\/www.doriagrandhotel.it\/es\/","name":"Doria Grand Hotel","description":"Official website of Doria Grand Hotel , a luxury  hotel in Milan center. Book your hotel in Milan at the best price","publisher":{"@id":"https:\/\/www.doriagrandhotel.it\/es\/#organization"},"alternateName":"Doria Grand Hotel","potentialAction":[{"@type":"SearchAction","target":{"@type":"EntryPoint","urlTemplate":"https:\/\/www.doriagrandhotel.it\/es\/?s={search_term_string}"},"query-input":{"@type":"PropertyValueSpecification","valueRequired":true,"valueName":"search_term_string"}}],"inLanguage":"es"},{"@type":"Organization","@id":"https:\/\/www.doriagrandhotel.it\/es\/#organization","name":"Doria Grand Hotel","alternateName":"Doria Grand Hotel","url":"https:\/\/www.doriagrandhotel.it\/es\/","logo":{"@type":"ImageObject","inLanguage":"es","@id":"https:\/\/www.doriagrandhotel.it\/es\/#\/schema\/logo\/image\/","url":"https:\/\/doria-grand-hotel.ms2.decms.eu\/wp-content\/uploads\/sites\/170\/2024\/09\/LOGO-DGH-tr.png","contentUrl":"https:\/\/doria-grand-hotel.ms2.decms.eu\/wp-content\/uploads\/sites\/170\/2024\/09\/LOGO-DGH-tr.png","width":230,"height":51,"caption":"Doria Grand Hotel"},"image":{"@id":"https:\/\/www.doriagrandhotel.it\/es\/#\/schema\/logo\/image\/"},"sameAs":["https:\/\/www.facebook.com\/Doria-Grand-Hotel-150382741666057\/","https:\/\/x.com\/adihotels","https:\/\/www.instagram.com\/doriagrandhotel\/?hl=en","https:\/\/www.linkedin.com\/company\/doria-grand-hotel\/","https:\/\/www.tripadvisor.com\/Hotel_Review-g187849-d202862-Reviews-Doria_Grand_Hotel-Milan_Lombardy.html"]}]}},"acf":[],"_links":{"self":[{"href":"https:\/\/www.doriagrandhotel.it\/es\/wp-json\/wp\/v2\/pages\/2628","targetHints":{"allow":["GET"]}}],"collection":[{"href":"https:\/\/www.doriagrandhotel.it\/es\/wp-json\/wp\/v2\/pages"}],"about":[{"href":"https:\/\/www.doriagrandhotel.it\/es\/wp-json\/wp\/v2\/types\/page"}],"author":[{"embeddable":true,"href":"https:\/\/www.doriagrandhotel.it\/es\/wp-json\/wp\/v2\/users\/12"}],"replies":[{"embeddable":true,"href":"https:\/\/www.doriagrandhotel.it\/es\/wp-json\/wp\/v2\/comments?post=2628"}],"version-history":[{"count":0,"href":"https:\/\/www.doriagrandhotel.it\/es\/wp-json\/wp\/v2\/pages\/2628\/revisions"}],"up":[{"embeddable":true,"href":"https:\/\/www.doriagrandhotel.it\/es\/wp-json\/wp\/v2\/pages\/2616"}],"wp:featuredmedia":[{"embeddable":true,"href":"https:\/\/www.doriagrandhotel.it\/es\/wp-json\/wp\/v2\/media\/713"}],"wp:attachment":[{"href":"https:\/\/www.doriagrandhotel.it\/es\/wp-json\/wp\/v2\/media?parent=2628"}],"curies":[{"name":"wp","href":"https:\/\/api.w.org\/{rel}","templated":true}]}}