{"id":2631,"date":"2024-11-04T13:20:55","date_gmt":"2024-11-04T13:20:55","guid":{"rendered":"https:\/\/doria-grand-hotel.ms2.decms.eu\/?page_id=2631"},"modified":"2025-01-17T16:59:13","modified_gmt":"2025-01-17T16:59:13","slug":"sala-saba","status":"publish","type":"page","link":"https:\/\/www.doriagrandhotel.it\/es\/salas-de-reuniones\/sala-saba\/","title":{"rendered":"Sala Saba"},"content":{"rendered":"<p>Ad\u00e9ntrate en nuestra segunda sala de reuniones m\u00e1s grande, la <strong>Sala Saba<\/strong>, el lugar perfecto para conferencias en Mil\u00e1n.<\/p>\n<p>Con un espacio amplio y elegantemente dise\u00f1ado, puede albergar c\u00f3modamente hasta 80 invitados. Las configuraciones flexibles de los asientos son ideales para fomentar la productividad, generar discusiones y crear encuentros memorables.<\/p>\n<p>En resumen, cada evento en la Sala Saba se convierte en una experiencia inolvidable.<\/p>\n","protected":false},"excerpt":{"rendered":"<p>Ad\u00e9ntrate en nuestra segunda sala de reuniones m\u00e1s grande, la Sala Saba, el lugar perfecto para conferencias en Mil\u00e1n. Con un espacio amplio y elegantemente dise\u00f1ado, puede albergar c\u00f3modamente hasta 80 invitados. Las configuraciones flexibles de los asientos son ideales para fomentar la productividad, generar discusiones y crear encuentros memorables. En resumen, cada evento en [&hellip;]<\/p>\n","protected":false},"author":12,"featured_media":603,"parent":2616,"menu_order":34,"comment_status":"closed","ping_status":"closed","template":"template-weddings.php","meta":{"footnotes":""},"yoast_head":"<!-- This site is optimized with the Yoast SEO plugin v22.3 - https:\/\/yoast.com\/wordpress\/plugins\/seo\/ -->\n<title>Lugar de Conferencias en Mil\u00e1n - Doria Grand Hotel<\/title>\n<meta name=\"description\" content=\"Organiza conferencias impactantes en la Sala Saba del Doria Grand Hotel. Este destacado lugar de conferencias en Mil\u00e1n ofrece instalaciones modernas para garantizar eventos exitosos.\" \/>\n<meta name=\"robots\" content=\"index, follow, max-snippet:-1, max-image-preview:large, max-video-preview:-1\" \/>\n<link rel=\"canonical\" href=\"https:\/\/www.doriagrandhotel.it\/es\/salas-de-reuniones\/sala-saba\/\" \/>\n<meta property=\"og:locale\" content=\"es_ES\" \/>\n<meta property=\"og:type\" content=\"article\" \/>\n<meta property=\"og:title\" content=\"Lugar de Conferencias en Mil\u00e1n - Doria Grand Hotel\" \/>\n<meta property=\"og:description\" content=\"Organiza conferencias impactantes en la Sala Saba del Doria Grand Hotel. Este destacado lugar de conferencias en Mil\u00e1n ofrece instalaciones modernas para garantizar eventos exitosos.\" \/>\n<meta property=\"og:url\" content=\"https:\/\/www.doriagrandhotel.it\/es\/salas-de-reuniones\/sala-saba\/\" \/>\n<meta property=\"og:site_name\" content=\"Doria Grand Hotel\" \/>\n<meta property=\"article:publisher\" content=\"https:\/\/www.facebook.com\/Doria-Grand-Hotel-150382741666057\/\" \/>\n<meta property=\"article:modified_time\" content=\"2025-01-17T16:59:13+00:00\" \/>\n<meta property=\"og:image\" content=\"https:\/\/www.doriagrandhotel.it\/wp-content\/uploads\/sites\/170\/2024\/11\/Doria_Meeting_Saba_02.jpg\" \/>\n\t<meta property=\"og:image:width\" content=\"1800\" \/>\n\t<meta property=\"og:image:height\" content=\"1200\" \/>\n\t<meta property=\"og:image:type\" content=\"image\/jpeg\" \/>\n<meta name=\"twitter:card\" content=\"summary_large_image\" \/>\n<meta name=\"twitter:site\" content=\"@adihotels\" \/>\n<meta name=\"twitter:label1\" content=\"Tiempo de lectura\" \/>\n\t<meta name=\"twitter:data1\" content=\"1 minuto\" \/>\n<script type=\"application\/ld+json\" class=\"yoast-schema-graph\">{\"@context\":\"https:\/\/schema.org\",\"@graph\":[{\"@type\":\"WebPage\",\"@id\":\"https:\/\/www.doriagrandhotel.it\/es\/salas-de-reuniones\/sala-saba\/\",\"url\":\"https:\/\/www.doriagrandhotel.it\/es\/salas-de-reuniones\/sala-saba\/\",\"name\":\"Lugar de Conferencias en Mil\u00e1n - Doria Grand Hotel\",\"isPartOf\":{\"@id\":\"https:\/\/www.doriagrandhotel.it\/es\/#website\"},\"primaryImageOfPage\":{\"@id\":\"https:\/\/www.doriagrandhotel.it\/es\/salas-de-reuniones\/sala-saba\/#primaryimage\"},\"image\":{\"@id\":\"https:\/\/www.doriagrandhotel.it\/es\/salas-de-reuniones\/sala-saba\/#primaryimage\"},\"thumbnailUrl\":\"https:\/\/www.doriagrandhotel.it\/wp-content\/uploads\/sites\/170\/2024\/11\/Doria_Meeting_Saba_02.jpg\",\"datePublished\":\"2024-11-04T13:20:55+00:00\",\"dateModified\":\"2025-01-17T16:59:13+00:00\",\"description\":\"Organiza conferencias impactantes en la Sala Saba del Doria Grand Hotel. Este destacado lugar de conferencias en Mil\u00e1n ofrece instalaciones modernas para garantizar eventos exitosos.\",\"breadcrumb\":{\"@id\":\"https:\/\/www.doriagrandhotel.it\/es\/salas-de-reuniones\/sala-saba\/#breadcrumb\"},\"inLanguage\":\"es\",\"potentialAction\":[{\"@type\":\"ReadAction\",\"target\":[\"https:\/\/www.doriagrandhotel.it\/es\/salas-de-reuniones\/sala-saba\/\"]}]},{\"@type\":\"ImageObject\",\"inLanguage\":\"es\",\"@id\":\"https:\/\/www.doriagrandhotel.it\/es\/salas-de-reuniones\/sala-saba\/#primaryimage\",\"url\":\"https:\/\/www.doriagrandhotel.it\/wp-content\/uploads\/sites\/170\/2024\/11\/Doria_Meeting_Saba_02.jpg\",\"contentUrl\":\"https:\/\/www.doriagrandhotel.it\/wp-content\/uploads\/sites\/170\/2024\/11\/Doria_Meeting_Saba_02.jpg\",\"width\":1800,\"height\":1200},{\"@type\":\"BreadcrumbList\",\"@id\":\"https:\/\/www.doriagrandhotel.it\/es\/salas-de-reuniones\/sala-saba\/#breadcrumb\",\"itemListElement\":[{\"@type\":\"ListItem\",\"position\":1,\"name\":\"Home\",\"item\":\"https:\/\/www.doriagrandhotel.it\/es\/bienvenido-a-doria-grand-hotel\/\"},{\"@type\":\"ListItem\",\"position\":2,\"name\":\"Salas de Reuniones\",\"item\":\"https:\/\/www.doriagrandhotel.it\/es\/salas-de-reuniones\/\"},{\"@type\":\"ListItem\",\"position\":3,\"name\":\"Sala Saba\"}]},{\"@type\":\"WebSite\",\"@id\":\"https:\/\/www.doriagrandhotel.it\/es\/#website\",\"url\":\"https:\/\/www.doriagrandhotel.it\/es\/\",\"name\":\"Doria Grand Hotel\",\"description\":\"Official website of Doria Grand Hotel , a luxury  hotel in Milan center. Book your hotel in Milan at the best price\",\"publisher\":{\"@id\":\"https:\/\/www.doriagrandhotel.it\/es\/#organization\"},\"alternateName\":\"Doria Grand Hotel\",\"potentialAction\":[{\"@type\":\"SearchAction\",\"target\":{\"@type\":\"EntryPoint\",\"urlTemplate\":\"https:\/\/www.doriagrandhotel.it\/es\/?s={search_term_string}\"},\"query-input\":\"required name=search_term_string\"}],\"inLanguage\":\"es\"},{\"@type\":\"Organization\",\"@id\":\"https:\/\/www.doriagrandhotel.it\/es\/#organization\",\"name\":\"Doria Grand Hotel\",\"alternateName\":\"Doria Grand Hotel\",\"url\":\"https:\/\/www.doriagrandhotel.it\/es\/\",\"logo\":{\"@type\":\"ImageObject\",\"inLanguage\":\"es\",\"@id\":\"https:\/\/www.doriagrandhotel.it\/es\/#\/schema\/logo\/image\/\",\"url\":\"https:\/\/doria-grand-hotel.ms2.decms.eu\/wp-content\/uploads\/sites\/170\/2024\/09\/LOGO-DGH-tr.png\",\"contentUrl\":\"https:\/\/doria-grand-hotel.ms2.decms.eu\/wp-content\/uploads\/sites\/170\/2024\/09\/LOGO-DGH-tr.png\",\"width\":230,\"height\":51,\"caption\":\"Doria Grand Hotel\"},\"image\":{\"@id\":\"https:\/\/www.doriagrandhotel.it\/es\/#\/schema\/logo\/image\/\"},\"sameAs\":[\"https:\/\/www.facebook.com\/Doria-Grand-Hotel-150382741666057\/\",\"https:\/\/twitter.com\/adihotels\",\"https:\/\/www.instagram.com\/doriagrandhotel\/?hl=en\",\"https:\/\/www.linkedin.com\/company\/doria-grand-hotel\/\",\"https:\/\/www.tripadvisor.com\/Hotel_Review-g187849-d202862-Reviews-Doria_Grand_Hotel-Milan_Lombardy.html\"]}]}<\/script>\n<!-- \/ Yoast SEO plugin. -->","yoast_head_json":{"title":"Lugar de Conferencias en Mil\u00e1n - Doria Grand Hotel","description":"Organiza conferencias impactantes en la Sala Saba del Doria Grand Hotel. Este destacado lugar de conferencias en Mil\u00e1n ofrece instalaciones modernas para garantizar eventos exitosos.","robots":{"index":"index","follow":"follow","max-snippet":"max-snippet:-1","max-image-preview":"max-image-preview:large","max-video-preview":"max-video-preview:-1"},"canonical":"https:\/\/www.doriagrandhotel.it\/es\/salas-de-reuniones\/sala-saba\/","og_locale":"es_ES","og_type":"article","og_title":"Lugar de Conferencias en Mil\u00e1n - Doria Grand Hotel","og_description":"Organiza conferencias impactantes en la Sala Saba del Doria Grand Hotel. Este destacado lugar de conferencias en Mil\u00e1n ofrece instalaciones modernas para garantizar eventos exitosos.","og_url":"https:\/\/www.doriagrandhotel.it\/es\/salas-de-reuniones\/sala-saba\/","og_site_name":"Doria Grand Hotel","article_publisher":"https:\/\/www.facebook.com\/Doria-Grand-Hotel-150382741666057\/","article_modified_time":"2025-01-17T16:59:13+00:00","og_image":[{"width":1800,"height":1200,"url":"https:\/\/www.doriagrandhotel.it\/wp-content\/uploads\/sites\/170\/2024\/11\/Doria_Meeting_Saba_02.jpg","type":"image\/jpeg"}],"twitter_card":"summary_large_image","twitter_site":"@adihotels","twitter_misc":{"Tiempo de lectura":"1 minuto"},"schema":{"@context":"https:\/\/schema.org","@graph":[{"@type":"WebPage","@id":"https:\/\/www.doriagrandhotel.it\/es\/salas-de-reuniones\/sala-saba\/","url":"https:\/\/www.doriagrandhotel.it\/es\/salas-de-reuniones\/sala-saba\/","name":"Lugar de Conferencias en Mil\u00e1n - Doria Grand Hotel","isPartOf":{"@id":"https:\/\/www.doriagrandhotel.it\/es\/#website"},"primaryImageOfPage":{"@id":"https:\/\/www.doriagrandhotel.it\/es\/salas-de-reuniones\/sala-saba\/#primaryimage"},"image":{"@id":"https:\/\/www.doriagrandhotel.it\/es\/salas-de-reuniones\/sala-saba\/#primaryimage"},"thumbnailUrl":"https:\/\/www.doriagrandhotel.it\/wp-content\/uploads\/sites\/170\/2024\/11\/Doria_Meeting_Saba_02.jpg","datePublished":"2024-11-04T13:20:55+00:00","dateModified":"2025-01-17T16:59:13+00:00","description":"Organiza conferencias impactantes en la Sala Saba del Doria Grand Hotel. Este destacado lugar de conferencias en Mil\u00e1n ofrece instalaciones modernas para garantizar eventos exitosos.","breadcrumb":{"@id":"https:\/\/www.doriagrandhotel.it\/es\/salas-de-reuniones\/sala-saba\/#breadcrumb"},"inLanguage":"es","potentialAction":[{"@type":"ReadAction","target":["https:\/\/www.doriagrandhotel.it\/es\/salas-de-reuniones\/sala-saba\/"]}]},{"@type":"ImageObject","inLanguage":"es","@id":"https:\/\/www.doriagrandhotel.it\/es\/salas-de-reuniones\/sala-saba\/#primaryimage","url":"https:\/\/www.doriagrandhotel.it\/wp-content\/uploads\/sites\/170\/2024\/11\/Doria_Meeting_Saba_02.jpg","contentUrl":"https:\/\/www.doriagrandhotel.it\/wp-content\/uploads\/sites\/170\/2024\/11\/Doria_Meeting_Saba_02.jpg","width":1800,"height":1200},{"@type":"BreadcrumbList","@id":"https:\/\/www.doriagrandhotel.it\/es\/salas-de-reuniones\/sala-saba\/#breadcrumb","itemListElement":[{"@type":"ListItem","position":1,"name":"Home","item":"https:\/\/www.doriagrandhotel.it\/es\/bienvenido-a-doria-grand-hotel\/"},{"@type":"ListItem","position":2,"name":"Salas de Reuniones","item":"https:\/\/www.doriagrandhotel.it\/es\/salas-de-reuniones\/"},{"@type":"ListItem","position":3,"name":"Sala Saba"}]},{"@type":"WebSite","@id":"https:\/\/www.doriagrandhotel.it\/es\/#website","url":"https:\/\/www.doriagrandhotel.it\/es\/","name":"Doria Grand Hotel","description":"Official website of Doria Grand Hotel , a luxury  hotel in Milan center. Book your hotel in Milan at the best price","publisher":{"@id":"https:\/\/www.doriagrandhotel.it\/es\/#organization"},"alternateName":"Doria Grand Hotel","potentialAction":[{"@type":"SearchAction","target":{"@type":"EntryPoint","urlTemplate":"https:\/\/www.doriagrandhotel.it\/es\/?s={search_term_string}"},"query-input":"required name=search_term_string"}],"inLanguage":"es"},{"@type":"Organization","@id":"https:\/\/www.doriagrandhotel.it\/es\/#organization","name":"Doria Grand Hotel","alternateName":"Doria Grand Hotel","url":"https:\/\/www.doriagrandhotel.it\/es\/","logo":{"@type":"ImageObject","inLanguage":"es","@id":"https:\/\/www.doriagrandhotel.it\/es\/#\/schema\/logo\/image\/","url":"https:\/\/doria-grand-hotel.ms2.decms.eu\/wp-content\/uploads\/sites\/170\/2024\/09\/LOGO-DGH-tr.png","contentUrl":"https:\/\/doria-grand-hotel.ms2.decms.eu\/wp-content\/uploads\/sites\/170\/2024\/09\/LOGO-DGH-tr.png","width":230,"height":51,"caption":"Doria Grand Hotel"},"image":{"@id":"https:\/\/www.doriagrandhotel.it\/es\/#\/schema\/logo\/image\/"},"sameAs":["https:\/\/www.facebook.com\/Doria-Grand-Hotel-150382741666057\/","https:\/\/twitter.com\/adihotels","https:\/\/www.instagram.com\/doriagrandhotel\/?hl=en","https:\/\/www.linkedin.com\/company\/doria-grand-hotel\/","https:\/\/www.tripadvisor.com\/Hotel_Review-g187849-d202862-Reviews-Doria_Grand_Hotel-Milan_Lombardy.html"]}]}},"acf":[],"_links":{"self":[{"href":"https:\/\/www.doriagrandhotel.it\/es\/wp-json\/wp\/v2\/pages\/2631"}],"collection":[{"href":"https:\/\/www.doriagrandhotel.it\/es\/wp-json\/wp\/v2\/pages"}],"about":[{"href":"https:\/\/www.doriagrandhotel.it\/es\/wp-json\/wp\/v2\/types\/page"}],"author":[{"embeddable":true,"href":"https:\/\/www.doriagrandhotel.it\/es\/wp-json\/wp\/v2\/users\/12"}],"replies":[{"embeddable":true,"href":"https:\/\/www.doriagrandhotel.it\/es\/wp-json\/wp\/v2\/comments?post=2631"}],"version-history":[{"count":0,"href":"https:\/\/www.doriagrandhotel.it\/es\/wp-json\/wp\/v2\/pages\/2631\/revisions"}],"up":[{"embeddable":true,"href":"https:\/\/www.doriagrandhotel.it\/es\/wp-json\/wp\/v2\/pages\/2616"}],"wp:featuredmedia":[{"embeddable":true,"href":"https:\/\/www.doriagrandhotel.it\/es\/wp-json\/wp\/v2\/media\/603"}],"wp:attachment":[{"href":"https:\/\/www.doriagrandhotel.it\/es\/wp-json\/wp\/v2\/media?parent=2631"}],"curies":[{"name":"wp","href":"https:\/\/api.w.org\/{rel}","templated":true}]}}