{"id":2637,"date":"2024-09-27T09:43:28","date_gmt":"2024-09-27T09:43:28","guid":{"rendered":"https:\/\/doria-grand-hotel.ms2.decms.eu\/?page_id=2637"},"modified":"2025-01-21T09:31:42","modified_gmt":"2025-01-21T09:31:42","slug":"comidas-y-bebidas","status":"publish","type":"page","link":"https:\/\/www.doriagrandhotel.it\/es\/comidas-y-bebidas\/","title":{"rendered":"Comidas y Bebidas"},"content":{"rendered":"<p>En la ciudad de Mil\u00e1n, epicentro de la moda, t\u00f3mate un momento para sumergirte en las exquisitas delicias culinarias que te esperan. Ya sea que est\u00e9s en la ciudad para una importante reuni\u00f3n de negocios, disfrutando de la electrizante atm\u00f3sfera de un concierto en el legendario estadio San Siro o simplemente dej\u00e1ndote llevar por el encanto cautivador de Mil\u00e1n, es esencial abrazar la esencia del <strong>Dolce Far Niente<\/strong> \u2014 el arte de no hacer nada.<\/p>\n","protected":false},"excerpt":{"rendered":"<p>En la ciudad de Mil\u00e1n, epicentro de la moda, t\u00f3mate un momento para sumergirte en las exquisitas delicias culinarias que te esperan. Ya sea que est\u00e9s en la ciudad para una importante reuni\u00f3n de negocios, disfrutando de la electrizante atm\u00f3sfera de un concierto en el legendario estadio San Siro o simplemente dej\u00e1ndote llevar por el [&hellip;]<\/p>\n","protected":false},"author":12,"featured_media":0,"parent":0,"menu_order":15,"comment_status":"closed","ping_status":"closed","template":"template-restaurants.php","meta":{"footnotes":""},"yoast_head":"<!-- This site is optimized with the Yoast SEO plugin v22.3 - https:\/\/yoast.com\/wordpress\/plugins\/seo\/ -->\n<title>Hotel y Restaurante en Mil\u00e1n - Doria Grand Hotel<\/title>\n<meta name=\"description\" content=\"\u00danete a nosotros en el Doria Grand Hotel para una experiencia gastron\u00f3mica inolvidable. Nuestro restaurante y caf\u00e9 del hotel ofrecen el refugio culinario perfecto en Mil\u00e1n, Italia\" \/>\n<meta name=\"robots\" content=\"index, follow, max-snippet:-1, max-image-preview:large, max-video-preview:-1\" \/>\n<link rel=\"canonical\" href=\"https:\/\/www.doriagrandhotel.it\/es\/comidas-y-bebidas\/\" \/>\n<meta property=\"og:locale\" content=\"es_ES\" \/>\n<meta property=\"og:type\" content=\"article\" \/>\n<meta property=\"og:title\" content=\"Hotel y Restaurante en Mil\u00e1n - Doria Grand Hotel\" \/>\n<meta property=\"og:description\" content=\"\u00danete a nosotros en el Doria Grand Hotel para una experiencia gastron\u00f3mica inolvidable. Nuestro restaurante y caf\u00e9 del hotel ofrecen el refugio culinario perfecto en Mil\u00e1n, Italia\" \/>\n<meta property=\"og:url\" content=\"https:\/\/www.doriagrandhotel.it\/es\/comidas-y-bebidas\/\" \/>\n<meta property=\"og:site_name\" content=\"Doria Grand Hotel\" \/>\n<meta property=\"article:publisher\" content=\"https:\/\/www.facebook.com\/Doria-Grand-Hotel-150382741666057\/\" \/>\n<meta property=\"article:modified_time\" content=\"2025-01-21T09:31:42+00:00\" \/>\n<meta property=\"og:image\" content=\"https:\/\/www.doriagrandhotel.it\/wp-content\/uploads\/sites\/170\/2024\/11\/Doria-Grand-Hotel-Milan-Exterior.jpg\" \/>\n\t<meta property=\"og:image:width\" content=\"1280\" \/>\n\t<meta property=\"og:image:height\" content=\"853\" \/>\n\t<meta property=\"og:image:type\" content=\"image\/jpeg\" \/>\n<meta name=\"twitter:card\" content=\"summary_large_image\" \/>\n<meta name=\"twitter:site\" content=\"@adihotels\" \/>\n<meta name=\"twitter:label1\" content=\"Tiempo de lectura\" \/>\n\t<meta name=\"twitter:data1\" content=\"1 minuto\" \/>\n<script type=\"application\/ld+json\" class=\"yoast-schema-graph\">{\"@context\":\"https:\/\/schema.org\",\"@graph\":[{\"@type\":\"WebPage\",\"@id\":\"https:\/\/www.doriagrandhotel.it\/es\/comidas-y-bebidas\/\",\"url\":\"https:\/\/www.doriagrandhotel.it\/es\/comidas-y-bebidas\/\",\"name\":\"Hotel y Restaurante en Mil\u00e1n - Doria Grand Hotel\",\"isPartOf\":{\"@id\":\"https:\/\/www.doriagrandhotel.it\/es\/#website\"},\"datePublished\":\"2024-09-27T09:43:28+00:00\",\"dateModified\":\"2025-01-21T09:31:42+00:00\",\"description\":\"\u00danete a nosotros en el Doria Grand Hotel para una experiencia gastron\u00f3mica inolvidable. Nuestro restaurante y caf\u00e9 del hotel ofrecen el refugio culinario perfecto en Mil\u00e1n, Italia\",\"breadcrumb\":{\"@id\":\"https:\/\/www.doriagrandhotel.it\/es\/comidas-y-bebidas\/#breadcrumb\"},\"inLanguage\":\"es\",\"potentialAction\":[{\"@type\":\"ReadAction\",\"target\":[\"https:\/\/www.doriagrandhotel.it\/es\/comidas-y-bebidas\/\"]}]},{\"@type\":\"BreadcrumbList\",\"@id\":\"https:\/\/www.doriagrandhotel.it\/es\/comidas-y-bebidas\/#breadcrumb\",\"itemListElement\":[{\"@type\":\"ListItem\",\"position\":1,\"name\":\"Home\",\"item\":\"https:\/\/www.doriagrandhotel.it\/es\/bienvenido-a-doria-grand-hotel\/\"},{\"@type\":\"ListItem\",\"position\":2,\"name\":\"Comidas y Bebidas\"}]},{\"@type\":\"WebSite\",\"@id\":\"https:\/\/www.doriagrandhotel.it\/es\/#website\",\"url\":\"https:\/\/www.doriagrandhotel.it\/es\/\",\"name\":\"Doria Grand Hotel\",\"description\":\"Official website of Doria Grand Hotel , a luxury  hotel in Milan center. Book your hotel in Milan at the best price\",\"publisher\":{\"@id\":\"https:\/\/www.doriagrandhotel.it\/es\/#organization\"},\"alternateName\":\"Doria Grand Hotel\",\"potentialAction\":[{\"@type\":\"SearchAction\",\"target\":{\"@type\":\"EntryPoint\",\"urlTemplate\":\"https:\/\/www.doriagrandhotel.it\/es\/?s={search_term_string}\"},\"query-input\":\"required name=search_term_string\"}],\"inLanguage\":\"es\"},{\"@type\":\"Organization\",\"@id\":\"https:\/\/www.doriagrandhotel.it\/es\/#organization\",\"name\":\"Doria Grand Hotel\",\"alternateName\":\"Doria Grand Hotel\",\"url\":\"https:\/\/www.doriagrandhotel.it\/es\/\",\"logo\":{\"@type\":\"ImageObject\",\"inLanguage\":\"es\",\"@id\":\"https:\/\/www.doriagrandhotel.it\/es\/#\/schema\/logo\/image\/\",\"url\":\"https:\/\/doria-grand-hotel.ms2.decms.eu\/wp-content\/uploads\/sites\/170\/2024\/09\/LOGO-DGH-tr.png\",\"contentUrl\":\"https:\/\/doria-grand-hotel.ms2.decms.eu\/wp-content\/uploads\/sites\/170\/2024\/09\/LOGO-DGH-tr.png\",\"width\":230,\"height\":51,\"caption\":\"Doria Grand Hotel\"},\"image\":{\"@id\":\"https:\/\/www.doriagrandhotel.it\/es\/#\/schema\/logo\/image\/\"},\"sameAs\":[\"https:\/\/www.facebook.com\/Doria-Grand-Hotel-150382741666057\/\",\"https:\/\/twitter.com\/adihotels\",\"https:\/\/www.instagram.com\/doriagrandhotel\/?hl=en\",\"https:\/\/www.linkedin.com\/company\/doria-grand-hotel\/\",\"https:\/\/www.tripadvisor.com\/Hotel_Review-g187849-d202862-Reviews-Doria_Grand_Hotel-Milan_Lombardy.html\"]}]}<\/script>\n<!-- \/ Yoast SEO plugin. -->","yoast_head_json":{"title":"Hotel y Restaurante en Mil\u00e1n - Doria Grand Hotel","description":"\u00danete a nosotros en el Doria Grand Hotel para una experiencia gastron\u00f3mica inolvidable. Nuestro restaurante y caf\u00e9 del hotel ofrecen el refugio culinario perfecto en Mil\u00e1n, Italia","robots":{"index":"index","follow":"follow","max-snippet":"max-snippet:-1","max-image-preview":"max-image-preview:large","max-video-preview":"max-video-preview:-1"},"canonical":"https:\/\/www.doriagrandhotel.it\/es\/comidas-y-bebidas\/","og_locale":"es_ES","og_type":"article","og_title":"Hotel y Restaurante en Mil\u00e1n - Doria Grand Hotel","og_description":"\u00danete a nosotros en el Doria Grand Hotel para una experiencia gastron\u00f3mica inolvidable. Nuestro restaurante y caf\u00e9 del hotel ofrecen el refugio culinario perfecto en Mil\u00e1n, Italia","og_url":"https:\/\/www.doriagrandhotel.it\/es\/comidas-y-bebidas\/","og_site_name":"Doria Grand Hotel","article_publisher":"https:\/\/www.facebook.com\/Doria-Grand-Hotel-150382741666057\/","article_modified_time":"2025-01-21T09:31:42+00:00","og_image":[{"width":1280,"height":853,"url":"https:\/\/www.doriagrandhotel.it\/wp-content\/uploads\/sites\/170\/2024\/11\/Doria-Grand-Hotel-Milan-Exterior.jpg","type":"image\/jpeg"}],"twitter_card":"summary_large_image","twitter_site":"@adihotels","twitter_misc":{"Tiempo de lectura":"1 minuto"},"schema":{"@context":"https:\/\/schema.org","@graph":[{"@type":"WebPage","@id":"https:\/\/www.doriagrandhotel.it\/es\/comidas-y-bebidas\/","url":"https:\/\/www.doriagrandhotel.it\/es\/comidas-y-bebidas\/","name":"Hotel y Restaurante en Mil\u00e1n - Doria Grand Hotel","isPartOf":{"@id":"https:\/\/www.doriagrandhotel.it\/es\/#website"},"datePublished":"2024-09-27T09:43:28+00:00","dateModified":"2025-01-21T09:31:42+00:00","description":"\u00danete a nosotros en el Doria Grand Hotel para una experiencia gastron\u00f3mica inolvidable. Nuestro restaurante y caf\u00e9 del hotel ofrecen el refugio culinario perfecto en Mil\u00e1n, Italia","breadcrumb":{"@id":"https:\/\/www.doriagrandhotel.it\/es\/comidas-y-bebidas\/#breadcrumb"},"inLanguage":"es","potentialAction":[{"@type":"ReadAction","target":["https:\/\/www.doriagrandhotel.it\/es\/comidas-y-bebidas\/"]}]},{"@type":"BreadcrumbList","@id":"https:\/\/www.doriagrandhotel.it\/es\/comidas-y-bebidas\/#breadcrumb","itemListElement":[{"@type":"ListItem","position":1,"name":"Home","item":"https:\/\/www.doriagrandhotel.it\/es\/bienvenido-a-doria-grand-hotel\/"},{"@type":"ListItem","position":2,"name":"Comidas y Bebidas"}]},{"@type":"WebSite","@id":"https:\/\/www.doriagrandhotel.it\/es\/#website","url":"https:\/\/www.doriagrandhotel.it\/es\/","name":"Doria Grand Hotel","description":"Official website of Doria Grand Hotel , a luxury  hotel in Milan center. Book your hotel in Milan at the best price","publisher":{"@id":"https:\/\/www.doriagrandhotel.it\/es\/#organization"},"alternateName":"Doria Grand Hotel","potentialAction":[{"@type":"SearchAction","target":{"@type":"EntryPoint","urlTemplate":"https:\/\/www.doriagrandhotel.it\/es\/?s={search_term_string}"},"query-input":"required name=search_term_string"}],"inLanguage":"es"},{"@type":"Organization","@id":"https:\/\/www.doriagrandhotel.it\/es\/#organization","name":"Doria Grand Hotel","alternateName":"Doria Grand Hotel","url":"https:\/\/www.doriagrandhotel.it\/es\/","logo":{"@type":"ImageObject","inLanguage":"es","@id":"https:\/\/www.doriagrandhotel.it\/es\/#\/schema\/logo\/image\/","url":"https:\/\/doria-grand-hotel.ms2.decms.eu\/wp-content\/uploads\/sites\/170\/2024\/09\/LOGO-DGH-tr.png","contentUrl":"https:\/\/doria-grand-hotel.ms2.decms.eu\/wp-content\/uploads\/sites\/170\/2024\/09\/LOGO-DGH-tr.png","width":230,"height":51,"caption":"Doria Grand Hotel"},"image":{"@id":"https:\/\/www.doriagrandhotel.it\/es\/#\/schema\/logo\/image\/"},"sameAs":["https:\/\/www.facebook.com\/Doria-Grand-Hotel-150382741666057\/","https:\/\/twitter.com\/adihotels","https:\/\/www.instagram.com\/doriagrandhotel\/?hl=en","https:\/\/www.linkedin.com\/company\/doria-grand-hotel\/","https:\/\/www.tripadvisor.com\/Hotel_Review-g187849-d202862-Reviews-Doria_Grand_Hotel-Milan_Lombardy.html"]}]}},"acf":[],"_links":{"self":[{"href":"https:\/\/www.doriagrandhotel.it\/es\/wp-json\/wp\/v2\/pages\/2637"}],"collection":[{"href":"https:\/\/www.doriagrandhotel.it\/es\/wp-json\/wp\/v2\/pages"}],"about":[{"href":"https:\/\/www.doriagrandhotel.it\/es\/wp-json\/wp\/v2\/types\/page"}],"author":[{"embeddable":true,"href":"https:\/\/www.doriagrandhotel.it\/es\/wp-json\/wp\/v2\/users\/12"}],"replies":[{"embeddable":true,"href":"https:\/\/www.doriagrandhotel.it\/es\/wp-json\/wp\/v2\/comments?post=2637"}],"version-history":[{"count":0,"href":"https:\/\/www.doriagrandhotel.it\/es\/wp-json\/wp\/v2\/pages\/2637\/revisions"}],"wp:attachment":[{"href":"https:\/\/www.doriagrandhotel.it\/es\/wp-json\/wp\/v2\/media?parent=2637"}],"curies":[{"name":"wp","href":"https:\/\/api.w.org\/{rel}","templated":true}]}}