{"id":2652,"date":"2024-11-08T12:58:52","date_gmt":"2024-11-08T12:58:52","guid":{"rendered":"https:\/\/doria-grand-hotel.ms2.decms.eu\/?page_id=2652"},"modified":"2025-01-21T09:08:23","modified_gmt":"2025-01-21T09:08:23","slug":"restaurante-il-capriccio","status":"publish","type":"page","link":"https:\/\/www.doriagrandhotel.it\/es\/comidas-y-bebidas\/restaurante-il-capriccio\/","title":{"rendered":"Restaurante \u201cIl Capriccio\u201d"},"content":{"rendered":"<p>Nuestros muebles de principios del siglo XX evocan el encanto de un jard\u00edn de invierno. Desde los c\u00e1lidos acabados en madera de roble hasta la elegante tapicer\u00eda francesa, cada detalle invita a disfrutar de un ambiente de armon\u00eda y bienestar, convirti\u00e9ndose en el escenario perfecto para momentos rom\u00e1nticos inolvidables.<\/p>\n","protected":false},"excerpt":{"rendered":"<p>Nuestros muebles de principios del siglo XX evocan el encanto de un jard\u00edn de invierno. Desde los c\u00e1lidos acabados en madera de roble hasta la elegante tapicer\u00eda francesa, cada detalle invita a disfrutar de un ambiente de armon\u00eda y bienestar, convirti\u00e9ndose en el escenario perfecto para momentos rom\u00e1nticos inolvidables.<\/p>\n","protected":false},"author":12,"featured_media":1338,"parent":2637,"menu_order":21,"comment_status":"closed","ping_status":"closed","template":"template-single-restaurant.php","meta":{"footnotes":""},"yoast_head":"<!-- This site is optimized with the Yoast SEO plugin v22.3 - https:\/\/yoast.com\/wordpress\/plugins\/seo\/ -->\n<title>Restaurante \u201cIl Capriccio\u201d - Doria Grand Hotel<\/title>\n<meta name=\"description\" content=\"\u00danete a nosotros en &quot;Il Capriccio&quot; para una experiencia culinaria inolvidable en el Doria Grand Hotel. Descubre la combinaci\u00f3n perfecta de sabor y ambiente en Mil\u00e1n.\" \/>\n<meta name=\"robots\" content=\"index, follow, max-snippet:-1, max-image-preview:large, max-video-preview:-1\" \/>\n<link rel=\"canonical\" href=\"https:\/\/www.doriagrandhotel.it\/es\/comidas-y-bebidas\/restaurante-il-capriccio\/\" \/>\n<meta property=\"og:locale\" content=\"es_ES\" \/>\n<meta property=\"og:type\" content=\"article\" \/>\n<meta property=\"og:title\" content=\"Restaurante \u201cIl Capriccio\u201d - Doria Grand Hotel\" \/>\n<meta property=\"og:description\" content=\"\u00danete a nosotros en &quot;Il Capriccio&quot; para una experiencia culinaria inolvidable en el Doria Grand Hotel. Descubre la combinaci\u00f3n perfecta de sabor y ambiente en Mil\u00e1n.\" \/>\n<meta property=\"og:url\" content=\"https:\/\/www.doriagrandhotel.it\/es\/comidas-y-bebidas\/restaurante-il-capriccio\/\" \/>\n<meta property=\"og:site_name\" content=\"Doria Grand Hotel\" \/>\n<meta property=\"article:publisher\" content=\"https:\/\/www.facebook.com\/Doria-Grand-Hotel-150382741666057\/\" \/>\n<meta property=\"article:modified_time\" content=\"2025-01-21T09:08:23+00:00\" \/>\n<meta property=\"og:image\" content=\"http:\/\/www.doriagrandhotel.it\/wp-content\/uploads\/sites\/170\/2024\/11\/Ristorante_02-Sito.jpg\" \/>\n\t<meta property=\"og:image:width\" content=\"1800\" \/>\n\t<meta property=\"og:image:height\" content=\"1200\" \/>\n\t<meta property=\"og:image:type\" content=\"image\/jpeg\" \/>\n<meta name=\"twitter:card\" content=\"summary_large_image\" \/>\n<meta name=\"twitter:site\" content=\"@adihotels\" \/>\n<meta name=\"twitter:label1\" content=\"Tiempo de lectura\" \/>\n\t<meta name=\"twitter:data1\" content=\"1 minuto\" \/>\n<script type=\"application\/ld+json\" class=\"yoast-schema-graph\">{\"@context\":\"https:\/\/schema.org\",\"@graph\":[{\"@type\":\"WebPage\",\"@id\":\"https:\/\/www.doriagrandhotel.it\/es\/comidas-y-bebidas\/restaurante-il-capriccio\/\",\"url\":\"https:\/\/www.doriagrandhotel.it\/es\/comidas-y-bebidas\/restaurante-il-capriccio\/\",\"name\":\"Restaurante \u201cIl Capriccio\u201d - Doria Grand Hotel\",\"isPartOf\":{\"@id\":\"https:\/\/www.doriagrandhotel.it\/es\/#website\"},\"primaryImageOfPage\":{\"@id\":\"https:\/\/www.doriagrandhotel.it\/es\/comidas-y-bebidas\/restaurante-il-capriccio\/#primaryimage\"},\"image\":{\"@id\":\"https:\/\/www.doriagrandhotel.it\/es\/comidas-y-bebidas\/restaurante-il-capriccio\/#primaryimage\"},\"thumbnailUrl\":\"https:\/\/www.doriagrandhotel.it\/wp-content\/uploads\/sites\/170\/2024\/11\/Ristorante_02-Sito.jpg\",\"datePublished\":\"2024-11-08T12:58:52+00:00\",\"dateModified\":\"2025-01-21T09:08:23+00:00\",\"description\":\"\u00danete a nosotros en \\\"Il Capriccio\\\" para una experiencia culinaria inolvidable en el Doria Grand Hotel. Descubre la combinaci\u00f3n perfecta de sabor y ambiente en Mil\u00e1n.\",\"breadcrumb\":{\"@id\":\"https:\/\/www.doriagrandhotel.it\/es\/comidas-y-bebidas\/restaurante-il-capriccio\/#breadcrumb\"},\"inLanguage\":\"es\",\"potentialAction\":[{\"@type\":\"ReadAction\",\"target\":[\"https:\/\/www.doriagrandhotel.it\/es\/comidas-y-bebidas\/restaurante-il-capriccio\/\"]}]},{\"@type\":\"ImageObject\",\"inLanguage\":\"es\",\"@id\":\"https:\/\/www.doriagrandhotel.it\/es\/comidas-y-bebidas\/restaurante-il-capriccio\/#primaryimage\",\"url\":\"https:\/\/www.doriagrandhotel.it\/wp-content\/uploads\/sites\/170\/2024\/11\/Ristorante_02-Sito.jpg\",\"contentUrl\":\"https:\/\/www.doriagrandhotel.it\/wp-content\/uploads\/sites\/170\/2024\/11\/Ristorante_02-Sito.jpg\",\"width\":1800,\"height\":1200},{\"@type\":\"BreadcrumbList\",\"@id\":\"https:\/\/www.doriagrandhotel.it\/es\/comidas-y-bebidas\/restaurante-il-capriccio\/#breadcrumb\",\"itemListElement\":[{\"@type\":\"ListItem\",\"position\":1,\"name\":\"Home\",\"item\":\"https:\/\/www.doriagrandhotel.it\/es\/bienvenido-a-doria-grand-hotel\/\"},{\"@type\":\"ListItem\",\"position\":2,\"name\":\"Comidas y Bebidas\",\"item\":\"https:\/\/www.doriagrandhotel.it\/es\/food-drink\/\"},{\"@type\":\"ListItem\",\"position\":3,\"name\":\"Restaurante \u201cIl Capriccio\u201d\"}]},{\"@type\":\"WebSite\",\"@id\":\"https:\/\/www.doriagrandhotel.it\/es\/#website\",\"url\":\"https:\/\/www.doriagrandhotel.it\/es\/\",\"name\":\"Doria Grand Hotel\",\"description\":\"Official website of Doria Grand Hotel , a luxury  hotel in Milan center. Book your hotel in Milan at the best price\",\"publisher\":{\"@id\":\"https:\/\/www.doriagrandhotel.it\/es\/#organization\"},\"alternateName\":\"Doria Grand Hotel\",\"potentialAction\":[{\"@type\":\"SearchAction\",\"target\":{\"@type\":\"EntryPoint\",\"urlTemplate\":\"https:\/\/www.doriagrandhotel.it\/es\/?s={search_term_string}\"},\"query-input\":\"required name=search_term_string\"}],\"inLanguage\":\"es\"},{\"@type\":\"Organization\",\"@id\":\"https:\/\/www.doriagrandhotel.it\/es\/#organization\",\"name\":\"Doria Grand Hotel\",\"alternateName\":\"Doria Grand Hotel\",\"url\":\"https:\/\/www.doriagrandhotel.it\/es\/\",\"logo\":{\"@type\":\"ImageObject\",\"inLanguage\":\"es\",\"@id\":\"https:\/\/www.doriagrandhotel.it\/es\/#\/schema\/logo\/image\/\",\"url\":\"https:\/\/doria-grand-hotel.ms2.decms.eu\/wp-content\/uploads\/sites\/170\/2024\/09\/LOGO-DGH-tr.png\",\"contentUrl\":\"https:\/\/doria-grand-hotel.ms2.decms.eu\/wp-content\/uploads\/sites\/170\/2024\/09\/LOGO-DGH-tr.png\",\"width\":230,\"height\":51,\"caption\":\"Doria Grand Hotel\"},\"image\":{\"@id\":\"https:\/\/www.doriagrandhotel.it\/es\/#\/schema\/logo\/image\/\"},\"sameAs\":[\"https:\/\/www.facebook.com\/Doria-Grand-Hotel-150382741666057\/\",\"https:\/\/twitter.com\/adihotels\",\"https:\/\/www.instagram.com\/doriagrandhotel\/?hl=en\",\"https:\/\/www.linkedin.com\/company\/doria-grand-hotel\/\",\"https:\/\/www.tripadvisor.com\/Hotel_Review-g187849-d202862-Reviews-Doria_Grand_Hotel-Milan_Lombardy.html\"]}]}<\/script>\n<!-- \/ Yoast SEO plugin. -->","yoast_head_json":{"title":"Restaurante \u201cIl Capriccio\u201d - Doria Grand Hotel","description":"\u00danete a nosotros en \"Il Capriccio\" para una experiencia culinaria inolvidable en el Doria Grand Hotel. Descubre la combinaci\u00f3n perfecta de sabor y ambiente en Mil\u00e1n.","robots":{"index":"index","follow":"follow","max-snippet":"max-snippet:-1","max-image-preview":"max-image-preview:large","max-video-preview":"max-video-preview:-1"},"canonical":"https:\/\/www.doriagrandhotel.it\/es\/comidas-y-bebidas\/restaurante-il-capriccio\/","og_locale":"es_ES","og_type":"article","og_title":"Restaurante \u201cIl Capriccio\u201d - Doria Grand Hotel","og_description":"\u00danete a nosotros en \"Il Capriccio\" para una experiencia culinaria inolvidable en el Doria Grand Hotel. Descubre la combinaci\u00f3n perfecta de sabor y ambiente en Mil\u00e1n.","og_url":"https:\/\/www.doriagrandhotel.it\/es\/comidas-y-bebidas\/restaurante-il-capriccio\/","og_site_name":"Doria Grand Hotel","article_publisher":"https:\/\/www.facebook.com\/Doria-Grand-Hotel-150382741666057\/","article_modified_time":"2025-01-21T09:08:23+00:00","og_image":[{"width":1800,"height":1200,"url":"http:\/\/www.doriagrandhotel.it\/wp-content\/uploads\/sites\/170\/2024\/11\/Ristorante_02-Sito.jpg","type":"image\/jpeg"}],"twitter_card":"summary_large_image","twitter_site":"@adihotels","twitter_misc":{"Tiempo de lectura":"1 minuto"},"schema":{"@context":"https:\/\/schema.org","@graph":[{"@type":"WebPage","@id":"https:\/\/www.doriagrandhotel.it\/es\/comidas-y-bebidas\/restaurante-il-capriccio\/","url":"https:\/\/www.doriagrandhotel.it\/es\/comidas-y-bebidas\/restaurante-il-capriccio\/","name":"Restaurante \u201cIl Capriccio\u201d - Doria Grand Hotel","isPartOf":{"@id":"https:\/\/www.doriagrandhotel.it\/es\/#website"},"primaryImageOfPage":{"@id":"https:\/\/www.doriagrandhotel.it\/es\/comidas-y-bebidas\/restaurante-il-capriccio\/#primaryimage"},"image":{"@id":"https:\/\/www.doriagrandhotel.it\/es\/comidas-y-bebidas\/restaurante-il-capriccio\/#primaryimage"},"thumbnailUrl":"https:\/\/www.doriagrandhotel.it\/wp-content\/uploads\/sites\/170\/2024\/11\/Ristorante_02-Sito.jpg","datePublished":"2024-11-08T12:58:52+00:00","dateModified":"2025-01-21T09:08:23+00:00","description":"\u00danete a nosotros en \"Il Capriccio\" para una experiencia culinaria inolvidable en el Doria Grand Hotel. Descubre la combinaci\u00f3n perfecta de sabor y ambiente en Mil\u00e1n.","breadcrumb":{"@id":"https:\/\/www.doriagrandhotel.it\/es\/comidas-y-bebidas\/restaurante-il-capriccio\/#breadcrumb"},"inLanguage":"es","potentialAction":[{"@type":"ReadAction","target":["https:\/\/www.doriagrandhotel.it\/es\/comidas-y-bebidas\/restaurante-il-capriccio\/"]}]},{"@type":"ImageObject","inLanguage":"es","@id":"https:\/\/www.doriagrandhotel.it\/es\/comidas-y-bebidas\/restaurante-il-capriccio\/#primaryimage","url":"https:\/\/www.doriagrandhotel.it\/wp-content\/uploads\/sites\/170\/2024\/11\/Ristorante_02-Sito.jpg","contentUrl":"https:\/\/www.doriagrandhotel.it\/wp-content\/uploads\/sites\/170\/2024\/11\/Ristorante_02-Sito.jpg","width":1800,"height":1200},{"@type":"BreadcrumbList","@id":"https:\/\/www.doriagrandhotel.it\/es\/comidas-y-bebidas\/restaurante-il-capriccio\/#breadcrumb","itemListElement":[{"@type":"ListItem","position":1,"name":"Home","item":"https:\/\/www.doriagrandhotel.it\/es\/bienvenido-a-doria-grand-hotel\/"},{"@type":"ListItem","position":2,"name":"Comidas y Bebidas","item":"https:\/\/www.doriagrandhotel.it\/es\/food-drink\/"},{"@type":"ListItem","position":3,"name":"Restaurante \u201cIl Capriccio\u201d"}]},{"@type":"WebSite","@id":"https:\/\/www.doriagrandhotel.it\/es\/#website","url":"https:\/\/www.doriagrandhotel.it\/es\/","name":"Doria Grand Hotel","description":"Official website of Doria Grand Hotel , a luxury  hotel in Milan center. Book your hotel in Milan at the best price","publisher":{"@id":"https:\/\/www.doriagrandhotel.it\/es\/#organization"},"alternateName":"Doria Grand Hotel","potentialAction":[{"@type":"SearchAction","target":{"@type":"EntryPoint","urlTemplate":"https:\/\/www.doriagrandhotel.it\/es\/?s={search_term_string}"},"query-input":"required name=search_term_string"}],"inLanguage":"es"},{"@type":"Organization","@id":"https:\/\/www.doriagrandhotel.it\/es\/#organization","name":"Doria Grand Hotel","alternateName":"Doria Grand Hotel","url":"https:\/\/www.doriagrandhotel.it\/es\/","logo":{"@type":"ImageObject","inLanguage":"es","@id":"https:\/\/www.doriagrandhotel.it\/es\/#\/schema\/logo\/image\/","url":"https:\/\/doria-grand-hotel.ms2.decms.eu\/wp-content\/uploads\/sites\/170\/2024\/09\/LOGO-DGH-tr.png","contentUrl":"https:\/\/doria-grand-hotel.ms2.decms.eu\/wp-content\/uploads\/sites\/170\/2024\/09\/LOGO-DGH-tr.png","width":230,"height":51,"caption":"Doria Grand Hotel"},"image":{"@id":"https:\/\/www.doriagrandhotel.it\/es\/#\/schema\/logo\/image\/"},"sameAs":["https:\/\/www.facebook.com\/Doria-Grand-Hotel-150382741666057\/","https:\/\/twitter.com\/adihotels","https:\/\/www.instagram.com\/doriagrandhotel\/?hl=en","https:\/\/www.linkedin.com\/company\/doria-grand-hotel\/","https:\/\/www.tripadvisor.com\/Hotel_Review-g187849-d202862-Reviews-Doria_Grand_Hotel-Milan_Lombardy.html"]}]}},"acf":[],"_links":{"self":[{"href":"https:\/\/www.doriagrandhotel.it\/es\/wp-json\/wp\/v2\/pages\/2652"}],"collection":[{"href":"https:\/\/www.doriagrandhotel.it\/es\/wp-json\/wp\/v2\/pages"}],"about":[{"href":"https:\/\/www.doriagrandhotel.it\/es\/wp-json\/wp\/v2\/types\/page"}],"author":[{"embeddable":true,"href":"https:\/\/www.doriagrandhotel.it\/es\/wp-json\/wp\/v2\/users\/12"}],"replies":[{"embeddable":true,"href":"https:\/\/www.doriagrandhotel.it\/es\/wp-json\/wp\/v2\/comments?post=2652"}],"version-history":[{"count":0,"href":"https:\/\/www.doriagrandhotel.it\/es\/wp-json\/wp\/v2\/pages\/2652\/revisions"}],"up":[{"embeddable":true,"href":"https:\/\/www.doriagrandhotel.it\/es\/wp-json\/wp\/v2\/pages\/2637"}],"wp:featuredmedia":[{"embeddable":true,"href":"https:\/\/www.doriagrandhotel.it\/es\/wp-json\/wp\/v2\/media\/1338"}],"wp:attachment":[{"href":"https:\/\/www.doriagrandhotel.it\/es\/wp-json\/wp\/v2\/media?parent=2652"}],"curies":[{"name":"wp","href":"https:\/\/api.w.org\/{rel}","templated":true}]}}