{"id":2587,"date":"2024-09-26T14:08:47","date_gmt":"2024-09-26T14:08:47","guid":{"rendered":"https:\/\/doria-grand-hotel.ms2.decms.eu\/?page_id=2587"},"modified":"2025-01-17T10:15:50","modified_gmt":"2025-01-17T10:15:50","slug":"bienvenue-a-doria-grand-hotel","status":"publish","type":"page","link":"https:\/\/www.doriagrandhotel.it\/fr\/","title":{"rendered":"Bienvenue au Doria Grand Hotel"},"content":{"rendered":"<p style=\"text-align: center;\">Vous cherchez un h\u00f4tel ind\u00e9pendant qui sait vous faire sentir chez vous tout en \u00e9tant id\u00e9alement situ\u00e9 \u00e0 Milan ?<\/p>\n<p style=\"text-align: center;\"><strong>Ne cherchez pas plus loin. <\/strong><\/p>\n<p>Le Doria Grand Hotel excelle dans l&rsquo;art de prendre soin de ses clients avec une attention m\u00e9ticuleuse aux moindres d\u00e9tails. Avec son mobilier de style Liberty, s\u00e9journer dans cet h\u00f4tel, c&rsquo;est s&rsquo;offrir une escapade confortable, que vous soyez \u00e0 Milan pour affaires ou pour le plaisir.<\/p>\n<p>Nich\u00e9 au c\u0153ur vibrant du quartier des affaires anim\u00e9 de Milan, le Doria Grand Hotel se distingue comme un captivant <strong>h\u00f4tel 4 \u00e9toiles, avec un parking<\/strong> pour simplifier la vie de ses h\u00f4tes. Cet \u00e9tablissement raffin\u00e9 offre \u00e0 ses visiteurs un havre de paix, situ\u00e9 sur une pittoresque avenue bord\u00e9e d\u2019arbres, soigneusement prot\u00e9g\u00e9e du tumulte de la circulation urbaine. Cette avenue paisible s\u2019\u00e9tend parall\u00e8lement au Corso Buenos Aires, l\u2019une des principales art\u00e8res commerciales d\u2019Europe, faisant de l\u2019h\u00f4tel une retraite id\u00e9ale, tant pour les professionnels en qu\u00eate d\u2019une localisation strat\u00e9gique pr\u00e8s de la Gare Centrale que pour les voyageurs aspirant \u00e0 une pause tranquille<\/p>\n<p><strong>Pour les chanceux s\u00e9journant aux \u00e9tages sup\u00e9rieurs, la vue sur la majestueuse cath\u00e9drale Duomo<\/strong>\u2014joyau embl\u00e9matique de Milan\u2014offre un spectacle quotidien de l\u2019h\u00e9ritage architectural de la ville.<\/p>\n","protected":false},"excerpt":{"rendered":"<p>Vous cherchez un h\u00f4tel ind\u00e9pendant qui sait vous faire sentir chez vous tout en \u00e9tant id\u00e9alement situ\u00e9 \u00e0 Milan ? Ne cherchez pas plus loin. Le Doria Grand Hotel excelle dans l&rsquo;art de prendre soin de ses clients avec une attention m\u00e9ticuleuse aux moindres d\u00e9tails. Avec son mobilier de style Liberty, s\u00e9journer dans cet h\u00f4tel, [&hellip;]<\/p>\n","protected":false},"author":12,"featured_media":0,"parent":0,"menu_order":-1,"comment_status":"closed","ping_status":"closed","template":"","meta":{"footnotes":""},"class_list":["post-2587","page","type-page","status-publish","hentry"],"yoast_head":"<!-- This site is optimized with the Yoast SEO plugin v27.3 - https:\/\/yoast.com\/product\/yoast-seo-wordpress\/ -->\n<title>H\u00f4tel 4 \u00e9toiles \u00e0 Milan, Italie \u2013 Doria Grand Hotel<\/title>\n<meta name=\"description\" content=\"D\u00e9couvrez le Doria Grand Hotel, un h\u00f4tel 4 \u00e9toiles avec parking situ\u00e9 \u00e0 Milan, Italie, \u00e0 seulement quelques pas de la gare centrale. R\u00e9servez d\u00e8s maintenant pour profiter d\u2019un s\u00e9jour alliant confort et luxe\" \/>\n<meta name=\"robots\" content=\"index, follow, max-snippet:-1, max-image-preview:large, max-video-preview:-1\" \/>\n<link rel=\"canonical\" href=\"https:\/\/www.doriagrandhotel.it\/fr\/\" \/>\n<meta property=\"og:locale\" content=\"fr_FR\" \/>\n<meta property=\"og:type\" content=\"article\" \/>\n<meta property=\"og:title\" content=\"H\u00f4tel 4 \u00e9toiles \u00e0 Milan, Italie \u2013 Doria Grand Hotel\" \/>\n<meta property=\"og:description\" content=\"D\u00e9couvrez le Doria Grand Hotel, un h\u00f4tel 4 \u00e9toiles avec parking situ\u00e9 \u00e0 Milan, Italie, \u00e0 seulement quelques pas de la gare centrale. R\u00e9servez d\u00e8s maintenant pour profiter d\u2019un s\u00e9jour alliant confort et luxe\" \/>\n<meta property=\"og:url\" content=\"https:\/\/www.doriagrandhotel.it\/fr\/\" \/>\n<meta property=\"og:site_name\" content=\"Doria Grand Hotel\" \/>\n<meta property=\"article:publisher\" content=\"https:\/\/www.facebook.com\/Doria-Grand-Hotel-150382741666057\/\" \/>\n<meta property=\"article:modified_time\" content=\"2025-01-17T10:15:50+00:00\" \/>\n<meta property=\"og:image\" content=\"https:\/\/www.doriagrandhotel.it\/wp-content\/uploads\/sites\/170\/2024\/11\/Doria-Grand-Hotel-Milan-Exterior.jpg\" \/>\n\t<meta property=\"og:image:width\" content=\"1280\" \/>\n\t<meta property=\"og:image:height\" content=\"853\" \/>\n\t<meta property=\"og:image:type\" content=\"image\/jpeg\" \/>\n<meta name=\"twitter:card\" content=\"summary_large_image\" \/>\n<meta name=\"twitter:site\" content=\"@adihotels\" \/>\n<meta name=\"twitter:label1\" content=\"Dur\u00e9e de lecture estim\u00e9e\" \/>\n\t<meta name=\"twitter:data1\" content=\"1 minute\" \/>\n<script type=\"application\/ld+json\" class=\"yoast-schema-graph\">{\"@context\":\"https:\\\/\\\/schema.org\",\"@graph\":[{\"@type\":\"WebPage\",\"@id\":\"https:\\\/\\\/www.doriagrandhotel.it\\\/fr\\\/\",\"url\":\"https:\\\/\\\/www.doriagrandhotel.it\\\/fr\\\/\",\"name\":\"H\u00f4tel 4 \u00e9toiles \u00e0 Milan, Italie \u2013 Doria Grand Hotel\",\"isPartOf\":{\"@id\":\"https:\\\/\\\/www.doriagrandhotel.it\\\/fr\\\/#website\"},\"datePublished\":\"2024-09-26T14:08:47+00:00\",\"dateModified\":\"2025-01-17T10:15:50+00:00\",\"description\":\"D\u00e9couvrez le Doria Grand Hotel, un h\u00f4tel 4 \u00e9toiles avec parking situ\u00e9 \u00e0 Milan, Italie, \u00e0 seulement quelques pas de la gare centrale. R\u00e9servez d\u00e8s maintenant pour profiter d\u2019un s\u00e9jour alliant confort et luxe\",\"breadcrumb\":{\"@id\":\"https:\\\/\\\/www.doriagrandhotel.it\\\/fr\\\/#breadcrumb\"},\"inLanguage\":\"fr-FR\",\"potentialAction\":[{\"@type\":\"ReadAction\",\"target\":[\"https:\\\/\\\/www.doriagrandhotel.it\\\/fr\\\/\"]}]},{\"@type\":\"BreadcrumbList\",\"@id\":\"https:\\\/\\\/www.doriagrandhotel.it\\\/fr\\\/#breadcrumb\",\"itemListElement\":[{\"@type\":\"ListItem\",\"position\":1,\"name\":\"Home\",\"item\":\"https:\\\/\\\/www.doriagrandhotel.it\\\/fr\\\/bienvenue-a-doria-grand-hotel\\\/\"},{\"@type\":\"ListItem\",\"position\":2,\"name\":\"Bienvenue au Doria Grand Hotel\"}]},{\"@type\":\"WebSite\",\"@id\":\"https:\\\/\\\/www.doriagrandhotel.it\\\/fr\\\/#website\",\"url\":\"https:\\\/\\\/www.doriagrandhotel.it\\\/fr\\\/\",\"name\":\"Doria Grand Hotel\",\"description\":\"Official website of Doria Grand Hotel , a luxury  hotel in Milan center. Book your hotel in Milan at the best price\",\"publisher\":{\"@id\":\"https:\\\/\\\/www.doriagrandhotel.it\\\/fr\\\/#organization\"},\"alternateName\":\"Doria Grand Hotel\",\"potentialAction\":[{\"@type\":\"SearchAction\",\"target\":{\"@type\":\"EntryPoint\",\"urlTemplate\":\"https:\\\/\\\/www.doriagrandhotel.it\\\/fr\\\/?s={search_term_string}\"},\"query-input\":{\"@type\":\"PropertyValueSpecification\",\"valueRequired\":true,\"valueName\":\"search_term_string\"}}],\"inLanguage\":\"fr-FR\"},{\"@type\":\"Organization\",\"@id\":\"https:\\\/\\\/www.doriagrandhotel.it\\\/fr\\\/#organization\",\"name\":\"Doria Grand Hotel\",\"alternateName\":\"Doria Grand Hotel\",\"url\":\"https:\\\/\\\/www.doriagrandhotel.it\\\/fr\\\/\",\"logo\":{\"@type\":\"ImageObject\",\"inLanguage\":\"fr-FR\",\"@id\":\"https:\\\/\\\/www.doriagrandhotel.it\\\/fr\\\/#\\\/schema\\\/logo\\\/image\\\/\",\"url\":\"https:\\\/\\\/doria-grand-hotel.ms2.decms.eu\\\/wp-content\\\/uploads\\\/sites\\\/170\\\/2024\\\/09\\\/LOGO-DGH-tr.png\",\"contentUrl\":\"https:\\\/\\\/doria-grand-hotel.ms2.decms.eu\\\/wp-content\\\/uploads\\\/sites\\\/170\\\/2024\\\/09\\\/LOGO-DGH-tr.png\",\"width\":230,\"height\":51,\"caption\":\"Doria Grand Hotel\"},\"image\":{\"@id\":\"https:\\\/\\\/www.doriagrandhotel.it\\\/fr\\\/#\\\/schema\\\/logo\\\/image\\\/\"},\"sameAs\":[\"https:\\\/\\\/www.facebook.com\\\/Doria-Grand-Hotel-150382741666057\\\/\",\"https:\\\/\\\/x.com\\\/adihotels\",\"https:\\\/\\\/www.instagram.com\\\/doriagrandhotel\\\/?hl=en\",\"https:\\\/\\\/www.linkedin.com\\\/company\\\/doria-grand-hotel\\\/\",\"https:\\\/\\\/www.tripadvisor.com\\\/Hotel_Review-g187849-d202862-Reviews-Doria_Grand_Hotel-Milan_Lombardy.html\"]}]}<\/script>\n<!-- \/ Yoast SEO plugin. -->","yoast_head_json":{"title":"H\u00f4tel 4 \u00e9toiles \u00e0 Milan, Italie \u2013 Doria Grand Hotel","description":"D\u00e9couvrez le Doria Grand Hotel, un h\u00f4tel 4 \u00e9toiles avec parking situ\u00e9 \u00e0 Milan, Italie, \u00e0 seulement quelques pas de la gare centrale. R\u00e9servez d\u00e8s maintenant pour profiter d\u2019un s\u00e9jour alliant confort et luxe","robots":{"index":"index","follow":"follow","max-snippet":"max-snippet:-1","max-image-preview":"max-image-preview:large","max-video-preview":"max-video-preview:-1"},"canonical":"https:\/\/www.doriagrandhotel.it\/fr\/","og_locale":"fr_FR","og_type":"article","og_title":"H\u00f4tel 4 \u00e9toiles \u00e0 Milan, Italie \u2013 Doria Grand Hotel","og_description":"D\u00e9couvrez le Doria Grand Hotel, un h\u00f4tel 4 \u00e9toiles avec parking situ\u00e9 \u00e0 Milan, Italie, \u00e0 seulement quelques pas de la gare centrale. R\u00e9servez d\u00e8s maintenant pour profiter d\u2019un s\u00e9jour alliant confort et luxe","og_url":"https:\/\/www.doriagrandhotel.it\/fr\/","og_site_name":"Doria Grand Hotel","article_publisher":"https:\/\/www.facebook.com\/Doria-Grand-Hotel-150382741666057\/","article_modified_time":"2025-01-17T10:15:50+00:00","og_image":[{"width":1280,"height":853,"url":"https:\/\/www.doriagrandhotel.it\/wp-content\/uploads\/sites\/170\/2024\/11\/Doria-Grand-Hotel-Milan-Exterior.jpg","type":"image\/jpeg"}],"twitter_card":"summary_large_image","twitter_site":"@adihotels","twitter_misc":{"Dur\u00e9e de lecture estim\u00e9e":"1 minute"},"schema":{"@context":"https:\/\/schema.org","@graph":[{"@type":"WebPage","@id":"https:\/\/www.doriagrandhotel.it\/fr\/","url":"https:\/\/www.doriagrandhotel.it\/fr\/","name":"H\u00f4tel 4 \u00e9toiles \u00e0 Milan, Italie \u2013 Doria Grand Hotel","isPartOf":{"@id":"https:\/\/www.doriagrandhotel.it\/fr\/#website"},"datePublished":"2024-09-26T14:08:47+00:00","dateModified":"2025-01-17T10:15:50+00:00","description":"D\u00e9couvrez le Doria Grand Hotel, un h\u00f4tel 4 \u00e9toiles avec parking situ\u00e9 \u00e0 Milan, Italie, \u00e0 seulement quelques pas de la gare centrale. R\u00e9servez d\u00e8s maintenant pour profiter d\u2019un s\u00e9jour alliant confort et luxe","breadcrumb":{"@id":"https:\/\/www.doriagrandhotel.it\/fr\/#breadcrumb"},"inLanguage":"fr-FR","potentialAction":[{"@type":"ReadAction","target":["https:\/\/www.doriagrandhotel.it\/fr\/"]}]},{"@type":"BreadcrumbList","@id":"https:\/\/www.doriagrandhotel.it\/fr\/#breadcrumb","itemListElement":[{"@type":"ListItem","position":1,"name":"Home","item":"https:\/\/www.doriagrandhotel.it\/fr\/bienvenue-a-doria-grand-hotel\/"},{"@type":"ListItem","position":2,"name":"Bienvenue au Doria Grand Hotel"}]},{"@type":"WebSite","@id":"https:\/\/www.doriagrandhotel.it\/fr\/#website","url":"https:\/\/www.doriagrandhotel.it\/fr\/","name":"Doria Grand Hotel","description":"Official website of Doria Grand Hotel , a luxury  hotel in Milan center. Book your hotel in Milan at the best price","publisher":{"@id":"https:\/\/www.doriagrandhotel.it\/fr\/#organization"},"alternateName":"Doria Grand Hotel","potentialAction":[{"@type":"SearchAction","target":{"@type":"EntryPoint","urlTemplate":"https:\/\/www.doriagrandhotel.it\/fr\/?s={search_term_string}"},"query-input":{"@type":"PropertyValueSpecification","valueRequired":true,"valueName":"search_term_string"}}],"inLanguage":"fr-FR"},{"@type":"Organization","@id":"https:\/\/www.doriagrandhotel.it\/fr\/#organization","name":"Doria Grand Hotel","alternateName":"Doria Grand Hotel","url":"https:\/\/www.doriagrandhotel.it\/fr\/","logo":{"@type":"ImageObject","inLanguage":"fr-FR","@id":"https:\/\/www.doriagrandhotel.it\/fr\/#\/schema\/logo\/image\/","url":"https:\/\/doria-grand-hotel.ms2.decms.eu\/wp-content\/uploads\/sites\/170\/2024\/09\/LOGO-DGH-tr.png","contentUrl":"https:\/\/doria-grand-hotel.ms2.decms.eu\/wp-content\/uploads\/sites\/170\/2024\/09\/LOGO-DGH-tr.png","width":230,"height":51,"caption":"Doria Grand Hotel"},"image":{"@id":"https:\/\/www.doriagrandhotel.it\/fr\/#\/schema\/logo\/image\/"},"sameAs":["https:\/\/www.facebook.com\/Doria-Grand-Hotel-150382741666057\/","https:\/\/x.com\/adihotels","https:\/\/www.instagram.com\/doriagrandhotel\/?hl=en","https:\/\/www.linkedin.com\/company\/doria-grand-hotel\/","https:\/\/www.tripadvisor.com\/Hotel_Review-g187849-d202862-Reviews-Doria_Grand_Hotel-Milan_Lombardy.html"]}]}},"acf":[],"_links":{"self":[{"href":"https:\/\/www.doriagrandhotel.it\/fr\/wp-json\/wp\/v2\/pages\/2587","targetHints":{"allow":["GET"]}}],"collection":[{"href":"https:\/\/www.doriagrandhotel.it\/fr\/wp-json\/wp\/v2\/pages"}],"about":[{"href":"https:\/\/www.doriagrandhotel.it\/fr\/wp-json\/wp\/v2\/types\/page"}],"author":[{"embeddable":true,"href":"https:\/\/www.doriagrandhotel.it\/fr\/wp-json\/wp\/v2\/users\/12"}],"replies":[{"embeddable":true,"href":"https:\/\/www.doriagrandhotel.it\/fr\/wp-json\/wp\/v2\/comments?post=2587"}],"version-history":[{"count":0,"href":"https:\/\/www.doriagrandhotel.it\/fr\/wp-json\/wp\/v2\/pages\/2587\/revisions"}],"wp:attachment":[{"href":"https:\/\/www.doriagrandhotel.it\/fr\/wp-json\/wp\/v2\/media?parent=2587"}],"curies":[{"name":"wp","href":"https:\/\/api.w.org\/{rel}","templated":true}]}}