{"id":2597,"date":"2024-09-27T09:33:12","date_gmt":"2024-09-27T09:33:12","guid":{"rendered":"https:\/\/doria-grand-hotel.ms2.decms.eu\/?page_id=2597"},"modified":"2025-01-21T10:53:18","modified_gmt":"2025-01-21T10:53:18","slug":"chambres","status":"publish","type":"page","link":"https:\/\/www.doriagrandhotel.it\/fr\/chambres\/","title":{"rendered":"Chambres &#038; Suites"},"content":{"rendered":"<p>Choisissez parmi notre s\u00e9lection vari\u00e9e de chambres grandioses, con\u00e7ues pour sublimer votre s\u00e9jour. Profitez des visuels nets d\u2019une t\u00e9l\u00e9vision 43\u2033 avec cha\u00eenes Sky et stations de radio.<\/p>\n<p>Restez connect\u00e9 gr\u00e2ce au Wi-Fi et d\u00e9tendez-vous en explorant une multitude de cha\u00eenes Sky \u00e0 port\u00e9e de main.<\/p>\n<p>Chaque chambre est un sanctuaire de relaxation qui transforme votre s\u00e9jour en une exp\u00e9rience v\u00e9ritablement unique. Les \u00e9quipements incluent la climatisation, un coffre-fort pour vos objets de valeur, un minibar pour vos moments de d\u00e9tente, et une ligne t\u00e9l\u00e9phonique directe pour plus de commodit\u00e9.<\/p>\n<p>D\u00e9couvrez la tranquillit\u00e9 d\u2019une insonorisation parfaite, associ\u00e9e \u00e0 un matelas \u00e0 ressorts de soutien et \u00e0 des oreillers moelleux et confortables, garantissant un sommeil r\u00e9parateur. La majorit\u00e9 de nos chambres sont non-fumeurs, offrant une atmosph\u00e8re fra\u00eeche et accueillante.<\/p>\n<p>La s\u00e9curit\u00e9 est notre priorit\u00e9 : tout l\u2019h\u00f4tel est \u00e9quip\u00e9 de syst\u00e8mes de d\u00e9tection d\u2019incendie de pointe et de cam\u00e9ras de s\u00e9curit\u00e9 en circuit ferm\u00e9, pour que vous vous sentiez en toute s\u00e9r\u00e9nit\u00e9 durant votre visite.<\/p>\n","protected":false},"excerpt":{"rendered":"<p>Choisissez parmi notre s\u00e9lection vari\u00e9e de chambres grandioses, con\u00e7ues pour sublimer votre s\u00e9jour. Profitez des visuels nets d\u2019une t\u00e9l\u00e9vision 43\u2033 avec cha\u00eenes Sky et stations de radio. Restez connect\u00e9 gr\u00e2ce au Wi-Fi et d\u00e9tendez-vous en explorant une multitude de cha\u00eenes Sky \u00e0 port\u00e9e de main. Chaque chambre est un sanctuaire de relaxation qui transforme votre [&hellip;]<\/p>\n","protected":false},"author":12,"featured_media":1941,"parent":0,"menu_order":5,"comment_status":"closed","ping_status":"closed","template":"template-rooms.php","meta":{"footnotes":""},"class_list":["post-2597","page","type-page","status-publish","has-post-thumbnail","hentry"],"yoast_head":"<!-- This site is optimized with the Yoast SEO plugin v27.3 - https:\/\/yoast.com\/product\/yoast-seo-wordpress\/ -->\n<title>Chambres et Suites Grand Hotel \u2013 Doria Grand Hotel, Milan<\/title>\n<meta name=\"description\" content=\"S\u00e9journez dans les chambres et suites du Doria Grand Hotel de Milan, alliant confort moderne et \u00e9l\u00e9gance classique.Id\u00e9al pour une escapade relaxante ou un voyage d&#039;affaires en Italie.\" \/>\n<meta name=\"robots\" content=\"index, follow, max-snippet:-1, max-image-preview:large, max-video-preview:-1\" \/>\n<link rel=\"canonical\" href=\"https:\/\/www.doriagrandhotel.it\/fr\/chambres\/\" \/>\n<meta property=\"og:locale\" content=\"fr_FR\" \/>\n<meta property=\"og:type\" content=\"article\" \/>\n<meta property=\"og:title\" content=\"Chambres et Suites Grand Hotel \u2013 Doria Grand Hotel, Milan\" \/>\n<meta property=\"og:description\" content=\"S\u00e9journez dans les chambres et suites du Doria Grand Hotel de Milan, alliant confort moderne et \u00e9l\u00e9gance classique.Id\u00e9al pour une escapade relaxante ou un voyage d&#039;affaires en Italie.\" \/>\n<meta property=\"og:url\" content=\"https:\/\/www.doriagrandhotel.it\/fr\/chambres\/\" \/>\n<meta property=\"og:site_name\" content=\"Doria Grand Hotel\" \/>\n<meta property=\"article:publisher\" content=\"https:\/\/www.facebook.com\/Doria-Grand-Hotel-150382741666057\/\" \/>\n<meta property=\"article:modified_time\" content=\"2025-01-21T10:53:18+00:00\" \/>\n<meta property=\"og:image\" content=\"http:\/\/www.doriagrandhotel.it\/wp-content\/uploads\/sites\/170\/2024\/11\/ClassicDouble_01.jpg\" \/>\n\t<meta property=\"og:image:width\" content=\"1800\" \/>\n\t<meta property=\"og:image:height\" content=\"1200\" \/>\n\t<meta property=\"og:image:type\" content=\"image\/jpeg\" \/>\n<meta name=\"twitter:card\" content=\"summary_large_image\" \/>\n<meta name=\"twitter:site\" content=\"@adihotels\" \/>\n<meta name=\"twitter:label1\" content=\"Dur\u00e9e de lecture estim\u00e9e\" \/>\n\t<meta name=\"twitter:data1\" content=\"1 minute\" \/>\n<script type=\"application\/ld+json\" class=\"yoast-schema-graph\">{\"@context\":\"https:\\\/\\\/schema.org\",\"@graph\":[{\"@type\":\"WebPage\",\"@id\":\"https:\\\/\\\/www.doriagrandhotel.it\\\/fr\\\/chambres\\\/\",\"url\":\"https:\\\/\\\/www.doriagrandhotel.it\\\/fr\\\/chambres\\\/\",\"name\":\"Chambres et Suites Grand Hotel \u2013 Doria Grand Hotel, Milan\",\"isPartOf\":{\"@id\":\"https:\\\/\\\/www.doriagrandhotel.it\\\/fr\\\/#website\"},\"primaryImageOfPage\":{\"@id\":\"https:\\\/\\\/www.doriagrandhotel.it\\\/fr\\\/chambres\\\/#primaryimage\"},\"image\":{\"@id\":\"https:\\\/\\\/www.doriagrandhotel.it\\\/fr\\\/chambres\\\/#primaryimage\"},\"thumbnailUrl\":\"https:\\\/\\\/www.doriagrandhotel.it\\\/wp-content\\\/uploads\\\/sites\\\/170\\\/2024\\\/11\\\/ClassicDouble_01.jpg\",\"datePublished\":\"2024-09-27T09:33:12+00:00\",\"dateModified\":\"2025-01-21T10:53:18+00:00\",\"description\":\"S\u00e9journez dans les chambres et suites du Doria Grand Hotel de Milan, alliant confort moderne et \u00e9l\u00e9gance classique.Id\u00e9al pour une escapade relaxante ou un voyage d'affaires en Italie.\",\"breadcrumb\":{\"@id\":\"https:\\\/\\\/www.doriagrandhotel.it\\\/fr\\\/chambres\\\/#breadcrumb\"},\"inLanguage\":\"fr-FR\",\"potentialAction\":[{\"@type\":\"ReadAction\",\"target\":[\"https:\\\/\\\/www.doriagrandhotel.it\\\/fr\\\/chambres\\\/\"]}]},{\"@type\":\"ImageObject\",\"inLanguage\":\"fr-FR\",\"@id\":\"https:\\\/\\\/www.doriagrandhotel.it\\\/fr\\\/chambres\\\/#primaryimage\",\"url\":\"https:\\\/\\\/www.doriagrandhotel.it\\\/wp-content\\\/uploads\\\/sites\\\/170\\\/2024\\\/11\\\/ClassicDouble_01.jpg\",\"contentUrl\":\"https:\\\/\\\/www.doriagrandhotel.it\\\/wp-content\\\/uploads\\\/sites\\\/170\\\/2024\\\/11\\\/ClassicDouble_01.jpg\",\"width\":1800,\"height\":1200},{\"@type\":\"BreadcrumbList\",\"@id\":\"https:\\\/\\\/www.doriagrandhotel.it\\\/fr\\\/chambres\\\/#breadcrumb\",\"itemListElement\":[{\"@type\":\"ListItem\",\"position\":1,\"name\":\"Home\",\"item\":\"https:\\\/\\\/www.doriagrandhotel.it\\\/fr\\\/bienvenue-a-doria-grand-hotel\\\/\"},{\"@type\":\"ListItem\",\"position\":2,\"name\":\"Chambres &#038; Suites\"}]},{\"@type\":\"WebSite\",\"@id\":\"https:\\\/\\\/www.doriagrandhotel.it\\\/fr\\\/#website\",\"url\":\"https:\\\/\\\/www.doriagrandhotel.it\\\/fr\\\/\",\"name\":\"Doria Grand Hotel\",\"description\":\"Official website of Doria Grand Hotel , a luxury  hotel in Milan center. Book your hotel in Milan at the best price\",\"publisher\":{\"@id\":\"https:\\\/\\\/www.doriagrandhotel.it\\\/fr\\\/#organization\"},\"alternateName\":\"Doria Grand Hotel\",\"potentialAction\":[{\"@type\":\"SearchAction\",\"target\":{\"@type\":\"EntryPoint\",\"urlTemplate\":\"https:\\\/\\\/www.doriagrandhotel.it\\\/fr\\\/?s={search_term_string}\"},\"query-input\":{\"@type\":\"PropertyValueSpecification\",\"valueRequired\":true,\"valueName\":\"search_term_string\"}}],\"inLanguage\":\"fr-FR\"},{\"@type\":\"Organization\",\"@id\":\"https:\\\/\\\/www.doriagrandhotel.it\\\/fr\\\/#organization\",\"name\":\"Doria Grand Hotel\",\"alternateName\":\"Doria Grand Hotel\",\"url\":\"https:\\\/\\\/www.doriagrandhotel.it\\\/fr\\\/\",\"logo\":{\"@type\":\"ImageObject\",\"inLanguage\":\"fr-FR\",\"@id\":\"https:\\\/\\\/www.doriagrandhotel.it\\\/fr\\\/#\\\/schema\\\/logo\\\/image\\\/\",\"url\":\"https:\\\/\\\/doria-grand-hotel.ms2.decms.eu\\\/wp-content\\\/uploads\\\/sites\\\/170\\\/2024\\\/09\\\/LOGO-DGH-tr.png\",\"contentUrl\":\"https:\\\/\\\/doria-grand-hotel.ms2.decms.eu\\\/wp-content\\\/uploads\\\/sites\\\/170\\\/2024\\\/09\\\/LOGO-DGH-tr.png\",\"width\":230,\"height\":51,\"caption\":\"Doria Grand Hotel\"},\"image\":{\"@id\":\"https:\\\/\\\/www.doriagrandhotel.it\\\/fr\\\/#\\\/schema\\\/logo\\\/image\\\/\"},\"sameAs\":[\"https:\\\/\\\/www.facebook.com\\\/Doria-Grand-Hotel-150382741666057\\\/\",\"https:\\\/\\\/x.com\\\/adihotels\",\"https:\\\/\\\/www.instagram.com\\\/doriagrandhotel\\\/?hl=en\",\"https:\\\/\\\/www.linkedin.com\\\/company\\\/doria-grand-hotel\\\/\",\"https:\\\/\\\/www.tripadvisor.com\\\/Hotel_Review-g187849-d202862-Reviews-Doria_Grand_Hotel-Milan_Lombardy.html\"]}]}<\/script>\n<!-- \/ Yoast SEO plugin. -->","yoast_head_json":{"title":"Chambres et Suites Grand Hotel \u2013 Doria Grand Hotel, Milan","description":"S\u00e9journez dans les chambres et suites du Doria Grand Hotel de Milan, alliant confort moderne et \u00e9l\u00e9gance classique.Id\u00e9al pour une escapade relaxante ou un voyage d'affaires en Italie.","robots":{"index":"index","follow":"follow","max-snippet":"max-snippet:-1","max-image-preview":"max-image-preview:large","max-video-preview":"max-video-preview:-1"},"canonical":"https:\/\/www.doriagrandhotel.it\/fr\/chambres\/","og_locale":"fr_FR","og_type":"article","og_title":"Chambres et Suites Grand Hotel \u2013 Doria Grand Hotel, Milan","og_description":"S\u00e9journez dans les chambres et suites du Doria Grand Hotel de Milan, alliant confort moderne et \u00e9l\u00e9gance classique.Id\u00e9al pour une escapade relaxante ou un voyage d'affaires en Italie.","og_url":"https:\/\/www.doriagrandhotel.it\/fr\/chambres\/","og_site_name":"Doria Grand Hotel","article_publisher":"https:\/\/www.facebook.com\/Doria-Grand-Hotel-150382741666057\/","article_modified_time":"2025-01-21T10:53:18+00:00","og_image":[{"width":1800,"height":1200,"url":"http:\/\/www.doriagrandhotel.it\/wp-content\/uploads\/sites\/170\/2024\/11\/ClassicDouble_01.jpg","type":"image\/jpeg"}],"twitter_card":"summary_large_image","twitter_site":"@adihotels","twitter_misc":{"Dur\u00e9e de lecture estim\u00e9e":"1 minute"},"schema":{"@context":"https:\/\/schema.org","@graph":[{"@type":"WebPage","@id":"https:\/\/www.doriagrandhotel.it\/fr\/chambres\/","url":"https:\/\/www.doriagrandhotel.it\/fr\/chambres\/","name":"Chambres et Suites Grand Hotel \u2013 Doria Grand Hotel, Milan","isPartOf":{"@id":"https:\/\/www.doriagrandhotel.it\/fr\/#website"},"primaryImageOfPage":{"@id":"https:\/\/www.doriagrandhotel.it\/fr\/chambres\/#primaryimage"},"image":{"@id":"https:\/\/www.doriagrandhotel.it\/fr\/chambres\/#primaryimage"},"thumbnailUrl":"https:\/\/www.doriagrandhotel.it\/wp-content\/uploads\/sites\/170\/2024\/11\/ClassicDouble_01.jpg","datePublished":"2024-09-27T09:33:12+00:00","dateModified":"2025-01-21T10:53:18+00:00","description":"S\u00e9journez dans les chambres et suites du Doria Grand Hotel de Milan, alliant confort moderne et \u00e9l\u00e9gance classique.Id\u00e9al pour une escapade relaxante ou un voyage d'affaires en Italie.","breadcrumb":{"@id":"https:\/\/www.doriagrandhotel.it\/fr\/chambres\/#breadcrumb"},"inLanguage":"fr-FR","potentialAction":[{"@type":"ReadAction","target":["https:\/\/www.doriagrandhotel.it\/fr\/chambres\/"]}]},{"@type":"ImageObject","inLanguage":"fr-FR","@id":"https:\/\/www.doriagrandhotel.it\/fr\/chambres\/#primaryimage","url":"https:\/\/www.doriagrandhotel.it\/wp-content\/uploads\/sites\/170\/2024\/11\/ClassicDouble_01.jpg","contentUrl":"https:\/\/www.doriagrandhotel.it\/wp-content\/uploads\/sites\/170\/2024\/11\/ClassicDouble_01.jpg","width":1800,"height":1200},{"@type":"BreadcrumbList","@id":"https:\/\/www.doriagrandhotel.it\/fr\/chambres\/#breadcrumb","itemListElement":[{"@type":"ListItem","position":1,"name":"Home","item":"https:\/\/www.doriagrandhotel.it\/fr\/bienvenue-a-doria-grand-hotel\/"},{"@type":"ListItem","position":2,"name":"Chambres &#038; Suites"}]},{"@type":"WebSite","@id":"https:\/\/www.doriagrandhotel.it\/fr\/#website","url":"https:\/\/www.doriagrandhotel.it\/fr\/","name":"Doria Grand Hotel","description":"Official website of Doria Grand Hotel , a luxury  hotel in Milan center. Book your hotel in Milan at the best price","publisher":{"@id":"https:\/\/www.doriagrandhotel.it\/fr\/#organization"},"alternateName":"Doria Grand Hotel","potentialAction":[{"@type":"SearchAction","target":{"@type":"EntryPoint","urlTemplate":"https:\/\/www.doriagrandhotel.it\/fr\/?s={search_term_string}"},"query-input":{"@type":"PropertyValueSpecification","valueRequired":true,"valueName":"search_term_string"}}],"inLanguage":"fr-FR"},{"@type":"Organization","@id":"https:\/\/www.doriagrandhotel.it\/fr\/#organization","name":"Doria Grand Hotel","alternateName":"Doria Grand Hotel","url":"https:\/\/www.doriagrandhotel.it\/fr\/","logo":{"@type":"ImageObject","inLanguage":"fr-FR","@id":"https:\/\/www.doriagrandhotel.it\/fr\/#\/schema\/logo\/image\/","url":"https:\/\/doria-grand-hotel.ms2.decms.eu\/wp-content\/uploads\/sites\/170\/2024\/09\/LOGO-DGH-tr.png","contentUrl":"https:\/\/doria-grand-hotel.ms2.decms.eu\/wp-content\/uploads\/sites\/170\/2024\/09\/LOGO-DGH-tr.png","width":230,"height":51,"caption":"Doria Grand Hotel"},"image":{"@id":"https:\/\/www.doriagrandhotel.it\/fr\/#\/schema\/logo\/image\/"},"sameAs":["https:\/\/www.facebook.com\/Doria-Grand-Hotel-150382741666057\/","https:\/\/x.com\/adihotels","https:\/\/www.instagram.com\/doriagrandhotel\/?hl=en","https:\/\/www.linkedin.com\/company\/doria-grand-hotel\/","https:\/\/www.tripadvisor.com\/Hotel_Review-g187849-d202862-Reviews-Doria_Grand_Hotel-Milan_Lombardy.html"]}]}},"acf":[],"_links":{"self":[{"href":"https:\/\/www.doriagrandhotel.it\/fr\/wp-json\/wp\/v2\/pages\/2597","targetHints":{"allow":["GET"]}}],"collection":[{"href":"https:\/\/www.doriagrandhotel.it\/fr\/wp-json\/wp\/v2\/pages"}],"about":[{"href":"https:\/\/www.doriagrandhotel.it\/fr\/wp-json\/wp\/v2\/types\/page"}],"author":[{"embeddable":true,"href":"https:\/\/www.doriagrandhotel.it\/fr\/wp-json\/wp\/v2\/users\/12"}],"replies":[{"embeddable":true,"href":"https:\/\/www.doriagrandhotel.it\/fr\/wp-json\/wp\/v2\/comments?post=2597"}],"version-history":[{"count":0,"href":"https:\/\/www.doriagrandhotel.it\/fr\/wp-json\/wp\/v2\/pages\/2597\/revisions"}],"wp:featuredmedia":[{"embeddable":true,"href":"https:\/\/www.doriagrandhotel.it\/fr\/wp-json\/wp\/v2\/media\/1941"}],"wp:attachment":[{"href":"https:\/\/www.doriagrandhotel.it\/fr\/wp-json\/wp\/v2\/media?parent=2597"}],"curies":[{"name":"wp","href":"https:\/\/api.w.org\/{rel}","templated":true}]}}