{"id":2623,"date":"2024-11-04T13:43:58","date_gmt":"2024-11-04T13:43:58","guid":{"rendered":"https:\/\/doria-grand-hotel.ms2.decms.eu\/?page_id=2623"},"modified":"2025-01-17T16:13:29","modified_gmt":"2025-01-17T16:13:29","slug":"salle-montale","status":"publish","type":"page","link":"https:\/\/www.doriagrandhotel.it\/fr\/reunion\/salle-montale\/","title":{"rendered":"Salle Montale"},"content":{"rendered":"<p>Vous cherchez la salle de r\u00e9union id\u00e9ale \u00e0 Milan ? Notre <strong>salle Montale<\/strong>, plus petite et chaleureuse, est con\u00e7ue dans une configuration en U accueillante.<\/p>\n<p>Elle offre une atmosph\u00e8re intime, id\u00e9ale pour des rassemblements allant jusqu\u2019\u00e0 25 invit\u00e9s. Sa d\u00e9coration chaleureuse et conviviale cr\u00e9e un cadre vibrant, parfait pour encourager les conversations et les \u00e9changes. Cette salle favorise l\u2019interaction et l\u2019engagement, ce qui en fait un choix parfait pour des r\u00e9unions, des ateliers ou de petites c\u00e9l\u00e9brations.<\/p>\n","protected":false},"excerpt":{"rendered":"<p>Vous cherchez la salle de r\u00e9union id\u00e9ale \u00e0 Milan ? Notre salle Montale, plus petite et chaleureuse, est con\u00e7ue dans une configuration en U accueillante. Elle offre une atmosph\u00e8re intime, id\u00e9ale pour des rassemblements allant jusqu\u2019\u00e0 25 invit\u00e9s. Sa d\u00e9coration chaleureuse et conviviale cr\u00e9e un cadre vibrant, parfait pour encourager les conversations et les \u00e9changes. [&hellip;]<\/p>\n","protected":false},"author":12,"featured_media":754,"parent":2618,"menu_order":38,"comment_status":"closed","ping_status":"closed","template":"template-weddings.php","meta":{"footnotes":""},"yoast_head":"<!-- This site is optimized with the Yoast SEO plugin v22.3 - https:\/\/yoast.com\/wordpress\/plugins\/seo\/ -->\n<title>Salle de R\u00e9union \u00e0 Milan - Doria Grand Hotel<\/title>\n<meta name=\"description\" content=\"D\u00e9couvrez la salle Montale au Doria Grand Hotel, une salle de r\u00e9union id\u00e9ale \u00e0 Milan, \u00e9quip\u00e9e de commodit\u00e9s modernes pour votre prochain \u00e9v\u00e9nement professionnel ou priv\u00e9.\" \/>\n<meta name=\"robots\" content=\"index, follow, max-snippet:-1, max-image-preview:large, max-video-preview:-1\" \/>\n<link rel=\"canonical\" href=\"https:\/\/www.doriagrandhotel.it\/fr\/reunion\/salle-montale\/\" \/>\n<meta property=\"og:locale\" content=\"fr_FR\" \/>\n<meta property=\"og:type\" content=\"article\" \/>\n<meta property=\"og:title\" content=\"Salle de R\u00e9union \u00e0 Milan - Doria Grand Hotel\" \/>\n<meta property=\"og:description\" content=\"D\u00e9couvrez la salle Montale au Doria Grand Hotel, une salle de r\u00e9union id\u00e9ale \u00e0 Milan, \u00e9quip\u00e9e de commodit\u00e9s modernes pour votre prochain \u00e9v\u00e9nement professionnel ou priv\u00e9.\" \/>\n<meta property=\"og:url\" content=\"https:\/\/www.doriagrandhotel.it\/fr\/reunion\/salle-montale\/\" \/>\n<meta property=\"og:site_name\" content=\"Doria Grand Hotel\" \/>\n<meta property=\"article:publisher\" content=\"https:\/\/www.facebook.com\/Doria-Grand-Hotel-150382741666057\/\" \/>\n<meta property=\"article:modified_time\" content=\"2025-01-17T16:13:29+00:00\" \/>\n<meta property=\"og:image\" content=\"http:\/\/www.doriagrandhotel.it\/wp-content\/uploads\/sites\/170\/2024\/11\/Doria_Meeting_Montale_01.jpg\" \/>\n\t<meta property=\"og:image:width\" content=\"1800\" \/>\n\t<meta property=\"og:image:height\" content=\"1200\" \/>\n\t<meta property=\"og:image:type\" content=\"image\/jpeg\" \/>\n<meta name=\"twitter:card\" content=\"summary_large_image\" \/>\n<meta name=\"twitter:site\" content=\"@adihotels\" \/>\n<meta name=\"twitter:label1\" content=\"Dur\u00e9e de lecture estim\u00e9e\" \/>\n\t<meta name=\"twitter:data1\" content=\"1 minute\" \/>\n<script type=\"application\/ld+json\" class=\"yoast-schema-graph\">{\"@context\":\"https:\/\/schema.org\",\"@graph\":[{\"@type\":\"WebPage\",\"@id\":\"https:\/\/www.doriagrandhotel.it\/fr\/reunion\/salle-montale\/\",\"url\":\"https:\/\/www.doriagrandhotel.it\/fr\/reunion\/salle-montale\/\",\"name\":\"Salle de R\u00e9union \u00e0 Milan - Doria Grand Hotel\",\"isPartOf\":{\"@id\":\"https:\/\/www.doriagrandhotel.it\/fr\/#website\"},\"primaryImageOfPage\":{\"@id\":\"https:\/\/www.doriagrandhotel.it\/fr\/reunion\/salle-montale\/#primaryimage\"},\"image\":{\"@id\":\"https:\/\/www.doriagrandhotel.it\/fr\/reunion\/salle-montale\/#primaryimage\"},\"thumbnailUrl\":\"https:\/\/www.doriagrandhotel.it\/wp-content\/uploads\/sites\/170\/2024\/11\/Doria_Meeting_Montale_01.jpg\",\"datePublished\":\"2024-11-04T13:43:58+00:00\",\"dateModified\":\"2025-01-17T16:13:29+00:00\",\"description\":\"D\u00e9couvrez la salle Montale au Doria Grand Hotel, une salle de r\u00e9union id\u00e9ale \u00e0 Milan, \u00e9quip\u00e9e de commodit\u00e9s modernes pour votre prochain \u00e9v\u00e9nement professionnel ou priv\u00e9.\",\"breadcrumb\":{\"@id\":\"https:\/\/www.doriagrandhotel.it\/fr\/reunion\/salle-montale\/#breadcrumb\"},\"inLanguage\":\"fr-FR\",\"potentialAction\":[{\"@type\":\"ReadAction\",\"target\":[\"https:\/\/www.doriagrandhotel.it\/fr\/reunion\/salle-montale\/\"]}]},{\"@type\":\"ImageObject\",\"inLanguage\":\"fr-FR\",\"@id\":\"https:\/\/www.doriagrandhotel.it\/fr\/reunion\/salle-montale\/#primaryimage\",\"url\":\"https:\/\/www.doriagrandhotel.it\/wp-content\/uploads\/sites\/170\/2024\/11\/Doria_Meeting_Montale_01.jpg\",\"contentUrl\":\"https:\/\/www.doriagrandhotel.it\/wp-content\/uploads\/sites\/170\/2024\/11\/Doria_Meeting_Montale_01.jpg\",\"width\":1800,\"height\":1200},{\"@type\":\"BreadcrumbList\",\"@id\":\"https:\/\/www.doriagrandhotel.it\/fr\/reunion\/salle-montale\/#breadcrumb\",\"itemListElement\":[{\"@type\":\"ListItem\",\"position\":1,\"name\":\"Home\",\"item\":\"https:\/\/www.doriagrandhotel.it\/fr\/bienvenue-a-doria-grand-hotel\/\"},{\"@type\":\"ListItem\",\"position\":2,\"name\":\"Salles de R\u00e9union\",\"item\":\"https:\/\/www.doriagrandhotel.it\/fr\/reunion\/\"},{\"@type\":\"ListItem\",\"position\":3,\"name\":\"Salle Montale\"}]},{\"@type\":\"WebSite\",\"@id\":\"https:\/\/www.doriagrandhotel.it\/fr\/#website\",\"url\":\"https:\/\/www.doriagrandhotel.it\/fr\/\",\"name\":\"Doria Grand Hotel\",\"description\":\"Official website of Doria Grand Hotel , a luxury  hotel in Milan center. Book your hotel in Milan at the best price\",\"publisher\":{\"@id\":\"https:\/\/www.doriagrandhotel.it\/fr\/#organization\"},\"alternateName\":\"Doria Grand Hotel\",\"potentialAction\":[{\"@type\":\"SearchAction\",\"target\":{\"@type\":\"EntryPoint\",\"urlTemplate\":\"https:\/\/www.doriagrandhotel.it\/fr\/?s={search_term_string}\"},\"query-input\":\"required name=search_term_string\"}],\"inLanguage\":\"fr-FR\"},{\"@type\":\"Organization\",\"@id\":\"https:\/\/www.doriagrandhotel.it\/fr\/#organization\",\"name\":\"Doria Grand Hotel\",\"alternateName\":\"Doria Grand Hotel\",\"url\":\"https:\/\/www.doriagrandhotel.it\/fr\/\",\"logo\":{\"@type\":\"ImageObject\",\"inLanguage\":\"fr-FR\",\"@id\":\"https:\/\/www.doriagrandhotel.it\/fr\/#\/schema\/logo\/image\/\",\"url\":\"https:\/\/doria-grand-hotel.ms2.decms.eu\/wp-content\/uploads\/sites\/170\/2024\/09\/LOGO-DGH-tr.png\",\"contentUrl\":\"https:\/\/doria-grand-hotel.ms2.decms.eu\/wp-content\/uploads\/sites\/170\/2024\/09\/LOGO-DGH-tr.png\",\"width\":230,\"height\":51,\"caption\":\"Doria Grand Hotel\"},\"image\":{\"@id\":\"https:\/\/www.doriagrandhotel.it\/fr\/#\/schema\/logo\/image\/\"},\"sameAs\":[\"https:\/\/www.facebook.com\/Doria-Grand-Hotel-150382741666057\/\",\"https:\/\/twitter.com\/adihotels\",\"https:\/\/www.instagram.com\/doriagrandhotel\/?hl=en\",\"https:\/\/www.linkedin.com\/company\/doria-grand-hotel\/\",\"https:\/\/www.tripadvisor.com\/Hotel_Review-g187849-d202862-Reviews-Doria_Grand_Hotel-Milan_Lombardy.html\"]}]}<\/script>\n<!-- \/ Yoast SEO plugin. -->","yoast_head_json":{"title":"Salle de R\u00e9union \u00e0 Milan - Doria Grand Hotel","description":"D\u00e9couvrez la salle Montale au Doria Grand Hotel, une salle de r\u00e9union id\u00e9ale \u00e0 Milan, \u00e9quip\u00e9e de commodit\u00e9s modernes pour votre prochain \u00e9v\u00e9nement professionnel ou priv\u00e9.","robots":{"index":"index","follow":"follow","max-snippet":"max-snippet:-1","max-image-preview":"max-image-preview:large","max-video-preview":"max-video-preview:-1"},"canonical":"https:\/\/www.doriagrandhotel.it\/fr\/reunion\/salle-montale\/","og_locale":"fr_FR","og_type":"article","og_title":"Salle de R\u00e9union \u00e0 Milan - Doria Grand Hotel","og_description":"D\u00e9couvrez la salle Montale au Doria Grand Hotel, une salle de r\u00e9union id\u00e9ale \u00e0 Milan, \u00e9quip\u00e9e de commodit\u00e9s modernes pour votre prochain \u00e9v\u00e9nement professionnel ou priv\u00e9.","og_url":"https:\/\/www.doriagrandhotel.it\/fr\/reunion\/salle-montale\/","og_site_name":"Doria Grand Hotel","article_publisher":"https:\/\/www.facebook.com\/Doria-Grand-Hotel-150382741666057\/","article_modified_time":"2025-01-17T16:13:29+00:00","og_image":[{"width":1800,"height":1200,"url":"http:\/\/www.doriagrandhotel.it\/wp-content\/uploads\/sites\/170\/2024\/11\/Doria_Meeting_Montale_01.jpg","type":"image\/jpeg"}],"twitter_card":"summary_large_image","twitter_site":"@adihotels","twitter_misc":{"Dur\u00e9e de lecture estim\u00e9e":"1 minute"},"schema":{"@context":"https:\/\/schema.org","@graph":[{"@type":"WebPage","@id":"https:\/\/www.doriagrandhotel.it\/fr\/reunion\/salle-montale\/","url":"https:\/\/www.doriagrandhotel.it\/fr\/reunion\/salle-montale\/","name":"Salle de R\u00e9union \u00e0 Milan - Doria Grand Hotel","isPartOf":{"@id":"https:\/\/www.doriagrandhotel.it\/fr\/#website"},"primaryImageOfPage":{"@id":"https:\/\/www.doriagrandhotel.it\/fr\/reunion\/salle-montale\/#primaryimage"},"image":{"@id":"https:\/\/www.doriagrandhotel.it\/fr\/reunion\/salle-montale\/#primaryimage"},"thumbnailUrl":"https:\/\/www.doriagrandhotel.it\/wp-content\/uploads\/sites\/170\/2024\/11\/Doria_Meeting_Montale_01.jpg","datePublished":"2024-11-04T13:43:58+00:00","dateModified":"2025-01-17T16:13:29+00:00","description":"D\u00e9couvrez la salle Montale au Doria Grand Hotel, une salle de r\u00e9union id\u00e9ale \u00e0 Milan, \u00e9quip\u00e9e de commodit\u00e9s modernes pour votre prochain \u00e9v\u00e9nement professionnel ou priv\u00e9.","breadcrumb":{"@id":"https:\/\/www.doriagrandhotel.it\/fr\/reunion\/salle-montale\/#breadcrumb"},"inLanguage":"fr-FR","potentialAction":[{"@type":"ReadAction","target":["https:\/\/www.doriagrandhotel.it\/fr\/reunion\/salle-montale\/"]}]},{"@type":"ImageObject","inLanguage":"fr-FR","@id":"https:\/\/www.doriagrandhotel.it\/fr\/reunion\/salle-montale\/#primaryimage","url":"https:\/\/www.doriagrandhotel.it\/wp-content\/uploads\/sites\/170\/2024\/11\/Doria_Meeting_Montale_01.jpg","contentUrl":"https:\/\/www.doriagrandhotel.it\/wp-content\/uploads\/sites\/170\/2024\/11\/Doria_Meeting_Montale_01.jpg","width":1800,"height":1200},{"@type":"BreadcrumbList","@id":"https:\/\/www.doriagrandhotel.it\/fr\/reunion\/salle-montale\/#breadcrumb","itemListElement":[{"@type":"ListItem","position":1,"name":"Home","item":"https:\/\/www.doriagrandhotel.it\/fr\/bienvenue-a-doria-grand-hotel\/"},{"@type":"ListItem","position":2,"name":"Salles de R\u00e9union","item":"https:\/\/www.doriagrandhotel.it\/fr\/reunion\/"},{"@type":"ListItem","position":3,"name":"Salle Montale"}]},{"@type":"WebSite","@id":"https:\/\/www.doriagrandhotel.it\/fr\/#website","url":"https:\/\/www.doriagrandhotel.it\/fr\/","name":"Doria Grand Hotel","description":"Official website of Doria Grand Hotel , a luxury  hotel in Milan center. Book your hotel in Milan at the best price","publisher":{"@id":"https:\/\/www.doriagrandhotel.it\/fr\/#organization"},"alternateName":"Doria Grand Hotel","potentialAction":[{"@type":"SearchAction","target":{"@type":"EntryPoint","urlTemplate":"https:\/\/www.doriagrandhotel.it\/fr\/?s={search_term_string}"},"query-input":"required name=search_term_string"}],"inLanguage":"fr-FR"},{"@type":"Organization","@id":"https:\/\/www.doriagrandhotel.it\/fr\/#organization","name":"Doria Grand Hotel","alternateName":"Doria Grand Hotel","url":"https:\/\/www.doriagrandhotel.it\/fr\/","logo":{"@type":"ImageObject","inLanguage":"fr-FR","@id":"https:\/\/www.doriagrandhotel.it\/fr\/#\/schema\/logo\/image\/","url":"https:\/\/doria-grand-hotel.ms2.decms.eu\/wp-content\/uploads\/sites\/170\/2024\/09\/LOGO-DGH-tr.png","contentUrl":"https:\/\/doria-grand-hotel.ms2.decms.eu\/wp-content\/uploads\/sites\/170\/2024\/09\/LOGO-DGH-tr.png","width":230,"height":51,"caption":"Doria Grand Hotel"},"image":{"@id":"https:\/\/www.doriagrandhotel.it\/fr\/#\/schema\/logo\/image\/"},"sameAs":["https:\/\/www.facebook.com\/Doria-Grand-Hotel-150382741666057\/","https:\/\/twitter.com\/adihotels","https:\/\/www.instagram.com\/doriagrandhotel\/?hl=en","https:\/\/www.linkedin.com\/company\/doria-grand-hotel\/","https:\/\/www.tripadvisor.com\/Hotel_Review-g187849-d202862-Reviews-Doria_Grand_Hotel-Milan_Lombardy.html"]}]}},"acf":[],"_links":{"self":[{"href":"https:\/\/www.doriagrandhotel.it\/fr\/wp-json\/wp\/v2\/pages\/2623"}],"collection":[{"href":"https:\/\/www.doriagrandhotel.it\/fr\/wp-json\/wp\/v2\/pages"}],"about":[{"href":"https:\/\/www.doriagrandhotel.it\/fr\/wp-json\/wp\/v2\/types\/page"}],"author":[{"embeddable":true,"href":"https:\/\/www.doriagrandhotel.it\/fr\/wp-json\/wp\/v2\/users\/12"}],"replies":[{"embeddable":true,"href":"https:\/\/www.doriagrandhotel.it\/fr\/wp-json\/wp\/v2\/comments?post=2623"}],"version-history":[{"count":0,"href":"https:\/\/www.doriagrandhotel.it\/fr\/wp-json\/wp\/v2\/pages\/2623\/revisions"}],"up":[{"embeddable":true,"href":"https:\/\/www.doriagrandhotel.it\/fr\/wp-json\/wp\/v2\/pages\/2618"}],"wp:featuredmedia":[{"embeddable":true,"href":"https:\/\/www.doriagrandhotel.it\/fr\/wp-json\/wp\/v2\/media\/754"}],"wp:attachment":[{"href":"https:\/\/www.doriagrandhotel.it\/fr\/wp-json\/wp\/v2\/media?parent=2623"}],"curies":[{"name":"wp","href":"https:\/\/api.w.org\/{rel}","templated":true}]}}