{"id":2626,"date":"2024-11-04T13:36:31","date_gmt":"2024-11-04T13:36:31","guid":{"rendered":"https:\/\/doria-grand-hotel.ms2.decms.eu\/?page_id=2626"},"modified":"2025-01-17T17:09:52","modified_gmt":"2025-01-17T17:09:52","slug":"salle-svevo","status":"publish","type":"page","link":"https:\/\/www.doriagrandhotel.it\/fr\/reunion\/salle-svevo\/","title":{"rendered":"Salle Svevo"},"content":{"rendered":"<p>La <strong>salle Svevo<\/strong>, notre salle de taille moyenne, se distingue par sa d\u00e9coration \u00e9l\u00e9gante et ses couleurs accueillantes qui cr\u00e9ent une ambiance chaleureuse.<\/p>\n<p>Reli\u00e9e \u00e0 la <em>salle Saba<\/em> par une semi-cloison, elle offre une sensation d\u2019ouverture tout en conservant une atmosph\u00e8re intime. Id\u00e9ale pour des ateliers \u00e0 Milan, cette salle spacieuse peut accueillir jusqu\u2019\u00e0 45 personnes. L\u2019agencement des si\u00e8ges confortables favorise \u00e0 la fois les conversations et la collaboration, tandis que la d\u00e9coration soigneusement choisie ajoute une touche de sophistication \u00e0 l\u2019espace.<\/p>\n<p>Que ce soit pour un \u00e9v\u00e9nement festif ou un atelier professionnel, cette salle polyvalente laissera \u00e0 coup s\u00fbr une impression durable \u00e0 tous ceux qui y p\u00e9n\u00e8trent.<\/p>\n","protected":false},"excerpt":{"rendered":"<p>La salle Svevo, notre salle de taille moyenne, se distingue par sa d\u00e9coration \u00e9l\u00e9gante et ses couleurs accueillantes qui cr\u00e9ent une ambiance chaleureuse. Reli\u00e9e \u00e0 la salle Saba par une semi-cloison, elle offre une sensation d\u2019ouverture tout en conservant une atmosph\u00e8re intime. Id\u00e9ale pour des ateliers \u00e0 Milan, cette salle spacieuse peut accueillir jusqu\u2019\u00e0 45 [&hellip;]<\/p>\n","protected":false},"author":12,"featured_media":708,"parent":2618,"menu_order":36,"comment_status":"closed","ping_status":"closed","template":"template-weddings.php","meta":{"footnotes":""},"class_list":["post-2626","page","type-page","status-publish","has-post-thumbnail","hentry"],"yoast_head":"<!-- This site is optimized with the Yoast SEO plugin v27.3 - https:\/\/yoast.com\/product\/yoast-seo-wordpress\/ -->\n<title>Atelier \u00e0 Milan \u2013 Doria Grand Hotel<\/title>\n<meta name=\"description\" content=\"D\u00e9couvrez la salle Svevo au Doria Grand Hotel, le lieu id\u00e9al pour vos ateliers \u00e0 Milan, \u00e9quip\u00e9e de tous les outils n\u00e9cessaires pour des sessions productives.\" \/>\n<meta name=\"robots\" content=\"index, follow, max-snippet:-1, max-image-preview:large, max-video-preview:-1\" \/>\n<link rel=\"canonical\" href=\"https:\/\/www.doriagrandhotel.it\/fr\/reunion\/salle-svevo\/\" \/>\n<meta property=\"og:locale\" content=\"fr_FR\" \/>\n<meta property=\"og:type\" content=\"article\" \/>\n<meta property=\"og:title\" content=\"Atelier \u00e0 Milan \u2013 Doria Grand Hotel\" \/>\n<meta property=\"og:description\" content=\"D\u00e9couvrez la salle Svevo au Doria Grand Hotel, le lieu id\u00e9al pour vos ateliers \u00e0 Milan, \u00e9quip\u00e9e de tous les outils n\u00e9cessaires pour des sessions productives.\" \/>\n<meta property=\"og:url\" content=\"https:\/\/www.doriagrandhotel.it\/fr\/reunion\/salle-svevo\/\" \/>\n<meta property=\"og:site_name\" content=\"Doria Grand Hotel\" \/>\n<meta property=\"article:publisher\" content=\"https:\/\/www.facebook.com\/Doria-Grand-Hotel-150382741666057\/\" \/>\n<meta property=\"article:modified_time\" content=\"2025-01-17T17:09:52+00:00\" \/>\n<meta property=\"og:image\" content=\"http:\/\/www.doriagrandhotel.it\/wp-content\/uploads\/sites\/170\/2024\/11\/Doria_Meeting_Svevo_05.jpg\" \/>\n\t<meta property=\"og:image:width\" content=\"1800\" \/>\n\t<meta property=\"og:image:height\" content=\"1200\" \/>\n\t<meta property=\"og:image:type\" content=\"image\/jpeg\" \/>\n<meta name=\"twitter:card\" content=\"summary_large_image\" \/>\n<meta name=\"twitter:site\" content=\"@adihotels\" \/>\n<meta name=\"twitter:label1\" content=\"Dur\u00e9e de lecture estim\u00e9e\" \/>\n\t<meta name=\"twitter:data1\" content=\"1 minute\" \/>\n<script type=\"application\/ld+json\" class=\"yoast-schema-graph\">{\"@context\":\"https:\\\/\\\/schema.org\",\"@graph\":[{\"@type\":\"WebPage\",\"@id\":\"https:\\\/\\\/www.doriagrandhotel.it\\\/fr\\\/reunion\\\/salle-svevo\\\/\",\"url\":\"https:\\\/\\\/www.doriagrandhotel.it\\\/fr\\\/reunion\\\/salle-svevo\\\/\",\"name\":\"Atelier \u00e0 Milan \u2013 Doria Grand Hotel\",\"isPartOf\":{\"@id\":\"https:\\\/\\\/www.doriagrandhotel.it\\\/fr\\\/#website\"},\"primaryImageOfPage\":{\"@id\":\"https:\\\/\\\/www.doriagrandhotel.it\\\/fr\\\/reunion\\\/salle-svevo\\\/#primaryimage\"},\"image\":{\"@id\":\"https:\\\/\\\/www.doriagrandhotel.it\\\/fr\\\/reunion\\\/salle-svevo\\\/#primaryimage\"},\"thumbnailUrl\":\"https:\\\/\\\/www.doriagrandhotel.it\\\/wp-content\\\/uploads\\\/sites\\\/170\\\/2024\\\/11\\\/Doria_Meeting_Svevo_05.jpg\",\"datePublished\":\"2024-11-04T13:36:31+00:00\",\"dateModified\":\"2025-01-17T17:09:52+00:00\",\"description\":\"D\u00e9couvrez la salle Svevo au Doria Grand Hotel, le lieu id\u00e9al pour vos ateliers \u00e0 Milan, \u00e9quip\u00e9e de tous les outils n\u00e9cessaires pour des sessions productives.\",\"breadcrumb\":{\"@id\":\"https:\\\/\\\/www.doriagrandhotel.it\\\/fr\\\/reunion\\\/salle-svevo\\\/#breadcrumb\"},\"inLanguage\":\"fr-FR\",\"potentialAction\":[{\"@type\":\"ReadAction\",\"target\":[\"https:\\\/\\\/www.doriagrandhotel.it\\\/fr\\\/reunion\\\/salle-svevo\\\/\"]}]},{\"@type\":\"ImageObject\",\"inLanguage\":\"fr-FR\",\"@id\":\"https:\\\/\\\/www.doriagrandhotel.it\\\/fr\\\/reunion\\\/salle-svevo\\\/#primaryimage\",\"url\":\"https:\\\/\\\/www.doriagrandhotel.it\\\/wp-content\\\/uploads\\\/sites\\\/170\\\/2024\\\/11\\\/Doria_Meeting_Svevo_05.jpg\",\"contentUrl\":\"https:\\\/\\\/www.doriagrandhotel.it\\\/wp-content\\\/uploads\\\/sites\\\/170\\\/2024\\\/11\\\/Doria_Meeting_Svevo_05.jpg\",\"width\":1800,\"height\":1200},{\"@type\":\"BreadcrumbList\",\"@id\":\"https:\\\/\\\/www.doriagrandhotel.it\\\/fr\\\/reunion\\\/salle-svevo\\\/#breadcrumb\",\"itemListElement\":[{\"@type\":\"ListItem\",\"position\":1,\"name\":\"Home\",\"item\":\"https:\\\/\\\/www.doriagrandhotel.it\\\/fr\\\/bienvenue-a-doria-grand-hotel\\\/\"},{\"@type\":\"ListItem\",\"position\":2,\"name\":\"Salles de R\u00e9union\",\"item\":\"https:\\\/\\\/www.doriagrandhotel.it\\\/fr\\\/reunion\\\/\"},{\"@type\":\"ListItem\",\"position\":3,\"name\":\"Salle Svevo\"}]},{\"@type\":\"WebSite\",\"@id\":\"https:\\\/\\\/www.doriagrandhotel.it\\\/fr\\\/#website\",\"url\":\"https:\\\/\\\/www.doriagrandhotel.it\\\/fr\\\/\",\"name\":\"Doria Grand Hotel\",\"description\":\"Official website of Doria Grand Hotel , a luxury  hotel in Milan center. Book your hotel in Milan at the best price\",\"publisher\":{\"@id\":\"https:\\\/\\\/www.doriagrandhotel.it\\\/fr\\\/#organization\"},\"alternateName\":\"Doria Grand Hotel\",\"potentialAction\":[{\"@type\":\"SearchAction\",\"target\":{\"@type\":\"EntryPoint\",\"urlTemplate\":\"https:\\\/\\\/www.doriagrandhotel.it\\\/fr\\\/?s={search_term_string}\"},\"query-input\":{\"@type\":\"PropertyValueSpecification\",\"valueRequired\":true,\"valueName\":\"search_term_string\"}}],\"inLanguage\":\"fr-FR\"},{\"@type\":\"Organization\",\"@id\":\"https:\\\/\\\/www.doriagrandhotel.it\\\/fr\\\/#organization\",\"name\":\"Doria Grand Hotel\",\"alternateName\":\"Doria Grand Hotel\",\"url\":\"https:\\\/\\\/www.doriagrandhotel.it\\\/fr\\\/\",\"logo\":{\"@type\":\"ImageObject\",\"inLanguage\":\"fr-FR\",\"@id\":\"https:\\\/\\\/www.doriagrandhotel.it\\\/fr\\\/#\\\/schema\\\/logo\\\/image\\\/\",\"url\":\"https:\\\/\\\/doria-grand-hotel.ms2.decms.eu\\\/wp-content\\\/uploads\\\/sites\\\/170\\\/2024\\\/09\\\/LOGO-DGH-tr.png\",\"contentUrl\":\"https:\\\/\\\/doria-grand-hotel.ms2.decms.eu\\\/wp-content\\\/uploads\\\/sites\\\/170\\\/2024\\\/09\\\/LOGO-DGH-tr.png\",\"width\":230,\"height\":51,\"caption\":\"Doria Grand Hotel\"},\"image\":{\"@id\":\"https:\\\/\\\/www.doriagrandhotel.it\\\/fr\\\/#\\\/schema\\\/logo\\\/image\\\/\"},\"sameAs\":[\"https:\\\/\\\/www.facebook.com\\\/Doria-Grand-Hotel-150382741666057\\\/\",\"https:\\\/\\\/x.com\\\/adihotels\",\"https:\\\/\\\/www.instagram.com\\\/doriagrandhotel\\\/?hl=en\",\"https:\\\/\\\/www.linkedin.com\\\/company\\\/doria-grand-hotel\\\/\",\"https:\\\/\\\/www.tripadvisor.com\\\/Hotel_Review-g187849-d202862-Reviews-Doria_Grand_Hotel-Milan_Lombardy.html\"]}]}<\/script>\n<!-- \/ Yoast SEO plugin. -->","yoast_head_json":{"title":"Atelier \u00e0 Milan \u2013 Doria Grand Hotel","description":"D\u00e9couvrez la salle Svevo au Doria Grand Hotel, le lieu id\u00e9al pour vos ateliers \u00e0 Milan, \u00e9quip\u00e9e de tous les outils n\u00e9cessaires pour des sessions productives.","robots":{"index":"index","follow":"follow","max-snippet":"max-snippet:-1","max-image-preview":"max-image-preview:large","max-video-preview":"max-video-preview:-1"},"canonical":"https:\/\/www.doriagrandhotel.it\/fr\/reunion\/salle-svevo\/","og_locale":"fr_FR","og_type":"article","og_title":"Atelier \u00e0 Milan \u2013 Doria Grand Hotel","og_description":"D\u00e9couvrez la salle Svevo au Doria Grand Hotel, le lieu id\u00e9al pour vos ateliers \u00e0 Milan, \u00e9quip\u00e9e de tous les outils n\u00e9cessaires pour des sessions productives.","og_url":"https:\/\/www.doriagrandhotel.it\/fr\/reunion\/salle-svevo\/","og_site_name":"Doria Grand Hotel","article_publisher":"https:\/\/www.facebook.com\/Doria-Grand-Hotel-150382741666057\/","article_modified_time":"2025-01-17T17:09:52+00:00","og_image":[{"width":1800,"height":1200,"url":"http:\/\/www.doriagrandhotel.it\/wp-content\/uploads\/sites\/170\/2024\/11\/Doria_Meeting_Svevo_05.jpg","type":"image\/jpeg"}],"twitter_card":"summary_large_image","twitter_site":"@adihotels","twitter_misc":{"Dur\u00e9e de lecture estim\u00e9e":"1 minute"},"schema":{"@context":"https:\/\/schema.org","@graph":[{"@type":"WebPage","@id":"https:\/\/www.doriagrandhotel.it\/fr\/reunion\/salle-svevo\/","url":"https:\/\/www.doriagrandhotel.it\/fr\/reunion\/salle-svevo\/","name":"Atelier \u00e0 Milan \u2013 Doria Grand Hotel","isPartOf":{"@id":"https:\/\/www.doriagrandhotel.it\/fr\/#website"},"primaryImageOfPage":{"@id":"https:\/\/www.doriagrandhotel.it\/fr\/reunion\/salle-svevo\/#primaryimage"},"image":{"@id":"https:\/\/www.doriagrandhotel.it\/fr\/reunion\/salle-svevo\/#primaryimage"},"thumbnailUrl":"https:\/\/www.doriagrandhotel.it\/wp-content\/uploads\/sites\/170\/2024\/11\/Doria_Meeting_Svevo_05.jpg","datePublished":"2024-11-04T13:36:31+00:00","dateModified":"2025-01-17T17:09:52+00:00","description":"D\u00e9couvrez la salle Svevo au Doria Grand Hotel, le lieu id\u00e9al pour vos ateliers \u00e0 Milan, \u00e9quip\u00e9e de tous les outils n\u00e9cessaires pour des sessions productives.","breadcrumb":{"@id":"https:\/\/www.doriagrandhotel.it\/fr\/reunion\/salle-svevo\/#breadcrumb"},"inLanguage":"fr-FR","potentialAction":[{"@type":"ReadAction","target":["https:\/\/www.doriagrandhotel.it\/fr\/reunion\/salle-svevo\/"]}]},{"@type":"ImageObject","inLanguage":"fr-FR","@id":"https:\/\/www.doriagrandhotel.it\/fr\/reunion\/salle-svevo\/#primaryimage","url":"https:\/\/www.doriagrandhotel.it\/wp-content\/uploads\/sites\/170\/2024\/11\/Doria_Meeting_Svevo_05.jpg","contentUrl":"https:\/\/www.doriagrandhotel.it\/wp-content\/uploads\/sites\/170\/2024\/11\/Doria_Meeting_Svevo_05.jpg","width":1800,"height":1200},{"@type":"BreadcrumbList","@id":"https:\/\/www.doriagrandhotel.it\/fr\/reunion\/salle-svevo\/#breadcrumb","itemListElement":[{"@type":"ListItem","position":1,"name":"Home","item":"https:\/\/www.doriagrandhotel.it\/fr\/bienvenue-a-doria-grand-hotel\/"},{"@type":"ListItem","position":2,"name":"Salles de R\u00e9union","item":"https:\/\/www.doriagrandhotel.it\/fr\/reunion\/"},{"@type":"ListItem","position":3,"name":"Salle Svevo"}]},{"@type":"WebSite","@id":"https:\/\/www.doriagrandhotel.it\/fr\/#website","url":"https:\/\/www.doriagrandhotel.it\/fr\/","name":"Doria Grand Hotel","description":"Official website of Doria Grand Hotel , a luxury  hotel in Milan center. Book your hotel in Milan at the best price","publisher":{"@id":"https:\/\/www.doriagrandhotel.it\/fr\/#organization"},"alternateName":"Doria Grand Hotel","potentialAction":[{"@type":"SearchAction","target":{"@type":"EntryPoint","urlTemplate":"https:\/\/www.doriagrandhotel.it\/fr\/?s={search_term_string}"},"query-input":{"@type":"PropertyValueSpecification","valueRequired":true,"valueName":"search_term_string"}}],"inLanguage":"fr-FR"},{"@type":"Organization","@id":"https:\/\/www.doriagrandhotel.it\/fr\/#organization","name":"Doria Grand Hotel","alternateName":"Doria Grand Hotel","url":"https:\/\/www.doriagrandhotel.it\/fr\/","logo":{"@type":"ImageObject","inLanguage":"fr-FR","@id":"https:\/\/www.doriagrandhotel.it\/fr\/#\/schema\/logo\/image\/","url":"https:\/\/doria-grand-hotel.ms2.decms.eu\/wp-content\/uploads\/sites\/170\/2024\/09\/LOGO-DGH-tr.png","contentUrl":"https:\/\/doria-grand-hotel.ms2.decms.eu\/wp-content\/uploads\/sites\/170\/2024\/09\/LOGO-DGH-tr.png","width":230,"height":51,"caption":"Doria Grand Hotel"},"image":{"@id":"https:\/\/www.doriagrandhotel.it\/fr\/#\/schema\/logo\/image\/"},"sameAs":["https:\/\/www.facebook.com\/Doria-Grand-Hotel-150382741666057\/","https:\/\/x.com\/adihotels","https:\/\/www.instagram.com\/doriagrandhotel\/?hl=en","https:\/\/www.linkedin.com\/company\/doria-grand-hotel\/","https:\/\/www.tripadvisor.com\/Hotel_Review-g187849-d202862-Reviews-Doria_Grand_Hotel-Milan_Lombardy.html"]}]}},"acf":[],"_links":{"self":[{"href":"https:\/\/www.doriagrandhotel.it\/fr\/wp-json\/wp\/v2\/pages\/2626","targetHints":{"allow":["GET"]}}],"collection":[{"href":"https:\/\/www.doriagrandhotel.it\/fr\/wp-json\/wp\/v2\/pages"}],"about":[{"href":"https:\/\/www.doriagrandhotel.it\/fr\/wp-json\/wp\/v2\/types\/page"}],"author":[{"embeddable":true,"href":"https:\/\/www.doriagrandhotel.it\/fr\/wp-json\/wp\/v2\/users\/12"}],"replies":[{"embeddable":true,"href":"https:\/\/www.doriagrandhotel.it\/fr\/wp-json\/wp\/v2\/comments?post=2626"}],"version-history":[{"count":0,"href":"https:\/\/www.doriagrandhotel.it\/fr\/wp-json\/wp\/v2\/pages\/2626\/revisions"}],"up":[{"embeddable":true,"href":"https:\/\/www.doriagrandhotel.it\/fr\/wp-json\/wp\/v2\/pages\/2618"}],"wp:featuredmedia":[{"embeddable":true,"href":"https:\/\/www.doriagrandhotel.it\/fr\/wp-json\/wp\/v2\/media\/708"}],"wp:attachment":[{"href":"https:\/\/www.doriagrandhotel.it\/fr\/wp-json\/wp\/v2\/media?parent=2626"}],"curies":[{"name":"wp","href":"https:\/\/api.w.org\/{rel}","templated":true}]}}