{"id":2643,"date":"2024-10-30T17:44:47","date_gmt":"2024-10-30T17:44:47","guid":{"rendered":"https:\/\/doria-grand-hotel.ms2.decms.eu\/?page_id=2643"},"modified":"2025-01-21T09:25:53","modified_gmt":"2025-01-21T09:25:53","slug":"un-reveil-parfait","status":"publish","type":"page","link":"https:\/\/www.doriagrandhotel.it\/fr\/nourriture-et-boissons\/un-reveil-parfait\/","title":{"rendered":"Un R\u00e9veil Parfait"},"content":{"rendered":"<p>Breakfast at the Doria Grand Hotel is a delightful feast for the senses, offering an abundant array of culinary treasures that beckon guests to indulge. Start your morning journey at the enchanting Bakery Corner; then wander over to the Cafeteria Corner, vibrant juices await you.<\/p>\n","protected":false},"excerpt":{"rendered":"<p>Breakfast at the Doria Grand Hotel is a delightful feast for the senses, offering an abundant array of culinary treasures that beckon guests to indulge. Start your morning journey at the enchanting Bakery Corner; then wander over to the Cafeteria Corner, vibrant juices await you.<\/p>\n","protected":false},"author":12,"featured_media":1441,"parent":2710,"menu_order":17,"comment_status":"closed","ping_status":"closed","template":"template-single-restaurant.php","meta":{"footnotes":""},"class_list":["post-2643","page","type-page","status-publish","has-post-thumbnail","hentry"],"yoast_head":"<!-- This site is optimized with the Yoast SEO plugin v27.3 - https:\/\/yoast.com\/product\/yoast-seo-wordpress\/ -->\n<title>Un Bon R\u00e9veil \u2013 Petit-d\u00e9jeuner au Doria Grand Hotel<\/title>\n<meta name=\"description\" content=\"Commencez votre journ\u00e9e du bon pied dans l\u2019espace petit-d\u00e9jeuner du Doria Grand Hotel, &quot;Un Bon R\u00e9veil.&quot; Savourez un d\u00e9licieux et vari\u00e9 petit-d\u00e9jeuner dans notre restaurant \u00e0 Milan, en Italie.\" \/>\n<meta name=\"robots\" content=\"index, follow, max-snippet:-1, max-image-preview:large, max-video-preview:-1\" \/>\n<link rel=\"canonical\" href=\"https:\/\/www.doriagrandhotel.it\/fr\/nourriture-et-boissons\/un-reveil-parfait\/\" \/>\n<meta property=\"og:locale\" content=\"fr_FR\" \/>\n<meta property=\"og:type\" content=\"article\" \/>\n<meta property=\"og:title\" content=\"Un Bon R\u00e9veil \u2013 Petit-d\u00e9jeuner au Doria Grand Hotel\" \/>\n<meta property=\"og:description\" content=\"Commencez votre journ\u00e9e du bon pied dans l\u2019espace petit-d\u00e9jeuner du Doria Grand Hotel, &quot;Un Bon R\u00e9veil.&quot; Savourez un d\u00e9licieux et vari\u00e9 petit-d\u00e9jeuner dans notre restaurant \u00e0 Milan, en Italie.\" \/>\n<meta property=\"og:url\" content=\"https:\/\/www.doriagrandhotel.it\/fr\/nourriture-et-boissons\/un-reveil-parfait\/\" \/>\n<meta property=\"og:site_name\" content=\"Doria Grand Hotel\" \/>\n<meta property=\"article:publisher\" content=\"https:\/\/www.facebook.com\/Doria-Grand-Hotel-150382741666057\/\" \/>\n<meta property=\"article:modified_time\" content=\"2025-01-21T09:25:53+00:00\" \/>\n<meta property=\"og:image\" content=\"https:\/\/www.doriagrandhotel.it\/wp-content\/uploads\/sites\/170\/2024\/11\/Doria_Breakfast_11-1.jpg\" \/>\n\t<meta property=\"og:image:width\" content=\"1800\" \/>\n\t<meta property=\"og:image:height\" content=\"1200\" \/>\n\t<meta property=\"og:image:type\" content=\"image\/jpeg\" \/>\n<meta name=\"twitter:card\" content=\"summary_large_image\" \/>\n<meta name=\"twitter:site\" content=\"@adihotels\" \/>\n<meta name=\"twitter:label1\" content=\"Dur\u00e9e de lecture estim\u00e9e\" \/>\n\t<meta name=\"twitter:data1\" content=\"1 minute\" \/>\n<script type=\"application\/ld+json\" class=\"yoast-schema-graph\">{\"@context\":\"https:\\\/\\\/schema.org\",\"@graph\":[{\"@type\":\"WebPage\",\"@id\":\"https:\\\/\\\/www.doriagrandhotel.it\\\/fr\\\/nourriture-et-boissons\\\/un-reveil-parfait\\\/\",\"url\":\"https:\\\/\\\/www.doriagrandhotel.it\\\/fr\\\/nourriture-et-boissons\\\/un-reveil-parfait\\\/\",\"name\":\"Un Bon R\u00e9veil \u2013 Petit-d\u00e9jeuner au Doria Grand Hotel\",\"isPartOf\":{\"@id\":\"https:\\\/\\\/www.doriagrandhotel.it\\\/fr\\\/#website\"},\"primaryImageOfPage\":{\"@id\":\"https:\\\/\\\/www.doriagrandhotel.it\\\/fr\\\/nourriture-et-boissons\\\/un-reveil-parfait\\\/#primaryimage\"},\"image\":{\"@id\":\"https:\\\/\\\/www.doriagrandhotel.it\\\/fr\\\/nourriture-et-boissons\\\/un-reveil-parfait\\\/#primaryimage\"},\"thumbnailUrl\":\"https:\\\/\\\/www.doriagrandhotel.it\\\/wp-content\\\/uploads\\\/sites\\\/170\\\/2024\\\/11\\\/Doria_Breakfast_11-1.jpg\",\"datePublished\":\"2024-10-30T17:44:47+00:00\",\"dateModified\":\"2025-01-21T09:25:53+00:00\",\"description\":\"Commencez votre journ\u00e9e du bon pied dans l\u2019espace petit-d\u00e9jeuner du Doria Grand Hotel, \\\"Un Bon R\u00e9veil.\\\" Savourez un d\u00e9licieux et vari\u00e9 petit-d\u00e9jeuner dans notre restaurant \u00e0 Milan, en Italie.\",\"breadcrumb\":{\"@id\":\"https:\\\/\\\/www.doriagrandhotel.it\\\/fr\\\/nourriture-et-boissons\\\/un-reveil-parfait\\\/#breadcrumb\"},\"inLanguage\":\"fr-FR\",\"potentialAction\":[{\"@type\":\"ReadAction\",\"target\":[\"https:\\\/\\\/www.doriagrandhotel.it\\\/fr\\\/nourriture-et-boissons\\\/un-reveil-parfait\\\/\"]}]},{\"@type\":\"ImageObject\",\"inLanguage\":\"fr-FR\",\"@id\":\"https:\\\/\\\/www.doriagrandhotel.it\\\/fr\\\/nourriture-et-boissons\\\/un-reveil-parfait\\\/#primaryimage\",\"url\":\"https:\\\/\\\/www.doriagrandhotel.it\\\/wp-content\\\/uploads\\\/sites\\\/170\\\/2024\\\/11\\\/Doria_Breakfast_11-1.jpg\",\"contentUrl\":\"https:\\\/\\\/www.doriagrandhotel.it\\\/wp-content\\\/uploads\\\/sites\\\/170\\\/2024\\\/11\\\/Doria_Breakfast_11-1.jpg\",\"width\":1800,\"height\":1200},{\"@type\":\"BreadcrumbList\",\"@id\":\"https:\\\/\\\/www.doriagrandhotel.it\\\/fr\\\/nourriture-et-boissons\\\/un-reveil-parfait\\\/#breadcrumb\",\"itemListElement\":[{\"@type\":\"ListItem\",\"position\":1,\"name\":\"Home\",\"item\":\"https:\\\/\\\/www.doriagrandhotel.it\\\/fr\\\/bienvenue-a-doria-grand-hotel\\\/\"},{\"@type\":\"ListItem\",\"position\":2,\"name\":\"Nourriture et Boissons\",\"item\":\"https:\\\/\\\/www.doriagrandhotel.it\\\/fr\\\/food-drink\\\/\"},{\"@type\":\"ListItem\",\"position\":3,\"name\":\"Un R\u00e9veil Parfait\"}]},{\"@type\":\"WebSite\",\"@id\":\"https:\\\/\\\/www.doriagrandhotel.it\\\/fr\\\/#website\",\"url\":\"https:\\\/\\\/www.doriagrandhotel.it\\\/fr\\\/\",\"name\":\"Doria Grand Hotel\",\"description\":\"Official website of Doria Grand Hotel , a luxury  hotel in Milan center. Book your hotel in Milan at the best price\",\"publisher\":{\"@id\":\"https:\\\/\\\/www.doriagrandhotel.it\\\/fr\\\/#organization\"},\"alternateName\":\"Doria Grand Hotel\",\"potentialAction\":[{\"@type\":\"SearchAction\",\"target\":{\"@type\":\"EntryPoint\",\"urlTemplate\":\"https:\\\/\\\/www.doriagrandhotel.it\\\/fr\\\/?s={search_term_string}\"},\"query-input\":{\"@type\":\"PropertyValueSpecification\",\"valueRequired\":true,\"valueName\":\"search_term_string\"}}],\"inLanguage\":\"fr-FR\"},{\"@type\":\"Organization\",\"@id\":\"https:\\\/\\\/www.doriagrandhotel.it\\\/fr\\\/#organization\",\"name\":\"Doria Grand Hotel\",\"alternateName\":\"Doria Grand Hotel\",\"url\":\"https:\\\/\\\/www.doriagrandhotel.it\\\/fr\\\/\",\"logo\":{\"@type\":\"ImageObject\",\"inLanguage\":\"fr-FR\",\"@id\":\"https:\\\/\\\/www.doriagrandhotel.it\\\/fr\\\/#\\\/schema\\\/logo\\\/image\\\/\",\"url\":\"https:\\\/\\\/doria-grand-hotel.ms2.decms.eu\\\/wp-content\\\/uploads\\\/sites\\\/170\\\/2024\\\/09\\\/LOGO-DGH-tr.png\",\"contentUrl\":\"https:\\\/\\\/doria-grand-hotel.ms2.decms.eu\\\/wp-content\\\/uploads\\\/sites\\\/170\\\/2024\\\/09\\\/LOGO-DGH-tr.png\",\"width\":230,\"height\":51,\"caption\":\"Doria Grand Hotel\"},\"image\":{\"@id\":\"https:\\\/\\\/www.doriagrandhotel.it\\\/fr\\\/#\\\/schema\\\/logo\\\/image\\\/\"},\"sameAs\":[\"https:\\\/\\\/www.facebook.com\\\/Doria-Grand-Hotel-150382741666057\\\/\",\"https:\\\/\\\/x.com\\\/adihotels\",\"https:\\\/\\\/www.instagram.com\\\/doriagrandhotel\\\/?hl=en\",\"https:\\\/\\\/www.linkedin.com\\\/company\\\/doria-grand-hotel\\\/\",\"https:\\\/\\\/www.tripadvisor.com\\\/Hotel_Review-g187849-d202862-Reviews-Doria_Grand_Hotel-Milan_Lombardy.html\"]}]}<\/script>\n<!-- \/ Yoast SEO plugin. -->","yoast_head_json":{"title":"Un Bon R\u00e9veil \u2013 Petit-d\u00e9jeuner au Doria Grand Hotel","description":"Commencez votre journ\u00e9e du bon pied dans l\u2019espace petit-d\u00e9jeuner du Doria Grand Hotel, \"Un Bon R\u00e9veil.\" Savourez un d\u00e9licieux et vari\u00e9 petit-d\u00e9jeuner dans notre restaurant \u00e0 Milan, en Italie.","robots":{"index":"index","follow":"follow","max-snippet":"max-snippet:-1","max-image-preview":"max-image-preview:large","max-video-preview":"max-video-preview:-1"},"canonical":"https:\/\/www.doriagrandhotel.it\/fr\/nourriture-et-boissons\/un-reveil-parfait\/","og_locale":"fr_FR","og_type":"article","og_title":"Un Bon R\u00e9veil \u2013 Petit-d\u00e9jeuner au Doria Grand Hotel","og_description":"Commencez votre journ\u00e9e du bon pied dans l\u2019espace petit-d\u00e9jeuner du Doria Grand Hotel, \"Un Bon R\u00e9veil.\" Savourez un d\u00e9licieux et vari\u00e9 petit-d\u00e9jeuner dans notre restaurant \u00e0 Milan, en Italie.","og_url":"https:\/\/www.doriagrandhotel.it\/fr\/nourriture-et-boissons\/un-reveil-parfait\/","og_site_name":"Doria Grand Hotel","article_publisher":"https:\/\/www.facebook.com\/Doria-Grand-Hotel-150382741666057\/","article_modified_time":"2025-01-21T09:25:53+00:00","og_image":[{"width":1800,"height":1200,"url":"https:\/\/www.doriagrandhotel.it\/wp-content\/uploads\/sites\/170\/2024\/11\/Doria_Breakfast_11-1.jpg","type":"image\/jpeg"}],"twitter_card":"summary_large_image","twitter_site":"@adihotels","twitter_misc":{"Dur\u00e9e de lecture estim\u00e9e":"1 minute"},"schema":{"@context":"https:\/\/schema.org","@graph":[{"@type":"WebPage","@id":"https:\/\/www.doriagrandhotel.it\/fr\/nourriture-et-boissons\/un-reveil-parfait\/","url":"https:\/\/www.doriagrandhotel.it\/fr\/nourriture-et-boissons\/un-reveil-parfait\/","name":"Un Bon R\u00e9veil \u2013 Petit-d\u00e9jeuner au Doria Grand Hotel","isPartOf":{"@id":"https:\/\/www.doriagrandhotel.it\/fr\/#website"},"primaryImageOfPage":{"@id":"https:\/\/www.doriagrandhotel.it\/fr\/nourriture-et-boissons\/un-reveil-parfait\/#primaryimage"},"image":{"@id":"https:\/\/www.doriagrandhotel.it\/fr\/nourriture-et-boissons\/un-reveil-parfait\/#primaryimage"},"thumbnailUrl":"https:\/\/www.doriagrandhotel.it\/wp-content\/uploads\/sites\/170\/2024\/11\/Doria_Breakfast_11-1.jpg","datePublished":"2024-10-30T17:44:47+00:00","dateModified":"2025-01-21T09:25:53+00:00","description":"Commencez votre journ\u00e9e du bon pied dans l\u2019espace petit-d\u00e9jeuner du Doria Grand Hotel, \"Un Bon R\u00e9veil.\" Savourez un d\u00e9licieux et vari\u00e9 petit-d\u00e9jeuner dans notre restaurant \u00e0 Milan, en Italie.","breadcrumb":{"@id":"https:\/\/www.doriagrandhotel.it\/fr\/nourriture-et-boissons\/un-reveil-parfait\/#breadcrumb"},"inLanguage":"fr-FR","potentialAction":[{"@type":"ReadAction","target":["https:\/\/www.doriagrandhotel.it\/fr\/nourriture-et-boissons\/un-reveil-parfait\/"]}]},{"@type":"ImageObject","inLanguage":"fr-FR","@id":"https:\/\/www.doriagrandhotel.it\/fr\/nourriture-et-boissons\/un-reveil-parfait\/#primaryimage","url":"https:\/\/www.doriagrandhotel.it\/wp-content\/uploads\/sites\/170\/2024\/11\/Doria_Breakfast_11-1.jpg","contentUrl":"https:\/\/www.doriagrandhotel.it\/wp-content\/uploads\/sites\/170\/2024\/11\/Doria_Breakfast_11-1.jpg","width":1800,"height":1200},{"@type":"BreadcrumbList","@id":"https:\/\/www.doriagrandhotel.it\/fr\/nourriture-et-boissons\/un-reveil-parfait\/#breadcrumb","itemListElement":[{"@type":"ListItem","position":1,"name":"Home","item":"https:\/\/www.doriagrandhotel.it\/fr\/bienvenue-a-doria-grand-hotel\/"},{"@type":"ListItem","position":2,"name":"Nourriture et Boissons","item":"https:\/\/www.doriagrandhotel.it\/fr\/food-drink\/"},{"@type":"ListItem","position":3,"name":"Un R\u00e9veil Parfait"}]},{"@type":"WebSite","@id":"https:\/\/www.doriagrandhotel.it\/fr\/#website","url":"https:\/\/www.doriagrandhotel.it\/fr\/","name":"Doria Grand Hotel","description":"Official website of Doria Grand Hotel , a luxury  hotel in Milan center. Book your hotel in Milan at the best price","publisher":{"@id":"https:\/\/www.doriagrandhotel.it\/fr\/#organization"},"alternateName":"Doria Grand Hotel","potentialAction":[{"@type":"SearchAction","target":{"@type":"EntryPoint","urlTemplate":"https:\/\/www.doriagrandhotel.it\/fr\/?s={search_term_string}"},"query-input":{"@type":"PropertyValueSpecification","valueRequired":true,"valueName":"search_term_string"}}],"inLanguage":"fr-FR"},{"@type":"Organization","@id":"https:\/\/www.doriagrandhotel.it\/fr\/#organization","name":"Doria Grand Hotel","alternateName":"Doria Grand Hotel","url":"https:\/\/www.doriagrandhotel.it\/fr\/","logo":{"@type":"ImageObject","inLanguage":"fr-FR","@id":"https:\/\/www.doriagrandhotel.it\/fr\/#\/schema\/logo\/image\/","url":"https:\/\/doria-grand-hotel.ms2.decms.eu\/wp-content\/uploads\/sites\/170\/2024\/09\/LOGO-DGH-tr.png","contentUrl":"https:\/\/doria-grand-hotel.ms2.decms.eu\/wp-content\/uploads\/sites\/170\/2024\/09\/LOGO-DGH-tr.png","width":230,"height":51,"caption":"Doria Grand Hotel"},"image":{"@id":"https:\/\/www.doriagrandhotel.it\/fr\/#\/schema\/logo\/image\/"},"sameAs":["https:\/\/www.facebook.com\/Doria-Grand-Hotel-150382741666057\/","https:\/\/x.com\/adihotels","https:\/\/www.instagram.com\/doriagrandhotel\/?hl=en","https:\/\/www.linkedin.com\/company\/doria-grand-hotel\/","https:\/\/www.tripadvisor.com\/Hotel_Review-g187849-d202862-Reviews-Doria_Grand_Hotel-Milan_Lombardy.html"]}]}},"acf":[],"_links":{"self":[{"href":"https:\/\/www.doriagrandhotel.it\/fr\/wp-json\/wp\/v2\/pages\/2643","targetHints":{"allow":["GET"]}}],"collection":[{"href":"https:\/\/www.doriagrandhotel.it\/fr\/wp-json\/wp\/v2\/pages"}],"about":[{"href":"https:\/\/www.doriagrandhotel.it\/fr\/wp-json\/wp\/v2\/types\/page"}],"author":[{"embeddable":true,"href":"https:\/\/www.doriagrandhotel.it\/fr\/wp-json\/wp\/v2\/users\/12"}],"replies":[{"embeddable":true,"href":"https:\/\/www.doriagrandhotel.it\/fr\/wp-json\/wp\/v2\/comments?post=2643"}],"version-history":[{"count":0,"href":"https:\/\/www.doriagrandhotel.it\/fr\/wp-json\/wp\/v2\/pages\/2643\/revisions"}],"up":[{"embeddable":true,"href":"https:\/\/www.doriagrandhotel.it\/fr\/wp-json\/wp\/v2\/pages\/2710"}],"wp:featuredmedia":[{"embeddable":true,"href":"https:\/\/www.doriagrandhotel.it\/fr\/wp-json\/wp\/v2\/media\/1441"}],"wp:attachment":[{"href":"https:\/\/www.doriagrandhotel.it\/fr\/wp-json\/wp\/v2\/media?parent=2643"}],"curies":[{"name":"wp","href":"https:\/\/api.w.org\/{rel}","templated":true}]}}