{"id":2646,"date":"2024-11-08T14:36:02","date_gmt":"2024-11-08T14:36:02","guid":{"rendered":"https:\/\/doria-grand-hotel.ms2.decms.eu\/?page_id=2646"},"modified":"2025-01-21T08:59:28","modified_gmt":"2025-01-21T08:59:28","slug":"le-bar-caffe-doria","status":"publish","type":"page","link":"https:\/\/www.doriagrandhotel.it\/fr\/nourriture-et-boissons\/le-bar-caffe-doria\/","title":{"rendered":"Le Bar \u00abCaffe\u2019 Doria\u00bb"},"content":{"rendered":"<p>Appr\u00e9ciez une sophistication raffin\u00e9e dans notre \u00e9l\u00e9gant bar de style anglais, o\u00f9 les riches finitions en acajou rencontrent des tissus somptueux pour cr\u00e9er une atmosph\u00e8re chaleureuse et accueillante.<br \/>\nCe refuge charmant est une \u00e9chappatoire id\u00e9ale \u00e0 l&rsquo;agitation quotidienne, vous invitant \u00e0 vous d\u00e9tendre apr\u00e8s une longue journ\u00e9e.<\/p>\n<p>Que vous souhaitiez d\u00e9compresser apr\u00e8s une journ\u00e9e de travail ou simplement vous relaxer avec style, notre bar offre un m\u00e9lange parfait d&rsquo;\u00e9l\u00e9gance et de convivialit\u00e9. Laissez-vous transporter par la chaleur des lieux et l&rsquo;excellence de nos propositions, dans un cadre o\u00f9 chaque d\u00e9tail est pens\u00e9 pour que vous vous sentiez chez vous.<\/p>\n","protected":false},"excerpt":{"rendered":"<p>Appr\u00e9ciez une sophistication raffin\u00e9e dans notre \u00e9l\u00e9gant bar de style anglais, o\u00f9 les riches finitions en acajou rencontrent des tissus somptueux pour cr\u00e9er une atmosph\u00e8re chaleureuse et accueillante. Ce refuge charmant est une \u00e9chappatoire id\u00e9ale \u00e0 l&rsquo;agitation quotidienne, vous invitant \u00e0 vous d\u00e9tendre apr\u00e8s une longue journ\u00e9e. Que vous souhaitiez d\u00e9compresser apr\u00e8s une journ\u00e9e de [&hellip;]<\/p>\n","protected":false},"author":12,"featured_media":1923,"parent":2710,"menu_order":19,"comment_status":"closed","ping_status":"closed","template":"template-single-restaurant.php","meta":{"footnotes":""},"class_list":["post-2646","page","type-page","status-publish","has-post-thumbnail","hentry"],"yoast_head":"<!-- This site is optimized with the Yoast SEO plugin v27.3 - https:\/\/yoast.com\/product\/yoast-seo-wordpress\/ -->\n<title>Bar Caff\u00e8 \u2013 Doria Grand Hotel Milan<\/title>\n<meta name=\"description\" content=\"D\u00e9tendez-vous au Bar Caff\u00e8 Doria, l\u2019endroit id\u00e9al pour savourer un caf\u00e9 ou un verre au Doria Grand Hotel. Profitez d\u2019une ambiance vibrante dans l\u2019un des meilleurs restaurants d\u2019h\u00f4tel de Milan\" \/>\n<meta name=\"robots\" content=\"index, follow, max-snippet:-1, max-image-preview:large, max-video-preview:-1\" \/>\n<link rel=\"canonical\" href=\"https:\/\/www.doriagrandhotel.it\/fr\/nourriture-et-boissons\/le-bar-caffe-doria\/\" \/>\n<meta property=\"og:locale\" content=\"fr_FR\" \/>\n<meta property=\"og:type\" content=\"article\" \/>\n<meta property=\"og:title\" content=\"Bar Caff\u00e8 \u2013 Doria Grand Hotel Milan\" \/>\n<meta property=\"og:description\" content=\"D\u00e9tendez-vous au Bar Caff\u00e8 Doria, l\u2019endroit id\u00e9al pour savourer un caf\u00e9 ou un verre au Doria Grand Hotel. Profitez d\u2019une ambiance vibrante dans l\u2019un des meilleurs restaurants d\u2019h\u00f4tel de Milan\" \/>\n<meta property=\"og:url\" content=\"https:\/\/www.doriagrandhotel.it\/fr\/nourriture-et-boissons\/le-bar-caffe-doria\/\" \/>\n<meta property=\"og:site_name\" content=\"Doria Grand Hotel\" \/>\n<meta property=\"article:publisher\" content=\"https:\/\/www.facebook.com\/Doria-Grand-Hotel-150382741666057\/\" \/>\n<meta property=\"article:modified_time\" content=\"2025-01-21T08:59:28+00:00\" \/>\n<meta property=\"og:image\" content=\"https:\/\/www.doriagrandhotel.it\/wp-content\/uploads\/sites\/170\/2024\/11\/Bar_04.jpg\" \/>\n\t<meta property=\"og:image:width\" content=\"1800\" \/>\n\t<meta property=\"og:image:height\" content=\"1200\" \/>\n\t<meta property=\"og:image:type\" content=\"image\/jpeg\" \/>\n<meta name=\"twitter:card\" content=\"summary_large_image\" \/>\n<meta name=\"twitter:site\" content=\"@adihotels\" \/>\n<meta name=\"twitter:label1\" content=\"Dur\u00e9e de lecture estim\u00e9e\" \/>\n\t<meta name=\"twitter:data1\" content=\"1 minute\" \/>\n<script type=\"application\/ld+json\" class=\"yoast-schema-graph\">{\"@context\":\"https:\\\/\\\/schema.org\",\"@graph\":[{\"@type\":\"WebPage\",\"@id\":\"https:\\\/\\\/www.doriagrandhotel.it\\\/fr\\\/nourriture-et-boissons\\\/le-bar-caffe-doria\\\/\",\"url\":\"https:\\\/\\\/www.doriagrandhotel.it\\\/fr\\\/nourriture-et-boissons\\\/le-bar-caffe-doria\\\/\",\"name\":\"Bar Caff\u00e8 \u2013 Doria Grand Hotel Milan\",\"isPartOf\":{\"@id\":\"https:\\\/\\\/www.doriagrandhotel.it\\\/fr\\\/#website\"},\"primaryImageOfPage\":{\"@id\":\"https:\\\/\\\/www.doriagrandhotel.it\\\/fr\\\/nourriture-et-boissons\\\/le-bar-caffe-doria\\\/#primaryimage\"},\"image\":{\"@id\":\"https:\\\/\\\/www.doriagrandhotel.it\\\/fr\\\/nourriture-et-boissons\\\/le-bar-caffe-doria\\\/#primaryimage\"},\"thumbnailUrl\":\"https:\\\/\\\/www.doriagrandhotel.it\\\/wp-content\\\/uploads\\\/sites\\\/170\\\/2024\\\/11\\\/Bar_04.jpg\",\"datePublished\":\"2024-11-08T14:36:02+00:00\",\"dateModified\":\"2025-01-21T08:59:28+00:00\",\"description\":\"D\u00e9tendez-vous au Bar Caff\u00e8 Doria, l\u2019endroit id\u00e9al pour savourer un caf\u00e9 ou un verre au Doria Grand Hotel. Profitez d\u2019une ambiance vibrante dans l\u2019un des meilleurs restaurants d\u2019h\u00f4tel de Milan\",\"breadcrumb\":{\"@id\":\"https:\\\/\\\/www.doriagrandhotel.it\\\/fr\\\/nourriture-et-boissons\\\/le-bar-caffe-doria\\\/#breadcrumb\"},\"inLanguage\":\"fr-FR\",\"potentialAction\":[{\"@type\":\"ReadAction\",\"target\":[\"https:\\\/\\\/www.doriagrandhotel.it\\\/fr\\\/nourriture-et-boissons\\\/le-bar-caffe-doria\\\/\"]}]},{\"@type\":\"ImageObject\",\"inLanguage\":\"fr-FR\",\"@id\":\"https:\\\/\\\/www.doriagrandhotel.it\\\/fr\\\/nourriture-et-boissons\\\/le-bar-caffe-doria\\\/#primaryimage\",\"url\":\"https:\\\/\\\/www.doriagrandhotel.it\\\/wp-content\\\/uploads\\\/sites\\\/170\\\/2024\\\/11\\\/Bar_04.jpg\",\"contentUrl\":\"https:\\\/\\\/www.doriagrandhotel.it\\\/wp-content\\\/uploads\\\/sites\\\/170\\\/2024\\\/11\\\/Bar_04.jpg\",\"width\":1800,\"height\":1200},{\"@type\":\"BreadcrumbList\",\"@id\":\"https:\\\/\\\/www.doriagrandhotel.it\\\/fr\\\/nourriture-et-boissons\\\/le-bar-caffe-doria\\\/#breadcrumb\",\"itemListElement\":[{\"@type\":\"ListItem\",\"position\":1,\"name\":\"Home\",\"item\":\"https:\\\/\\\/www.doriagrandhotel.it\\\/fr\\\/bienvenue-a-doria-grand-hotel\\\/\"},{\"@type\":\"ListItem\",\"position\":2,\"name\":\"Nourriture et Boissons\",\"item\":\"https:\\\/\\\/www.doriagrandhotel.it\\\/fr\\\/food-drink\\\/\"},{\"@type\":\"ListItem\",\"position\":3,\"name\":\"Le Bar \u00abCaffe\u2019 Doria\u00bb\"}]},{\"@type\":\"WebSite\",\"@id\":\"https:\\\/\\\/www.doriagrandhotel.it\\\/fr\\\/#website\",\"url\":\"https:\\\/\\\/www.doriagrandhotel.it\\\/fr\\\/\",\"name\":\"Doria Grand Hotel\",\"description\":\"Official website of Doria Grand Hotel , a luxury  hotel in Milan center. Book your hotel in Milan at the best price\",\"publisher\":{\"@id\":\"https:\\\/\\\/www.doriagrandhotel.it\\\/fr\\\/#organization\"},\"alternateName\":\"Doria Grand Hotel\",\"potentialAction\":[{\"@type\":\"SearchAction\",\"target\":{\"@type\":\"EntryPoint\",\"urlTemplate\":\"https:\\\/\\\/www.doriagrandhotel.it\\\/fr\\\/?s={search_term_string}\"},\"query-input\":{\"@type\":\"PropertyValueSpecification\",\"valueRequired\":true,\"valueName\":\"search_term_string\"}}],\"inLanguage\":\"fr-FR\"},{\"@type\":\"Organization\",\"@id\":\"https:\\\/\\\/www.doriagrandhotel.it\\\/fr\\\/#organization\",\"name\":\"Doria Grand Hotel\",\"alternateName\":\"Doria Grand Hotel\",\"url\":\"https:\\\/\\\/www.doriagrandhotel.it\\\/fr\\\/\",\"logo\":{\"@type\":\"ImageObject\",\"inLanguage\":\"fr-FR\",\"@id\":\"https:\\\/\\\/www.doriagrandhotel.it\\\/fr\\\/#\\\/schema\\\/logo\\\/image\\\/\",\"url\":\"https:\\\/\\\/doria-grand-hotel.ms2.decms.eu\\\/wp-content\\\/uploads\\\/sites\\\/170\\\/2024\\\/09\\\/LOGO-DGH-tr.png\",\"contentUrl\":\"https:\\\/\\\/doria-grand-hotel.ms2.decms.eu\\\/wp-content\\\/uploads\\\/sites\\\/170\\\/2024\\\/09\\\/LOGO-DGH-tr.png\",\"width\":230,\"height\":51,\"caption\":\"Doria Grand Hotel\"},\"image\":{\"@id\":\"https:\\\/\\\/www.doriagrandhotel.it\\\/fr\\\/#\\\/schema\\\/logo\\\/image\\\/\"},\"sameAs\":[\"https:\\\/\\\/www.facebook.com\\\/Doria-Grand-Hotel-150382741666057\\\/\",\"https:\\\/\\\/x.com\\\/adihotels\",\"https:\\\/\\\/www.instagram.com\\\/doriagrandhotel\\\/?hl=en\",\"https:\\\/\\\/www.linkedin.com\\\/company\\\/doria-grand-hotel\\\/\",\"https:\\\/\\\/www.tripadvisor.com\\\/Hotel_Review-g187849-d202862-Reviews-Doria_Grand_Hotel-Milan_Lombardy.html\"]}]}<\/script>\n<!-- \/ Yoast SEO plugin. -->","yoast_head_json":{"title":"Bar Caff\u00e8 \u2013 Doria Grand Hotel Milan","description":"D\u00e9tendez-vous au Bar Caff\u00e8 Doria, l\u2019endroit id\u00e9al pour savourer un caf\u00e9 ou un verre au Doria Grand Hotel. Profitez d\u2019une ambiance vibrante dans l\u2019un des meilleurs restaurants d\u2019h\u00f4tel de Milan","robots":{"index":"index","follow":"follow","max-snippet":"max-snippet:-1","max-image-preview":"max-image-preview:large","max-video-preview":"max-video-preview:-1"},"canonical":"https:\/\/www.doriagrandhotel.it\/fr\/nourriture-et-boissons\/le-bar-caffe-doria\/","og_locale":"fr_FR","og_type":"article","og_title":"Bar Caff\u00e8 \u2013 Doria Grand Hotel Milan","og_description":"D\u00e9tendez-vous au Bar Caff\u00e8 Doria, l\u2019endroit id\u00e9al pour savourer un caf\u00e9 ou un verre au Doria Grand Hotel. Profitez d\u2019une ambiance vibrante dans l\u2019un des meilleurs restaurants d\u2019h\u00f4tel de Milan","og_url":"https:\/\/www.doriagrandhotel.it\/fr\/nourriture-et-boissons\/le-bar-caffe-doria\/","og_site_name":"Doria Grand Hotel","article_publisher":"https:\/\/www.facebook.com\/Doria-Grand-Hotel-150382741666057\/","article_modified_time":"2025-01-21T08:59:28+00:00","og_image":[{"width":1800,"height":1200,"url":"https:\/\/www.doriagrandhotel.it\/wp-content\/uploads\/sites\/170\/2024\/11\/Bar_04.jpg","type":"image\/jpeg"}],"twitter_card":"summary_large_image","twitter_site":"@adihotels","twitter_misc":{"Dur\u00e9e de lecture estim\u00e9e":"1 minute"},"schema":{"@context":"https:\/\/schema.org","@graph":[{"@type":"WebPage","@id":"https:\/\/www.doriagrandhotel.it\/fr\/nourriture-et-boissons\/le-bar-caffe-doria\/","url":"https:\/\/www.doriagrandhotel.it\/fr\/nourriture-et-boissons\/le-bar-caffe-doria\/","name":"Bar Caff\u00e8 \u2013 Doria Grand Hotel Milan","isPartOf":{"@id":"https:\/\/www.doriagrandhotel.it\/fr\/#website"},"primaryImageOfPage":{"@id":"https:\/\/www.doriagrandhotel.it\/fr\/nourriture-et-boissons\/le-bar-caffe-doria\/#primaryimage"},"image":{"@id":"https:\/\/www.doriagrandhotel.it\/fr\/nourriture-et-boissons\/le-bar-caffe-doria\/#primaryimage"},"thumbnailUrl":"https:\/\/www.doriagrandhotel.it\/wp-content\/uploads\/sites\/170\/2024\/11\/Bar_04.jpg","datePublished":"2024-11-08T14:36:02+00:00","dateModified":"2025-01-21T08:59:28+00:00","description":"D\u00e9tendez-vous au Bar Caff\u00e8 Doria, l\u2019endroit id\u00e9al pour savourer un caf\u00e9 ou un verre au Doria Grand Hotel. Profitez d\u2019une ambiance vibrante dans l\u2019un des meilleurs restaurants d\u2019h\u00f4tel de Milan","breadcrumb":{"@id":"https:\/\/www.doriagrandhotel.it\/fr\/nourriture-et-boissons\/le-bar-caffe-doria\/#breadcrumb"},"inLanguage":"fr-FR","potentialAction":[{"@type":"ReadAction","target":["https:\/\/www.doriagrandhotel.it\/fr\/nourriture-et-boissons\/le-bar-caffe-doria\/"]}]},{"@type":"ImageObject","inLanguage":"fr-FR","@id":"https:\/\/www.doriagrandhotel.it\/fr\/nourriture-et-boissons\/le-bar-caffe-doria\/#primaryimage","url":"https:\/\/www.doriagrandhotel.it\/wp-content\/uploads\/sites\/170\/2024\/11\/Bar_04.jpg","contentUrl":"https:\/\/www.doriagrandhotel.it\/wp-content\/uploads\/sites\/170\/2024\/11\/Bar_04.jpg","width":1800,"height":1200},{"@type":"BreadcrumbList","@id":"https:\/\/www.doriagrandhotel.it\/fr\/nourriture-et-boissons\/le-bar-caffe-doria\/#breadcrumb","itemListElement":[{"@type":"ListItem","position":1,"name":"Home","item":"https:\/\/www.doriagrandhotel.it\/fr\/bienvenue-a-doria-grand-hotel\/"},{"@type":"ListItem","position":2,"name":"Nourriture et Boissons","item":"https:\/\/www.doriagrandhotel.it\/fr\/food-drink\/"},{"@type":"ListItem","position":3,"name":"Le Bar \u00abCaffe\u2019 Doria\u00bb"}]},{"@type":"WebSite","@id":"https:\/\/www.doriagrandhotel.it\/fr\/#website","url":"https:\/\/www.doriagrandhotel.it\/fr\/","name":"Doria Grand Hotel","description":"Official website of Doria Grand Hotel , a luxury  hotel in Milan center. Book your hotel in Milan at the best price","publisher":{"@id":"https:\/\/www.doriagrandhotel.it\/fr\/#organization"},"alternateName":"Doria Grand Hotel","potentialAction":[{"@type":"SearchAction","target":{"@type":"EntryPoint","urlTemplate":"https:\/\/www.doriagrandhotel.it\/fr\/?s={search_term_string}"},"query-input":{"@type":"PropertyValueSpecification","valueRequired":true,"valueName":"search_term_string"}}],"inLanguage":"fr-FR"},{"@type":"Organization","@id":"https:\/\/www.doriagrandhotel.it\/fr\/#organization","name":"Doria Grand Hotel","alternateName":"Doria Grand Hotel","url":"https:\/\/www.doriagrandhotel.it\/fr\/","logo":{"@type":"ImageObject","inLanguage":"fr-FR","@id":"https:\/\/www.doriagrandhotel.it\/fr\/#\/schema\/logo\/image\/","url":"https:\/\/doria-grand-hotel.ms2.decms.eu\/wp-content\/uploads\/sites\/170\/2024\/09\/LOGO-DGH-tr.png","contentUrl":"https:\/\/doria-grand-hotel.ms2.decms.eu\/wp-content\/uploads\/sites\/170\/2024\/09\/LOGO-DGH-tr.png","width":230,"height":51,"caption":"Doria Grand Hotel"},"image":{"@id":"https:\/\/www.doriagrandhotel.it\/fr\/#\/schema\/logo\/image\/"},"sameAs":["https:\/\/www.facebook.com\/Doria-Grand-Hotel-150382741666057\/","https:\/\/x.com\/adihotels","https:\/\/www.instagram.com\/doriagrandhotel\/?hl=en","https:\/\/www.linkedin.com\/company\/doria-grand-hotel\/","https:\/\/www.tripadvisor.com\/Hotel_Review-g187849-d202862-Reviews-Doria_Grand_Hotel-Milan_Lombardy.html"]}]}},"acf":[],"_links":{"self":[{"href":"https:\/\/www.doriagrandhotel.it\/fr\/wp-json\/wp\/v2\/pages\/2646","targetHints":{"allow":["GET"]}}],"collection":[{"href":"https:\/\/www.doriagrandhotel.it\/fr\/wp-json\/wp\/v2\/pages"}],"about":[{"href":"https:\/\/www.doriagrandhotel.it\/fr\/wp-json\/wp\/v2\/types\/page"}],"author":[{"embeddable":true,"href":"https:\/\/www.doriagrandhotel.it\/fr\/wp-json\/wp\/v2\/users\/12"}],"replies":[{"embeddable":true,"href":"https:\/\/www.doriagrandhotel.it\/fr\/wp-json\/wp\/v2\/comments?post=2646"}],"version-history":[{"count":0,"href":"https:\/\/www.doriagrandhotel.it\/fr\/wp-json\/wp\/v2\/pages\/2646\/revisions"}],"up":[{"embeddable":true,"href":"https:\/\/www.doriagrandhotel.it\/fr\/wp-json\/wp\/v2\/pages\/2710"}],"wp:featuredmedia":[{"embeddable":true,"href":"https:\/\/www.doriagrandhotel.it\/fr\/wp-json\/wp\/v2\/media\/1923"}],"wp:attachment":[{"href":"https:\/\/www.doriagrandhotel.it\/fr\/wp-json\/wp\/v2\/media?parent=2646"}],"curies":[{"name":"wp","href":"https:\/\/api.w.org\/{rel}","templated":true}]}}