{"id":2710,"date":"2024-09-27T09:43:28","date_gmt":"2024-09-27T09:43:28","guid":{"rendered":"https:\/\/doria-grand-hotel.ms2.decms.eu\/food-drink\/"},"modified":"2025-01-21T09:37:52","modified_gmt":"2025-01-21T09:37:52","slug":"nourriture-et-boissons","status":"publish","type":"page","link":"https:\/\/www.doriagrandhotel.it\/fr\/nourriture-et-boissons\/","title":{"rendered":"Nourriture et Boissons"},"content":{"rendered":"<p>Dans la capitale de la mode qu\u2019est Milan, prenez un instant pour vous immerger dans les d\u00e9lices culinaires exquis qui vous attendent. Que vous soyez en ville pour une r\u00e9union d\u2019affaires importante, pour vibrer au rythme d\u2019un concert au l\u00e9gendaire stade San Siro ou simplement pour savourer le charme captivant de la cit\u00e9, il est essentiel d\u2019embrasser l\u2019essence du <strong>Dolce Far Niente<\/strong> \u2014 l\u2019art de ne rien faire.<\/p>\n","protected":false},"excerpt":{"rendered":"<p>Dans la capitale de la mode qu\u2019est Milan, prenez un instant pour vous immerger dans les d\u00e9lices culinaires exquis qui vous attendent. Que vous soyez en ville pour une r\u00e9union d\u2019affaires importante, pour vibrer au rythme d\u2019un concert au l\u00e9gendaire stade San Siro ou simplement pour savourer le charme captivant de la cit\u00e9, il est [&hellip;]<\/p>\n","protected":false},"author":12,"featured_media":0,"parent":0,"menu_order":15,"comment_status":"closed","ping_status":"closed","template":"template-restaurants.php","meta":{"footnotes":""},"yoast_head":"<!-- This site is optimized with the Yoast SEO plugin v22.3 - https:\/\/yoast.com\/wordpress\/plugins\/seo\/ -->\n<title>H\u00f4tel et Restaurant \u00e0 Milan \u2013 Doria Grand Hotel<\/title>\n<meta name=\"description\" content=\"Rejoignez-nous au Doria Grand Hotel pour une exp\u00e9rience gastronomique m\u00e9morable. Notre restaurant et caf\u00e9 offrent l\u2019\u00e9vasion culinaire id\u00e9ale \u00e0 Milan, en Italie.\" \/>\n<meta name=\"robots\" content=\"index, follow, max-snippet:-1, max-image-preview:large, max-video-preview:-1\" \/>\n<link rel=\"canonical\" href=\"https:\/\/www.doriagrandhotel.it\/fr\/nourriture-et-boissons\/\" \/>\n<meta property=\"og:locale\" content=\"fr_FR\" \/>\n<meta property=\"og:type\" content=\"article\" \/>\n<meta property=\"og:title\" content=\"H\u00f4tel et Restaurant \u00e0 Milan \u2013 Doria Grand Hotel\" \/>\n<meta property=\"og:description\" content=\"Rejoignez-nous au Doria Grand Hotel pour une exp\u00e9rience gastronomique m\u00e9morable. Notre restaurant et caf\u00e9 offrent l\u2019\u00e9vasion culinaire id\u00e9ale \u00e0 Milan, en Italie.\" \/>\n<meta property=\"og:url\" content=\"https:\/\/www.doriagrandhotel.it\/fr\/nourriture-et-boissons\/\" \/>\n<meta property=\"og:site_name\" content=\"Doria Grand Hotel\" \/>\n<meta property=\"article:publisher\" content=\"https:\/\/www.facebook.com\/Doria-Grand-Hotel-150382741666057\/\" \/>\n<meta property=\"article:modified_time\" content=\"2025-01-21T09:37:52+00:00\" \/>\n<meta property=\"og:image\" content=\"https:\/\/www.doriagrandhotel.it\/wp-content\/uploads\/sites\/170\/2024\/11\/Doria-Grand-Hotel-Milan-Exterior.jpg\" \/>\n\t<meta property=\"og:image:width\" content=\"1280\" \/>\n\t<meta property=\"og:image:height\" content=\"853\" \/>\n\t<meta property=\"og:image:type\" content=\"image\/jpeg\" \/>\n<meta name=\"twitter:card\" content=\"summary_large_image\" \/>\n<meta name=\"twitter:site\" content=\"@adihotels\" \/>\n<meta name=\"twitter:label1\" content=\"Dur\u00e9e de lecture estim\u00e9e\" \/>\n\t<meta name=\"twitter:data1\" content=\"1 minute\" \/>\n<script type=\"application\/ld+json\" class=\"yoast-schema-graph\">{\"@context\":\"https:\/\/schema.org\",\"@graph\":[{\"@type\":\"WebPage\",\"@id\":\"https:\/\/www.doriagrandhotel.it\/fr\/nourriture-et-boissons\/\",\"url\":\"https:\/\/www.doriagrandhotel.it\/fr\/nourriture-et-boissons\/\",\"name\":\"H\u00f4tel et Restaurant \u00e0 Milan \u2013 Doria Grand Hotel\",\"isPartOf\":{\"@id\":\"https:\/\/www.doriagrandhotel.it\/fr\/#website\"},\"datePublished\":\"2024-09-27T09:43:28+00:00\",\"dateModified\":\"2025-01-21T09:37:52+00:00\",\"description\":\"Rejoignez-nous au Doria Grand Hotel pour une exp\u00e9rience gastronomique m\u00e9morable. Notre restaurant et caf\u00e9 offrent l\u2019\u00e9vasion culinaire id\u00e9ale \u00e0 Milan, en Italie.\",\"breadcrumb\":{\"@id\":\"https:\/\/www.doriagrandhotel.it\/fr\/nourriture-et-boissons\/#breadcrumb\"},\"inLanguage\":\"fr-FR\",\"potentialAction\":[{\"@type\":\"ReadAction\",\"target\":[\"https:\/\/www.doriagrandhotel.it\/fr\/nourriture-et-boissons\/\"]}]},{\"@type\":\"BreadcrumbList\",\"@id\":\"https:\/\/www.doriagrandhotel.it\/fr\/nourriture-et-boissons\/#breadcrumb\",\"itemListElement\":[{\"@type\":\"ListItem\",\"position\":1,\"name\":\"Home\",\"item\":\"https:\/\/www.doriagrandhotel.it\/fr\/bienvenue-a-doria-grand-hotel\/\"},{\"@type\":\"ListItem\",\"position\":2,\"name\":\"Nourriture et Boissons\"}]},{\"@type\":\"WebSite\",\"@id\":\"https:\/\/www.doriagrandhotel.it\/fr\/#website\",\"url\":\"https:\/\/www.doriagrandhotel.it\/fr\/\",\"name\":\"Doria Grand Hotel\",\"description\":\"Official website of Doria Grand Hotel , a luxury  hotel in Milan center. Book your hotel in Milan at the best price\",\"publisher\":{\"@id\":\"https:\/\/www.doriagrandhotel.it\/fr\/#organization\"},\"alternateName\":\"Doria Grand Hotel\",\"potentialAction\":[{\"@type\":\"SearchAction\",\"target\":{\"@type\":\"EntryPoint\",\"urlTemplate\":\"https:\/\/www.doriagrandhotel.it\/fr\/?s={search_term_string}\"},\"query-input\":\"required name=search_term_string\"}],\"inLanguage\":\"fr-FR\"},{\"@type\":\"Organization\",\"@id\":\"https:\/\/www.doriagrandhotel.it\/fr\/#organization\",\"name\":\"Doria Grand Hotel\",\"alternateName\":\"Doria Grand Hotel\",\"url\":\"https:\/\/www.doriagrandhotel.it\/fr\/\",\"logo\":{\"@type\":\"ImageObject\",\"inLanguage\":\"fr-FR\",\"@id\":\"https:\/\/www.doriagrandhotel.it\/fr\/#\/schema\/logo\/image\/\",\"url\":\"https:\/\/doria-grand-hotel.ms2.decms.eu\/wp-content\/uploads\/sites\/170\/2024\/09\/LOGO-DGH-tr.png\",\"contentUrl\":\"https:\/\/doria-grand-hotel.ms2.decms.eu\/wp-content\/uploads\/sites\/170\/2024\/09\/LOGO-DGH-tr.png\",\"width\":230,\"height\":51,\"caption\":\"Doria Grand Hotel\"},\"image\":{\"@id\":\"https:\/\/www.doriagrandhotel.it\/fr\/#\/schema\/logo\/image\/\"},\"sameAs\":[\"https:\/\/www.facebook.com\/Doria-Grand-Hotel-150382741666057\/\",\"https:\/\/twitter.com\/adihotels\",\"https:\/\/www.instagram.com\/doriagrandhotel\/?hl=en\",\"https:\/\/www.linkedin.com\/company\/doria-grand-hotel\/\",\"https:\/\/www.tripadvisor.com\/Hotel_Review-g187849-d202862-Reviews-Doria_Grand_Hotel-Milan_Lombardy.html\"]}]}<\/script>\n<!-- \/ Yoast SEO plugin. -->","yoast_head_json":{"title":"H\u00f4tel et Restaurant \u00e0 Milan \u2013 Doria Grand Hotel","description":"Rejoignez-nous au Doria Grand Hotel pour une exp\u00e9rience gastronomique m\u00e9morable. Notre restaurant et caf\u00e9 offrent l\u2019\u00e9vasion culinaire id\u00e9ale \u00e0 Milan, en Italie.","robots":{"index":"index","follow":"follow","max-snippet":"max-snippet:-1","max-image-preview":"max-image-preview:large","max-video-preview":"max-video-preview:-1"},"canonical":"https:\/\/www.doriagrandhotel.it\/fr\/nourriture-et-boissons\/","og_locale":"fr_FR","og_type":"article","og_title":"H\u00f4tel et Restaurant \u00e0 Milan \u2013 Doria Grand Hotel","og_description":"Rejoignez-nous au Doria Grand Hotel pour une exp\u00e9rience gastronomique m\u00e9morable. Notre restaurant et caf\u00e9 offrent l\u2019\u00e9vasion culinaire id\u00e9ale \u00e0 Milan, en Italie.","og_url":"https:\/\/www.doriagrandhotel.it\/fr\/nourriture-et-boissons\/","og_site_name":"Doria Grand Hotel","article_publisher":"https:\/\/www.facebook.com\/Doria-Grand-Hotel-150382741666057\/","article_modified_time":"2025-01-21T09:37:52+00:00","og_image":[{"width":1280,"height":853,"url":"https:\/\/www.doriagrandhotel.it\/wp-content\/uploads\/sites\/170\/2024\/11\/Doria-Grand-Hotel-Milan-Exterior.jpg","type":"image\/jpeg"}],"twitter_card":"summary_large_image","twitter_site":"@adihotels","twitter_misc":{"Dur\u00e9e de lecture estim\u00e9e":"1 minute"},"schema":{"@context":"https:\/\/schema.org","@graph":[{"@type":"WebPage","@id":"https:\/\/www.doriagrandhotel.it\/fr\/nourriture-et-boissons\/","url":"https:\/\/www.doriagrandhotel.it\/fr\/nourriture-et-boissons\/","name":"H\u00f4tel et Restaurant \u00e0 Milan \u2013 Doria Grand Hotel","isPartOf":{"@id":"https:\/\/www.doriagrandhotel.it\/fr\/#website"},"datePublished":"2024-09-27T09:43:28+00:00","dateModified":"2025-01-21T09:37:52+00:00","description":"Rejoignez-nous au Doria Grand Hotel pour une exp\u00e9rience gastronomique m\u00e9morable. Notre restaurant et caf\u00e9 offrent l\u2019\u00e9vasion culinaire id\u00e9ale \u00e0 Milan, en Italie.","breadcrumb":{"@id":"https:\/\/www.doriagrandhotel.it\/fr\/nourriture-et-boissons\/#breadcrumb"},"inLanguage":"fr-FR","potentialAction":[{"@type":"ReadAction","target":["https:\/\/www.doriagrandhotel.it\/fr\/nourriture-et-boissons\/"]}]},{"@type":"BreadcrumbList","@id":"https:\/\/www.doriagrandhotel.it\/fr\/nourriture-et-boissons\/#breadcrumb","itemListElement":[{"@type":"ListItem","position":1,"name":"Home","item":"https:\/\/www.doriagrandhotel.it\/fr\/bienvenue-a-doria-grand-hotel\/"},{"@type":"ListItem","position":2,"name":"Nourriture et Boissons"}]},{"@type":"WebSite","@id":"https:\/\/www.doriagrandhotel.it\/fr\/#website","url":"https:\/\/www.doriagrandhotel.it\/fr\/","name":"Doria Grand Hotel","description":"Official website of Doria Grand Hotel , a luxury  hotel in Milan center. Book your hotel in Milan at the best price","publisher":{"@id":"https:\/\/www.doriagrandhotel.it\/fr\/#organization"},"alternateName":"Doria Grand Hotel","potentialAction":[{"@type":"SearchAction","target":{"@type":"EntryPoint","urlTemplate":"https:\/\/www.doriagrandhotel.it\/fr\/?s={search_term_string}"},"query-input":"required name=search_term_string"}],"inLanguage":"fr-FR"},{"@type":"Organization","@id":"https:\/\/www.doriagrandhotel.it\/fr\/#organization","name":"Doria Grand Hotel","alternateName":"Doria Grand Hotel","url":"https:\/\/www.doriagrandhotel.it\/fr\/","logo":{"@type":"ImageObject","inLanguage":"fr-FR","@id":"https:\/\/www.doriagrandhotel.it\/fr\/#\/schema\/logo\/image\/","url":"https:\/\/doria-grand-hotel.ms2.decms.eu\/wp-content\/uploads\/sites\/170\/2024\/09\/LOGO-DGH-tr.png","contentUrl":"https:\/\/doria-grand-hotel.ms2.decms.eu\/wp-content\/uploads\/sites\/170\/2024\/09\/LOGO-DGH-tr.png","width":230,"height":51,"caption":"Doria Grand Hotel"},"image":{"@id":"https:\/\/www.doriagrandhotel.it\/fr\/#\/schema\/logo\/image\/"},"sameAs":["https:\/\/www.facebook.com\/Doria-Grand-Hotel-150382741666057\/","https:\/\/twitter.com\/adihotels","https:\/\/www.instagram.com\/doriagrandhotel\/?hl=en","https:\/\/www.linkedin.com\/company\/doria-grand-hotel\/","https:\/\/www.tripadvisor.com\/Hotel_Review-g187849-d202862-Reviews-Doria_Grand_Hotel-Milan_Lombardy.html"]}]}},"acf":[],"_links":{"self":[{"href":"https:\/\/www.doriagrandhotel.it\/fr\/wp-json\/wp\/v2\/pages\/2710"}],"collection":[{"href":"https:\/\/www.doriagrandhotel.it\/fr\/wp-json\/wp\/v2\/pages"}],"about":[{"href":"https:\/\/www.doriagrandhotel.it\/fr\/wp-json\/wp\/v2\/types\/page"}],"author":[{"embeddable":true,"href":"https:\/\/www.doriagrandhotel.it\/fr\/wp-json\/wp\/v2\/users\/12"}],"replies":[{"embeddable":true,"href":"https:\/\/www.doriagrandhotel.it\/fr\/wp-json\/wp\/v2\/comments?post=2710"}],"version-history":[{"count":0,"href":"https:\/\/www.doriagrandhotel.it\/fr\/wp-json\/wp\/v2\/pages\/2710\/revisions"}],"wp:attachment":[{"href":"https:\/\/www.doriagrandhotel.it\/fr\/wp-json\/wp\/v2\/media?parent=2710"}],"curies":[{"name":"wp","href":"https:\/\/api.w.org\/{rel}","templated":true}]}}