{"id":2586,"date":"2024-11-04T13:20:55","date_gmt":"2024-11-04T13:20:55","guid":{"rendered":"https:\/\/doria-grand-hotel.ms2.decms.eu\/?page_id=2586"},"modified":"2025-01-17T16:53:47","modified_gmt":"2025-01-17T16:53:47","slug":"sala-saba","status":"publish","type":"page","link":"https:\/\/www.doriagrandhotel.it\/it\/sale-riunioni\/sala-saba\/","title":{"rendered":"Sala Saba"},"content":{"rendered":"<p>Entra nella nostra seconda sala riunioni pi\u00f9 grande, la <strong>Sala Saba<\/strong>, una location perfetta per conferenze nel cuore di Milano.<\/p>\n<p>Con un ampio spazio dal design elegante che pu\u00f2 ospitare comodamente fino a 80 ospiti, la disposizione flessibile dei posti \u00e8 ideale per favorire produttivit\u00e0 e incontri memorabili.<\/p>\n<p>Ogni evento qui diventa un\u2019esperienza straordinaria.<\/p>\n","protected":false},"excerpt":{"rendered":"<p>Entra nella nostra seconda sala riunioni pi\u00f9 grande, la Sala Saba, una location perfetta per conferenze nel cuore di Milano. Con un ampio spazio dal design elegante che pu\u00f2 ospitare comodamente fino a 80 ospiti, la disposizione flessibile dei posti \u00e8 ideale per favorire produttivit\u00e0 e incontri memorabili. Ogni evento qui diventa un\u2019esperienza straordinaria.<\/p>\n","protected":false},"author":12,"featured_media":600,"parent":2555,"menu_order":34,"comment_status":"closed","ping_status":"closed","template":"template-weddings.php","meta":{"footnotes":""},"class_list":["post-2586","page","type-page","status-publish","has-post-thumbnail","hentry"],"yoast_head":"<!-- This site is optimized with the Yoast SEO plugin v27.3 - https:\/\/yoast.com\/product\/yoast-seo-wordpress\/ -->\n<title>Location per Conferenze a Milano - Doria Grand Hotel<\/title>\n<meta name=\"description\" content=\"Organizza conferenze nella Sala Saba del Doria Grand Hotel. Questa prestigiosa location per conferenze a Milano offre strutture moderne per eventi di successo.\" \/>\n<meta name=\"robots\" content=\"index, follow, max-snippet:-1, max-image-preview:large, max-video-preview:-1\" \/>\n<link rel=\"canonical\" href=\"https:\/\/www.doriagrandhotel.it\/it\/sale-riunioni\/sala-saba\/\" \/>\n<meta property=\"og:locale\" content=\"it_IT\" \/>\n<meta property=\"og:type\" content=\"article\" \/>\n<meta property=\"og:title\" content=\"Location per Conferenze a Milano - Doria Grand Hotel\" \/>\n<meta property=\"og:description\" content=\"Organizza conferenze nella Sala Saba del Doria Grand Hotel. Questa prestigiosa location per conferenze a Milano offre strutture moderne per eventi di successo.\" \/>\n<meta property=\"og:url\" content=\"https:\/\/www.doriagrandhotel.it\/it\/sale-riunioni\/sala-saba\/\" \/>\n<meta property=\"og:site_name\" content=\"Doria Grand Hotel\" \/>\n<meta property=\"article:publisher\" content=\"https:\/\/www.facebook.com\/Doria-Grand-Hotel-150382741666057\/\" \/>\n<meta property=\"article:modified_time\" content=\"2025-01-17T16:53:47+00:00\" \/>\n<meta property=\"og:image\" content=\"https:\/\/www.doriagrandhotel.it\/wp-content\/uploads\/sites\/170\/2024\/11\/Doria_Meeting_Saba_02.jpg\" \/>\n\t<meta property=\"og:image:width\" content=\"1800\" \/>\n\t<meta property=\"og:image:height\" content=\"1200\" \/>\n\t<meta property=\"og:image:type\" content=\"image\/jpeg\" \/>\n<meta name=\"twitter:card\" content=\"summary_large_image\" \/>\n<meta name=\"twitter:site\" content=\"@adihotels\" \/>\n<meta name=\"twitter:label1\" content=\"Tempo di lettura stimato\" \/>\n\t<meta name=\"twitter:data1\" content=\"1 minuto\" \/>\n<script type=\"application\/ld+json\" class=\"yoast-schema-graph\">{\"@context\":\"https:\\\/\\\/schema.org\",\"@graph\":[{\"@type\":\"WebPage\",\"@id\":\"https:\\\/\\\/www.doriagrandhotel.it\\\/it\\\/sale-riunioni\\\/sala-saba\\\/\",\"url\":\"https:\\\/\\\/www.doriagrandhotel.it\\\/it\\\/sale-riunioni\\\/sala-saba\\\/\",\"name\":\"Location per Conferenze a Milano - Doria Grand Hotel\",\"isPartOf\":{\"@id\":\"https:\\\/\\\/www.doriagrandhotel.it\\\/it\\\/#website\"},\"primaryImageOfPage\":{\"@id\":\"https:\\\/\\\/www.doriagrandhotel.it\\\/it\\\/sale-riunioni\\\/sala-saba\\\/#primaryimage\"},\"image\":{\"@id\":\"https:\\\/\\\/www.doriagrandhotel.it\\\/it\\\/sale-riunioni\\\/sala-saba\\\/#primaryimage\"},\"thumbnailUrl\":\"https:\\\/\\\/www.doriagrandhotel.it\\\/wp-content\\\/uploads\\\/sites\\\/170\\\/2024\\\/11\\\/Doria_Meeting_Saba_02.jpg\",\"datePublished\":\"2024-11-04T13:20:55+00:00\",\"dateModified\":\"2025-01-17T16:53:47+00:00\",\"description\":\"Organizza conferenze nella Sala Saba del Doria Grand Hotel. Questa prestigiosa location per conferenze a Milano offre strutture moderne per eventi di successo.\",\"breadcrumb\":{\"@id\":\"https:\\\/\\\/www.doriagrandhotel.it\\\/it\\\/sale-riunioni\\\/sala-saba\\\/#breadcrumb\"},\"inLanguage\":\"it-IT\",\"potentialAction\":[{\"@type\":\"ReadAction\",\"target\":[\"https:\\\/\\\/www.doriagrandhotel.it\\\/it\\\/sale-riunioni\\\/sala-saba\\\/\"]}]},{\"@type\":\"ImageObject\",\"inLanguage\":\"it-IT\",\"@id\":\"https:\\\/\\\/www.doriagrandhotel.it\\\/it\\\/sale-riunioni\\\/sala-saba\\\/#primaryimage\",\"url\":\"https:\\\/\\\/www.doriagrandhotel.it\\\/wp-content\\\/uploads\\\/sites\\\/170\\\/2024\\\/11\\\/Doria_Meeting_Saba_02.jpg\",\"contentUrl\":\"https:\\\/\\\/www.doriagrandhotel.it\\\/wp-content\\\/uploads\\\/sites\\\/170\\\/2024\\\/11\\\/Doria_Meeting_Saba_02.jpg\",\"width\":1800,\"height\":1200},{\"@type\":\"BreadcrumbList\",\"@id\":\"https:\\\/\\\/www.doriagrandhotel.it\\\/it\\\/sale-riunioni\\\/sala-saba\\\/#breadcrumb\",\"itemListElement\":[{\"@type\":\"ListItem\",\"position\":1,\"name\":\"Home\",\"item\":\"https:\\\/\\\/www.doriagrandhotel.it\\\/it\\\/\"},{\"@type\":\"ListItem\",\"position\":2,\"name\":\"Sale Riunioni\",\"item\":\"https:\\\/\\\/www.doriagrandhotel.it\\\/it\\\/sale-riunioni\\\/\"},{\"@type\":\"ListItem\",\"position\":3,\"name\":\"Sala Saba\"}]},{\"@type\":\"WebSite\",\"@id\":\"https:\\\/\\\/www.doriagrandhotel.it\\\/it\\\/#website\",\"url\":\"https:\\\/\\\/www.doriagrandhotel.it\\\/it\\\/\",\"name\":\"Doria Grand Hotel\",\"description\":\"Official website of Doria Grand Hotel , a luxury  hotel in Milan center. Book your hotel in Milan at the best price\",\"publisher\":{\"@id\":\"https:\\\/\\\/www.doriagrandhotel.it\\\/it\\\/#organization\"},\"alternateName\":\"Doria Grand Hotel\",\"potentialAction\":[{\"@type\":\"SearchAction\",\"target\":{\"@type\":\"EntryPoint\",\"urlTemplate\":\"https:\\\/\\\/www.doriagrandhotel.it\\\/it\\\/?s={search_term_string}\"},\"query-input\":{\"@type\":\"PropertyValueSpecification\",\"valueRequired\":true,\"valueName\":\"search_term_string\"}}],\"inLanguage\":\"it-IT\"},{\"@type\":\"Organization\",\"@id\":\"https:\\\/\\\/www.doriagrandhotel.it\\\/it\\\/#organization\",\"name\":\"Doria Grand Hotel\",\"alternateName\":\"Doria Grand Hotel\",\"url\":\"https:\\\/\\\/www.doriagrandhotel.it\\\/it\\\/\",\"logo\":{\"@type\":\"ImageObject\",\"inLanguage\":\"it-IT\",\"@id\":\"https:\\\/\\\/www.doriagrandhotel.it\\\/it\\\/#\\\/schema\\\/logo\\\/image\\\/\",\"url\":\"https:\\\/\\\/doria-grand-hotel.ms2.decms.eu\\\/wp-content\\\/uploads\\\/sites\\\/170\\\/2024\\\/09\\\/LOGO-DGH-tr.png\",\"contentUrl\":\"https:\\\/\\\/doria-grand-hotel.ms2.decms.eu\\\/wp-content\\\/uploads\\\/sites\\\/170\\\/2024\\\/09\\\/LOGO-DGH-tr.png\",\"width\":230,\"height\":51,\"caption\":\"Doria Grand Hotel\"},\"image\":{\"@id\":\"https:\\\/\\\/www.doriagrandhotel.it\\\/it\\\/#\\\/schema\\\/logo\\\/image\\\/\"},\"sameAs\":[\"https:\\\/\\\/www.facebook.com\\\/Doria-Grand-Hotel-150382741666057\\\/\",\"https:\\\/\\\/x.com\\\/adihotels\",\"https:\\\/\\\/www.instagram.com\\\/doriagrandhotel\\\/?hl=en\",\"https:\\\/\\\/www.linkedin.com\\\/company\\\/doria-grand-hotel\\\/\",\"https:\\\/\\\/www.tripadvisor.com\\\/Hotel_Review-g187849-d202862-Reviews-Doria_Grand_Hotel-Milan_Lombardy.html\"]}]}<\/script>\n<!-- \/ Yoast SEO plugin. -->","yoast_head_json":{"title":"Location per Conferenze a Milano - Doria Grand Hotel","description":"Organizza conferenze nella Sala Saba del Doria Grand Hotel. Questa prestigiosa location per conferenze a Milano offre strutture moderne per eventi di successo.","robots":{"index":"index","follow":"follow","max-snippet":"max-snippet:-1","max-image-preview":"max-image-preview:large","max-video-preview":"max-video-preview:-1"},"canonical":"https:\/\/www.doriagrandhotel.it\/it\/sale-riunioni\/sala-saba\/","og_locale":"it_IT","og_type":"article","og_title":"Location per Conferenze a Milano - Doria Grand Hotel","og_description":"Organizza conferenze nella Sala Saba del Doria Grand Hotel. Questa prestigiosa location per conferenze a Milano offre strutture moderne per eventi di successo.","og_url":"https:\/\/www.doriagrandhotel.it\/it\/sale-riunioni\/sala-saba\/","og_site_name":"Doria Grand Hotel","article_publisher":"https:\/\/www.facebook.com\/Doria-Grand-Hotel-150382741666057\/","article_modified_time":"2025-01-17T16:53:47+00:00","og_image":[{"width":1800,"height":1200,"url":"https:\/\/www.doriagrandhotel.it\/wp-content\/uploads\/sites\/170\/2024\/11\/Doria_Meeting_Saba_02.jpg","type":"image\/jpeg"}],"twitter_card":"summary_large_image","twitter_site":"@adihotels","twitter_misc":{"Tempo di lettura stimato":"1 minuto"},"schema":{"@context":"https:\/\/schema.org","@graph":[{"@type":"WebPage","@id":"https:\/\/www.doriagrandhotel.it\/it\/sale-riunioni\/sala-saba\/","url":"https:\/\/www.doriagrandhotel.it\/it\/sale-riunioni\/sala-saba\/","name":"Location per Conferenze a Milano - Doria Grand Hotel","isPartOf":{"@id":"https:\/\/www.doriagrandhotel.it\/it\/#website"},"primaryImageOfPage":{"@id":"https:\/\/www.doriagrandhotel.it\/it\/sale-riunioni\/sala-saba\/#primaryimage"},"image":{"@id":"https:\/\/www.doriagrandhotel.it\/it\/sale-riunioni\/sala-saba\/#primaryimage"},"thumbnailUrl":"https:\/\/www.doriagrandhotel.it\/wp-content\/uploads\/sites\/170\/2024\/11\/Doria_Meeting_Saba_02.jpg","datePublished":"2024-11-04T13:20:55+00:00","dateModified":"2025-01-17T16:53:47+00:00","description":"Organizza conferenze nella Sala Saba del Doria Grand Hotel. Questa prestigiosa location per conferenze a Milano offre strutture moderne per eventi di successo.","breadcrumb":{"@id":"https:\/\/www.doriagrandhotel.it\/it\/sale-riunioni\/sala-saba\/#breadcrumb"},"inLanguage":"it-IT","potentialAction":[{"@type":"ReadAction","target":["https:\/\/www.doriagrandhotel.it\/it\/sale-riunioni\/sala-saba\/"]}]},{"@type":"ImageObject","inLanguage":"it-IT","@id":"https:\/\/www.doriagrandhotel.it\/it\/sale-riunioni\/sala-saba\/#primaryimage","url":"https:\/\/www.doriagrandhotel.it\/wp-content\/uploads\/sites\/170\/2024\/11\/Doria_Meeting_Saba_02.jpg","contentUrl":"https:\/\/www.doriagrandhotel.it\/wp-content\/uploads\/sites\/170\/2024\/11\/Doria_Meeting_Saba_02.jpg","width":1800,"height":1200},{"@type":"BreadcrumbList","@id":"https:\/\/www.doriagrandhotel.it\/it\/sale-riunioni\/sala-saba\/#breadcrumb","itemListElement":[{"@type":"ListItem","position":1,"name":"Home","item":"https:\/\/www.doriagrandhotel.it\/it\/"},{"@type":"ListItem","position":2,"name":"Sale Riunioni","item":"https:\/\/www.doriagrandhotel.it\/it\/sale-riunioni\/"},{"@type":"ListItem","position":3,"name":"Sala Saba"}]},{"@type":"WebSite","@id":"https:\/\/www.doriagrandhotel.it\/it\/#website","url":"https:\/\/www.doriagrandhotel.it\/it\/","name":"Doria Grand Hotel","description":"Official website of Doria Grand Hotel , a luxury  hotel in Milan center. Book your hotel in Milan at the best price","publisher":{"@id":"https:\/\/www.doriagrandhotel.it\/it\/#organization"},"alternateName":"Doria Grand Hotel","potentialAction":[{"@type":"SearchAction","target":{"@type":"EntryPoint","urlTemplate":"https:\/\/www.doriagrandhotel.it\/it\/?s={search_term_string}"},"query-input":{"@type":"PropertyValueSpecification","valueRequired":true,"valueName":"search_term_string"}}],"inLanguage":"it-IT"},{"@type":"Organization","@id":"https:\/\/www.doriagrandhotel.it\/it\/#organization","name":"Doria Grand Hotel","alternateName":"Doria Grand Hotel","url":"https:\/\/www.doriagrandhotel.it\/it\/","logo":{"@type":"ImageObject","inLanguage":"it-IT","@id":"https:\/\/www.doriagrandhotel.it\/it\/#\/schema\/logo\/image\/","url":"https:\/\/doria-grand-hotel.ms2.decms.eu\/wp-content\/uploads\/sites\/170\/2024\/09\/LOGO-DGH-tr.png","contentUrl":"https:\/\/doria-grand-hotel.ms2.decms.eu\/wp-content\/uploads\/sites\/170\/2024\/09\/LOGO-DGH-tr.png","width":230,"height":51,"caption":"Doria Grand Hotel"},"image":{"@id":"https:\/\/www.doriagrandhotel.it\/it\/#\/schema\/logo\/image\/"},"sameAs":["https:\/\/www.facebook.com\/Doria-Grand-Hotel-150382741666057\/","https:\/\/x.com\/adihotels","https:\/\/www.instagram.com\/doriagrandhotel\/?hl=en","https:\/\/www.linkedin.com\/company\/doria-grand-hotel\/","https:\/\/www.tripadvisor.com\/Hotel_Review-g187849-d202862-Reviews-Doria_Grand_Hotel-Milan_Lombardy.html"]}]}},"acf":[],"_links":{"self":[{"href":"https:\/\/www.doriagrandhotel.it\/it\/wp-json\/wp\/v2\/pages\/2586","targetHints":{"allow":["GET"]}}],"collection":[{"href":"https:\/\/www.doriagrandhotel.it\/it\/wp-json\/wp\/v2\/pages"}],"about":[{"href":"https:\/\/www.doriagrandhotel.it\/it\/wp-json\/wp\/v2\/types\/page"}],"author":[{"embeddable":true,"href":"https:\/\/www.doriagrandhotel.it\/it\/wp-json\/wp\/v2\/users\/12"}],"replies":[{"embeddable":true,"href":"https:\/\/www.doriagrandhotel.it\/it\/wp-json\/wp\/v2\/comments?post=2586"}],"version-history":[{"count":0,"href":"https:\/\/www.doriagrandhotel.it\/it\/wp-json\/wp\/v2\/pages\/2586\/revisions"}],"up":[{"embeddable":true,"href":"https:\/\/www.doriagrandhotel.it\/it\/wp-json\/wp\/v2\/pages\/2555"}],"wp:featuredmedia":[{"embeddable":true,"href":"https:\/\/www.doriagrandhotel.it\/it\/wp-json\/wp\/v2\/media\/600"}],"wp:attachment":[{"href":"https:\/\/www.doriagrandhotel.it\/it\/wp-json\/wp\/v2\/media?parent=2586"}],"curies":[{"name":"wp","href":"https:\/\/api.w.org\/{rel}","templated":true}]}}