{"id":2704,"date":"2024-10-31T14:28:54","date_gmt":"2024-10-31T14:28:54","guid":{"rendered":"https:\/\/doria-grand-hotel.ms2.decms.eu\/?page_id=2704"},"modified":"2025-01-17T15:57:05","modified_gmt":"2025-01-17T15:57:05","slug":"dove-siamo","status":"publish","type":"page","link":"https:\/\/www.doriagrandhotel.it\/it\/dove-siamo\/","title":{"rendered":"Dove siamo"},"content":{"rendered":"<p>Perfettamente situato nel cuore di Milano, il nostro Grand Hotel vanta una posizione strategica, a pochi passi dalle attrazioni pi\u00f9 vivaci della citt\u00e0. A due passi dalla <strong>Stazione Centrale<\/strong> e da <strong>Corso Buenos Aires<\/strong>, conosciuta come la via dello shopping pi\u00f9 lunga al mondo, avrai infinite opportunit\u00e0 per il tuo shopping e l\u2019esplorazione. Anche il moderno <strong>quartiere di Porta Nuova<\/strong>, con la sua architettura contemporanea e l\u2019atmosfera vivace, \u00e8 facilmente raggiungibile.<\/p>\n<p>La comodit\u00e0 \u00e8 al primo posto: l\u2019hotel si trova a pochi metri dalle linee <strong>MM1, MM2 e MM3 della metropolitana<\/strong>, offrendo viaggi senza veloci in tutta la citt\u00e0. Inoltre, la nostra posizione \u00e8 ideale per gli ospiti che partecipano ad eventi a Milano, trovandosi a soli <strong>5 chilometri dall\u2019Aeroporto di Linate (LIN)<\/strong>, facilmente accessibile con la linea MM4, a <strong>50 chilometri da Malpensa (MXP)<\/strong> e a <strong>48 chilometri da Orio al Serio (BGY)<\/strong>.<\/p>\n<p>Che tu sia in citt\u00e0 per una fiera, un congresso, un concerto o per vivere l\u2019emozione di una partita di Serie A di AC Milan o Inter al leggendario <strong>Stadio San Siro<\/strong>, il nostro hotel centrale \u00e8 la base perfetta per le tue avventure milanesi. Lo Stadio San Siro \u00e8 comodamente raggiungibile tramite la linea MM5 della metropolitana.<\/p>\n","protected":false},"excerpt":{"rendered":"<p>Perfettamente situato nel cuore di Milano, il nostro Grand Hotel vanta una posizione strategica, a pochi passi dalle attrazioni pi\u00f9 vivaci della citt\u00e0. A due passi dalla Stazione Centrale e da Corso Buenos Aires, conosciuta come la via dello shopping pi\u00f9 lunga al mondo, avrai infinite opportunit\u00e0 per il tuo shopping e l\u2019esplorazione. Anche il [&hellip;]<\/p>\n","protected":false},"author":12,"featured_media":0,"parent":0,"menu_order":110,"comment_status":"closed","ping_status":"closed","template":"template-default-2.php","meta":{"footnotes":""},"class_list":["post-2704","page","type-page","status-publish","hentry"],"yoast_head":"<!-- This site is optimized with the Yoast SEO plugin v27.3 - https:\/\/yoast.com\/product\/yoast-seo-wordpress\/ -->\n<title>Luoghi Iconici Vicino al Doria Grand Hotel Milano<\/title>\n<meta name=\"description\" content=\"Scopri le principali attrazioni di Milano vicino al Doria Grand Hotel, tra cui il Duomo, lo Stadio San Siro, la Pinacoteca di Brera, la Galleria Vittorio Emanuele e Corso Buenos Aires.\" \/>\n<meta name=\"robots\" content=\"index, follow, max-snippet:-1, max-image-preview:large, max-video-preview:-1\" \/>\n<link rel=\"canonical\" href=\"https:\/\/www.doriagrandhotel.it\/it\/dove-siamo\/\" \/>\n<meta property=\"og:locale\" content=\"it_IT\" \/>\n<meta property=\"og:type\" content=\"article\" \/>\n<meta property=\"og:title\" content=\"Luoghi Iconici Vicino al Doria Grand Hotel Milano\" \/>\n<meta property=\"og:description\" content=\"Scopri le principali attrazioni di Milano vicino al Doria Grand Hotel, tra cui il Duomo, lo Stadio San Siro, la Pinacoteca di Brera, la Galleria Vittorio Emanuele e Corso Buenos Aires.\" \/>\n<meta property=\"og:url\" content=\"https:\/\/www.doriagrandhotel.it\/it\/dove-siamo\/\" \/>\n<meta property=\"og:site_name\" content=\"Doria Grand Hotel\" \/>\n<meta property=\"article:publisher\" content=\"https:\/\/www.facebook.com\/Doria-Grand-Hotel-150382741666057\/\" \/>\n<meta property=\"article:modified_time\" content=\"2025-01-17T15:57:05+00:00\" \/>\n<meta property=\"og:image\" content=\"https:\/\/www.doriagrandhotel.it\/wp-content\/uploads\/sites\/170\/2024\/11\/Doria-Grand-Hotel-Milan-Exterior.jpg\" \/>\n\t<meta property=\"og:image:width\" content=\"1280\" \/>\n\t<meta property=\"og:image:height\" content=\"853\" \/>\n\t<meta property=\"og:image:type\" content=\"image\/jpeg\" \/>\n<meta name=\"twitter:card\" content=\"summary_large_image\" \/>\n<meta name=\"twitter:site\" content=\"@adihotels\" \/>\n<meta name=\"twitter:label1\" content=\"Tempo di lettura stimato\" \/>\n\t<meta name=\"twitter:data1\" content=\"1 minuto\" \/>\n<script type=\"application\/ld+json\" class=\"yoast-schema-graph\">{\"@context\":\"https:\\\/\\\/schema.org\",\"@graph\":[{\"@type\":\"WebPage\",\"@id\":\"https:\\\/\\\/www.doriagrandhotel.it\\\/it\\\/dove-siamo\\\/\",\"url\":\"https:\\\/\\\/www.doriagrandhotel.it\\\/it\\\/dove-siamo\\\/\",\"name\":\"Luoghi Iconici Vicino al Doria Grand Hotel Milano\",\"isPartOf\":{\"@id\":\"https:\\\/\\\/www.doriagrandhotel.it\\\/it\\\/#website\"},\"datePublished\":\"2024-10-31T14:28:54+00:00\",\"dateModified\":\"2025-01-17T15:57:05+00:00\",\"description\":\"Scopri le principali attrazioni di Milano vicino al Doria Grand Hotel, tra cui il Duomo, lo Stadio San Siro, la Pinacoteca di Brera, la Galleria Vittorio Emanuele e Corso Buenos Aires.\",\"breadcrumb\":{\"@id\":\"https:\\\/\\\/www.doriagrandhotel.it\\\/it\\\/dove-siamo\\\/#breadcrumb\"},\"inLanguage\":\"it-IT\",\"potentialAction\":[{\"@type\":\"ReadAction\",\"target\":[\"https:\\\/\\\/www.doriagrandhotel.it\\\/it\\\/dove-siamo\\\/\"]}]},{\"@type\":\"BreadcrumbList\",\"@id\":\"https:\\\/\\\/www.doriagrandhotel.it\\\/it\\\/dove-siamo\\\/#breadcrumb\",\"itemListElement\":[{\"@type\":\"ListItem\",\"position\":1,\"name\":\"Home\",\"item\":\"https:\\\/\\\/www.doriagrandhotel.it\\\/it\\\/\"},{\"@type\":\"ListItem\",\"position\":2,\"name\":\"Dove siamo\"}]},{\"@type\":\"WebSite\",\"@id\":\"https:\\\/\\\/www.doriagrandhotel.it\\\/it\\\/#website\",\"url\":\"https:\\\/\\\/www.doriagrandhotel.it\\\/it\\\/\",\"name\":\"Doria Grand Hotel\",\"description\":\"Official website of Doria Grand Hotel , a luxury  hotel in Milan center. Book your hotel in Milan at the best price\",\"publisher\":{\"@id\":\"https:\\\/\\\/www.doriagrandhotel.it\\\/it\\\/#organization\"},\"alternateName\":\"Doria Grand Hotel\",\"potentialAction\":[{\"@type\":\"SearchAction\",\"target\":{\"@type\":\"EntryPoint\",\"urlTemplate\":\"https:\\\/\\\/www.doriagrandhotel.it\\\/it\\\/?s={search_term_string}\"},\"query-input\":{\"@type\":\"PropertyValueSpecification\",\"valueRequired\":true,\"valueName\":\"search_term_string\"}}],\"inLanguage\":\"it-IT\"},{\"@type\":\"Organization\",\"@id\":\"https:\\\/\\\/www.doriagrandhotel.it\\\/it\\\/#organization\",\"name\":\"Doria Grand Hotel\",\"alternateName\":\"Doria Grand Hotel\",\"url\":\"https:\\\/\\\/www.doriagrandhotel.it\\\/it\\\/\",\"logo\":{\"@type\":\"ImageObject\",\"inLanguage\":\"it-IT\",\"@id\":\"https:\\\/\\\/www.doriagrandhotel.it\\\/it\\\/#\\\/schema\\\/logo\\\/image\\\/\",\"url\":\"https:\\\/\\\/doria-grand-hotel.ms2.decms.eu\\\/wp-content\\\/uploads\\\/sites\\\/170\\\/2024\\\/09\\\/LOGO-DGH-tr.png\",\"contentUrl\":\"https:\\\/\\\/doria-grand-hotel.ms2.decms.eu\\\/wp-content\\\/uploads\\\/sites\\\/170\\\/2024\\\/09\\\/LOGO-DGH-tr.png\",\"width\":230,\"height\":51,\"caption\":\"Doria Grand Hotel\"},\"image\":{\"@id\":\"https:\\\/\\\/www.doriagrandhotel.it\\\/it\\\/#\\\/schema\\\/logo\\\/image\\\/\"},\"sameAs\":[\"https:\\\/\\\/www.facebook.com\\\/Doria-Grand-Hotel-150382741666057\\\/\",\"https:\\\/\\\/x.com\\\/adihotels\",\"https:\\\/\\\/www.instagram.com\\\/doriagrandhotel\\\/?hl=en\",\"https:\\\/\\\/www.linkedin.com\\\/company\\\/doria-grand-hotel\\\/\",\"https:\\\/\\\/www.tripadvisor.com\\\/Hotel_Review-g187849-d202862-Reviews-Doria_Grand_Hotel-Milan_Lombardy.html\"]}]}<\/script>\n<!-- \/ Yoast SEO plugin. -->","yoast_head_json":{"title":"Luoghi Iconici Vicino al Doria Grand Hotel Milano","description":"Scopri le principali attrazioni di Milano vicino al Doria Grand Hotel, tra cui il Duomo, lo Stadio San Siro, la Pinacoteca di Brera, la Galleria Vittorio Emanuele e Corso Buenos Aires.","robots":{"index":"index","follow":"follow","max-snippet":"max-snippet:-1","max-image-preview":"max-image-preview:large","max-video-preview":"max-video-preview:-1"},"canonical":"https:\/\/www.doriagrandhotel.it\/it\/dove-siamo\/","og_locale":"it_IT","og_type":"article","og_title":"Luoghi Iconici Vicino al Doria Grand Hotel Milano","og_description":"Scopri le principali attrazioni di Milano vicino al Doria Grand Hotel, tra cui il Duomo, lo Stadio San Siro, la Pinacoteca di Brera, la Galleria Vittorio Emanuele e Corso Buenos Aires.","og_url":"https:\/\/www.doriagrandhotel.it\/it\/dove-siamo\/","og_site_name":"Doria Grand Hotel","article_publisher":"https:\/\/www.facebook.com\/Doria-Grand-Hotel-150382741666057\/","article_modified_time":"2025-01-17T15:57:05+00:00","og_image":[{"width":1280,"height":853,"url":"https:\/\/www.doriagrandhotel.it\/wp-content\/uploads\/sites\/170\/2024\/11\/Doria-Grand-Hotel-Milan-Exterior.jpg","type":"image\/jpeg"}],"twitter_card":"summary_large_image","twitter_site":"@adihotels","twitter_misc":{"Tempo di lettura stimato":"1 minuto"},"schema":{"@context":"https:\/\/schema.org","@graph":[{"@type":"WebPage","@id":"https:\/\/www.doriagrandhotel.it\/it\/dove-siamo\/","url":"https:\/\/www.doriagrandhotel.it\/it\/dove-siamo\/","name":"Luoghi Iconici Vicino al Doria Grand Hotel Milano","isPartOf":{"@id":"https:\/\/www.doriagrandhotel.it\/it\/#website"},"datePublished":"2024-10-31T14:28:54+00:00","dateModified":"2025-01-17T15:57:05+00:00","description":"Scopri le principali attrazioni di Milano vicino al Doria Grand Hotel, tra cui il Duomo, lo Stadio San Siro, la Pinacoteca di Brera, la Galleria Vittorio Emanuele e Corso Buenos Aires.","breadcrumb":{"@id":"https:\/\/www.doriagrandhotel.it\/it\/dove-siamo\/#breadcrumb"},"inLanguage":"it-IT","potentialAction":[{"@type":"ReadAction","target":["https:\/\/www.doriagrandhotel.it\/it\/dove-siamo\/"]}]},{"@type":"BreadcrumbList","@id":"https:\/\/www.doriagrandhotel.it\/it\/dove-siamo\/#breadcrumb","itemListElement":[{"@type":"ListItem","position":1,"name":"Home","item":"https:\/\/www.doriagrandhotel.it\/it\/"},{"@type":"ListItem","position":2,"name":"Dove siamo"}]},{"@type":"WebSite","@id":"https:\/\/www.doriagrandhotel.it\/it\/#website","url":"https:\/\/www.doriagrandhotel.it\/it\/","name":"Doria Grand Hotel","description":"Official website of Doria Grand Hotel , a luxury  hotel in Milan center. Book your hotel in Milan at the best price","publisher":{"@id":"https:\/\/www.doriagrandhotel.it\/it\/#organization"},"alternateName":"Doria Grand Hotel","potentialAction":[{"@type":"SearchAction","target":{"@type":"EntryPoint","urlTemplate":"https:\/\/www.doriagrandhotel.it\/it\/?s={search_term_string}"},"query-input":{"@type":"PropertyValueSpecification","valueRequired":true,"valueName":"search_term_string"}}],"inLanguage":"it-IT"},{"@type":"Organization","@id":"https:\/\/www.doriagrandhotel.it\/it\/#organization","name":"Doria Grand Hotel","alternateName":"Doria Grand Hotel","url":"https:\/\/www.doriagrandhotel.it\/it\/","logo":{"@type":"ImageObject","inLanguage":"it-IT","@id":"https:\/\/www.doriagrandhotel.it\/it\/#\/schema\/logo\/image\/","url":"https:\/\/doria-grand-hotel.ms2.decms.eu\/wp-content\/uploads\/sites\/170\/2024\/09\/LOGO-DGH-tr.png","contentUrl":"https:\/\/doria-grand-hotel.ms2.decms.eu\/wp-content\/uploads\/sites\/170\/2024\/09\/LOGO-DGH-tr.png","width":230,"height":51,"caption":"Doria Grand Hotel"},"image":{"@id":"https:\/\/www.doriagrandhotel.it\/it\/#\/schema\/logo\/image\/"},"sameAs":["https:\/\/www.facebook.com\/Doria-Grand-Hotel-150382741666057\/","https:\/\/x.com\/adihotels","https:\/\/www.instagram.com\/doriagrandhotel\/?hl=en","https:\/\/www.linkedin.com\/company\/doria-grand-hotel\/","https:\/\/www.tripadvisor.com\/Hotel_Review-g187849-d202862-Reviews-Doria_Grand_Hotel-Milan_Lombardy.html"]}]}},"acf":[],"_links":{"self":[{"href":"https:\/\/www.doriagrandhotel.it\/it\/wp-json\/wp\/v2\/pages\/2704","targetHints":{"allow":["GET"]}}],"collection":[{"href":"https:\/\/www.doriagrandhotel.it\/it\/wp-json\/wp\/v2\/pages"}],"about":[{"href":"https:\/\/www.doriagrandhotel.it\/it\/wp-json\/wp\/v2\/types\/page"}],"author":[{"embeddable":true,"href":"https:\/\/www.doriagrandhotel.it\/it\/wp-json\/wp\/v2\/users\/12"}],"replies":[{"embeddable":true,"href":"https:\/\/www.doriagrandhotel.it\/it\/wp-json\/wp\/v2\/comments?post=2704"}],"version-history":[{"count":0,"href":"https:\/\/www.doriagrandhotel.it\/it\/wp-json\/wp\/v2\/pages\/2704\/revisions"}],"wp:attachment":[{"href":"https:\/\/www.doriagrandhotel.it\/it\/wp-json\/wp\/v2\/media?parent=2704"}],"curies":[{"name":"wp","href":"https:\/\/api.w.org\/{rel}","templated":true}]}}